{"id":1065,"date":"2015-11-27T15:57:14","date_gmt":"2015-11-27T14:57:14","guid":{"rendered":"http:\/\/bar.maisb.fr\/?page_id=1065"},"modified":"2020-01-13T14:08:32","modified_gmt":"2020-01-13T13:08:32","slug":"dj-noumix","status":"publish","type":"page","link":"http:\/\/maisb.fr\/bar\/dancefloor\/dj-noumix\/","title":{"rendered":"DJ NOUMIX"},"content":{"rendered":"<p>[et_pb_section fb_built=\u00a0\u00bb1&Prime; admin_label=\u00a0\u00bbsection\u00a0\u00bb _builder_version=\u00a0\u00bb3.22&Prime;][et_pb_row admin_label=\u00a0\u00bbLigne\u00a0\u00bb _builder_version=\u00a0\u00bb3.25&Prime; background_size=\u00a0\u00bbinitial\u00a0\u00bb background_position=\u00a0\u00bbtop_left\u00a0\u00bb background_repeat=\u00a0\u00bbrepeat\u00a0\u00bb][et_pb_column type=\u00a0\u00bb4_4&Prime; _builder_version=\u00a0\u00bb3.25&Prime; custom_padding=\u00a0\u00bb|||\u00a0\u00bb custom_padding__hover=\u00a0\u00bb|||\u00a0\u00bb][et_pb_divider show_divider=\u00a0\u00bboff\u00a0\u00bb disabled_on=\u00a0\u00bbon|on|off\u00a0\u00bb admin_label=\u00a0\u00bbS\u00e9parateur\u00a0\u00bb _builder_version=\u00a0\u00bb3.2&Prime; height=\u00a0\u00bb50px\u00a0\u00bb hide_on_mobile=\u00a0\u00bbon\u00a0\u00bb][\/et_pb_divider][\/et_pb_column][\/et_pb_row][et_pb_row column_structure=\u00a0\u00bb2_3,1_3&Prime; admin_label=\u00a0\u00bbrow\u00a0\u00bb _builder_version=\u00a0\u00bb3.25&Prime; background_size=\u00a0\u00bbinitial\u00a0\u00bb background_position=\u00a0\u00bbtop_left\u00a0\u00bb background_repeat=\u00a0\u00bbrepeat\u00a0\u00bb][et_pb_column type=\u00a0\u00bb2_3&Prime; _builder_version=\u00a0\u00bb3.25&Prime; custom_padding=\u00a0\u00bb|||\u00a0\u00bb custom_padding__hover=\u00a0\u00bb|||\u00a0\u00bb][et_pb_text admin_label=\u00a0\u00bbTexte\u00a0\u00bb _builder_version=\u00a0\u00bb3.27.4&Prime; background_size=\u00a0\u00bbinitial\u00a0\u00bb background_position=\u00a0\u00bbtop_left\u00a0\u00bb background_repeat=\u00a0\u00bbrepeat\u00a0\u00bb use_border_color=\u00a0\u00bboff\u00a0\u00bb border_color=\u00a0\u00bb#ffffff\u00a0\u00bb border_style=\u00a0\u00bbsolid\u00a0\u00bb]<\/p>\n<h1>Minou \u00ab\u00a0DJ NOUMIX\u00a0\u00bb<\/h1>\n<p><strong>Minou<\/strong>\u00a0\/\u00a0Platines 2012<br \/> <span style=\"color: #000000;\"><br \/> <a href=\"http:\/\/maisb.fr\/wp-content\/uploads\/sites\/2\/2015\/10\/minou1.png\"><img loading=\"lazy\" decoding=\"async\" class=\"alignnone size-full wp-image-1052\" src=\"http:\/\/maisb.fr\/wp-content\/uploads\/sites\/2\/2015\/10\/minou1.png\" alt=\"minou\" width=\"701\" height=\"312\" srcset=\"http:\/\/maisb.fr\/bar\/wp-content\/uploads\/sites\/2\/2015\/10\/minou1.png 701w, http:\/\/maisb.fr\/bar\/wp-content\/uploads\/sites\/2\/2015\/10\/minou1-300x134.png 300w\" sizes=\"(max-width: 701px) 100vw, 701px\" \/><\/a><br \/> <span style=\"font-size: normal;\">4\u00a0794 Vues<\/span><\/span><\/p>\n<p><span style=\"font-size: x-large;\">Dix ans aux platines de la Mais&rsquo;B, il est en place le gars\u00a0!<br \/> Le surfeur beau gosse de l&rsquo;Ile d&rsquo;Ol\u00e9ron est arriv\u00e9 pile-poil au bon moment pour prendre ma rel\u00e8ve.<\/span><\/p>\n<p><span style=\"font-size: x-large;\"><br \/> C&rsquo;est le \u00ab\u00a0French Lover\u00a0\u00bb de la bande, le \u00ab\u00a0Thierry Lhermitte\u00a0\u00bb des \u00ab\u00a0Bronz\u00e9s\u00a0\u00bb, plusieurs fois prim\u00e9s aux concours de fin d&rsquo;ann\u00e9e.<br \/> Il va imposer avec les ann\u00e9es un style bien \u00e0 lui. Minou a ce talent rare, de mettre le bon morceau au bon moment. Son sens de la f\u00eate et du timing lui permettent de s&rsquo;adapter \u00e0 toutes les client\u00e8les.<\/span><\/p>\n<p><span style=\"font-size: x-large;\"><br \/> C&rsquo;est un redoutable ambianceur de dancefloor, sa r\u00e9putation a d\u00e9pass\u00e9 les fronti\u00e8res de la Charente maritime.<\/span><\/p>\n<p>[\/et_pb_text][\/et_pb_column][et_pb_column type=\u00a0\u00bb1_3&Prime; _builder_version=\u00a0\u00bb3.25&Prime; custom_padding=\u00a0\u00bb|||\u00a0\u00bb custom_padding__hover=\u00a0\u00bb|||\u00a0\u00bb][et_pb_text admin_label=\u00a0\u00bbTexte\u00a0\u00bb _builder_version=\u00a0\u00bb3.27.4&Prime; background_color=\u00a0\u00bb#cccccc\u00a0\u00bb background_size=\u00a0\u00bbinitial\u00a0\u00bb background_position=\u00a0\u00bbtop_left\u00a0\u00bb background_repeat=\u00a0\u00bbrepeat\u00a0\u00bb custom_margin=\u00a0\u00bb100px||10px|\u00a0\u00bb custom_padding=\u00a0\u00bb10|10|10|10&Prime; custom_css_main_element=\u00a0\u00bb -moz-box-shadow: 5px 5px 5px 0px #dad7d7;||-webkit-box-shadow: 5px 5px 5px 0px #dad7d7;|| -o-box-shadow: 5px 5px 5px 0px #dad7d7;||box-shadow: 5px 5px 5px 0px #dad7d7;|| \/* filter: progid:DXImageTransform.Microsoft.Shadow(color=#dad7d7,Direction=134,Strength=5); *\/|| -moz-border-radius: 7px;||-webkit-border-radius: 7px;||border-radius: 7px;\u00a0\u00bb use_border_color=\u00a0\u00bboff\u00a0\u00bb border_color=\u00a0\u00bb#ffffff\u00a0\u00bb border_style=\u00a0\u00bbsolid\u00a0\u00bb]<\/p>\n<p><iframe loading=\"lazy\" src=\"https:\/\/www.youtube.com\/embed\/JwFUchi8Zoo?rel=0\" width=\"420\" height=\"315\" frameborder=\"0\" allowfullscreen=\"allowfullscreen\"><\/iframe><\/p>\n<p>[\/et_pb_text][et_pb_image src=\u00a0\u00bbhttp:\/\/maisb.fr\/bar\/wp-content\/uploads\/sites\/2\/2015\/11\/minou-2-1.jpg\u00a0\u00bb align_tablet=\u00a0\u00bbcenter\u00a0\u00bb align_phone=\u00a0\u00bb\u00a0\u00bb align_last_edited=\u00a0\u00bbon|desktop\u00a0\u00bb admin_label=\u00a0\u00bbImage\u00a0\u00bb _builder_version=\u00a0\u00bb3.23&Prime; max_width=\u00a0\u00bb260px\u00a0\u00bb animation_style=\u00a0\u00bbslide\u00a0\u00bb animation_direction=\u00a0\u00bbleft\u00a0\u00bb animation_duration=\u00a0\u00bb500ms\u00a0\u00bb animation_intensity_slide=\u00a0\u00bb10%\u00a0\u00bb use_border_color=\u00a0\u00bboff\u00a0\u00bb border_color=\u00a0\u00bb#ffffff\u00a0\u00bb border_style=\u00a0\u00bbsolid\u00a0\u00bb animation=\u00a0\u00bbleft\u00a0\u00bb sticky=\u00a0\u00bboff\u00a0\u00bb always_center_on_mobile=\u00a0\u00bbon\u00a0\u00bb][\/et_pb_image][\/et_pb_column][\/et_pb_row][et_pb_row admin_label=\u00a0\u00bbLigne\u00a0\u00bb _builder_version=\u00a0\u00bb3.25&Prime; background_size=\u00a0\u00bbinitial\u00a0\u00bb background_position=\u00a0\u00bbtop_left\u00a0\u00bb background_repeat=\u00a0\u00bbrepeat\u00a0\u00bb][et_pb_column type=\u00a0\u00bb4_4&Prime; _builder_version=\u00a0\u00bb3.25&Prime; custom_padding=\u00a0\u00bb|||\u00a0\u00bb custom_padding__hover=\u00a0\u00bb|||\u00a0\u00bb][et_pb_text admin_label=\u00a0\u00bbTexte\u00a0\u00bb _builder_version=\u00a0\u00bb4.1&Prime; background_size=\u00a0\u00bbinitial\u00a0\u00bb background_position=\u00a0\u00bbtop_left\u00a0\u00bb background_repeat=\u00a0\u00bbrepeat\u00a0\u00bb hover_enabled=\u00a0\u00bb0&Prime; use_border_color=\u00a0\u00bboff\u00a0\u00bb border_color=\u00a0\u00bb#ffffff\u00a0\u00bb border_style=\u00a0\u00bbsolid\u00a0\u00bb]<\/p>\n<h1 style=\"text-align: center;\">Compil&rsquo; MB by DJ Noumix<\/h1>\n<p><a href=\"http:\/\/maisb.fr\/bar\/?page_id=1024\" class=\"popup\" data-width=\"800\" data-height=\"300\" data-scrollbars=\"1\" alt=\"popup\"><img loading=\"lazy\" decoding=\"async\" class=\"alignnone size-thumbnail wp-image-1085\" src=\"http:\/\/maisb.fr\/bar\/wp-content\/uploads\/sites\/2\/2015\/11\/RADIO-MB-2014-150x150.jpg\" alt=\"RADIO MB 2014\" width=\"117\" height=\"150\" \/><\/a><a href=\"http:\/\/maisb.fr\/bar\/?page_id=1095\" class=\"popup\" data-width=\"800\" data-height=\"300\" data-scrollbars=\"1\" alt=\"popup\"><br \/> <img loading=\"lazy\" decoding=\"async\" class=\"alignnone size-thumbnail wp-image-1084\" src=\"http:\/\/maisb.fr\/bar\/wp-content\/uploads\/sites\/2\/2015\/11\/Radio-mb-2013-150x150.jpg\" alt=\"Radio mb 2013\" width=\"117\" height=\"150\" \/><\/a><a href=\"http:\/\/maisb.fr\/bar\/?page_id=1097\" class=\"popup\" data-width=\"800\" data-height=\"300\" data-scrollbars=\"1\" alt=\"popup\"><img loading=\"lazy\" decoding=\"async\" class=\"alignnone size-thumbnail wp-image-1083\" src=\"http:\/\/maisb.fr\/bar\/wp-content\/uploads\/sites\/2\/2015\/11\/radio-mb-2012-150x150.jpg\" alt=\"radio mb 2012\" width=\"118\" height=\"150\" \/><\/a> <a href=\"http:\/\/maisb.fr\/bar\/?page_id=1100\" class=\"popup\" data-width=\"800\" data-height=\"300\" data-scrollbars=\"1\" alt=\"popup\"><img loading=\"lazy\" decoding=\"async\" class=\"alignnone size-thumbnail wp-image-1082\" src=\"http:\/\/maisb.fr\/bar\/wp-content\/uploads\/sites\/2\/2015\/11\/radio-mb-2011-150x150.png\" alt=\"radio mb 2011\" width=\"118\" height=\"150\" \/><\/a><a href=\"http:\/\/maisb.fr\/bar\/?page_id=1110\" class=\"popup\" data-width=\"800\" data-height=\"300\" data-scrollbars=\"1\" alt=\"popup\"><img loading=\"lazy\" decoding=\"async\" class=\"alignnone size-thumbnail wp-image-1081\" src=\"http:\/\/maisb.fr\/bar\/wp-content\/uploads\/sites\/2\/2015\/11\/radio-mb-2010-_les-15-ans_-150x150.jpg\" alt=\"radio mb 2010 _les 15 ans_\" width=\"118\" height=\"150\" \/><\/a><a href=\"http:\/\/maisb.fr\/bar\/?page_id=1115\" class=\"popup\" data-width=\"800\" data-height=\"300\" data-scrollbars=\"1\" alt=\"popup\"><img loading=\"lazy\" decoding=\"async\" class=\"alignnone size-thumbnail wp-image-1088\" src=\"http:\/\/maisb.fr\/bar\/wp-content\/uploads\/sites\/2\/2015\/11\/radio-mb-2009-150x150.jpg\" alt=\"radio-mb-2009\" width=\"118\" height=\"150\" \/><\/a><a href=\"http:\/\/maisb.fr\/bar\/?page_id=1121\" class=\"popup\" data-width=\"800\" data-height=\"300\" data-scrollbars=\"1\" alt=\"popup\"><img loading=\"lazy\" decoding=\"async\" class=\"alignnone size-thumbnail wp-image-1080\" src=\"http:\/\/maisb.fr\/bar\/wp-content\/uploads\/sites\/2\/2015\/11\/2008-150x150.jpg\" alt=\"2008\" width=\"117\" height=\"150\" \/><\/a><a href=\"http:\/\/maisb.fr\/bar\/?page_id=1127\" class=\"popup\" data-width=\"800\" data-height=\"300\" data-scrollbars=\"1\" alt=\"popup\"><img loading=\"lazy\" decoding=\"async\" class=\"alignnone size-thumbnail wp-image-1079\" src=\"http:\/\/maisb.fr\/bar\/wp-content\/uploads\/sites\/2\/2015\/11\/2007-150x150.jpg\" alt=\"2007\" width=\"117\" height=\"150\" \/><\/a><a href=\"http:\/\/maisb.fr\/bar\/?page_id=1131\" class=\"popup\" data-width=\"800\" data-height=\"300\" data-scrollbars=\"1\" alt=\"popup\"><img loading=\"lazy\" decoding=\"async\" class=\"alignnone size-thumbnail wp-image-1078\" src=\"http:\/\/maisb.fr\/bar\/wp-content\/uploads\/sites\/2\/2015\/11\/2006-150x150.jpg\" alt=\"2006\" width=\"117\" height=\"150\" \/><\/a><\/p>\n<p>[\/et_pb_text][\/et_pb_column][\/et_pb_row][et_pb_row padding_mobile=\u00a0\u00bboff\u00a0\u00bb admin_label=\u00a0\u00bbrow\u00a0\u00bb _builder_version=\u00a0\u00bb3.25&Prime; background_size=\u00a0\u00bbinitial\u00a0\u00bb background_position=\u00a0\u00bbtop_left\u00a0\u00bb background_repeat=\u00a0\u00bbrepeat\u00a0\u00bb make_fullwidth=\u00a0\u00bboff\u00a0\u00bb use_custom_width=\u00a0\u00bboff\u00a0\u00bb width_unit=\u00a0\u00bbon\u00a0\u00bb][et_pb_column type=\u00a0\u00bb4_4&Prime; _builder_version=\u00a0\u00bb3.25&Prime; custom_padding=\u00a0\u00bb|||\u00a0\u00bb custom_padding__hover=\u00a0\u00bb|||\u00a0\u00bb][et_pb_text admin_label=\u00a0\u00bbTexte\u00a0\u00bb _builder_version=\u00a0\u00bb3.27.4&Prime; background_color=\u00a0\u00bb#ffc700&Prime; background_size=\u00a0\u00bbinitial\u00a0\u00bb background_position=\u00a0\u00bbtop_left\u00a0\u00bb background_repeat=\u00a0\u00bbrepeat\u00a0\u00bb use_border_color=\u00a0\u00bboff\u00a0\u00bb border_color=\u00a0\u00bb#ffffff\u00a0\u00bb border_style=\u00a0\u00bbsolid\u00a0\u00bb]\r\n\t\t\t\t\t\n\r\n\t\t\t\t\t<!-- START UNITE GALLERY 1.7.62 -->\r\n\t\t\t\t\t\r\n\t\t\t\t\n\t\t\t<div id='unitegallery_14_1' class='unite-gallery' style='margin:0px auto;'>\n\t\t\t\t\n\n\t\t\t\t\t\t<img decoding=\"async\" alt=\"minou6\"\n\t\t\t\t\t\t     src=\"\" data-image=\"http:\/\/maisb.fr\/bar\/wp-content\/uploads\/sites\/2\/2017\/01\/minou6.jpg\"\n\t\t\t\t\t\t     data-thumb=\"http:\/\/maisb.fr\/bar\/wp-content\/uploads\/sites\/2\/2017\/01\/minou6-225x300.jpg\"\n\t\t\t\t\t\t     title=\"\"\n\t\t\t\t\t\t     style=\"display:none\">\n\n\t\t\t\t\t\t<img decoding=\"async\" alt=\"minou3\"\n\t\t\t\t\t\t     src=\"\" data-image=\"http:\/\/maisb.fr\/bar\/wp-content\/uploads\/sites\/2\/2017\/01\/minou3.jpg\"\n\t\t\t\t\t\t     data-thumb=\"http:\/\/maisb.fr\/bar\/wp-content\/uploads\/sites\/2\/2017\/01\/minou3-225x300.jpg\"\n\t\t\t\t\t\t     title=\"\"\n\t\t\t\t\t\t     style=\"display:none\">\n\n\t\t\t\t\t\t<img decoding=\"async\" alt=\"minou_\"\n\t\t\t\t\t\t     src=\"\" data-image=\"http:\/\/maisb.fr\/bar\/wp-content\/uploads\/sites\/2\/2015\/12\/minou_.jpg\"\n\t\t\t\t\t\t     data-thumb=\"http:\/\/maisb.fr\/bar\/wp-content\/uploads\/sites\/2\/2015\/12\/minou_-199x300.jpg\"\n\t\t\t\t\t\t     title=\"\"\n\t\t\t\t\t\t     style=\"display:none\">\n\n\t\t\t\t\t\t<img decoding=\"async\" alt=\"minou__1\"\n\t\t\t\t\t\t     src=\"\" data-image=\"http:\/\/maisb.fr\/bar\/wp-content\/uploads\/sites\/2\/2015\/12\/minou__1.jpg\"\n\t\t\t\t\t\t     data-thumb=\"http:\/\/maisb.fr\/bar\/wp-content\/uploads\/sites\/2\/2015\/12\/minou__1-200x300.jpg\"\n\t\t\t\t\t\t     title=\"\"\n\t\t\t\t\t\t     style=\"display:none\">\n\n\t\t\t\t\t\t<img decoding=\"async\" alt=\"minou_31\"\n\t\t\t\t\t\t     src=\"\" data-image=\"http:\/\/maisb.fr\/bar\/wp-content\/uploads\/sites\/2\/2016\/02\/minou_31.jpg\"\n\t\t\t\t\t\t     data-thumb=\"http:\/\/maisb.fr\/bar\/wp-content\/uploads\/sites\/2\/2016\/02\/minou_31-225x300.jpg\"\n\t\t\t\t\t\t     title=\"\"\n\t\t\t\t\t\t     style=\"display:none\">\n\n\t\t\t\t\t\t<img decoding=\"async\" alt=\"minou__2\"\n\t\t\t\t\t\t     src=\"\" data-image=\"http:\/\/maisb.fr\/bar\/wp-content\/uploads\/sites\/2\/2015\/12\/minou__2.jpg\"\n\t\t\t\t\t\t     data-thumb=\"http:\/\/maisb.fr\/bar\/wp-content\/uploads\/sites\/2\/2015\/12\/minou__2-200x300.jpg\"\n\t\t\t\t\t\t     title=\"\"\n\t\t\t\t\t\t     style=\"display:none\">\n\n\t\t\t\t\t\t<img decoding=\"async\" alt=\"minou5\"\n\t\t\t\t\t\t     src=\"\" data-image=\"http:\/\/maisb.fr\/bar\/wp-content\/uploads\/sites\/2\/2017\/01\/minou5.jpg\"\n\t\t\t\t\t\t     data-thumb=\"http:\/\/maisb.fr\/bar\/wp-content\/uploads\/sites\/2\/2017\/01\/minou5-225x300.jpg\"\n\t\t\t\t\t\t     title=\"\"\n\t\t\t\t\t\t     style=\"display:none\">\n\n\t\t\t\t\t\t<img decoding=\"async\" alt=\"minou\"\n\t\t\t\t\t\t     src=\"\" data-image=\"http:\/\/maisb.fr\/bar\/wp-content\/uploads\/sites\/2\/2017\/01\/minou.jpg\"\n\t\t\t\t\t\t     data-thumb=\"http:\/\/maisb.fr\/bar\/wp-content\/uploads\/sites\/2\/2017\/01\/minou-225x300.jpg\"\n\t\t\t\t\t\t     title=\"\"\n\t\t\t\t\t\t     style=\"display:none\">\n\n\t\t\t\t\t\t<img decoding=\"async\" alt=\"minou2\"\n\t\t\t\t\t\t     src=\"\" data-image=\"http:\/\/maisb.fr\/bar\/wp-content\/uploads\/sites\/2\/2017\/01\/minou2.jpg\"\n\t\t\t\t\t\t     data-thumb=\"http:\/\/maisb.fr\/bar\/wp-content\/uploads\/sites\/2\/2017\/01\/minou2-300x225.jpg\"\n\t\t\t\t\t\t     title=\"\"\n\t\t\t\t\t\t     style=\"display:none\">\n\n\t\t\t\t\t\t<img decoding=\"async\" alt=\"minou__3\"\n\t\t\t\t\t\t     src=\"\" data-image=\"http:\/\/maisb.fr\/bar\/wp-content\/uploads\/sites\/2\/2015\/12\/minou__3.jpg\"\n\t\t\t\t\t\t     data-thumb=\"http:\/\/maisb.fr\/bar\/wp-content\/uploads\/sites\/2\/2015\/12\/minou__3-300x200.jpg\"\n\t\t\t\t\t\t     title=\"\"\n\t\t\t\t\t\t     style=\"display:none\">\n\n\t\t\t\t\t\t<img decoding=\"async\" alt=\"minou__4\"\n\t\t\t\t\t\t     src=\"\" data-image=\"http:\/\/maisb.fr\/bar\/wp-content\/uploads\/sites\/2\/2015\/12\/minou__4.jpg\"\n\t\t\t\t\t\t     data-thumb=\"http:\/\/maisb.fr\/bar\/wp-content\/uploads\/sites\/2\/2015\/12\/minou__4-300x225.jpg\"\n\t\t\t\t\t\t     title=\"\"\n\t\t\t\t\t\t     style=\"display:none\">\n\n\t\t\t\t\t\t<img decoding=\"async\" alt=\"minou4\"\n\t\t\t\t\t\t     src=\"\" data-image=\"http:\/\/maisb.fr\/bar\/wp-content\/uploads\/sites\/2\/2017\/01\/minou4.jpg\"\n\t\t\t\t\t\t     data-thumb=\"http:\/\/maisb.fr\/bar\/wp-content\/uploads\/sites\/2\/2017\/01\/minou4-225x300.jpg\"\n\t\t\t\t\t\t     title=\"\"\n\t\t\t\t\t\t     style=\"display:none\">\n\t\t\t<\/div>\n\n\t\t\t<script type='text\/javascript'>\n\t\t\t\twindow.onload = function(e) {\n\t\t\t\t\tif(typeof ugCheckForErrors == \"undefined\"){\n\t\t\t\t\t\tdocument.getElementById(\"unitegallery_14_1\").innerHTML = \"<span style='color:red'>Unite Gallery Error - gallery js and css files not included in the footer. Please make sure that wp_footer() function is added to your theme.<\/span>\";}\n\t\t\t\t\telse{ ugCheckForErrors(\"unitegallery_14_1\", \"jquery\");}\n\t\t\t\t};\n\t\t\t<\/script>\n\n\t\t\t<!-- END UNITEGALLERY --><br \/>\n[\/et_pb_text][\/et_pb_column][\/et_pb_row][\/et_pb_section]<\/p>\n","protected":false},"excerpt":{"rendered":"<p>Minou \u00ab\u00a0DJ NOUMIX\u00a0\u00bb Minou\u00a0\/\u00a0Platines 2012 4\u00a0794 Vues Dix ans aux platines de la Mais&rsquo;B, il est en place le gars\u00a0! Le surfeur beau gosse de l&rsquo;Ile d&rsquo;Ol\u00e9ron est arriv\u00e9 pile-poil au bon moment pour prendre ma rel\u00e8ve. C&rsquo;est le \u00ab\u00a0French Lover\u00a0\u00bb de la bande, le \u00ab\u00a0Thierry Lhermitte\u00a0\u00bb des \u00ab\u00a0Bronz\u00e9s\u00a0\u00bb, plusieurs fois prim\u00e9s aux concours de [&hellip;]<\/p>\n","protected":false},"author":1,"featured_media":0,"parent":229,"menu_order":0,"comment_status":"open","ping_status":"closed","template":"","meta":{"_et_pb_use_builder":"on","_et_pb_old_content":"","_et_gb_content_width":"","footnotes":""},"class_list":["post-1065","page","type-page","status-publish","hentry"],"aioseo_notices":[],"_links":{"self":[{"href":"http:\/\/maisb.fr\/bar\/wp-json\/wp\/v2\/pages\/1065","targetHints":{"allow":["GET"]}}],"collection":[{"href":"http:\/\/maisb.fr\/bar\/wp-json\/wp\/v2\/pages"}],"about":[{"href":"http:\/\/maisb.fr\/bar\/wp-json\/wp\/v2\/types\/page"}],"author":[{"embeddable":true,"href":"http:\/\/maisb.fr\/bar\/wp-json\/wp\/v2\/users\/1"}],"replies":[{"embeddable":true,"href":"http:\/\/maisb.fr\/bar\/wp-json\/wp\/v2\/comments?post=1065"}],"version-history":[{"count":10,"href":"http:\/\/maisb.fr\/bar\/wp-json\/wp\/v2\/pages\/1065\/revisions"}],"predecessor-version":[{"id":4139,"href":"http:\/\/maisb.fr\/bar\/wp-json\/wp\/v2\/pages\/1065\/revisions\/4139"}],"up":[{"embeddable":true,"href":"http:\/\/maisb.fr\/bar\/wp-json\/wp\/v2\/pages\/229"}],"wp:attachment":[{"href":"http:\/\/maisb.fr\/bar\/wp-json\/wp\/v2\/media?parent=1065"}],"curies":[{"name":"wp","href":"https:\/\/api.w.org\/{rel}","templated":true}]}}