{"id":1159,"date":"2015-11-30T09:57:16","date_gmt":"2015-11-30T08:57:16","guid":{"rendered":"http:\/\/bar.maisb.fr\/?page_id=1159"},"modified":"2020-01-13T13:54:23","modified_gmt":"2020-01-13T12:54:23","slug":"riva-2","status":"publish","type":"page","link":"http:\/\/maisb.fr\/bar\/lequipe\/riva-2\/","title":{"rendered":"Riva"},"content":{"rendered":"<p>[et_pb_section fb_built=\u00a0\u00bb1&Prime; admin_label=\u00a0\u00bbsection\u00a0\u00bb _builder_version=\u00a0\u00bb3.22&Prime;][et_pb_row admin_label=\u00a0\u00bbLigne\u00a0\u00bb _builder_version=\u00a0\u00bb3.25&Prime; background_size=\u00a0\u00bbinitial\u00a0\u00bb background_position=\u00a0\u00bbtop_left\u00a0\u00bb background_repeat=\u00a0\u00bbrepeat\u00a0\u00bb][et_pb_column type=\u00a0\u00bb4_4&Prime; _builder_version=\u00a0\u00bb3.25&Prime; custom_padding=\u00a0\u00bb|||\u00a0\u00bb custom_padding__hover=\u00a0\u00bb|||\u00a0\u00bb][et_pb_divider show_divider=\u00a0\u00bboff\u00a0\u00bb disabled_on=\u00a0\u00bbon|on|off\u00a0\u00bb admin_label=\u00a0\u00bbS\u00e9parateur\u00a0\u00bb _builder_version=\u00a0\u00bb3.2&Prime; height=\u00a0\u00bb50px\u00a0\u00bb hide_on_mobile=\u00a0\u00bbon\u00a0\u00bb][\/et_pb_divider][\/et_pb_column][\/et_pb_row][et_pb_row admin_label=\u00a0\u00bbrow\u00a0\u00bb _builder_version=\u00a0\u00bb3.25&Prime; background_size=\u00a0\u00bbinitial\u00a0\u00bb background_position=\u00a0\u00bbtop_left\u00a0\u00bb background_repeat=\u00a0\u00bbrepeat\u00a0\u00bb column_structure=\u00a0\u00bb2_3,1_3&Prime;][et_pb_column type=\u00a0\u00bb2_3&Prime; _builder_version=\u00a0\u00bb3.25&Prime; custom_padding=\u00a0\u00bb|||\u00a0\u00bb custom_padding__hover=\u00a0\u00bb|||\u00a0\u00bb][et_pb_text admin_label=\u00a0\u00bbTexte\u00a0\u00bb _builder_version=\u00a0\u00bb3.27.4&Prime; background_size=\u00a0\u00bbinitial\u00a0\u00bb background_position=\u00a0\u00bbtop_left\u00a0\u00bb background_repeat=\u00a0\u00bbrepeat\u00a0\u00bb use_border_color=\u00a0\u00bboff\u00a0\u00bb border_color=\u00a0\u00bb#ffffff\u00a0\u00bb border_style=\u00a0\u00bbsolid\u00a0\u00bb]<\/p>\n<h1>Riva\u00a0\u00ab\u00a0P&rsquo;tit boulon\u00a0\u00bb<\/h1>\n<p><strong>Riva<\/strong>\u00a0\/\u00a0Piscine 2013<br \/> <span style=\"color: #000000;\"><br \/> <a href=\"http:\/\/maisb.fr\/wp-content\/uploads\/sites\/2\/2015\/10\/riva.jpg\"><img loading=\"lazy\" decoding=\"async\" class=\"alignnone size-full wp-image-514\" src=\"http:\/\/maisb.fr\/wp-content\/uploads\/sites\/2\/2015\/10\/riva.jpg\" alt=\"riva\" width=\"701\" height=\"312\" srcset=\"http:\/\/maisb.fr\/bar\/wp-content\/uploads\/sites\/2\/2015\/10\/riva.jpg 701w, http:\/\/maisb.fr\/bar\/wp-content\/uploads\/sites\/2\/2015\/10\/riva-300x134.jpg 300w\" sizes=\"(max-width: 701px) 100vw, 701px\" \/><\/a><br \/> <span style=\"font-size: normal;\">3\u00a0972 Vues<\/span><\/span><\/p>\n<p><span style=\"font-size: x-large;\">La Maison Blanche, c&rsquo;est son univers, il la conna\u00eet par c\u0153ur. D\u00e8s l&rsquo;\u00e2ge de 16 ans, il commence \u00e0 travailler au plateau, avant d&rsquo;int\u00e9grer \u00e0 sa majorit\u00e9 l&rsquo;\u00e9quipe du grand bar.<\/span><\/p>\n<p><span style=\"font-size: x-large;\"><br \/> Il pourrait reprendre \u00e0 son compte cette maxime de Marcel Aym\u00e9 \u00ab\u00a0On n&rsquo;est pas responsable d&rsquo;\u00eatre le fils de son p\u00e8re\u00a0\u00bb. Depuis dix ans, il occupe une position strat\u00e9gique en plein c\u0153ur de l&rsquo;action. C&rsquo;est un \u00e9l\u00e9ment indispensable au bon fonctionnement de notre affaire.<br \/> En parall\u00e8le, Riva a mont\u00e9 une petite bo\u00eete de com&rsquo; \u00ab\u00a0Isigraph\u00a0\u00bb avec laquelle il r\u00e9alise l&rsquo;ensemble des visuels de la Maison Blanche.<\/span><\/p>\n<p>[\/et_pb_text][\/et_pb_column][et_pb_column type=\u00a0\u00bb1_3&Prime; _builder_version=\u00a0\u00bb3.25&Prime; custom_padding=\u00a0\u00bb|||\u00a0\u00bb custom_padding__hover=\u00a0\u00bb|||\u00a0\u00bb][et_pb_image src=\u00a0\u00bbhttp:\/\/maisb.fr\/bar\/wp-content\/uploads\/sites\/2\/2015\/11\/logo-2015-02-1.jpg\u00a0\u00bb url=\u00a0\u00bbhttp:\/\/www.isigraph.fr\u00a0\u00bb url_new_window=\u00a0\u00bbon\u00a0\u00bb align_tablet=\u00a0\u00bbcenter\u00a0\u00bb align_last_edited=\u00a0\u00bbon|desktop\u00a0\u00bb admin_label=\u00a0\u00bbImage\u00a0\u00bb _builder_version=\u00a0\u00bb3.23&Prime; max_width=\u00a0\u00bb240px\u00a0\u00bb custom_margin=\u00a0\u00bb90px|||\u00a0\u00bb animation_style=\u00a0\u00bbslide\u00a0\u00bb animation_direction=\u00a0\u00bbleft\u00a0\u00bb animation_duration=\u00a0\u00bb500ms\u00a0\u00bb animation_intensity_slide=\u00a0\u00bb10%\u00a0\u00bb use_border_color=\u00a0\u00bboff\u00a0\u00bb border_color=\u00a0\u00bb#ffffff\u00a0\u00bb border_style=\u00a0\u00bbsolid\u00a0\u00bb animation=\u00a0\u00bbleft\u00a0\u00bb sticky=\u00a0\u00bboff\u00a0\u00bb always_center_on_mobile=\u00a0\u00bbon\u00a0\u00bb][\/et_pb_image][et_pb_image src=\u00a0\u00bbhttp:\/\/maisb.fr\/bar\/wp-content\/uploads\/sites\/2\/2015\/11\/riva2-1.jpg\u00a0\u00bb align_tablet=\u00a0\u00bbcenter\u00a0\u00bb align_last_edited=\u00a0\u00bbon|desktop\u00a0\u00bb admin_label=\u00a0\u00bbImage\u00a0\u00bb _builder_version=\u00a0\u00bb3.23&Prime; animation_style=\u00a0\u00bbslide\u00a0\u00bb animation_direction=\u00a0\u00bbleft\u00a0\u00bb animation_duration=\u00a0\u00bb500ms\u00a0\u00bb animation_intensity_slide=\u00a0\u00bb10%\u00a0\u00bb use_border_color=\u00a0\u00bboff\u00a0\u00bb border_color=\u00a0\u00bb#ffffff\u00a0\u00bb border_style=\u00a0\u00bbsolid\u00a0\u00bb animation=\u00a0\u00bbleft\u00a0\u00bb sticky=\u00a0\u00bboff\u00a0\u00bb always_center_on_mobile=\u00a0\u00bbon\u00a0\u00bb][\/et_pb_image][\/et_pb_column][\/et_pb_row][et_pb_row padding_mobile=\u00a0\u00bboff\u00a0\u00bb admin_label=\u00a0\u00bbrow\u00a0\u00bb _builder_version=\u00a0\u00bb3.25&Prime; background_size=\u00a0\u00bbinitial\u00a0\u00bb background_position=\u00a0\u00bbtop_left\u00a0\u00bb background_repeat=\u00a0\u00bbrepeat\u00a0\u00bb make_fullwidth=\u00a0\u00bboff\u00a0\u00bb use_custom_width=\u00a0\u00bboff\u00a0\u00bb width_unit=\u00a0\u00bbon\u00a0\u00bb][et_pb_column type=\u00a0\u00bb4_4&Prime; _builder_version=\u00a0\u00bb3.25&Prime; custom_padding=\u00a0\u00bb|||\u00a0\u00bb custom_padding__hover=\u00a0\u00bb|||\u00a0\u00bb][et_pb_text admin_label=\u00a0\u00bbTexte\u00a0\u00bb _builder_version=\u00a0\u00bb3.27.4&Prime; background_color=\u00a0\u00bb#ffc700&Prime; background_size=\u00a0\u00bbinitial\u00a0\u00bb background_position=\u00a0\u00bbtop_left\u00a0\u00bb background_repeat=\u00a0\u00bbrepeat\u00a0\u00bb use_border_color=\u00a0\u00bboff\u00a0\u00bb border_color=\u00a0\u00bb#ffffff\u00a0\u00bb border_style=\u00a0\u00bbsolid\u00a0\u00bb]\r\n\t\t\t\t\t\n\r\n\t\t\t\t\t<!-- START UNITE GALLERY 1.7.62 -->\r\n\t\t\t\t\t\r\n\t\t\t\t\n\t\t\t<div id='unitegallery_12_1' class='unite-gallery' style='margin:0px auto;'>\n\t\t\t\t\n\n\t\t\t\t\t\t<img decoding=\"async\" alt=\"secu_\"\n\t\t\t\t\t\t     src=\"\" data-image=\"http:\/\/maisb.fr\/bar\/wp-content\/uploads\/sites\/2\/2015\/12\/secu_.jpg\"\n\t\t\t\t\t\t     data-thumb=\"http:\/\/maisb.fr\/bar\/wp-content\/uploads\/sites\/2\/2015\/12\/secu_-300x169.jpg\"\n\t\t\t\t\t\t     title=\"\"\n\t\t\t\t\t\t     style=\"display:none\">\n\n\t\t\t\t\t\t<img decoding=\"async\" alt=\"secu__34\"\n\t\t\t\t\t\t     src=\"\" data-image=\"http:\/\/maisb.fr\/bar\/wp-content\/uploads\/sites\/2\/2015\/12\/secu__34.jpg\"\n\t\t\t\t\t\t     data-thumb=\"http:\/\/maisb.fr\/bar\/wp-content\/uploads\/sites\/2\/2015\/12\/secu__34-300x208.jpg\"\n\t\t\t\t\t\t     title=\"\"\n\t\t\t\t\t\t     style=\"display:none\">\n\n\t\t\t\t\t\t<img decoding=\"async\" alt=\"secu\"\n\t\t\t\t\t\t     src=\"\" data-image=\"http:\/\/maisb.fr\/bar\/wp-content\/uploads\/sites\/2\/2017\/01\/secu.jpg\"\n\t\t\t\t\t\t     data-thumb=\"http:\/\/maisb.fr\/bar\/wp-content\/uploads\/sites\/2\/2017\/01\/secu-300x225.jpg\"\n\t\t\t\t\t\t     title=\"\"\n\t\t\t\t\t\t     style=\"display:none\">\n\n\t\t\t\t\t\t<img decoding=\"async\" alt=\"secu2\"\n\t\t\t\t\t\t     src=\"\" data-image=\"http:\/\/maisb.fr\/bar\/wp-content\/uploads\/sites\/2\/2017\/01\/secu2.jpg\"\n\t\t\t\t\t\t     data-thumb=\"http:\/\/maisb.fr\/bar\/wp-content\/uploads\/sites\/2\/2017\/01\/secu2-300x225.jpg\"\n\t\t\t\t\t\t     title=\"\"\n\t\t\t\t\t\t     style=\"display:none\">\n\n\t\t\t\t\t\t<img decoding=\"async\" alt=\"secu3\"\n\t\t\t\t\t\t     src=\"\" data-image=\"http:\/\/maisb.fr\/bar\/wp-content\/uploads\/sites\/2\/2017\/01\/secu3.jpg\"\n\t\t\t\t\t\t     data-thumb=\"http:\/\/maisb.fr\/bar\/wp-content\/uploads\/sites\/2\/2017\/01\/secu3-300x225.jpg\"\n\t\t\t\t\t\t     title=\"\"\n\t\t\t\t\t\t     style=\"display:none\">\n\n\t\t\t\t\t\t<img decoding=\"async\" alt=\"secu4\"\n\t\t\t\t\t\t     src=\"\" data-image=\"http:\/\/maisb.fr\/bar\/wp-content\/uploads\/sites\/2\/2017\/01\/secu4.jpg\"\n\t\t\t\t\t\t     data-thumb=\"http:\/\/maisb.fr\/bar\/wp-content\/uploads\/sites\/2\/2017\/01\/secu4-300x225.jpg\"\n\t\t\t\t\t\t     title=\"\"\n\t\t\t\t\t\t     style=\"display:none\">\n\n\t\t\t\t\t\t<img decoding=\"async\" alt=\"secu5\"\n\t\t\t\t\t\t     src=\"\" data-image=\"http:\/\/maisb.fr\/bar\/wp-content\/uploads\/sites\/2\/2017\/01\/secu5.jpg\"\n\t\t\t\t\t\t     data-thumb=\"http:\/\/maisb.fr\/bar\/wp-content\/uploads\/sites\/2\/2017\/01\/secu5-300x225.jpg\"\n\t\t\t\t\t\t     title=\"\"\n\t\t\t\t\t\t     style=\"display:none\">\n\n\t\t\t\t\t\t<img decoding=\"async\" alt=\"secu6\"\n\t\t\t\t\t\t     src=\"\" data-image=\"http:\/\/maisb.fr\/bar\/wp-content\/uploads\/sites\/2\/2017\/01\/secu6.jpg\"\n\t\t\t\t\t\t     data-thumb=\"http:\/\/maisb.fr\/bar\/wp-content\/uploads\/sites\/2\/2017\/01\/secu6-300x225.jpg\"\n\t\t\t\t\t\t     title=\"\"\n\t\t\t\t\t\t     style=\"display:none\">\n\n\t\t\t\t\t\t<img decoding=\"async\" alt=\"secu7\"\n\t\t\t\t\t\t     src=\"\" data-image=\"http:\/\/maisb.fr\/bar\/wp-content\/uploads\/sites\/2\/2017\/01\/secu7.jpg\"\n\t\t\t\t\t\t     data-thumb=\"http:\/\/maisb.fr\/bar\/wp-content\/uploads\/sites\/2\/2017\/01\/secu7-300x225.jpg\"\n\t\t\t\t\t\t     title=\"\"\n\t\t\t\t\t\t     style=\"display:none\">\n\n\t\t\t\t\t\t<img decoding=\"async\" alt=\"secu__74\"\n\t\t\t\t\t\t     src=\"\" data-image=\"http:\/\/maisb.fr\/bar\/wp-content\/uploads\/sites\/2\/2015\/12\/secu__74.jpg\"\n\t\t\t\t\t\t     data-thumb=\"http:\/\/maisb.fr\/bar\/wp-content\/uploads\/sites\/2\/2015\/12\/secu__74-225x300.jpg\"\n\t\t\t\t\t\t     title=\"\"\n\t\t\t\t\t\t     style=\"display:none\">\n\n\t\t\t\t\t\t<img decoding=\"async\" alt=\"secu__35\"\n\t\t\t\t\t\t     src=\"\" data-image=\"http:\/\/maisb.fr\/bar\/wp-content\/uploads\/sites\/2\/2015\/12\/secu__35.jpg\"\n\t\t\t\t\t\t     data-thumb=\"http:\/\/maisb.fr\/bar\/wp-content\/uploads\/sites\/2\/2015\/12\/secu__35-165x300.jpg\"\n\t\t\t\t\t\t     title=\"\"\n\t\t\t\t\t\t     style=\"display:none\">\n\n\t\t\t\t\t\t<img decoding=\"async\" alt=\"secu__36\"\n\t\t\t\t\t\t     src=\"\" data-image=\"http:\/\/maisb.fr\/bar\/wp-content\/uploads\/sites\/2\/2015\/12\/secu__36.jpg\"\n\t\t\t\t\t\t     data-thumb=\"http:\/\/maisb.fr\/bar\/wp-content\/uploads\/sites\/2\/2015\/12\/secu__36-169x300.jpg\"\n\t\t\t\t\t\t     title=\"\"\n\t\t\t\t\t\t     style=\"display:none\">\n\t\t\t<\/div>\n\n\t\t\t<script type='text\/javascript'>\n\t\t\t\twindow.onload = function(e) {\n\t\t\t\t\tif(typeof ugCheckForErrors == \"undefined\"){\n\t\t\t\t\t\tdocument.getElementById(\"unitegallery_12_1\").innerHTML = \"<span style='color:red'>Unite Gallery Error - gallery js and css files not included in the footer. Please make sure that wp_footer() function is added to your theme.<\/span>\";}\n\t\t\t\t\telse{ ugCheckForErrors(\"unitegallery_12_1\", \"jquery\");}\n\t\t\t\t};\n\t\t\t<\/script>\n\n\t\t\t<!-- END UNITEGALLERY --><br \/>\n[\/et_pb_text][\/et_pb_column][\/et_pb_row][\/et_pb_section]<\/p>\n","protected":false},"excerpt":{"rendered":"<p>Riva\u00a0\u00ab\u00a0P&rsquo;tit boulon\u00a0\u00bb Riva\u00a0\/\u00a0Piscine 2013 3\u00a0972 Vues La Maison Blanche, c&rsquo;est son univers, il la conna\u00eet par c\u0153ur. D\u00e8s l&rsquo;\u00e2ge de 16 ans, il commence \u00e0 travailler au plateau, avant d&rsquo;int\u00e9grer \u00e0 sa majorit\u00e9 l&rsquo;\u00e9quipe du grand bar. Il pourrait reprendre \u00e0 son compte cette maxime de Marcel Aym\u00e9 \u00ab\u00a0On n&rsquo;est pas responsable d&rsquo;\u00eatre le fils [&hellip;]<\/p>\n","protected":false},"author":1,"featured_media":0,"parent":125,"menu_order":0,"comment_status":"open","ping_status":"closed","template":"","meta":{"_et_pb_use_builder":"on","_et_pb_old_content":"","_et_gb_content_width":"","footnotes":""},"class_list":["post-1159","page","type-page","status-publish","hentry"],"aioseo_notices":[],"_links":{"self":[{"href":"http:\/\/maisb.fr\/bar\/wp-json\/wp\/v2\/pages\/1159","targetHints":{"allow":["GET"]}}],"collection":[{"href":"http:\/\/maisb.fr\/bar\/wp-json\/wp\/v2\/pages"}],"about":[{"href":"http:\/\/maisb.fr\/bar\/wp-json\/wp\/v2\/types\/page"}],"author":[{"embeddable":true,"href":"http:\/\/maisb.fr\/bar\/wp-json\/wp\/v2\/users\/1"}],"replies":[{"embeddable":true,"href":"http:\/\/maisb.fr\/bar\/wp-json\/wp\/v2\/comments?post=1159"}],"version-history":[{"count":3,"href":"http:\/\/maisb.fr\/bar\/wp-json\/wp\/v2\/pages\/1159\/revisions"}],"predecessor-version":[{"id":4128,"href":"http:\/\/maisb.fr\/bar\/wp-json\/wp\/v2\/pages\/1159\/revisions\/4128"}],"up":[{"embeddable":true,"href":"http:\/\/maisb.fr\/bar\/wp-json\/wp\/v2\/pages\/125"}],"wp:attachment":[{"href":"http:\/\/maisb.fr\/bar\/wp-json\/wp\/v2\/media?parent=1159"}],"curies":[{"name":"wp","href":"https:\/\/api.w.org\/{rel}","templated":true}]}}