{"id":1171,"date":"2015-11-30T10:00:17","date_gmt":"2015-11-30T09:00:17","guid":{"rendered":"http:\/\/bar.maisb.fr\/?page_id=1171"},"modified":"2020-01-13T13:55:06","modified_gmt":"2020-01-13T12:55:06","slug":"filles-2","status":"publish","type":"page","link":"http:\/\/maisb.fr\/bar\/lequipe\/filles-2\/","title":{"rendered":"Les filles"},"content":{"rendered":"<p>[et_pb_section fb_built=\u00a0\u00bb1&Prime; admin_label=\u00a0\u00bbsection\u00a0\u00bb _builder_version=\u00a0\u00bb3.22&Prime;][et_pb_row admin_label=\u00a0\u00bbLigne\u00a0\u00bb _builder_version=\u00a0\u00bb3.25&Prime; background_size=\u00a0\u00bbinitial\u00a0\u00bb background_position=\u00a0\u00bbtop_left\u00a0\u00bb background_repeat=\u00a0\u00bbrepeat\u00a0\u00bb][et_pb_column type=\u00a0\u00bb4_4&Prime; _builder_version=\u00a0\u00bb3.25&Prime; custom_padding=\u00a0\u00bb|||\u00a0\u00bb custom_padding__hover=\u00a0\u00bb|||\u00a0\u00bb][et_pb_divider show_divider=\u00a0\u00bboff\u00a0\u00bb disabled_on=\u00a0\u00bbon|on|off\u00a0\u00bb admin_label=\u00a0\u00bbS\u00e9parateur\u00a0\u00bb _builder_version=\u00a0\u00bb3.2&Prime; height=\u00a0\u00bb50px\u00a0\u00bb hide_on_mobile=\u00a0\u00bbon\u00a0\u00bb][\/et_pb_divider][\/et_pb_column][\/et_pb_row][et_pb_row admin_label=\u00a0\u00bbrow\u00a0\u00bb _builder_version=\u00a0\u00bb3.25&Prime; background_size=\u00a0\u00bbinitial\u00a0\u00bb background_position=\u00a0\u00bbtop_left\u00a0\u00bb background_repeat=\u00a0\u00bbrepeat\u00a0\u00bb column_structure=\u00a0\u00bb2_3,1_3&Prime;][et_pb_column type=\u00a0\u00bb2_3&Prime; _builder_version=\u00a0\u00bb3.25&Prime; custom_padding=\u00a0\u00bb|||\u00a0\u00bb custom_padding__hover=\u00a0\u00bb|||\u00a0\u00bb][et_pb_text admin_label=\u00a0\u00bbTexte\u00a0\u00bb _builder_version=\u00a0\u00bb3.27.4&Prime; background_size=\u00a0\u00bbinitial\u00a0\u00bb background_position=\u00a0\u00bbtop_left\u00a0\u00bb background_repeat=\u00a0\u00bbrepeat\u00a0\u00bb use_border_color=\u00a0\u00bboff\u00a0\u00bb border_color=\u00a0\u00bb#ffffff\u00a0\u00bb border_style=\u00a0\u00bbsolid\u00a0\u00bb]<\/p>\n<h1>LES FILLES\u00a0\u00ab\u00a0les plus belles\u00a0\u00bb<\/h1>\n<p><strong>Les filles<\/strong>\u00a0\/ Grand bar 2011<br \/> <span style=\"color: #000000;\"><br \/> <a href=\"http:\/\/maisb.fr\/wp-content\/uploads\/sites\/2\/2015\/10\/filles-slider.jpg\"><img loading=\"lazy\" decoding=\"async\" class=\"alignnone size-full wp-image-1202\" src=\"http:\/\/maisb.fr\/wp-content\/uploads\/sites\/2\/2015\/10\/filles-slider.jpg\" alt=\"filles-slider\" width=\"701\" height=\"312\" srcset=\"http:\/\/maisb.fr\/bar\/wp-content\/uploads\/sites\/2\/2015\/10\/filles-slider.jpg 701w, http:\/\/maisb.fr\/bar\/wp-content\/uploads\/sites\/2\/2015\/10\/filles-slider-300x134.jpg 300w\" sizes=\"(max-width: 701px) 100vw, 701px\" \/><\/a><br \/> <span style=\"font-size: normal;\">4\u00a0144 Vues<\/span><\/span><\/p>\n<p><span style=\"font-size: x-large;\">Pendant ces vingt ann\u00e9es, nous avons embauch\u00e9 un nombre incroyable de jolies filles au bar, la Maison-Blanche a ce don incroyable d&rsquo;attirer les belles nanas. <\/span><\/p>\n<p><span style=\"font-size: x-large;\">Je me souviens tr\u00e8s bien du jour o\u00f9 j&rsquo;ai vu d\u00e9barquer Sarax Leroux de sa campagne Rouennaise. elle \u00e9tait gauche, mal attif\u00e9e, six ans plus tard quand elle nous a quitt\u00e9, c&rsquo;\u00e9tait une jeune fille accomplie, belle comme le jour. <\/span><\/p>\n<p><span style=\"font-size: x-large;\">Elles sont nombreuses ces jeunes femmes \u00e0 avoir pass\u00e9 quelques saisons avec nous pendant leurs \u00e9tudes. Elles en gardent toutes un souvenir \u00e9mu, c&rsquo;est toujours avec \u00e9motion qu&rsquo;elles viennent nous saluer, nous raconter la suite de l&rsquo;aventure. <\/span><\/p>\n<p><span style=\"font-size: x-large;\">Plut\u00f4t que de toutes les cit\u00e9s, et d&rsquo;en oublier, nous allons plut\u00f4t essayer de vous faire revivre leur parcours en photo et en vid\u00e9o. Elles ont toutes particip\u00e9 \u00e0 leur fa\u00e7on \u00e0 cette merveilleuse aventure et je les en remercie de tout c\u0153ur.<\/span><\/p>\n<p>&nbsp;<\/p>\n<p>[\/et_pb_text][\/et_pb_column][et_pb_column type=\u00a0\u00bb1_3&Prime; _builder_version=\u00a0\u00bb3.25&Prime; custom_padding=\u00a0\u00bb|||\u00a0\u00bb custom_padding__hover=\u00a0\u00bb|||\u00a0\u00bb][et_pb_text admin_label=\u00a0\u00bbTexte\u00a0\u00bb _builder_version=\u00a0\u00bb3.27.4&Prime; background_color=\u00a0\u00bb#cccccc\u00a0\u00bb background_size=\u00a0\u00bbinitial\u00a0\u00bb background_position=\u00a0\u00bbtop_left\u00a0\u00bb background_repeat=\u00a0\u00bbrepeat\u00a0\u00bb custom_margin=\u00a0\u00bb100px||10px|\u00a0\u00bb custom_padding=\u00a0\u00bb10|10|10|10&Prime; custom_css_main_element=\u00a0\u00bb -moz-box-shadow: 5px 5px 5px 0px #dad7d7;||-webkit-box-shadow: 5px 5px 5px 0px #dad7d7;|| -o-box-shadow: 5px 5px 5px 0px #dad7d7;||box-shadow: 5px 5px 5px 0px #dad7d7;|| \/* filter: progid:DXImageTransform.Microsoft.Shadow(color=#dad7d7,Direction=134,Strength=5); *\/|| -moz-border-radius: 7px;||-webkit-border-radius: 7px;||border-radius: 7px;\u00a0\u00bb use_border_color=\u00a0\u00bboff\u00a0\u00bb border_color=\u00a0\u00bb#ffffff\u00a0\u00bb border_style=\u00a0\u00bbsolid\u00a0\u00bb]<iframe loading=\"lazy\" src=\"https:\/\/www.youtube.com\/embed\/BZj_DFKznuY?rel=0\" width=\"960\" height=\"720\" frameborder=\"0\" allowfullscreen=\"allowfullscreen\"><\/iframe><br \/>\n[\/et_pb_text][et_pb_image src=\u00a0\u00bbhttp:\/\/maisb.fr\/bar\/wp-content\/uploads\/sites\/2\/2015\/11\/ma-1.jpg\u00a0\u00bb align_tablet=\u00a0\u00bbcenter\u00a0\u00bb align_last_edited=\u00a0\u00bbon|desktop\u00a0\u00bb admin_label=\u00a0\u00bbImage\u00a0\u00bb _builder_version=\u00a0\u00bb3.23&Prime; animation_style=\u00a0\u00bbslide\u00a0\u00bb animation_direction=\u00a0\u00bbleft\u00a0\u00bb animation_duration=\u00a0\u00bb500ms\u00a0\u00bb animation_intensity_slide=\u00a0\u00bb10%\u00a0\u00bb use_border_color=\u00a0\u00bboff\u00a0\u00bb border_color=\u00a0\u00bb#ffffff\u00a0\u00bb border_style=\u00a0\u00bbsolid\u00a0\u00bb animation=\u00a0\u00bbleft\u00a0\u00bb sticky=\u00a0\u00bboff\u00a0\u00bb always_center_on_mobile=\u00a0\u00bbon\u00a0\u00bb][\/et_pb_image][\/et_pb_column][\/et_pb_row][et_pb_row padding_mobile=\u00a0\u00bboff\u00a0\u00bb admin_label=\u00a0\u00bbrow\u00a0\u00bb _builder_version=\u00a0\u00bb3.25&Prime; background_size=\u00a0\u00bbinitial\u00a0\u00bb background_position=\u00a0\u00bbtop_left\u00a0\u00bb background_repeat=\u00a0\u00bbrepeat\u00a0\u00bb make_fullwidth=\u00a0\u00bboff\u00a0\u00bb use_custom_width=\u00a0\u00bboff\u00a0\u00bb width_unit=\u00a0\u00bbon\u00a0\u00bb][et_pb_column type=\u00a0\u00bb4_4&Prime; _builder_version=\u00a0\u00bb3.25&Prime; custom_padding=\u00a0\u00bb|||\u00a0\u00bb custom_padding__hover=\u00a0\u00bb|||\u00a0\u00bb][et_pb_text admin_label=\u00a0\u00bbTexte\u00a0\u00bb _builder_version=\u00a0\u00bb3.27.4&Prime; background_color=\u00a0\u00bb#ffc700&Prime; background_size=\u00a0\u00bbinitial\u00a0\u00bb background_position=\u00a0\u00bbtop_left\u00a0\u00bb background_repeat=\u00a0\u00bbrepeat\u00a0\u00bb use_border_color=\u00a0\u00bboff\u00a0\u00bb border_color=\u00a0\u00bb#ffffff\u00a0\u00bb border_style=\u00a0\u00bbsolid\u00a0\u00bb]\r\n\t\t\t\t\t\n\r\n\t\t\t\t\t<!-- START UNITE GALLERY 1.7.62 -->\r\n\t\t\t\t\t\r\n\t\t\t\t\n\t\t\t<div id='unitegallery_21_1' class='unite-gallery' style='margin:0px auto;'>\n\t\t\t\t\n\n\t\t\t\t\t\t<img decoding=\"async\" alt=\"filles\"\n\t\t\t\t\t\t     src=\"\" data-image=\"http:\/\/maisb.fr\/bar\/wp-content\/uploads\/sites\/2\/2017\/01\/filles.jpg\"\n\t\t\t\t\t\t     data-thumb=\"http:\/\/maisb.fr\/bar\/wp-content\/uploads\/sites\/2\/2017\/01\/filles-300x225.jpg\"\n\t\t\t\t\t\t     title=\"\"\n\t\t\t\t\t\t     style=\"display:none\">\n\n\t\t\t\t\t\t<img decoding=\"async\" alt=\"filles2\"\n\t\t\t\t\t\t     src=\"\" data-image=\"http:\/\/maisb.fr\/bar\/wp-content\/uploads\/sites\/2\/2017\/01\/filles2.jpg\"\n\t\t\t\t\t\t     data-thumb=\"http:\/\/maisb.fr\/bar\/wp-content\/uploads\/sites\/2\/2017\/01\/filles2-225x300.jpg\"\n\t\t\t\t\t\t     title=\"\"\n\t\t\t\t\t\t     style=\"display:none\">\n\n\t\t\t\t\t\t<img decoding=\"async\" alt=\"filles4\"\n\t\t\t\t\t\t     src=\"\" data-image=\"http:\/\/maisb.fr\/bar\/wp-content\/uploads\/sites\/2\/2017\/01\/filles4.jpg\"\n\t\t\t\t\t\t     data-thumb=\"http:\/\/maisb.fr\/bar\/wp-content\/uploads\/sites\/2\/2017\/01\/filles4-225x300.jpg\"\n\t\t\t\t\t\t     title=\"\"\n\t\t\t\t\t\t     style=\"display:none\">\n\n\t\t\t\t\t\t<img decoding=\"async\" alt=\"fille_16\"\n\t\t\t\t\t\t     src=\"\" data-image=\"http:\/\/maisb.fr\/bar\/wp-content\/uploads\/sites\/2\/2015\/12\/fille_16.jpg\"\n\t\t\t\t\t\t     data-thumb=\"http:\/\/maisb.fr\/bar\/wp-content\/uploads\/sites\/2\/2015\/12\/fille_16-300x225.jpg\"\n\t\t\t\t\t\t     title=\"\"\n\t\t\t\t\t\t     style=\"display:none\">\n\n\t\t\t\t\t\t<img decoding=\"async\" alt=\"fille_24\"\n\t\t\t\t\t\t     src=\"\" data-image=\"http:\/\/maisb.fr\/bar\/wp-content\/uploads\/sites\/2\/2015\/12\/fille_24.jpg\"\n\t\t\t\t\t\t     data-thumb=\"http:\/\/maisb.fr\/bar\/wp-content\/uploads\/sites\/2\/2015\/12\/fille_24-300x225.jpg\"\n\t\t\t\t\t\t     title=\"\"\n\t\t\t\t\t\t     style=\"display:none\">\n\n\t\t\t\t\t\t<img decoding=\"async\" alt=\"fille_23\"\n\t\t\t\t\t\t     src=\"\" data-image=\"http:\/\/maisb.fr\/bar\/wp-content\/uploads\/sites\/2\/2015\/12\/fille_23.jpg\"\n\t\t\t\t\t\t     data-thumb=\"http:\/\/maisb.fr\/bar\/wp-content\/uploads\/sites\/2\/2015\/12\/fille_23-300x225.jpg\"\n\t\t\t\t\t\t     title=\"\"\n\t\t\t\t\t\t     style=\"display:none\">\n\n\t\t\t\t\t\t<img decoding=\"async\" alt=\"fille_22\"\n\t\t\t\t\t\t     src=\"\" data-image=\"http:\/\/maisb.fr\/bar\/wp-content\/uploads\/sites\/2\/2015\/12\/fille_22.jpg\"\n\t\t\t\t\t\t     data-thumb=\"http:\/\/maisb.fr\/bar\/wp-content\/uploads\/sites\/2\/2015\/12\/fille_22-300x225.jpg\"\n\t\t\t\t\t\t     title=\"\"\n\t\t\t\t\t\t     style=\"display:none\">\n\n\t\t\t\t\t\t<img decoding=\"async\" alt=\"fille_10\"\n\t\t\t\t\t\t     src=\"\" data-image=\"http:\/\/maisb.fr\/bar\/wp-content\/uploads\/sites\/2\/2015\/12\/fille_10.jpg\"\n\t\t\t\t\t\t     data-thumb=\"http:\/\/maisb.fr\/bar\/wp-content\/uploads\/sites\/2\/2015\/12\/fille_10-300x225.jpg\"\n\t\t\t\t\t\t     title=\"\"\n\t\t\t\t\t\t     style=\"display:none\">\n\n\t\t\t\t\t\t<img decoding=\"async\" alt=\"fille_27\"\n\t\t\t\t\t\t     src=\"\" data-image=\"http:\/\/maisb.fr\/bar\/wp-content\/uploads\/sites\/2\/2015\/12\/fille_27.jpg\"\n\t\t\t\t\t\t     data-thumb=\"http:\/\/maisb.fr\/bar\/wp-content\/uploads\/sites\/2\/2015\/12\/fille_27-225x300.jpg\"\n\t\t\t\t\t\t     title=\"\"\n\t\t\t\t\t\t     style=\"display:none\">\n\n\t\t\t\t\t\t<img decoding=\"async\" alt=\"fille_19\"\n\t\t\t\t\t\t     src=\"\" data-image=\"http:\/\/maisb.fr\/bar\/wp-content\/uploads\/sites\/2\/2015\/12\/fille_19.jpg\"\n\t\t\t\t\t\t     data-thumb=\"http:\/\/maisb.fr\/bar\/wp-content\/uploads\/sites\/2\/2015\/12\/fille_19-300x225.jpg\"\n\t\t\t\t\t\t     title=\"\"\n\t\t\t\t\t\t     style=\"display:none\">\n\n\t\t\t\t\t\t<img decoding=\"async\" alt=\"fille_5\"\n\t\t\t\t\t\t     src=\"\" data-image=\"http:\/\/maisb.fr\/bar\/wp-content\/uploads\/sites\/2\/2015\/12\/fille_5.jpg\"\n\t\t\t\t\t\t     data-thumb=\"http:\/\/maisb.fr\/bar\/wp-content\/uploads\/sites\/2\/2015\/12\/fille_5-225x300.jpg\"\n\t\t\t\t\t\t     title=\"\"\n\t\t\t\t\t\t     style=\"display:none\">\n\n\t\t\t\t\t\t<img decoding=\"async\" alt=\"fille_1\"\n\t\t\t\t\t\t     src=\"\" data-image=\"http:\/\/maisb.fr\/bar\/wp-content\/uploads\/sites\/2\/2015\/12\/fille_1.jpg\"\n\t\t\t\t\t\t     data-thumb=\"http:\/\/maisb.fr\/bar\/wp-content\/uploads\/sites\/2\/2015\/12\/fille_1-225x300.jpg\"\n\t\t\t\t\t\t     title=\"\"\n\t\t\t\t\t\t     style=\"display:none\">\n\t\t\t<\/div>\n\n\t\t\t<script type='text\/javascript'>\n\t\t\t\twindow.onload = function(e) {\n\t\t\t\t\tif(typeof ugCheckForErrors == \"undefined\"){\n\t\t\t\t\t\tdocument.getElementById(\"unitegallery_21_1\").innerHTML = \"<span style='color:red'>Unite Gallery Error - gallery js and css files not included in the footer. Please make sure that wp_footer() function is added to your theme.<\/span>\";}\n\t\t\t\t\telse{ ugCheckForErrors(\"unitegallery_21_1\", \"jquery\");}\n\t\t\t\t};\n\t\t\t<\/script>\n\n\t\t\t<!-- END UNITEGALLERY --><br \/>\n[\/et_pb_text][\/et_pb_column][\/et_pb_row][\/et_pb_section]<\/p>\n","protected":false},"excerpt":{"rendered":"<p>LES FILLES\u00a0\u00ab\u00a0les plus belles\u00a0\u00bb Les filles\u00a0\/ Grand bar 2011 4\u00a0144 Vues Pendant ces vingt ann\u00e9es, nous avons embauch\u00e9 un nombre incroyable de jolies filles au bar, la Maison-Blanche a ce don incroyable d&rsquo;attirer les belles nanas. Je me souviens tr\u00e8s bien du jour o\u00f9 j&rsquo;ai vu d\u00e9barquer Sarax Leroux de sa campagne Rouennaise. elle \u00e9tait [&hellip;]<\/p>\n","protected":false},"author":1,"featured_media":0,"parent":125,"menu_order":0,"comment_status":"open","ping_status":"closed","template":"","meta":{"_et_pb_use_builder":"on","_et_pb_old_content":"","_et_gb_content_width":"","footnotes":""},"class_list":["post-1171","page","type-page","status-publish","hentry"],"aioseo_notices":[],"_links":{"self":[{"href":"http:\/\/maisb.fr\/bar\/wp-json\/wp\/v2\/pages\/1171","targetHints":{"allow":["GET"]}}],"collection":[{"href":"http:\/\/maisb.fr\/bar\/wp-json\/wp\/v2\/pages"}],"about":[{"href":"http:\/\/maisb.fr\/bar\/wp-json\/wp\/v2\/types\/page"}],"author":[{"embeddable":true,"href":"http:\/\/maisb.fr\/bar\/wp-json\/wp\/v2\/users\/1"}],"replies":[{"embeddable":true,"href":"http:\/\/maisb.fr\/bar\/wp-json\/wp\/v2\/comments?post=1171"}],"version-history":[{"count":4,"href":"http:\/\/maisb.fr\/bar\/wp-json\/wp\/v2\/pages\/1171\/revisions"}],"predecessor-version":[{"id":4129,"href":"http:\/\/maisb.fr\/bar\/wp-json\/wp\/v2\/pages\/1171\/revisions\/4129"}],"up":[{"embeddable":true,"href":"http:\/\/maisb.fr\/bar\/wp-json\/wp\/v2\/pages\/125"}],"wp:attachment":[{"href":"http:\/\/maisb.fr\/bar\/wp-json\/wp\/v2\/media?parent=1171"}],"curies":[{"name":"wp","href":"https:\/\/api.w.org\/{rel}","templated":true}]}}