{"id":1330,"date":"2015-10-14T06:28:47","date_gmt":"2015-10-14T05:28:47","guid":{"rendered":"http:\/\/bar.maisb.fr\/?page_id=2"},"modified":"2016-02-23T12:06:20","modified_gmt":"2016-02-23T11:06:20","slug":"page-d-exemple-2","status":"publish","type":"page","link":"http:\/\/maisb.fr\/bar\/","title":{"rendered":"Le bar"},"content":{"rendered":"<p>[et_pb_section admin_label=\u00a0\u00bbsection\u00a0\u00bb][et_pb_row admin_label=\u00a0\u00bbrow\u00a0\u00bb make_fullwidth=\u00a0\u00bbon\u00a0\u00bb use_custom_width=\u00a0\u00bboff\u00a0\u00bb width_unit=\u00a0\u00bbon\u00a0\u00bb use_custom_gutter=\u00a0\u00bboff\u00a0\u00bb padding_mobile=\u00a0\u00bboff\u00a0\u00bb allow_player_pause=\u00a0\u00bboff\u00a0\u00bb parallax=\u00a0\u00bboff\u00a0\u00bb parallax_method=\u00a0\u00bboff\u00a0\u00bb make_equal=\u00a0\u00bboff\u00a0\u00bb][et_pb_column type=\u00a0\u00bb4_4&Prime;][et_pb_text admin_label=\u00a0\u00bbTexte\u00a0\u00bb background_layout=\u00a0\u00bblight\u00a0\u00bb text_orientation=\u00a0\u00bbleft\u00a0\u00bb use_border_color=\u00a0\u00bboff\u00a0\u00bb border_color=\u00a0\u00bb#ffffff\u00a0\u00bb border_style=\u00a0\u00bbsolid\u00a0\u00bb background_color=\u00a0\u00bb#ffc700&Prime;] \r\n\t\t\t\t\t\n\r\n\t\t\t\t\t<!-- START UNITE GALLERY 1.7.62 -->\r\n\t\t\t\t\t\r\n\t\t\t\t\n\t\t\t<div id='unitegallery_2_1' class='unite-gallery' style='margin:0px auto;'>\n\t\t\t\t\n\n\t\t\t\t\t\t<img decoding=\"async\" alt=\"top_6\"\n\t\t\t\t\t\t     src=\"\" data-image=\"http:\/\/maisb.fr\/bar\/wp-content\/uploads\/sites\/2\/2015\/12\/top_6.jpg\"\n\t\t\t\t\t\t     data-thumb=\"http:\/\/maisb.fr\/bar\/wp-content\/uploads\/sites\/2\/2015\/12\/top_6-300x148.jpg\"\n\t\t\t\t\t\t     title=\"\"\n\t\t\t\t\t\t     style=\"display:none\">\n\n\t\t\t\t\t\t<img decoding=\"async\" alt=\"top_5\"\n\t\t\t\t\t\t     src=\"\" data-image=\"http:\/\/maisb.fr\/bar\/wp-content\/uploads\/sites\/2\/2015\/12\/top_5.jpg\"\n\t\t\t\t\t\t     data-thumb=\"http:\/\/maisb.fr\/bar\/wp-content\/uploads\/sites\/2\/2015\/12\/top_5-300x148.jpg\"\n\t\t\t\t\t\t     title=\"\"\n\t\t\t\t\t\t     style=\"display:none\">\n\n\t\t\t\t\t\t<img decoding=\"async\" alt=\"top_4\"\n\t\t\t\t\t\t     src=\"\" data-image=\"http:\/\/maisb.fr\/bar\/wp-content\/uploads\/sites\/2\/2015\/12\/top_4.jpg\"\n\t\t\t\t\t\t     data-thumb=\"http:\/\/maisb.fr\/bar\/wp-content\/uploads\/sites\/2\/2015\/12\/top_4-300x148.jpg\"\n\t\t\t\t\t\t     title=\"\"\n\t\t\t\t\t\t     style=\"display:none\">\n\n\t\t\t\t\t\t<img decoding=\"async\" alt=\"top_3\"\n\t\t\t\t\t\t     src=\"\" data-image=\"http:\/\/maisb.fr\/bar\/wp-content\/uploads\/sites\/2\/2015\/12\/top_3.jpg\"\n\t\t\t\t\t\t     data-thumb=\"http:\/\/maisb.fr\/bar\/wp-content\/uploads\/sites\/2\/2015\/12\/top_3-300x148.jpg\"\n\t\t\t\t\t\t     title=\"\"\n\t\t\t\t\t\t     style=\"display:none\">\n\n\t\t\t\t\t\t<img decoding=\"async\" alt=\"top_2\"\n\t\t\t\t\t\t     src=\"\" data-image=\"http:\/\/maisb.fr\/bar\/wp-content\/uploads\/sites\/2\/2015\/12\/top_2.jpg\"\n\t\t\t\t\t\t     data-thumb=\"http:\/\/maisb.fr\/bar\/wp-content\/uploads\/sites\/2\/2015\/12\/top_2-300x148.jpg\"\n\t\t\t\t\t\t     title=\"\"\n\t\t\t\t\t\t     style=\"display:none\">\n\n\t\t\t\t\t\t<img decoding=\"async\" alt=\"top_1\"\n\t\t\t\t\t\t     src=\"\" data-image=\"http:\/\/maisb.fr\/bar\/wp-content\/uploads\/sites\/2\/2015\/12\/top_1.jpg\"\n\t\t\t\t\t\t     data-thumb=\"http:\/\/maisb.fr\/bar\/wp-content\/uploads\/sites\/2\/2015\/12\/top_1-300x148.jpg\"\n\t\t\t\t\t\t     title=\"\"\n\t\t\t\t\t\t     style=\"display:none\">\n\t\t\t<\/div>\n\n\t\t\t<script type='text\/javascript'>\n\t\t\t\twindow.onload = function(e) {\n\t\t\t\t\tif(typeof ugCheckForErrors == \"undefined\"){\n\t\t\t\t\t\tdocument.getElementById(\"unitegallery_2_1\").innerHTML = \"<span style='color:red'>Unite Gallery Error - gallery js and css files not included in the footer. Please make sure that wp_footer() function is added to your theme.<\/span>\";}\n\t\t\t\t\telse{ ugCheckForErrors(\"unitegallery_2_1\", \"jquery\");}\n\t\t\t\t};\n\t\t\t<\/script>\n\n\t\t\t<!-- END UNITEGALLERY --> [\/et_pb_text][\/et_pb_column][\/et_pb_row][et_pb_row admin_label=\u00a0\u00bbLigne\u00a0\u00bb][et_pb_column type=\u00a0\u00bb4_4&Prime;][et_pb_text admin_label=\u00a0\u00bbTexte\u00a0\u00bb background_layout=\u00a0\u00bblight\u00a0\u00bb text_orientation=\u00a0\u00bbleft\u00a0\u00bb text_font_size=\u00a0\u00bb14&Prime; use_border_color=\u00a0\u00bboff\u00a0\u00bb border_color=\u00a0\u00bb#ffffff\u00a0\u00bb border_style=\u00a0\u00bbsolid\u00a0\u00bb custom_margin=\u00a0\u00bb50px|||\u00a0\u00bb]<\/p>\n<h1 style=\"text-align: center;\">LE GRAND BAR \u00ab\u00a0Le live contr\u00f4l\u00e9\u00a0\u00bb<\/h1>\n<p>&nbsp;<\/p>\n<p><span style=\"color: #000000;\"><img decoding=\"async\" class=\"alignnone size-full wp-image-460\" src=\"http:\/\/maisb.fr\/wp-content\/uploads\/sites\/2\/2015\/10\/289335_143519139065209_968518_o.jpg\" alt=\"289335_143519139065209_968518_o\" width=\"100%\" srcset=\"http:\/\/maisb.fr\/bar\/wp-content\/uploads\/sites\/2\/2015\/10\/289335_143519139065209_968518_o.jpg 701w, http:\/\/maisb.fr\/bar\/wp-content\/uploads\/sites\/2\/2015\/10\/289335_143519139065209_968518_o-300x134.jpg 300w\" sizes=\"(max-width: 701px) 100vw, 701px\" \/> <span style=\"font-size: normal;\">55\u00a0332 Vues &#8211;\u00a0<\/span><span style=\"font-size: normal;\">[comments id=\u00a0\u00bb1330&Prime;]<\/span><\/span><\/p>\n<p style=\"text-align: justify;\"><span style=\"font-size: x-large;\">Il est assez facile de trouver une \u00e9quipe de jeunes festifs pour travailler au bar, les candidatures sont nombreuses. La formation est rapide et demande seulement de l&rsquo;adresse et de la bonne humeur.<\/span> <span style=\"font-size: x-large;\">Tous les soirs, \u00e0 la Mais&rsquo;B, se joue une pi\u00e8ce de th\u00e9\u00e2tre avec ses acteurs, sa musique et son public. Nous pratiquons \u00ab\u00a0le Live Contr\u00f4l\u00e9\u00a0\u00bb. Dans cette discipline, pas encore olympique, il faut s&rsquo;amuser, boire et danser, tout en servant les clients.<\/span><\/p>\n<p>[\/et_pb_text][\/et_pb_column][\/et_pb_row][et_pb_row admin_label=\u00a0\u00bbrow\u00a0\u00bb][et_pb_column type=\u00a0\u00bb2_3&Prime;][et_pb_text admin_label=\u00a0\u00bbTexte\u00a0\u00bb background_layout=\u00a0\u00bblight\u00a0\u00bb text_orientation=\u00a0\u00bbleft\u00a0\u00bb use_border_color=\u00a0\u00bboff\u00a0\u00bb border_color=\u00a0\u00bb#ffffff\u00a0\u00bb border_style=\u00a0\u00bbsolid\u00a0\u00bb saved_tabs=\u00a0\u00bball\u00a0\u00bb custom_margin=\u00a0\u00bb50||10|\u00a0\u00bb custom_padding=\u00a0\u00bb0px|0px|0px|0px\u00a0\u00bb text_font_size=\u00a0\u00bb14&Prime;] \r\n\t\t\t\t\t\n\r\n\t\t\t\t\t<!-- START UNITE GALLERY 1.7.62 -->\r\n\t\t\t\t\t\r\n\t\t\t\t\n\t\t\t<div id='unitegallery_23_2' class='unite-gallery' style='margin:0px auto;'>\n\t\t\t\t\n\n\t\t\t\t\t\t<img decoding=\"async\" alt=\"bar2\"\n\t\t\t\t\t\t     src=\"\" data-image=\"http:\/\/maisb.fr\/bar\/wp-content\/uploads\/sites\/2\/2017\/01\/bar2.jpg\"\n\t\t\t\t\t\t     data-thumb=\"http:\/\/maisb.fr\/bar\/wp-content\/uploads\/sites\/2\/2017\/01\/bar2-300x225.jpg\"\n\t\t\t\t\t\t     title=\"\"\n\t\t\t\t\t\t     style=\"display:none\">\n\n\t\t\t\t\t\t<img decoding=\"async\" alt=\"bar4\"\n\t\t\t\t\t\t     src=\"\" data-image=\"http:\/\/maisb.fr\/bar\/wp-content\/uploads\/sites\/2\/2017\/01\/bar4.jpg\"\n\t\t\t\t\t\t     data-thumb=\"http:\/\/maisb.fr\/bar\/wp-content\/uploads\/sites\/2\/2017\/01\/bar4-300x225.jpg\"\n\t\t\t\t\t\t     title=\"\"\n\t\t\t\t\t\t     style=\"display:none\">\n\n\t\t\t\t\t\t<img decoding=\"async\" alt=\"bar6\"\n\t\t\t\t\t\t     src=\"\" data-image=\"http:\/\/maisb.fr\/bar\/wp-content\/uploads\/sites\/2\/2017\/01\/bar6.jpg\"\n\t\t\t\t\t\t     data-thumb=\"http:\/\/maisb.fr\/bar\/wp-content\/uploads\/sites\/2\/2017\/01\/bar6-300x225.jpg\"\n\t\t\t\t\t\t     title=\"\"\n\t\t\t\t\t\t     style=\"display:none\">\n\n\t\t\t\t\t\t<img decoding=\"async\" alt=\"bar7\"\n\t\t\t\t\t\t     src=\"\" data-image=\"http:\/\/maisb.fr\/bar\/wp-content\/uploads\/sites\/2\/2017\/01\/bar7.jpg\"\n\t\t\t\t\t\t     data-thumb=\"http:\/\/maisb.fr\/bar\/wp-content\/uploads\/sites\/2\/2017\/01\/bar7-300x225.jpg\"\n\t\t\t\t\t\t     title=\"\"\n\t\t\t\t\t\t     style=\"display:none\">\n\n\t\t\t\t\t\t<img decoding=\"async\" alt=\"bar8\"\n\t\t\t\t\t\t     src=\"\" data-image=\"http:\/\/maisb.fr\/bar\/wp-content\/uploads\/sites\/2\/2017\/01\/bar8.jpg\"\n\t\t\t\t\t\t     data-thumb=\"http:\/\/maisb.fr\/bar\/wp-content\/uploads\/sites\/2\/2017\/01\/bar8-300x225.jpg\"\n\t\t\t\t\t\t     title=\"\"\n\t\t\t\t\t\t     style=\"display:none\">\n\n\t\t\t\t\t\t<img decoding=\"async\" alt=\"bar_18\"\n\t\t\t\t\t\t     src=\"\" data-image=\"http:\/\/maisb.fr\/bar\/wp-content\/uploads\/sites\/2\/2015\/12\/bar_18.jpg\"\n\t\t\t\t\t\t     data-thumb=\"http:\/\/maisb.fr\/bar\/wp-content\/uploads\/sites\/2\/2015\/12\/bar_18-300x225.jpg\"\n\t\t\t\t\t\t     title=\"\"\n\t\t\t\t\t\t     style=\"display:none\">\n\n\t\t\t\t\t\t<img decoding=\"async\" alt=\"bar_17\"\n\t\t\t\t\t\t     src=\"\" data-image=\"http:\/\/maisb.fr\/bar\/wp-content\/uploads\/sites\/2\/2015\/12\/bar_17.jpg\"\n\t\t\t\t\t\t     data-thumb=\"http:\/\/maisb.fr\/bar\/wp-content\/uploads\/sites\/2\/2015\/12\/bar_17-300x225.jpg\"\n\t\t\t\t\t\t     title=\"\"\n\t\t\t\t\t\t     style=\"display:none\">\n\n\t\t\t\t\t\t<img decoding=\"async\" alt=\"bar_19\"\n\t\t\t\t\t\t     src=\"\" data-image=\"http:\/\/maisb.fr\/bar\/wp-content\/uploads\/sites\/2\/2015\/12\/bar_19.jpg\"\n\t\t\t\t\t\t     data-thumb=\"http:\/\/maisb.fr\/bar\/wp-content\/uploads\/sites\/2\/2015\/12\/bar_19-300x225.jpg\"\n\t\t\t\t\t\t     title=\"\"\n\t\t\t\t\t\t     style=\"display:none\">\n\n\t\t\t\t\t\t<img decoding=\"async\" alt=\"bar_15\"\n\t\t\t\t\t\t     src=\"\" data-image=\"http:\/\/maisb.fr\/bar\/wp-content\/uploads\/sites\/2\/2015\/12\/bar_15.jpg\"\n\t\t\t\t\t\t     data-thumb=\"http:\/\/maisb.fr\/bar\/wp-content\/uploads\/sites\/2\/2015\/12\/bar_15-225x300.jpg\"\n\t\t\t\t\t\t     title=\"\"\n\t\t\t\t\t\t     style=\"display:none\">\n\n\t\t\t\t\t\t<img decoding=\"async\" alt=\"bar_20\"\n\t\t\t\t\t\t     src=\"\" data-image=\"http:\/\/maisb.fr\/bar\/wp-content\/uploads\/sites\/2\/2015\/12\/bar_20.jpg\"\n\t\t\t\t\t\t     data-thumb=\"http:\/\/maisb.fr\/bar\/wp-content\/uploads\/sites\/2\/2015\/12\/bar_20-300x225.jpg\"\n\t\t\t\t\t\t     title=\"\"\n\t\t\t\t\t\t     style=\"display:none\">\n\n\t\t\t\t\t\t<img decoding=\"async\" alt=\"bar_1\"\n\t\t\t\t\t\t     src=\"\" data-image=\"http:\/\/maisb.fr\/bar\/wp-content\/uploads\/sites\/2\/2015\/12\/bar_1.jpg\"\n\t\t\t\t\t\t     data-thumb=\"http:\/\/maisb.fr\/bar\/wp-content\/uploads\/sites\/2\/2015\/12\/bar_1-300x225.jpg\"\n\t\t\t\t\t\t     title=\"\"\n\t\t\t\t\t\t     style=\"display:none\">\n\n\t\t\t\t\t\t<img decoding=\"async\" alt=\"bar_14\"\n\t\t\t\t\t\t     src=\"\" data-image=\"http:\/\/maisb.fr\/bar\/wp-content\/uploads\/sites\/2\/2015\/12\/bar_14.jpg\"\n\t\t\t\t\t\t     data-thumb=\"http:\/\/maisb.fr\/bar\/wp-content\/uploads\/sites\/2\/2015\/12\/bar_14-225x300.jpg\"\n\t\t\t\t\t\t     title=\"\"\n\t\t\t\t\t\t     style=\"display:none\">\n\t\t\t<\/div>\n\n\n\t\t\t<!-- END UNITEGALLERY --> [\/et_pb_text][\/et_pb_column][et_pb_column type=\u00a0\u00bb1_3&Prime;][et_pb_text admin_label=\u00a0\u00bbTexte\u00a0\u00bb background_layout=\u00a0\u00bblight\u00a0\u00bb text_orientation=\u00a0\u00bbleft\u00a0\u00bb background_color=\u00a0\u00bb#cccccc\u00a0\u00bb use_border_color=\u00a0\u00bboff\u00a0\u00bb border_color=\u00a0\u00bb#ffffff\u00a0\u00bb border_style=\u00a0\u00bbsolid\u00a0\u00bb custom_margin=\u00a0\u00bb50px||10px|\u00a0\u00bb custom_padding=\u00a0\u00bb10|10|10|10&Prime; custom_css_main_element=\u00a0\u00bb -moz-box-shadow: 5px 5px 5px 0px #dad7d7;||-webkit-box-shadow: 5px 5px 5px 0px #dad7d7;|| -o-box-shadow: 5px 5px 5px 0px #dad7d7;||box-shadow: 5px 5px 5px 0px #dad7d7;|| \/* filter: progid:DXImageTransform.Microsoft.Shadow(color=#dad7d7,Direction=134,Strength=5); *\/|| -moz-border-radius: 7px;||-webkit-border-radius: 7px;||border-radius: 7px;\u00a0\u00bb text_font_size=\u00a0\u00bb14&Prime;]<\/p>\n<h1><a href=\"http:\/\/maisb.fr\/bar\/?page_id=2607\" class=\"popup\" data-width=\"800\" data-height=\"300\" data-scrollbars=\"1\" alt=\"popup\"><\/h1>\n<h1>Radio\u00a0MB 2015 by DJ NoumiX<\/h1>\n<p><img loading=\"lazy\" decoding=\"async\" class=\"alignnone size-full wp-image-2365\" src=\"http:\/\/maisb.fr\/wp-content\/uploads\/sites\/2\/2015\/10\/20ans.jpg\" alt=\"20ans\" width=\"600\" height=\"600\" \/><\/p>\n<p><\/a><\/p>\n<p>[\/et_pb_text][et_pb_text admin_label=\u00a0\u00bbTexte\u00a0\u00bb background_layout=\u00a0\u00bblight\u00a0\u00bb text_orientation=\u00a0\u00bbleft\u00a0\u00bb background_color=\u00a0\u00bb#cccccc\u00a0\u00bb use_border_color=\u00a0\u00bboff\u00a0\u00bb border_color=\u00a0\u00bb#ffffff\u00a0\u00bb border_style=\u00a0\u00bbsolid\u00a0\u00bb custom_margin=\u00a0\u00bb30px||10px|\u00a0\u00bb custom_padding=\u00a0\u00bb10|10|10|10&Prime; custom_css_main_element=\u00a0\u00bb -moz-box-shadow: 5px 5px 5px 0px #dad7d7;||-webkit-box-shadow: 5px 5px 5px 0px #dad7d7;|| -o-box-shadow: 5px 5px 5px 0px #dad7d7;||box-shadow: 5px 5px 5px 0px #dad7d7;|| \/* filter: progid:DXImageTransform.Microsoft.Shadow(color=#dad7d7,Direction=134,Strength=5); *\/|| -moz-border-radius: 7px;||-webkit-border-radius: 7px;||border-radius: 7px;\u00a0\u00bb]<\/p>\n<p><iframe loading=\"lazy\" src=\"https:\/\/www.youtube.com\/embed\/vNMPudq8tQs?rel=0\" width=\"560\" height=\"315\" frameborder=\"0\" allowfullscreen=\"allowfullscreen\"><\/iframe><\/p>\n<p>[\/et_pb_text][\/et_pb_column][\/et_pb_row][et_pb_row admin_label=\u00a0\u00bbrow\u00a0\u00bb][et_pb_column type=\u00a0\u00bb1_4&Prime;][et_pb_text admin_label=\u00a0\u00bbTexte\u00a0\u00bb background_layout=\u00a0\u00bblight\u00a0\u00bb text_orientation=\u00a0\u00bbleft\u00a0\u00bb background_color=\u00a0\u00bb#cccccc\u00a0\u00bb use_border_color=\u00a0\u00bboff\u00a0\u00bb border_color=\u00a0\u00bb#ffffff\u00a0\u00bb border_style=\u00a0\u00bbsolid\u00a0\u00bb custom_margin=\u00a0\u00bb50||10|\u00a0\u00bb custom_padding=\u00a0\u00bb10|10|10|10&Prime; custom_css_main_element=\u00a0\u00bb -moz-box-shadow: 5px 5px 5px 0px #dad7d7;||-webkit-box-shadow: 5px 5px 5px 0px #dad7d7;|| -o-box-shadow: 5px 5px 5px 0px #dad7d7;||box-shadow: 5px 5px 5px 0px #dad7d7;|| \/* filter: progid:DXImageTransform.Microsoft.Shadow(color=#dad7d7,Direction=134,Strength=5); *\/|| -moz-border-radius: 7px;||-webkit-border-radius: 7px;||border-radius: 7px;\u00a0\u00bb text_font_size=\u00a0\u00bb14&Prime;]<\/p>\n<h1 style=\"text-align: center;\"><a href=\"http:\/\/maisb.fr\/bar\/lequipe\/\">L&rsquo;\u00c9QUIPE<\/a><\/h1>\n<p><a href=\"http:\/\/maisb.fr\/bar\/lequipe\/\" rel=\"attachment wp-att-2480\"><img loading=\"lazy\" decoding=\"async\" class=\"alignnone size-full wp-image-2480\" src=\"http:\/\/maisb.fr\/wp-content\/uploads\/sites\/2\/2015\/10\/equipe.jpg\" alt=\"equipe\" width=\"613\" height=\"420\" \/><\/a><\/p>\n<p>[\/et_pb_text][\/et_pb_column][et_pb_column type=\u00a0\u00bb1_4&Prime;][et_pb_text admin_label=\u00a0\u00bbTexte\u00a0\u00bb background_layout=\u00a0\u00bblight\u00a0\u00bb text_orientation=\u00a0\u00bbleft\u00a0\u00bb background_color=\u00a0\u00bb#cccccc\u00a0\u00bb use_border_color=\u00a0\u00bboff\u00a0\u00bb border_color=\u00a0\u00bb#ffffff\u00a0\u00bb border_style=\u00a0\u00bbsolid\u00a0\u00bb custom_margin=\u00a0\u00bb50||10|\u00a0\u00bb custom_padding=\u00a0\u00bb10|10|10|10&Prime; custom_css_main_element=\u00a0\u00bb -moz-box-shadow: 5px 5px 5px 0px #dad7d7;||-webkit-box-shadow: 5px 5px 5px 0px #dad7d7;|| -o-box-shadow: 5px 5px 5px 0px #dad7d7;||box-shadow: 5px 5px 5px 0px #dad7d7;|| \/* filter: progid:DXImageTransform.Microsoft.Shadow(color=#dad7d7,Direction=134,Strength=5); *\/|| -moz-border-radius: 7px;||-webkit-border-radius: 7px;||border-radius: 7px;\u00a0\u00bb text_font_size=\u00a0\u00bb14&Prime;]<\/p>\n<h1 style=\"text-align: center;\"><a href=\"http:\/\/maisb.fr\/bar\/dancefloor\/\">DANCEFLOOR<\/a><\/h1>\n<p><a href=\"http:\/\/maisb.fr\/bar\/dancefloor\/\" rel=\"attachment wp-att-2479\"><img loading=\"lazy\" decoding=\"async\" class=\"alignnone size-full wp-image-2479\" src=\"http:\/\/maisb.fr\/wp-content\/uploads\/sites\/2\/2015\/10\/dancefloor.jpg\" alt=\"dancefloor\" width=\"613\" height=\"420\" \/><\/a><\/p>\n<p>[\/et_pb_text][\/et_pb_column][et_pb_column type=\u00a0\u00bb1_4&Prime;][et_pb_text admin_label=\u00a0\u00bbTexte\u00a0\u00bb background_layout=\u00a0\u00bblight\u00a0\u00bb text_orientation=\u00a0\u00bbleft\u00a0\u00bb background_color=\u00a0\u00bb#cccccc\u00a0\u00bb use_border_color=\u00a0\u00bboff\u00a0\u00bb border_color=\u00a0\u00bb#ffffff\u00a0\u00bb border_style=\u00a0\u00bbsolid\u00a0\u00bb custom_margin=\u00a0\u00bb50||10|\u00a0\u00bb custom_padding=\u00a0\u00bb10|10|10|10&Prime; custom_css_main_element=\u00a0\u00bb -moz-box-shadow: 5px 5px 5px 0px #dad7d7;||-webkit-box-shadow: 5px 5px 5px 0px #dad7d7;|| -o-box-shadow: 5px 5px 5px 0px #dad7d7;||box-shadow: 5px 5px 5px 0px #dad7d7;|| \/* filter: progid:DXImageTransform.Microsoft.Shadow(color=#dad7d7,Direction=134,Strength=5); *\/|| -moz-border-radius: 7px;||-webkit-border-radius: 7px;||border-radius: 7px;\u00a0\u00bb text_font_size=\u00a0\u00bb14&Prime;]<\/p>\n<h1 style=\"text-align: center;\"><a href=\"http:\/\/maisb.fr\/bar\/photos\/\">M\u00c9DIAS<\/a><\/h1>\n<p><a href=\"http:\/\/maisb.fr\/bar\/photos\/\" rel=\"attachment wp-att-2506\"><img loading=\"lazy\" decoding=\"async\" class=\"alignnone size-full wp-image-2506\" src=\"http:\/\/maisb.fr\/wp-content\/uploads\/sites\/2\/2015\/10\/media-1.jpg\" alt=\"media\" width=\"613\" height=\"420\" \/><\/a><\/p>\n<p>[\/et_pb_text][\/et_pb_column][et_pb_column type=\u00a0\u00bb1_4&Prime;][et_pb_text admin_label=\u00a0\u00bbTexte\u00a0\u00bb background_layout=\u00a0\u00bblight\u00a0\u00bb text_orientation=\u00a0\u00bbleft\u00a0\u00bb background_color=\u00a0\u00bb#cccccc\u00a0\u00bb use_border_color=\u00a0\u00bboff\u00a0\u00bb border_color=\u00a0\u00bb#ffffff\u00a0\u00bb border_style=\u00a0\u00bbsolid\u00a0\u00bb custom_margin=\u00a0\u00bb50||10|\u00a0\u00bb custom_padding=\u00a0\u00bb10|10|10|10&Prime; custom_css_main_element=\u00a0\u00bb -moz-box-shadow: 5px 5px 5px 0px #dad7d7;||-webkit-box-shadow: 5px 5px 5px 0px #dad7d7;|| -o-box-shadow: 5px 5px 5px 0px #dad7d7;||box-shadow: 5px 5px 5px 0px #dad7d7;|| \/* filter: progid:DXImageTransform.Microsoft.Shadow(color=#dad7d7,Direction=134,Strength=5); *\/|| -moz-border-radius: 7px;||-webkit-border-radius: 7px;||border-radius: 7px;\u00a0\u00bb text_font_size=\u00a0\u00bb14&Prime;]<\/p>\n<h1 style=\"text-align: center;\"><a href=\"http:\/\/maisb.fr\/bar\/la-carte\/\">LA CARTE<\/a><\/h1>\n<p><a href=\"http:\/\/maisb.fr\/bar\/la-carte\/\" rel=\"attachment wp-att-2478\"><img loading=\"lazy\" decoding=\"async\" class=\"alignnone size-full wp-image-2478\" src=\"http:\/\/maisb.fr\/wp-content\/uploads\/sites\/2\/2015\/10\/carte.jpg\" alt=\"carte\" width=\"613\" height=\"420\" \/><\/a><\/p>\n<p>[\/et_pb_text][\/et_pb_column][\/et_pb_row][\/et_pb_section]<\/p>\n","protected":false},"excerpt":{"rendered":"<p>\r\n\t\t\t\t\t\n\r\n\t\t\t\t\t<!-- START UNITE GALLERY 1.7.62 -->\r\n\t\t\t\t\t\r\n\t\t\t\t\n\t\t\t<div id='unitegallery_2_3' class='unite-gallery' style='margin:0px auto;'>\n\t\t\t\t\n\n\t\t\t\t\t\t<img decoding=\"async\" alt=\"top_6\"\n\t\t\t\t\t\t     src=\"\" data-image=\"http:\/\/maisb.fr\/bar\/wp-content\/uploads\/sites\/2\/2015\/12\/top_6.jpg\"\n\t\t\t\t\t\t     data-thumb=\"http:\/\/maisb.fr\/bar\/wp-content\/uploads\/sites\/2\/2015\/12\/top_6-300x148.jpg\"\n\t\t\t\t\t\t     title=\"\"\n\t\t\t\t\t\t     style=\"display:none\">\n\n\t\t\t\t\t\t<img decoding=\"async\" alt=\"top_5\"\n\t\t\t\t\t\t     src=\"\" data-image=\"http:\/\/maisb.fr\/bar\/wp-content\/uploads\/sites\/2\/2015\/12\/top_5.jpg\"\n\t\t\t\t\t\t     data-thumb=\"http:\/\/maisb.fr\/bar\/wp-content\/uploads\/sites\/2\/2015\/12\/top_5-300x148.jpg\"\n\t\t\t\t\t\t     title=\"\"\n\t\t\t\t\t\t     style=\"display:none\">\n\n\t\t\t\t\t\t<img decoding=\"async\" alt=\"top_4\"\n\t\t\t\t\t\t     src=\"\" data-image=\"http:\/\/maisb.fr\/bar\/wp-content\/uploads\/sites\/2\/2015\/12\/top_4.jpg\"\n\t\t\t\t\t\t     data-thumb=\"http:\/\/maisb.fr\/bar\/wp-content\/uploads\/sites\/2\/2015\/12\/top_4-300x148.jpg\"\n\t\t\t\t\t\t     title=\"\"\n\t\t\t\t\t\t     style=\"display:none\">\n\n\t\t\t\t\t\t<img decoding=\"async\" alt=\"top_3\"\n\t\t\t\t\t\t     src=\"\" data-image=\"http:\/\/maisb.fr\/bar\/wp-content\/uploads\/sites\/2\/2015\/12\/top_3.jpg\"\n\t\t\t\t\t\t     data-thumb=\"http:\/\/maisb.fr\/bar\/wp-content\/uploads\/sites\/2\/2015\/12\/top_3-300x148.jpg\"\n\t\t\t\t\t\t     title=\"\"\n\t\t\t\t\t\t     style=\"display:none\">\n\n\t\t\t\t\t\t<img decoding=\"async\" alt=\"top_2\"\n\t\t\t\t\t\t     src=\"\" data-image=\"http:\/\/maisb.fr\/bar\/wp-content\/uploads\/sites\/2\/2015\/12\/top_2.jpg\"\n\t\t\t\t\t\t     data-thumb=\"http:\/\/maisb.fr\/bar\/wp-content\/uploads\/sites\/2\/2015\/12\/top_2-300x148.jpg\"\n\t\t\t\t\t\t     title=\"\"\n\t\t\t\t\t\t     style=\"display:none\">\n\n\t\t\t\t\t\t<img decoding=\"async\" alt=\"top_1\"\n\t\t\t\t\t\t     src=\"\" data-image=\"http:\/\/maisb.fr\/bar\/wp-content\/uploads\/sites\/2\/2015\/12\/top_1.jpg\"\n\t\t\t\t\t\t     data-thumb=\"http:\/\/maisb.fr\/bar\/wp-content\/uploads\/sites\/2\/2015\/12\/top_1-300x148.jpg\"\n\t\t\t\t\t\t     title=\"\"\n\t\t\t\t\t\t     style=\"display:none\">\n\t\t\t<\/div>\n\n\n\t\t\t<!-- END UNITEGALLERY --> LE GRAND BAR \u00ab\u00a0Le live contr\u00f4l\u00e9\u00a0\u00bb &nbsp; 55\u00a0332 Vues &#8211;\u00a0[comments id=\u00a0\u00bb1330&Prime;] Il est assez facile de trouver une \u00e9quipe de jeunes festifs pour travailler au bar, les candidatures sont nombreuses. La formation est rapide et demande seulement de l&rsquo;adresse et de la bonne humeur. Tous les soirs, \u00e0 la Mais&rsquo;B, se joue une [&hellip;]<\/p>\n","protected":false},"author":1,"featured_media":0,"parent":0,"menu_order":0,"comment_status":"open","ping_status":"closed","template":"","meta":{"_et_pb_use_builder":"on","_et_pb_old_content":"<p>Voici un exemple de page. Elle est diff\u00e9rente d'un article de blog, en cela qu'elle restera \u00e0 la m\u00eame place, et s'affichera dans le menu de navigation de votre site (en fonction de votre th\u00e8me). La plupart des gens commencent par \u00e9crire une page \u00ab \u00c0 Propos \u00bb qui les pr\u00e9sente aux visiteurs potentiels du site. Vous pourriez y \u00e9crire quelque chose de ce tenant :<\/p><blockquote><p>Bonjour ! Je suis un m\u00e9canicien qui aspire \u00e0 devenir un acteur, et voici mon blog. J'habite \u00e0 Bordeaux, j'ai un super chien baptis\u00e9 Russell, et j'aime la vodka-ananas (ainsi que regarder la pluie tomber).<\/p><\/blockquote><p>...ou bien quelque chose comme \u00e7a :<\/p><blockquote><p>La soci\u00e9t\u00e9 123 Machin Truc a \u00e9t\u00e9 cr\u00e9\u00e9e en 1971, et n'a cess\u00e9 de proposer au public des machins-trucs de qualit\u00e9 depuis lors. Situ\u00e9e \u00e0 Saint-Remy-en-Bouzemont-Saint-Genest-et-Isson, 123 Machin Truc emploie 2 000 personnes, et fabrique toutes sortes de bidules super pour la communaut\u00e9 bouzemontoise.<\/p><\/blockquote><p>\u00c9tant donn\u00e9 que vous \u00eates un nouvel utilisateur de WordPress, vous devriez vous rendre sur votre <a href=\"http:\/\/bar.maisb.fr\/wp-admin\/\">tableau de bord<\/a> pour effacer la pr\u00e9sente page, et cr\u00e9er de nouvelles pages avec votre propre contenu. Amusez-vous bien !<\/p>","_et_gb_content_width":"","footnotes":""},"class_list":["post-1330","page","type-page","status-publish","hentry"],"aioseo_notices":[],"_links":{"self":[{"href":"http:\/\/maisb.fr\/bar\/wp-json\/wp\/v2\/pages\/1330","targetHints":{"allow":["GET"]}}],"collection":[{"href":"http:\/\/maisb.fr\/bar\/wp-json\/wp\/v2\/pages"}],"about":[{"href":"http:\/\/maisb.fr\/bar\/wp-json\/wp\/v2\/types\/page"}],"author":[{"embeddable":true,"href":"http:\/\/maisb.fr\/bar\/wp-json\/wp\/v2\/users\/1"}],"replies":[{"embeddable":true,"href":"http:\/\/maisb.fr\/bar\/wp-json\/wp\/v2\/comments?post=1330"}],"version-history":[{"count":12,"href":"http:\/\/maisb.fr\/bar\/wp-json\/wp\/v2\/pages\/1330\/revisions"}],"predecessor-version":[{"id":4039,"href":"http:\/\/maisb.fr\/bar\/wp-json\/wp\/v2\/pages\/1330\/revisions\/4039"}],"wp:attachment":[{"href":"http:\/\/maisb.fr\/bar\/wp-json\/wp\/v2\/media?parent=1330"}],"curies":[{"name":"wp","href":"https:\/\/api.w.org\/{rel}","templated":true}]}}