{"id":1416,"date":"2015-12-02T17:52:15","date_gmt":"2015-12-02T16:52:15","guid":{"rendered":"http:\/\/bar.maisb.fr\/?page_id=1416"},"modified":"2020-01-13T17:23:41","modified_gmt":"2020-01-13T16:23:41","slug":"fx-2","status":"publish","type":"page","link":"http:\/\/maisb.fr\/bar\/dancefloor\/fx-2\/","title":{"rendered":"FX"},"content":{"rendered":"<p>[et_pb_section fb_built=\u00a0\u00bb1&Prime; admin_label=\u00a0\u00bbsection\u00a0\u00bb _builder_version=\u00a0\u00bb3.22&Prime;][et_pb_row admin_label=\u00a0\u00bbLigne\u00a0\u00bb _builder_version=\u00a0\u00bb3.25&Prime; background_size=\u00a0\u00bbinitial\u00a0\u00bb background_position=\u00a0\u00bbtop_left\u00a0\u00bb background_repeat=\u00a0\u00bbrepeat\u00a0\u00bb][et_pb_column type=\u00a0\u00bb4_4&Prime; _builder_version=\u00a0\u00bb3.25&Prime; custom_padding=\u00a0\u00bb|||\u00a0\u00bb custom_padding__hover=\u00a0\u00bb|||\u00a0\u00bb][et_pb_divider show_divider=\u00a0\u00bboff\u00a0\u00bb disabled_on=\u00a0\u00bbon|on|off\u00a0\u00bb admin_label=\u00a0\u00bbS\u00e9parateur\u00a0\u00bb _builder_version=\u00a0\u00bb3.2&Prime; height=\u00a0\u00bb50px\u00a0\u00bb hide_on_mobile=\u00a0\u00bbon\u00a0\u00bb]&nbsp;<br \/>\n[\/et_pb_divider][\/et_pb_column][\/et_pb_row][et_pb_row column_structure=\u00a0\u00bb2_3,1_3&Prime; admin_label=\u00a0\u00bbrow\u00a0\u00bb _builder_version=\u00a0\u00bb3.25&Prime; background_size=\u00a0\u00bbinitial\u00a0\u00bb background_position=\u00a0\u00bbtop_left\u00a0\u00bb background_repeat=\u00a0\u00bbrepeat\u00a0\u00bb][et_pb_column type=\u00a0\u00bb2_3&Prime; _builder_version=\u00a0\u00bb3.25&Prime; custom_padding=\u00a0\u00bb|||\u00a0\u00bb custom_padding__hover=\u00a0\u00bb|||\u00a0\u00bb][et_pb_text admin_label=\u00a0\u00bbTexte\u00a0\u00bb _builder_version=\u00a0\u00bb3.27.4&Prime; background_size=\u00a0\u00bbinitial\u00a0\u00bb background_position=\u00a0\u00bbtop_left\u00a0\u00bb background_repeat=\u00a0\u00bbrepeat\u00a0\u00bb use_border_color=\u00a0\u00bboff\u00a0\u00bb border_color=\u00a0\u00bb#ffffff\u00a0\u00bb border_style=\u00a0\u00bbsolid\u00a0\u00bb]<\/p>\n<h1>DJ FX\u00a0\u00ab\u00a0Le bobo rasta\u00a0\u00bb<\/h1>\n<p><b>FX<\/b> \/\u00a0Platines 2003<br \/> <span style=\"color: #000000;\"><br \/> <a href=\"http:\/\/maisb.fr\/wp-content\/uploads\/sites\/2\/2015\/10\/fx.jpg\"><img loading=\"lazy\" decoding=\"async\" class=\"alignnone size-full wp-image-1056\" src=\"http:\/\/maisb.fr\/wp-content\/uploads\/sites\/2\/2015\/10\/fx.jpg\" alt=\"fx\" width=\"701\" height=\"312\" srcset=\"http:\/\/maisb.fr\/bar\/wp-content\/uploads\/sites\/2\/2015\/10\/fx.jpg 701w, http:\/\/maisb.fr\/bar\/wp-content\/uploads\/sites\/2\/2015\/10\/fx-300x134.jpg 300w\" sizes=\"(max-width: 701px) 100vw, 701px\" \/><\/a><br \/> <span style=\"font-size: normal;\">37\u00a0188 Vues<\/span><\/span><\/p>\n<p><span style=\"font-size: x-large;\">D\u00e8s le d\u00e9but, je pense \u00e0 lui pour me succ\u00e9der derri\u00e8re les platines, notre compl\u00e9mentarit\u00e9 fonctionne \u00e0 merveille. Sa culture \u00ab\u00a0ragga\u00a0\/ rap\u00a0\u00bb m\u00eal\u00e9e aux sons antillais met le feu au \u00ab\u00a0dance floor\u00a0\u00bb de la Maison Blanche. Nous avons v\u00e9cu tous les deux une intense p\u00e9riode de joutes musicales, on s&rsquo;est tir\u00e9 la bourre pendant deux ans pour le plus grand plaisir des clients. Je pensais avoir trouver mon successeur, mais la suite va s&rsquo;av\u00e9rer beaucoup moins rose.<\/span><\/p>\n<p><span style=\"font-size: x-large;\">Petit \u00e0 petit F-X laisse appara\u00eetre son vrai visage. Il se sert de son charisme puissant, fascinant et trouble pour manipuler les esprits faibles.<br \/> Il est rapidement rejet\u00e9 par l&rsquo;ensemble du groupe qui fait bloc et il n&rsquo;aura pas d&rsquo;autres choix que de partir. Quel g\u00e2chis\u00a0!<\/span><\/p>\n<p>&nbsp;<\/p>\n<p>[\/et_pb_text][\/et_pb_column][et_pb_column type=\u00a0\u00bb1_3&Prime; _builder_version=\u00a0\u00bb3.25&Prime; custom_padding=\u00a0\u00bb|||\u00a0\u00bb custom_padding__hover=\u00a0\u00bb|||\u00a0\u00bb][et_pb_text admin_label=\u00a0\u00bbTexte\u00a0\u00bb _builder_version=\u00a0\u00bb3.27.4&Prime; background_size=\u00a0\u00bbinitial\u00a0\u00bb background_position=\u00a0\u00bbtop_left\u00a0\u00bb background_repeat=\u00a0\u00bbrepeat\u00a0\u00bb custom_margin=\u00a0\u00bb60px|||\u00a0\u00bb use_border_color=\u00a0\u00bboff\u00a0\u00bb border_color=\u00a0\u00bb#ffffff\u00a0\u00bb border_style=\u00a0\u00bbsolid\u00a0\u00bb]<\/p>\n<h1 style=\"text-align: center\">Compil&rsquo; MB by DJ&nbsp;FX<\/h1>\n<p><a href=\"http:\/\/maisb.fr\/bar\/?page_id=2280\" class=\"popup\" data-width=\"800\" data-height=\"300\" data-scrollbars=\"1\" alt=\"popup\"> <img loading=\"lazy\" decoding=\"async\" class=\"alignnone size-thumbnail wp-image-2271\" src=\"http:\/\/maisb.fr\/wp-content\/uploads\/sites\/2\/2015\/12\/fx-150x150.jpg\" alt=\"fx\" width=\"158\" height=\"163\"><\/a><br \/>\n<a href=\"http:\/\/maisb.fr\/bar\/?page_id=2285\" class=\"popup\" data-width=\"800\" data-height=\"300\" data-scrollbars=\"1\" alt=\"popup\"><img loading=\"lazy\" decoding=\"async\" class=\"alignnone size-thumbnail wp-image-2272\" src=\"http:\/\/maisb.fr\/wp-content\/uploads\/sites\/2\/2015\/12\/ragga-150x150.jpg\" alt=\"ragga\" width=\"158\" height=\"163\"><\/a><br \/>\n<a href=\"http:\/\/maisb.fr\/bar\/?page_id=2290\" class=\"popup\" data-width=\"800\" data-height=\"300\" data-scrollbars=\"1\" alt=\"popup\"><img loading=\"lazy\" decoding=\"async\" class=\"alignnone size-thumbnail wp-image-2275\" src=\"http:\/\/maisb.fr\/wp-content\/uploads\/sites\/2\/2015\/12\/zouk-150x150.jpg\" alt=\"zouk\" width=\"158\" height=\"163\"><\/a><br \/>\n<a href=\"http:\/\/maisb.fr\/bar\/?page_id=2295\" class=\"popup\" data-width=\"800\" data-height=\"300\" data-scrollbars=\"1\" alt=\"popup\"><img loading=\"lazy\" decoding=\"async\" class=\"alignnone size-thumbnail wp-image-2297\" src=\"http:\/\/maisb.fr\/wp-content\/uploads\/sites\/2\/2015\/12\/rap-150x150.jpg\" alt=\"rap\" width=\"158\" height=\"163\"><\/a><br \/>\n<a href=\"http:\/\/maisb.fr\/bar\/?page_id=2301\" class=\"popup\" data-width=\"800\" data-height=\"300\" data-scrollbars=\"1\" alt=\"popup\"><img loading=\"lazy\" decoding=\"async\" class=\"alignnone size-thumbnail wp-image-2269\" src=\"http:\/\/bar.maisb.fr\/wp-content\/uploads\/2015\/12\/africa-150x150.jpg\" alt=\"africa\" width=\"158\" height=\"163\"><\/a><br \/>\n<a href=\"http:\/\/maisb.fr\/bar\/?page_id=2306\" class=\"popup\" data-width=\"800\" data-height=\"300\" data-scrollbars=\"1\" alt=\"popup\"><img loading=\"lazy\" decoding=\"async\" class=\"alignnone size-thumbnail wp-image-2273\" src=\"http:\/\/maisb.fr\/wp-content\/uploads\/sites\/2\/2015\/12\/ska-150x150.jpg\" alt=\"ska\" width=\"158\" height=\"163\"><\/a><br \/>\n<a href=\"http:\/\/maisb.fr\/bar\/?page_id=2311\" class=\"popup\" data-width=\"800\" data-height=\"300\" data-scrollbars=\"1\" alt=\"popup\"><img loading=\"lazy\" decoding=\"async\" class=\"alignnone size-thumbnail wp-image-2270\" src=\"http:\/\/maisb.fr\/wp-content\/uploads\/sites\/2\/2015\/12\/cumbia-150x150.jpg\" alt=\"cumbia\" width=\"158\" height=\"163\"><\/a><br \/>\n[\/et_pb_text][\/et_pb_column][\/et_pb_row][et_pb_row padding_mobile=\u00a0\u00bboff\u00a0\u00bb admin_label=\u00a0\u00bbrow\u00a0\u00bb _builder_version=\u00a0\u00bb3.25&Prime; background_size=\u00a0\u00bbinitial\u00a0\u00bb background_position=\u00a0\u00bbtop_left\u00a0\u00bb background_repeat=\u00a0\u00bbrepeat\u00a0\u00bb make_fullwidth=\u00a0\u00bboff\u00a0\u00bb use_custom_width=\u00a0\u00bboff\u00a0\u00bb width_unit=\u00a0\u00bbon\u00a0\u00bb][et_pb_column type=\u00a0\u00bb4_4&Prime; _builder_version=\u00a0\u00bb3.25&Prime; custom_padding=\u00a0\u00bb|||\u00a0\u00bb custom_padding__hover=\u00a0\u00bb|||\u00a0\u00bb][et_pb_text admin_label=\u00a0\u00bbTexte\u00a0\u00bb _builder_version=\u00a0\u00bb3.27.4&Prime; background_color=\u00a0\u00bb#ffc700&Prime; background_size=\u00a0\u00bbinitial\u00a0\u00bb background_position=\u00a0\u00bbtop_left\u00a0\u00bb background_repeat=\u00a0\u00bbrepeat\u00a0\u00bb use_border_color=\u00a0\u00bboff\u00a0\u00bb border_color=\u00a0\u00bb#ffffff\u00a0\u00bb border_style=\u00a0\u00bbsolid\u00a0\u00bb]\r\n\t\t\t\t\t\n\r\n\t\t\t\t\t<!-- START UNITE GALLERY 1.7.62 -->\r\n\t\t\t\t\t\r\n\t\t\t\t\n\t\t\t<div id='unitegallery_17_1' class='unite-gallery' style='margin:0px auto;'>\n\t\t\t\t\n\n\t\t\t\t\t\t<img decoding=\"async\" alt=\"OLYMPUS DIGITAL CAMERA\"\n\t\t\t\t\t\t     src=\"\" data-image=\"http:\/\/maisb.fr\/bar\/wp-content\/uploads\/sites\/2\/2015\/12\/pat__91.jpg\"\n\t\t\t\t\t\t     data-thumb=\"http:\/\/maisb.fr\/bar\/wp-content\/uploads\/sites\/2\/2015\/12\/pat__91-225x300.jpg\"\n\t\t\t\t\t\t     title=\"OLYMPUS DIGITAL CAMERA\"\n\t\t\t\t\t\t     style=\"display:none\">\n\n\t\t\t\t\t\t<img decoding=\"async\" alt=\"IslBG\"\n\t\t\t\t\t\t     src=\"\" data-image=\"http:\/\/maisb.fr\/bar\/wp-content\/uploads\/sites\/2\/2015\/12\/pat__19.jpg\"\n\t\t\t\t\t\t     data-thumb=\"http:\/\/maisb.fr\/bar\/wp-content\/uploads\/sites\/2\/2015\/12\/pat__19-300x199.jpg\"\n\t\t\t\t\t\t     title=\"IslBG\"\n\t\t\t\t\t\t     style=\"display:none\">\n\n\t\t\t\t\t\t<img decoding=\"async\" alt=\"pat__21\"\n\t\t\t\t\t\t     src=\"\" data-image=\"http:\/\/maisb.fr\/bar\/wp-content\/uploads\/sites\/2\/2015\/12\/pat__21.jpg\"\n\t\t\t\t\t\t     data-thumb=\"http:\/\/maisb.fr\/bar\/wp-content\/uploads\/sites\/2\/2015\/12\/pat__21-300x225.jpg\"\n\t\t\t\t\t\t     title=\"\"\n\t\t\t\t\t\t     style=\"display:none\">\n\n\t\t\t\t\t\t<img decoding=\"async\" alt=\"IslBG\"\n\t\t\t\t\t\t     src=\"\" data-image=\"http:\/\/maisb.fr\/bar\/wp-content\/uploads\/sites\/2\/2015\/12\/pat__31.jpg\"\n\t\t\t\t\t\t     data-thumb=\"http:\/\/maisb.fr\/bar\/wp-content\/uploads\/sites\/2\/2015\/12\/pat__31-199x300.jpg\"\n\t\t\t\t\t\t     title=\"IslBG\"\n\t\t\t\t\t\t     style=\"display:none\">\n\n\t\t\t\t\t\t<img decoding=\"async\" alt=\"pat__41\"\n\t\t\t\t\t\t     src=\"\" data-image=\"http:\/\/maisb.fr\/bar\/wp-content\/uploads\/sites\/2\/2015\/12\/pat__41.jpg\"\n\t\t\t\t\t\t     data-thumb=\"http:\/\/maisb.fr\/bar\/wp-content\/uploads\/sites\/2\/2015\/12\/pat__41-300x225.jpg\"\n\t\t\t\t\t\t     title=\"\"\n\t\t\t\t\t\t     style=\"display:none\">\n\n\t\t\t\t\t\t<img decoding=\"async\" alt=\"pat__51\"\n\t\t\t\t\t\t     src=\"\" data-image=\"http:\/\/maisb.fr\/bar\/wp-content\/uploads\/sites\/2\/2015\/12\/pat__51.jpg\"\n\t\t\t\t\t\t     data-thumb=\"http:\/\/maisb.fr\/bar\/wp-content\/uploads\/sites\/2\/2015\/12\/pat__51-300x225.jpg\"\n\t\t\t\t\t\t     title=\"\"\n\t\t\t\t\t\t     style=\"display:none\">\n\n\t\t\t\t\t\t<img decoding=\"async\" alt=\"pat__61\"\n\t\t\t\t\t\t     src=\"\" data-image=\"http:\/\/maisb.fr\/bar\/wp-content\/uploads\/sites\/2\/2015\/12\/pat__61.jpg\"\n\t\t\t\t\t\t     data-thumb=\"http:\/\/maisb.fr\/bar\/wp-content\/uploads\/sites\/2\/2015\/12\/pat__61-225x300.jpg\"\n\t\t\t\t\t\t     title=\"\"\n\t\t\t\t\t\t     style=\"display:none\">\n\n\t\t\t\t\t\t<img decoding=\"async\" alt=\"pat__71\"\n\t\t\t\t\t\t     src=\"\" data-image=\"http:\/\/maisb.fr\/bar\/wp-content\/uploads\/sites\/2\/2015\/12\/pat__71.jpg\"\n\t\t\t\t\t\t     data-thumb=\"http:\/\/maisb.fr\/bar\/wp-content\/uploads\/sites\/2\/2015\/12\/pat__71-300x200.jpg\"\n\t\t\t\t\t\t     title=\"\"\n\t\t\t\t\t\t     style=\"display:none\">\n\n\t\t\t\t\t\t<img decoding=\"async\" alt=\"pat__81\"\n\t\t\t\t\t\t     src=\"\" data-image=\"http:\/\/maisb.fr\/bar\/wp-content\/uploads\/sites\/2\/2015\/12\/pat__81.jpg\"\n\t\t\t\t\t\t     data-thumb=\"http:\/\/maisb.fr\/bar\/wp-content\/uploads\/sites\/2\/2015\/12\/pat__81-300x200.jpg\"\n\t\t\t\t\t\t     title=\"\"\n\t\t\t\t\t\t     style=\"display:none\">\n\n\t\t\t\t\t\t<img decoding=\"async\" alt=\"fx-1\"\n\t\t\t\t\t\t     src=\"\" data-image=\"http:\/\/maisb.fr\/bar\/wp-content\/uploads\/sites\/2\/2016\/01\/fx-1.jpg\"\n\t\t\t\t\t\t     data-thumb=\"http:\/\/maisb.fr\/bar\/wp-content\/uploads\/sites\/2\/2016\/01\/fx-1-300x225.jpg\"\n\t\t\t\t\t\t     title=\"\"\n\t\t\t\t\t\t     style=\"display:none\">\n\t\t\t<\/div>\n\n\t\t\t<script type='text\/javascript'>\n\t\t\t\twindow.onload = function(e) {\n\t\t\t\t\tif(typeof ugCheckForErrors == \"undefined\"){\n\t\t\t\t\t\tdocument.getElementById(\"unitegallery_17_1\").innerHTML = \"<span style='color:red'>Unite Gallery Error - gallery js and css files not included in the footer. Please make sure that wp_footer() function is added to your theme.<\/span>\";}\n\t\t\t\t\telse{ ugCheckForErrors(\"unitegallery_17_1\", \"jquery\");}\n\t\t\t\t};\n\t\t\t<\/script>\n\n\t\t\t<!-- END UNITEGALLERY --><br \/>\n[\/et_pb_text][\/et_pb_column][\/et_pb_row][\/et_pb_section]<\/p>\n","protected":false},"excerpt":{"rendered":"<p>&nbsp; DJ FX\u00a0\u00ab\u00a0Le bobo rasta\u00a0\u00bb FX \/\u00a0Platines 2003 37\u00a0188 Vues D\u00e8s le d\u00e9but, je pense \u00e0 lui pour me succ\u00e9der derri\u00e8re les platines, notre compl\u00e9mentarit\u00e9 fonctionne \u00e0 merveille. Sa culture \u00ab\u00a0ragga\u00a0\/ rap\u00a0\u00bb m\u00eal\u00e9e aux sons antillais met le feu au \u00ab\u00a0dance floor\u00a0\u00bb de la Maison Blanche. Nous avons v\u00e9cu tous les deux une intense p\u00e9riode [&hellip;]<\/p>\n","protected":false},"author":1,"featured_media":0,"parent":229,"menu_order":0,"comment_status":"open","ping_status":"closed","template":"","meta":{"_et_pb_use_builder":"on","_et_pb_old_content":"","_et_gb_content_width":"","footnotes":""},"class_list":["post-1416","page","type-page","status-publish","hentry"],"aioseo_notices":[],"_links":{"self":[{"href":"http:\/\/maisb.fr\/bar\/wp-json\/wp\/v2\/pages\/1416","targetHints":{"allow":["GET"]}}],"collection":[{"href":"http:\/\/maisb.fr\/bar\/wp-json\/wp\/v2\/pages"}],"about":[{"href":"http:\/\/maisb.fr\/bar\/wp-json\/wp\/v2\/types\/page"}],"author":[{"embeddable":true,"href":"http:\/\/maisb.fr\/bar\/wp-json\/wp\/v2\/users\/1"}],"replies":[{"embeddable":true,"href":"http:\/\/maisb.fr\/bar\/wp-json\/wp\/v2\/comments?post=1416"}],"version-history":[{"count":5,"href":"http:\/\/maisb.fr\/bar\/wp-json\/wp\/v2\/pages\/1416\/revisions"}],"predecessor-version":[{"id":4157,"href":"http:\/\/maisb.fr\/bar\/wp-json\/wp\/v2\/pages\/1416\/revisions\/4157"}],"up":[{"embeddable":true,"href":"http:\/\/maisb.fr\/bar\/wp-json\/wp\/v2\/pages\/229"}],"wp:attachment":[{"href":"http:\/\/maisb.fr\/bar\/wp-json\/wp\/v2\/media?parent=1416"}],"curies":[{"name":"wp","href":"https:\/\/api.w.org\/{rel}","templated":true}]}}