{"id":147,"date":"2015-10-16T08:42:19","date_gmt":"2015-10-16T07:42:19","guid":{"rendered":"http:\/\/bar.maisb.fr\/?page_id=147"},"modified":"2020-01-13T13:53:40","modified_gmt":"2020-01-13T12:53:40","slug":"doume","status":"publish","type":"page","link":"http:\/\/maisb.fr\/bar\/lequipe\/doume\/","title":{"rendered":"Doum\u00e9"},"content":{"rendered":"<p>[et_pb_section fb_built=\u00a0\u00bb1&Prime; admin_label=\u00a0\u00bbsection\u00a0\u00bb _builder_version=\u00a0\u00bb3.22&Prime;][et_pb_row admin_label=\u00a0\u00bbLigne\u00a0\u00bb _builder_version=\u00a0\u00bb3.25&Prime; background_size=\u00a0\u00bbinitial\u00a0\u00bb background_position=\u00a0\u00bbtop_left\u00a0\u00bb background_repeat=\u00a0\u00bbrepeat\u00a0\u00bb][et_pb_column type=\u00a0\u00bb4_4&Prime; _builder_version=\u00a0\u00bb3.25&Prime; custom_padding=\u00a0\u00bb|||\u00a0\u00bb custom_padding__hover=\u00a0\u00bb|||\u00a0\u00bb][et_pb_divider show_divider=\u00a0\u00bboff\u00a0\u00bb disabled_on=\u00a0\u00bbon|on|off\u00a0\u00bb admin_label=\u00a0\u00bbS\u00e9parateur\u00a0\u00bb _builder_version=\u00a0\u00bb3.2&Prime; height=\u00a0\u00bb50px\u00a0\u00bb hide_on_mobile=\u00a0\u00bbon\u00a0\u00bb][\/et_pb_divider][\/et_pb_column][\/et_pb_row][et_pb_row admin_label=\u00a0\u00bbrow\u00a0\u00bb _builder_version=\u00a0\u00bb3.25&Prime; background_size=\u00a0\u00bbinitial\u00a0\u00bb background_position=\u00a0\u00bbtop_left\u00a0\u00bb background_repeat=\u00a0\u00bbrepeat\u00a0\u00bb column_structure=\u00a0\u00bb2_3,1_3&Prime;][et_pb_column type=\u00a0\u00bb2_3&Prime; _builder_version=\u00a0\u00bb3.25&Prime; custom_padding=\u00a0\u00bb|||\u00a0\u00bb custom_padding__hover=\u00a0\u00bb|||\u00a0\u00bb][et_pb_text admin_label=\u00a0\u00bbTexte\u00a0\u00bb _builder_version=\u00a0\u00bb3.27.4&Prime; background_size=\u00a0\u00bbinitial\u00a0\u00bb background_position=\u00a0\u00bbtop_left\u00a0\u00bb background_repeat=\u00a0\u00bbrepeat\u00a0\u00bb use_border_color=\u00a0\u00bboff\u00a0\u00bb border_color=\u00a0\u00bb#ffffff\u00a0\u00bb border_style=\u00a0\u00bbsolid\u00a0\u00bb]<\/p>\n<h1>Doum\u00e9 \u00ab\u00a0la peur de manquer\u00a0\u00bb<\/h1>\n<p><strong>Doum\u00e9<\/strong>\u00a0\/\u00a0Chez ouam 2015<br \/> <span style=\"color: #000000;\"><br \/> <a href=\"http:\/\/maisb.fr\/wp-content\/uploads\/sites\/2\/2015\/10\/doume-slider.jpg\"><img loading=\"lazy\" decoding=\"async\" class=\"alignnone size-full wp-image-1216\" src=\"http:\/\/maisb.fr\/wp-content\/uploads\/sites\/2\/2015\/10\/doume-slider.jpg\" alt=\"doume-slider\" width=\"701\" height=\"312\" srcset=\"http:\/\/maisb.fr\/bar\/wp-content\/uploads\/sites\/2\/2015\/10\/doume-slider.jpg 701w, http:\/\/maisb.fr\/bar\/wp-content\/uploads\/sites\/2\/2015\/10\/doume-slider-300x134.jpg 300w\" sizes=\"(max-width: 701px) 100vw, 701px\" \/><\/a><br \/> <span style=\"font-size: normal;\">3\u00a0972 Vues<\/span><\/span><\/p>\n<p><span style=\"font-size: x-large;\">Ce natif de Limoges est le grand manitou du bar depuis 12 ans. C&rsquo;est un fondu de magie et de paris en tout genre. La Maison Blanche est id\u00e9alement plac\u00e9e pour lui, il habite juste derri\u00e8re. <\/span><\/p>\n<p><span style=\"font-size: x-large;\">Son c\u00f4t\u00e9 \u00ab\u00a0militaire\u00a0\u00bb met un peu de structure dans notre d\u00e9sordre. Il fait des tableaux, des plannings et s&rsquo;occupe des commandes. Il prend en main la gestion des fournisseurs et n\u00e9gocie les prix des alcools avec acharnement. Je le soup\u00e7onne m\u00eame d&rsquo;y prendre du plaisir\u00a0!<\/span><\/p>\n<p><span style=\"font-size: x-large;\">C&rsquo;est aussi un recruteur hors pair de jolies filles et de jeunes f\u00eatards sportifs. <\/span><\/p>\n<p><span style=\"font-size: x-large;\">Sous ses airs de bonne p\u00e2te, il cache une grande force de caract\u00e8re et une volont\u00e9 r\u00e9elle d&rsquo;assumer des responsabilit\u00e9s. Son envie profonde de travailler \u00e0 la Maison Blanche va forcer le respect de tous, Doum\u00e9 va conqu\u00e9rir son Graal \u00e0 la force du poignet et s&rsquo;imposer comme un \u00e9l\u00e9ment indispensable de notre petite communaut\u00e9.<\/span><\/p>\n<p>&nbsp;<\/p>\n<p>[\/et_pb_text][\/et_pb_column][et_pb_column type=\u00a0\u00bb1_3&Prime; _builder_version=\u00a0\u00bb3.25&Prime; custom_padding=\u00a0\u00bb|||\u00a0\u00bb custom_padding__hover=\u00a0\u00bb|||\u00a0\u00bb][et_pb_text admin_label=\u00a0\u00bbTexte\u00a0\u00bb _builder_version=\u00a0\u00bb3.27.4&Prime; background_color=\u00a0\u00bb#cccccc\u00a0\u00bb background_size=\u00a0\u00bbinitial\u00a0\u00bb background_position=\u00a0\u00bbtop_left\u00a0\u00bb background_repeat=\u00a0\u00bbrepeat\u00a0\u00bb custom_margin=\u00a0\u00bb100px||10px|\u00a0\u00bb custom_padding=\u00a0\u00bb10|10|10|10&Prime; custom_css_main_element=\u00a0\u00bb -moz-box-shadow: 5px 5px 5px 0px #dad7d7;||-webkit-box-shadow: 5px 5px 5px 0px #dad7d7;|| -o-box-shadow: 5px 5px 5px 0px #dad7d7;||box-shadow: 5px 5px 5px 0px #dad7d7;|| \/* filter: progid:DXImageTransform.Microsoft.Shadow(color=#dad7d7,Direction=134,Strength=5); *\/|| -moz-border-radius: 7px;||-webkit-border-radius: 7px;||border-radius: 7px;\u00a0\u00bb use_border_color=\u00a0\u00bboff\u00a0\u00bb border_color=\u00a0\u00bb#ffffff\u00a0\u00bb border_style=\u00a0\u00bbsolid\u00a0\u00bb]<iframe loading=\"lazy\" src=\"https:\/\/www.youtube.com\/embed\/1HpnUFqqaVI?rel=0\" width=\"560\" height=\"315\" frameborder=\"0\" allowfullscreen=\"allowfullscreen\"><\/iframe><br \/>\n[\/et_pb_text][et_pb_image src=\u00a0\u00bbhttp:\/\/maisb.fr\/bar\/wp-content\/uploads\/sites\/2\/2015\/10\/doume3.jpg\u00a0\u00bb align_tablet=\u00a0\u00bbcenter\u00a0\u00bb align_last_edited=\u00a0\u00bbon|desktop\u00a0\u00bb admin_label=\u00a0\u00bbImage\u00a0\u00bb _builder_version=\u00a0\u00bb3.23&Prime; max_width=\u00a0\u00bb260px\u00a0\u00bb animation_style=\u00a0\u00bbslide\u00a0\u00bb animation_direction=\u00a0\u00bbleft\u00a0\u00bb animation_duration=\u00a0\u00bb500ms\u00a0\u00bb animation_intensity_slide=\u00a0\u00bb10%\u00a0\u00bb use_border_color=\u00a0\u00bboff\u00a0\u00bb border_color=\u00a0\u00bb#ffffff\u00a0\u00bb border_style=\u00a0\u00bbsolid\u00a0\u00bb animation=\u00a0\u00bbleft\u00a0\u00bb sticky=\u00a0\u00bboff\u00a0\u00bb always_center_on_mobile=\u00a0\u00bbon\u00a0\u00bb][\/et_pb_image][\/et_pb_column][\/et_pb_row][et_pb_row padding_mobile=\u00a0\u00bboff\u00a0\u00bb admin_label=\u00a0\u00bbrow\u00a0\u00bb _builder_version=\u00a0\u00bb3.25&Prime; background_size=\u00a0\u00bbinitial\u00a0\u00bb background_position=\u00a0\u00bbtop_left\u00a0\u00bb background_repeat=\u00a0\u00bbrepeat\u00a0\u00bb make_fullwidth=\u00a0\u00bboff\u00a0\u00bb use_custom_width=\u00a0\u00bboff\u00a0\u00bb width_unit=\u00a0\u00bbon\u00a0\u00bb][et_pb_column type=\u00a0\u00bb4_4&Prime; _builder_version=\u00a0\u00bb3.25&Prime; custom_padding=\u00a0\u00bb|||\u00a0\u00bb custom_padding__hover=\u00a0\u00bb|||\u00a0\u00bb][et_pb_text admin_label=\u00a0\u00bbTexte\u00a0\u00bb _builder_version=\u00a0\u00bb3.27.4&Prime; background_color=\u00a0\u00bb#ffc700&Prime; background_size=\u00a0\u00bbinitial\u00a0\u00bb background_position=\u00a0\u00bbtop_left\u00a0\u00bb background_repeat=\u00a0\u00bbrepeat\u00a0\u00bb use_border_color=\u00a0\u00bboff\u00a0\u00bb border_color=\u00a0\u00bb#ffffff\u00a0\u00bb border_style=\u00a0\u00bbsolid\u00a0\u00bb]\r\n\t\t\t\t\t\n\r\n\t\t\t\t\t<!-- START UNITE GALLERY 1.7.62 -->\r\n\t\t\t\t\t\r\n\t\t\t\t\n\t\t\t<div id='unitegallery_1_1' class='unite-gallery' style='margin:0px auto;'>\n\t\t\t\t\n\n\t\t\t\t\t\t<img decoding=\"async\" alt=\"doume\"\n\t\t\t\t\t\t     src=\"\" data-image=\"http:\/\/maisb.fr\/bar\/wp-content\/uploads\/sites\/2\/2017\/01\/doume.jpg\"\n\t\t\t\t\t\t     data-thumb=\"http:\/\/maisb.fr\/bar\/wp-content\/uploads\/sites\/2\/2017\/01\/doume-300x225.jpg\"\n\t\t\t\t\t\t     title=\"\"\n\t\t\t\t\t\t     style=\"display:none\">\n\n\t\t\t\t\t\t<img decoding=\"async\" alt=\"doume2\"\n\t\t\t\t\t\t     src=\"\" data-image=\"http:\/\/maisb.fr\/bar\/wp-content\/uploads\/sites\/2\/2017\/01\/doume2.jpg\"\n\t\t\t\t\t\t     data-thumb=\"http:\/\/maisb.fr\/bar\/wp-content\/uploads\/sites\/2\/2017\/01\/doume2-300x225.jpg\"\n\t\t\t\t\t\t     title=\"\"\n\t\t\t\t\t\t     style=\"display:none\">\n\n\t\t\t\t\t\t<img decoding=\"async\" alt=\"doume3\"\n\t\t\t\t\t\t     src=\"\" data-image=\"http:\/\/maisb.fr\/bar\/wp-content\/uploads\/sites\/2\/2017\/01\/doume3.jpg\"\n\t\t\t\t\t\t     data-thumb=\"http:\/\/maisb.fr\/bar\/wp-content\/uploads\/sites\/2\/2017\/01\/doume3-225x300.jpg\"\n\t\t\t\t\t\t     title=\"\"\n\t\t\t\t\t\t     style=\"display:none\">\n\n\t\t\t\t\t\t<img decoding=\"async\" alt=\"doume4\"\n\t\t\t\t\t\t     src=\"\" data-image=\"http:\/\/maisb.fr\/bar\/wp-content\/uploads\/sites\/2\/2017\/01\/doume4.jpg\"\n\t\t\t\t\t\t     data-thumb=\"http:\/\/maisb.fr\/bar\/wp-content\/uploads\/sites\/2\/2017\/01\/doume4-225x300.jpg\"\n\t\t\t\t\t\t     title=\"\"\n\t\t\t\t\t\t     style=\"display:none\">\n\n\t\t\t\t\t\t<img decoding=\"async\" alt=\"doume5\"\n\t\t\t\t\t\t     src=\"\" data-image=\"http:\/\/maisb.fr\/bar\/wp-content\/uploads\/sites\/2\/2017\/01\/doume5.jpg\"\n\t\t\t\t\t\t     data-thumb=\"http:\/\/maisb.fr\/bar\/wp-content\/uploads\/sites\/2\/2017\/01\/doume5-300x225.jpg\"\n\t\t\t\t\t\t     title=\"\"\n\t\t\t\t\t\t     style=\"display:none\">\n\n\t\t\t\t\t\t<img decoding=\"async\" alt=\"doume_76\"\n\t\t\t\t\t\t     src=\"\" data-image=\"http:\/\/maisb.fr\/bar\/wp-content\/uploads\/sites\/2\/2015\/11\/doume_75.jpg\"\n\t\t\t\t\t\t     data-thumb=\"http:\/\/maisb.fr\/bar\/wp-content\/uploads\/sites\/2\/2015\/11\/doume_75-300x199.jpg\"\n\t\t\t\t\t\t     title=\"\"\n\t\t\t\t\t\t     style=\"display:none\">\n\n\t\t\t\t\t\t<img decoding=\"async\" alt=\"doume_75\"\n\t\t\t\t\t\t     src=\"\" data-image=\"http:\/\/maisb.fr\/bar\/wp-content\/uploads\/sites\/2\/2015\/11\/doume_74.jpg\"\n\t\t\t\t\t\t     data-thumb=\"http:\/\/maisb.fr\/bar\/wp-content\/uploads\/sites\/2\/2015\/11\/doume_74-300x199.jpg\"\n\t\t\t\t\t\t     title=\"\"\n\t\t\t\t\t\t     style=\"display:none\">\n\n\t\t\t\t\t\t<img decoding=\"async\" alt=\"doume_74\"\n\t\t\t\t\t\t     src=\"\" data-image=\"http:\/\/maisb.fr\/bar\/wp-content\/uploads\/sites\/2\/2015\/11\/doume_73.jpg\"\n\t\t\t\t\t\t     data-thumb=\"http:\/\/maisb.fr\/bar\/wp-content\/uploads\/sites\/2\/2015\/11\/doume_73-199x300.jpg\"\n\t\t\t\t\t\t     title=\"\"\n\t\t\t\t\t\t     style=\"display:none\">\n\n\t\t\t\t\t\t<img decoding=\"async\" alt=\"doume_73\"\n\t\t\t\t\t\t     src=\"\" data-image=\"http:\/\/maisb.fr\/bar\/wp-content\/uploads\/sites\/2\/2015\/11\/doume_72.jpg\"\n\t\t\t\t\t\t     data-thumb=\"http:\/\/maisb.fr\/bar\/wp-content\/uploads\/sites\/2\/2015\/11\/doume_72-300x216.jpg\"\n\t\t\t\t\t\t     title=\"\"\n\t\t\t\t\t\t     style=\"display:none\">\n\n\t\t\t\t\t\t<img decoding=\"async\" alt=\"doume_72\"\n\t\t\t\t\t\t     src=\"\" data-image=\"http:\/\/maisb.fr\/bar\/wp-content\/uploads\/sites\/2\/2015\/11\/doume_71.jpg\"\n\t\t\t\t\t\t     data-thumb=\"http:\/\/maisb.fr\/bar\/wp-content\/uploads\/sites\/2\/2015\/11\/doume_71-300x199.jpg\"\n\t\t\t\t\t\t     title=\"\"\n\t\t\t\t\t\t     style=\"display:none\">\n\n\t\t\t\t\t\t<img decoding=\"async\" alt=\"doume_71\"\n\t\t\t\t\t\t     src=\"\" data-image=\"http:\/\/maisb.fr\/bar\/wp-content\/uploads\/sites\/2\/2015\/11\/doume_70.jpg\"\n\t\t\t\t\t\t     data-thumb=\"http:\/\/maisb.fr\/bar\/wp-content\/uploads\/sites\/2\/2015\/11\/doume_70-225x300.jpg\"\n\t\t\t\t\t\t     title=\"\"\n\t\t\t\t\t\t     style=\"display:none\">\n\n\t\t\t\t\t\t<img decoding=\"async\" alt=\"doume_70\"\n\t\t\t\t\t\t     src=\"\" data-image=\"http:\/\/maisb.fr\/bar\/wp-content\/uploads\/sites\/2\/2015\/11\/doume_69.jpg\"\n\t\t\t\t\t\t     data-thumb=\"http:\/\/maisb.fr\/bar\/wp-content\/uploads\/sites\/2\/2015\/11\/doume_69-199x300.jpg\"\n\t\t\t\t\t\t     title=\"\"\n\t\t\t\t\t\t     style=\"display:none\">\n\t\t\t<\/div>\n\n\t\t\t<script type='text\/javascript'>\n\t\t\t\twindow.onload = function(e) {\n\t\t\t\t\tif(typeof ugCheckForErrors == \"undefined\"){\n\t\t\t\t\t\tdocument.getElementById(\"unitegallery_1_1\").innerHTML = \"<span style='color:red'>Unite Gallery Error - gallery js and css files not included in the footer. Please make sure that wp_footer() function is added to your theme.<\/span>\";}\n\t\t\t\t\telse{ ugCheckForErrors(\"unitegallery_1_1\", \"jquery\");}\n\t\t\t\t};\n\t\t\t<\/script>\n\n\t\t\t<!-- END UNITEGALLERY --><br \/>\n[\/et_pb_text][\/et_pb_column][\/et_pb_row][\/et_pb_section]<\/p>\n","protected":false},"excerpt":{"rendered":"<p>Doum\u00e9 \u00ab\u00a0la peur de manquer\u00a0\u00bb Doum\u00e9\u00a0\/\u00a0Chez ouam 2015 3\u00a0972 Vues Ce natif de Limoges est le grand manitou du bar depuis 12 ans. C&rsquo;est un fondu de magie et de paris en tout genre. La Maison Blanche est id\u00e9alement plac\u00e9e pour lui, il habite juste derri\u00e8re. Son c\u00f4t\u00e9 \u00ab\u00a0militaire\u00a0\u00bb met un peu de structure dans [&hellip;]<\/p>\n","protected":false},"author":1,"featured_media":0,"parent":125,"menu_order":0,"comment_status":"open","ping_status":"closed","template":"","meta":{"_et_pb_use_builder":"on","_et_pb_old_content":"","_et_gb_content_width":"","footnotes":""},"class_list":["post-147","page","type-page","status-publish","hentry"],"aioseo_notices":[],"_links":{"self":[{"href":"http:\/\/maisb.fr\/bar\/wp-json\/wp\/v2\/pages\/147","targetHints":{"allow":["GET"]}}],"collection":[{"href":"http:\/\/maisb.fr\/bar\/wp-json\/wp\/v2\/pages"}],"about":[{"href":"http:\/\/maisb.fr\/bar\/wp-json\/wp\/v2\/types\/page"}],"author":[{"embeddable":true,"href":"http:\/\/maisb.fr\/bar\/wp-json\/wp\/v2\/users\/1"}],"replies":[{"embeddable":true,"href":"http:\/\/maisb.fr\/bar\/wp-json\/wp\/v2\/comments?post=147"}],"version-history":[{"count":4,"href":"http:\/\/maisb.fr\/bar\/wp-json\/wp\/v2\/pages\/147\/revisions"}],"predecessor-version":[{"id":4127,"href":"http:\/\/maisb.fr\/bar\/wp-json\/wp\/v2\/pages\/147\/revisions\/4127"}],"up":[{"embeddable":true,"href":"http:\/\/maisb.fr\/bar\/wp-json\/wp\/v2\/pages\/125"}],"wp:attachment":[{"href":"http:\/\/maisb.fr\/bar\/wp-json\/wp\/v2\/media?parent=147"}],"curies":[{"name":"wp","href":"https:\/\/api.w.org\/{rel}","templated":true}]}}