{"id":486,"date":"2015-10-28T16:11:01","date_gmt":"2015-10-28T15:11:01","guid":{"rendered":"http:\/\/bar.maisb.fr\/?page_id=486"},"modified":"2020-01-13T13:58:46","modified_gmt":"2020-01-13T12:58:46","slug":"chez-ouam","status":"publish","type":"page","link":"http:\/\/maisb.fr\/bar\/lequipe\/chez-ouam\/","title":{"rendered":"Chez Ouam"},"content":{"rendered":"<p>[et_pb_section fb_built=\u00a0\u00bb1&Prime; admin_label=\u00a0\u00bbsection\u00a0\u00bb _builder_version=\u00a0\u00bb3.22&Prime;][et_pb_row admin_label=\u00a0\u00bbLigne\u00a0\u00bb _builder_version=\u00a0\u00bb3.25&Prime; background_size=\u00a0\u00bbinitial\u00a0\u00bb background_position=\u00a0\u00bbtop_left\u00a0\u00bb background_repeat=\u00a0\u00bbrepeat\u00a0\u00bb][et_pb_column type=\u00a0\u00bb4_4&Prime; _builder_version=\u00a0\u00bb3.25&Prime; custom_padding=\u00a0\u00bb|||\u00a0\u00bb custom_padding__hover=\u00a0\u00bb|||\u00a0\u00bb][et_pb_divider show_divider=\u00a0\u00bboff\u00a0\u00bb disabled_on=\u00a0\u00bbon|on|off\u00a0\u00bb admin_label=\u00a0\u00bbS\u00e9parateur\u00a0\u00bb _builder_version=\u00a0\u00bb3.23.4&Prime; height=\u00a0\u00bb50px\u00a0\u00bb hide_on_mobile=\u00a0\u00bbon\u00a0\u00bb][\/et_pb_divider][\/et_pb_column][\/et_pb_row][et_pb_row admin_label=\u00a0\u00bbrow\u00a0\u00bb _builder_version=\u00a0\u00bb3.25&Prime; background_size=\u00a0\u00bbinitial\u00a0\u00bb background_position=\u00a0\u00bbtop_left\u00a0\u00bb background_repeat=\u00a0\u00bbrepeat\u00a0\u00bb column_structure=\u00a0\u00bb2_3,1_3&Prime;][et_pb_column type=\u00a0\u00bb2_3&Prime; _builder_version=\u00a0\u00bb3.25&Prime; custom_padding=\u00a0\u00bb|||\u00a0\u00bb custom_padding__hover=\u00a0\u00bb|||\u00a0\u00bb][et_pb_text admin_label=\u00a0\u00bbTexte\u00a0\u00bb _builder_version=\u00a0\u00bb3.27.4&Prime; background_size=\u00a0\u00bbinitial\u00a0\u00bb background_position=\u00a0\u00bbtop_left\u00a0\u00bb background_repeat=\u00a0\u00bbrepeat\u00a0\u00bb custom_margin=\u00a0\u00bb0px|0px|0px|0px\u00a0\u00bb custom_padding=\u00a0\u00bb0px|0px|0px|0px\u00a0\u00bb use_border_color=\u00a0\u00bboff\u00a0\u00bb border_color=\u00a0\u00bb#ffffff\u00a0\u00bb border_style=\u00a0\u00bbsolid\u00a0\u00bb]<\/p>\n<h1>Chez Ouam\u00a0\u00ab\u00a0Le bistrot des potes\u00a0\u00bb<\/h1>\n<p><strong>Doum\u00e9<\/strong>\u00a0\/\u00a0Chez ouam 2015<br \/> <span style=\"color: #000000;\"><br \/> <a href=\"http:\/\/bar.maisb.fr\/wp-content\/uploads\/2015\/10\/ouam.jpg\"><img decoding=\"async\" class=\"alignnone size-full wp-image-462\" src=\"http:\/\/bar.maisb.fr\/wp-content\/uploads\/2015\/10\/ouam.jpg\" alt=\"ouam\" width=\"720\" srcset=\"http:\/\/maisb.fr\/bar\/wp-content\/uploads\/sites\/2\/2015\/10\/ouam.jpg 701w, http:\/\/maisb.fr\/bar\/wp-content\/uploads\/sites\/2\/2015\/10\/ouam-300x134.jpg 300w\" sizes=\"(max-width: 701px) 100vw, 701px\" \/><\/a>2\u00a0959 Vues<\/span><\/p>\n<p><span style=\"font-size: x-large;\">Nous avons imagin\u00e9 un concept de bar \u00e0 shooter aux m\u00e9langes \u00e9tranges de punchs \u00ab\u00a0maison\u00a0\u00bb. Rico et Gaspi, deux surfeurs \u00e9m\u00e9rites, vont \u00eatre les premiers \u00e0 donner une \u00e2me \u00e0 ce spot tr\u00e8s particulier. C&rsquo;est une affaire dans l&rsquo;affaire\u00a0!<\/span><\/p>\n<p><span style=\"font-size: x-large;\">Surfeurs, basketteurs, volleyeurs se retrouvent \u00e0 la nuit tomb\u00e9e pour passer des soir\u00e9es \u00e9piques sans se m\u00e9langer \u00e0 la faune du grand bar ou de la piste de danse. Il flotte \u00ab\u00a0chez Ouam\u00a0\u00bb un esprit particulier, style \u00ab\u00a0troisi\u00e8me mi-temps de rugby\u00a0\u00bb. Jos\u00e9 et Doum\u00e9, les derniers tenanciers y sont sans doute pour beaucoup\u00a0!<\/span><\/p>\n<p>[\/et_pb_text][\/et_pb_column][et_pb_column type=\u00a0\u00bb1_3&Prime; _builder_version=\u00a0\u00bb3.25&Prime; custom_padding=\u00a0\u00bb|||\u00a0\u00bb custom_padding__hover=\u00a0\u00bb|||\u00a0\u00bb][et_pb_text admin_label=\u00a0\u00bbTexte\u00a0\u00bb _builder_version=\u00a0\u00bb3.27.4&Prime; background_size=\u00a0\u00bbinitial\u00a0\u00bb background_position=\u00a0\u00bbtop_left\u00a0\u00bb background_repeat=\u00a0\u00bbrepeat\u00a0\u00bb custom_margin=\u00a0\u00bb50px|0px|10px|0px\u00a0\u00bb custom_padding=\u00a0\u00bb0px|0px|0px|0px\u00a0\u00bb use_border_color=\u00a0\u00bboff\u00a0\u00bb border_color=\u00a0\u00bb#ffffff\u00a0\u00bb border_style=\u00a0\u00bbsolid\u00a0\u00bb]<\/p>\n<h1 style=\"text-align: center\">Compil Gaspi 100% Roots<\/h1>\n<p><a href=\"http:\/\/maisb.fr\/bar\/?page_id=2330\" class=\"popup\" data-width=\"800\" data-height=\"300\" data-scrollbars=\"1\" alt=\"popup\"><img loading=\"lazy\" decoding=\"async\" class=\"size-full wp-image-2333 aligncenter\" src=\"http:\/\/maisb.fr\/wp-content\/uploads\/sites\/2\/2015\/10\/100-roots-Maison-Blanche.png\" alt=\"100% roots Maison Blanche\" width=\"163\" height=\"163\"><\/a><br \/>\n[\/et_pb_text][et_pb_text admin_label=\u00a0\u00bbTexte\u00a0\u00bb _builder_version=\u00a0\u00bb3.27.4&Prime; background_color=\u00a0\u00bb#cccccc\u00a0\u00bb background_size=\u00a0\u00bbinitial\u00a0\u00bb background_position=\u00a0\u00bbtop_left\u00a0\u00bb background_repeat=\u00a0\u00bbrepeat\u00a0\u00bb custom_margin=\u00a0\u00bb40px|0px|20px|0px\u00a0\u00bb custom_padding=\u00a0\u00bb10|10|10|10&Prime; custom_css_main_element=\u00a0\u00bb -moz-box-shadow: 5px 5px 5px 0px #dad7d7;||-webkit-box-shadow: 5px 5px 5px 0px #dad7d7;|| -o-box-shadow: 5px 5px 5px 0px #dad7d7;||box-shadow: 5px 5px 5px 0px #dad7d7;|| \/* filter: progid:DXImageTransform.Microsoft.Shadow(color=#dad7d7,Direction=134,Strength=5); *\/|| -moz-border-radius: 7px;||-webkit-border-radius: 7px;||border-radius: 7px;\u00a0\u00bb use_border_color=\u00a0\u00bboff\u00a0\u00bb border_color=\u00a0\u00bb#ffffff\u00a0\u00bb border_style=\u00a0\u00bbsolid\u00a0\u00bb]<\/p>\n<h1>Le Xynthia&nbsp;\u00ab\u00a0Cocktail \u00e0 la con\u00a0\u00bb<\/h1>\n<p><a href=\"http:\/\/maisb.fr\/wp-content\/uploads\/sites\/2\/2015\/10\/IMG_0328.jpg\"><img loading=\"lazy\" decoding=\"async\" class=\"alignnone size-full wp-image-500\" src=\"http:\/\/maisb.fr\/wp-content\/uploads\/sites\/2\/2015\/10\/IMG_0328.jpg\" alt=\"IMG_0328\" width=\"350\" height=\"263\" srcset=\"http:\/\/maisb.fr\/bar\/wp-content\/uploads\/sites\/2\/2015\/10\/IMG_0328.jpg 350w, http:\/\/maisb.fr\/bar\/wp-content\/uploads\/sites\/2\/2015\/10\/IMG_0328-300x225.jpg 300w\" sizes=\"(max-width: 350px) 100vw, 350px\" \/><\/a><\/p>\n<p><span style=\"font-size: normal\">&#8211; Sans \u00eatre franchement malhonn\u00eate, au premier abord, comme \u00e7a il \u00e0 l&rsquo;air assez curieux.<\/span><br \/>\n<span style=\"font-size: normal\">&#8211; Faut reconna\u00eetre que c&rsquo;est du brutal !<\/span><br \/>\n<span style=\"font-size: normal\">&#8211; J&rsquo;ai connu une Polonaise qu&rsquo;en prenait au petit d\u00e9jeuner&#8230;<\/span><br \/>\n<span style=\"font-size: normal\">&#8211; Faut quand m\u00eame admettre que c&rsquo;est plut\u00f4t une boisson d&rsquo;homme.<\/span><br \/>\n[\/et_pb_text][\/et_pb_column][\/et_pb_row][et_pb_row padding_mobile=\u00a0\u00bboff\u00a0\u00bb column_padding_mobile=\u00a0\u00bbon\u00a0\u00bb admin_label=\u00a0\u00bbrow\u00a0\u00bb _builder_version=\u00a0\u00bb3.25&Prime; background_size=\u00a0\u00bbinitial\u00a0\u00bb background_position=\u00a0\u00bbtop_left\u00a0\u00bb background_repeat=\u00a0\u00bbrepeat\u00a0\u00bb make_fullwidth=\u00a0\u00bboff\u00a0\u00bb use_custom_width=\u00a0\u00bboff\u00a0\u00bb width_unit=\u00a0\u00bbon\u00a0\u00bb][et_pb_column type=\u00a0\u00bb4_4&Prime; _builder_version=\u00a0\u00bb3.25&Prime; custom_padding=\u00a0\u00bb|||\u00a0\u00bb custom_padding__hover=\u00a0\u00bb|||\u00a0\u00bb][et_pb_text admin_label=\u00a0\u00bbTexte\u00a0\u00bb _builder_version=\u00a0\u00bb3.27.4&Prime; background_size=\u00a0\u00bbinitial\u00a0\u00bb background_position=\u00a0\u00bbtop_left\u00a0\u00bb background_repeat=\u00a0\u00bbrepeat\u00a0\u00bb use_border_color=\u00a0\u00bboff\u00a0\u00bb border_color=\u00a0\u00bb#ffffff\u00a0\u00bb border_style=\u00a0\u00bbsolid\u00a0\u00bb]\r\n\t\t\t\t\t\n\r\n\t\t\t\t\t<!-- START UNITE GALLERY 1.7.62 -->\r\n\t\t\t\t\t\r\n\t\t\t\t\n\t\t\t<div id='unitegallery_20_1' class='unite-gallery' style='margin:0px auto;'>\n\t\t\t\t\n\n\t\t\t\t\t\t<img decoding=\"async\" alt=\"ouam_11\"\n\t\t\t\t\t\t     src=\"\" data-image=\"http:\/\/maisb.fr\/bar\/wp-content\/uploads\/sites\/2\/2015\/12\/ouam_11.jpg\"\n\t\t\t\t\t\t     data-thumb=\"http:\/\/maisb.fr\/bar\/wp-content\/uploads\/sites\/2\/2015\/12\/ouam_11-300x225.jpg\"\n\t\t\t\t\t\t     title=\"\"\n\t\t\t\t\t\t     style=\"display:none\">\n\n\t\t\t\t\t\t<img decoding=\"async\" alt=\"doume_65\"\n\t\t\t\t\t\t     src=\"\" data-image=\"http:\/\/maisb.fr\/bar\/wp-content\/uploads\/sites\/2\/2015\/11\/doume_64.jpg\"\n\t\t\t\t\t\t     data-thumb=\"http:\/\/maisb.fr\/bar\/wp-content\/uploads\/sites\/2\/2015\/11\/doume_64-300x199.jpg\"\n\t\t\t\t\t\t     title=\"\"\n\t\t\t\t\t\t     style=\"display:none\">\n\n\t\t\t\t\t\t<img decoding=\"async\" alt=\"ouam_15\"\n\t\t\t\t\t\t     src=\"\" data-image=\"http:\/\/maisb.fr\/bar\/wp-content\/uploads\/sites\/2\/2015\/12\/ouam_15.jpg\"\n\t\t\t\t\t\t     data-thumb=\"http:\/\/maisb.fr\/bar\/wp-content\/uploads\/sites\/2\/2015\/12\/ouam_15-300x225.jpg\"\n\t\t\t\t\t\t     title=\"\"\n\t\t\t\t\t\t     style=\"display:none\">\n\n\t\t\t\t\t\t<img decoding=\"async\" alt=\"ouam_13\"\n\t\t\t\t\t\t     src=\"\" data-image=\"http:\/\/maisb.fr\/bar\/wp-content\/uploads\/sites\/2\/2015\/12\/ouam_13.jpg\"\n\t\t\t\t\t\t     data-thumb=\"http:\/\/maisb.fr\/bar\/wp-content\/uploads\/sites\/2\/2015\/12\/ouam_13-250x300.jpg\"\n\t\t\t\t\t\t     title=\"\"\n\t\t\t\t\t\t     style=\"display:none\">\n\n\t\t\t\t\t\t<img decoding=\"async\" alt=\"ouam_14\"\n\t\t\t\t\t\t     src=\"\" data-image=\"http:\/\/maisb.fr\/bar\/wp-content\/uploads\/sites\/2\/2015\/12\/ouam_14.jpg\"\n\t\t\t\t\t\t     data-thumb=\"http:\/\/maisb.fr\/bar\/wp-content\/uploads\/sites\/2\/2015\/12\/ouam_14-300x225.jpg\"\n\t\t\t\t\t\t     title=\"\"\n\t\t\t\t\t\t     style=\"display:none\">\n\n\t\t\t\t\t\t<img decoding=\"async\" alt=\"ouam_18\"\n\t\t\t\t\t\t     src=\"\" data-image=\"http:\/\/maisb.fr\/bar\/wp-content\/uploads\/sites\/2\/2015\/12\/ouam_18.jpg\"\n\t\t\t\t\t\t     data-thumb=\"http:\/\/maisb.fr\/bar\/wp-content\/uploads\/sites\/2\/2015\/12\/ouam_18-300x225.jpg\"\n\t\t\t\t\t\t     title=\"\"\n\t\t\t\t\t\t     style=\"display:none\">\n\n\t\t\t\t\t\t<img decoding=\"async\" alt=\"ouam_19\"\n\t\t\t\t\t\t     src=\"\" data-image=\"http:\/\/maisb.fr\/bar\/wp-content\/uploads\/sites\/2\/2015\/12\/ouam_19.jpg\"\n\t\t\t\t\t\t     data-thumb=\"http:\/\/maisb.fr\/bar\/wp-content\/uploads\/sites\/2\/2015\/12\/ouam_19-300x225.jpg\"\n\t\t\t\t\t\t     title=\"\"\n\t\t\t\t\t\t     style=\"display:none\">\n\n\t\t\t\t\t\t<img decoding=\"async\" alt=\"ouam_20\"\n\t\t\t\t\t\t     src=\"\" data-image=\"http:\/\/maisb.fr\/bar\/wp-content\/uploads\/sites\/2\/2015\/12\/ouam_20.jpg\"\n\t\t\t\t\t\t     data-thumb=\"http:\/\/maisb.fr\/bar\/wp-content\/uploads\/sites\/2\/2015\/12\/ouam_20-250x300.jpg\"\n\t\t\t\t\t\t     title=\"\"\n\t\t\t\t\t\t     style=\"display:none\">\n\n\t\t\t\t\t\t<img decoding=\"async\" alt=\"ouam_4\"\n\t\t\t\t\t\t     src=\"\" data-image=\"http:\/\/maisb.fr\/bar\/wp-content\/uploads\/sites\/2\/2015\/12\/ouam_4.jpg\"\n\t\t\t\t\t\t     data-thumb=\"http:\/\/maisb.fr\/bar\/wp-content\/uploads\/sites\/2\/2015\/12\/ouam_4-199x300.jpg\"\n\t\t\t\t\t\t     title=\"\"\n\t\t\t\t\t\t     style=\"display:none\">\n\n\t\t\t\t\t\t<img decoding=\"async\" alt=\"ouam_6\"\n\t\t\t\t\t\t     src=\"\" data-image=\"http:\/\/maisb.fr\/bar\/wp-content\/uploads\/sites\/2\/2015\/12\/ouam_6.jpg\"\n\t\t\t\t\t\t     data-thumb=\"http:\/\/maisb.fr\/bar\/wp-content\/uploads\/sites\/2\/2015\/12\/ouam_6-300x225.jpg\"\n\t\t\t\t\t\t     title=\"\"\n\t\t\t\t\t\t     style=\"display:none\">\n\n\t\t\t\t\t\t<img decoding=\"async\" alt=\"ouam_8\"\n\t\t\t\t\t\t     src=\"\" data-image=\"http:\/\/maisb.fr\/bar\/wp-content\/uploads\/sites\/2\/2015\/12\/ouam_8.jpg\"\n\t\t\t\t\t\t     data-thumb=\"http:\/\/maisb.fr\/bar\/wp-content\/uploads\/sites\/2\/2015\/12\/ouam_8-225x300.jpg\"\n\t\t\t\t\t\t     title=\"\"\n\t\t\t\t\t\t     style=\"display:none\">\n\n\t\t\t\t\t\t<img decoding=\"async\" alt=\"ouam_9\"\n\t\t\t\t\t\t     src=\"\" data-image=\"http:\/\/maisb.fr\/bar\/wp-content\/uploads\/sites\/2\/2015\/12\/ouam_9.jpg\"\n\t\t\t\t\t\t     data-thumb=\"http:\/\/maisb.fr\/bar\/wp-content\/uploads\/sites\/2\/2015\/12\/ouam_9-300x225.jpg\"\n\t\t\t\t\t\t     title=\"\"\n\t\t\t\t\t\t     style=\"display:none\">\n\t\t\t<\/div>\n\n\t\t\t<script type='text\/javascript'>\n\t\t\t\twindow.onload = function(e) {\n\t\t\t\t\tif(typeof ugCheckForErrors == \"undefined\"){\n\t\t\t\t\t\tdocument.getElementById(\"unitegallery_20_1\").innerHTML = \"<span style='color:red'>Unite Gallery Error - gallery js and css files not included in the footer. Please make sure that wp_footer() function is added to your theme.<\/span>\";}\n\t\t\t\t\telse{ ugCheckForErrors(\"unitegallery_20_1\", \"jquery\");}\n\t\t\t\t};\n\t\t\t<\/script>\n\n\t\t\t<!-- END UNITEGALLERY --><br \/>\n[\/et_pb_text][\/et_pb_column][\/et_pb_row][\/et_pb_section]<\/p>\n","protected":false},"excerpt":{"rendered":"<p>Chez Ouam\u00a0\u00ab\u00a0Le bistrot des potes\u00a0\u00bb Doum\u00e9\u00a0\/\u00a0Chez ouam 2015 2\u00a0959 Vues Nous avons imagin\u00e9 un concept de bar \u00e0 shooter aux m\u00e9langes \u00e9tranges de punchs \u00ab\u00a0maison\u00a0\u00bb. Rico et Gaspi, deux surfeurs \u00e9m\u00e9rites, vont \u00eatre les premiers \u00e0 donner une \u00e2me \u00e0 ce spot tr\u00e8s particulier. C&rsquo;est une affaire dans l&rsquo;affaire\u00a0! Surfeurs, basketteurs, volleyeurs se retrouvent \u00e0 [&hellip;]<\/p>\n","protected":false},"author":1,"featured_media":0,"parent":125,"menu_order":0,"comment_status":"open","ping_status":"closed","template":"","meta":{"_et_pb_use_builder":"on","_et_pb_old_content":"","_et_gb_content_width":"","footnotes":""},"class_list":["post-486","page","type-page","status-publish","hentry"],"aioseo_notices":[],"_links":{"self":[{"href":"http:\/\/maisb.fr\/bar\/wp-json\/wp\/v2\/pages\/486","targetHints":{"allow":["GET"]}}],"collection":[{"href":"http:\/\/maisb.fr\/bar\/wp-json\/wp\/v2\/pages"}],"about":[{"href":"http:\/\/maisb.fr\/bar\/wp-json\/wp\/v2\/types\/page"}],"author":[{"embeddable":true,"href":"http:\/\/maisb.fr\/bar\/wp-json\/wp\/v2\/users\/1"}],"replies":[{"embeddable":true,"href":"http:\/\/maisb.fr\/bar\/wp-json\/wp\/v2\/comments?post=486"}],"version-history":[{"count":3,"href":"http:\/\/maisb.fr\/bar\/wp-json\/wp\/v2\/pages\/486\/revisions"}],"predecessor-version":[{"id":4132,"href":"http:\/\/maisb.fr\/bar\/wp-json\/wp\/v2\/pages\/486\/revisions\/4132"}],"up":[{"embeddable":true,"href":"http:\/\/maisb.fr\/bar\/wp-json\/wp\/v2\/pages\/125"}],"wp:attachment":[{"href":"http:\/\/maisb.fr\/bar\/wp-json\/wp\/v2\/media?parent=486"}],"curies":[{"name":"wp","href":"https:\/\/api.w.org\/{rel}","templated":true}]}}