{"id":1096,"date":"2015-10-14T06:28:47","date_gmt":"2015-10-14T05:28:47","guid":{"rendered":"http:\/\/bar.maisb.fr\/?page_id=2"},"modified":"2016-02-07T11:58:35","modified_gmt":"2016-02-07T10:58:35","slug":"page-d-exemple-2","status":"publish","type":"page","link":"http:\/\/maisb.fr\/libertaire\/","title":{"rendered":"Libertaire"},"content":{"rendered":"<p>[et_pb_section admin_label=\u00a0\u00bbsection\u00a0\u00bb][et_pb_row admin_label=\u00a0\u00bbrow\u00a0\u00bb][et_pb_column type=\u00a0\u00bb4_4&Prime;][et_pb_text admin_label=\u00a0\u00bbTexte\u00a0\u00bb background_layout=\u00a0\u00bblight\u00a0\u00bb text_orientation=\u00a0\u00bbleft\u00a0\u00bb use_border_color=\u00a0\u00bboff\u00a0\u00bb border_color=\u00a0\u00bb#ffffff\u00a0\u00bb border_style=\u00a0\u00bbsolid\u00a0\u00bb saved_tabs=\u00a0\u00bball\u00a0\u00bb custom_margin=\u00a0\u00bb50px||0px|\u00a0\u00bb custom_padding=\u00a0\u00bb10px|10px|10px|10px\u00a0\u00bb text_font_size=\u00a0\u00bb14&Prime;]<\/p>\n<h1 style=\"text-align: center\">LE COIN DU LIBERTAIRE<\/h1>\n<p>&nbsp;<\/p>\n<p style=\"text-align: justify\"><span style=\"font-size: x-large\">Dans \u00ab\u00a0le coin du libertaire\u00a0\u00bb, je vais essayer de parler de ce que j&rsquo;aime, de ce qui me touche, de ce qui m&rsquo;\u00e9nerve, de ce qui me fait rire.<\/span><\/p>\n<p style=\"text-align: justify\"><span style=\"font-size: x-large\">Pas de sujet tabou, juste une envie de vous faire partager ce qui me fait avancer dans la vie. Je vais donc \u00e9videmment parler de po\u00e9sie, mais de bien d&rsquo;autres choses. <\/span><\/p>\n<p>[\/et_pb_text][et_pb_image admin_label=\u00a0\u00bbImage\u00a0\u00bb src=\u00a0\u00bbhttp:\/\/maisb.fr\/libertaire\/wp-content\/uploads\/sites\/5\/2015\/10\/pat.jpg\u00a0\u00bb show_in_lightbox=\u00a0\u00bboff\u00a0\u00bb url_new_window=\u00a0\u00bboff\u00a0\u00bb animation=\u00a0\u00bbleft\u00a0\u00bb sticky=\u00a0\u00bboff\u00a0\u00bb align=\u00a0\u00bbleft\u00a0\u00bb force_fullwidth=\u00a0\u00bboff\u00a0\u00bb always_center_on_mobile=\u00a0\u00bbon\u00a0\u00bb use_border_color=\u00a0\u00bboff\u00a0\u00bb border_color=\u00a0\u00bb#ffffff\u00a0\u00bb border_style=\u00a0\u00bbsolid\u00a0\u00bb custom_margin=\u00a0\u00bb50px|||\u00a0\u00bb custom_css_main_element=\u00a0\u00bb -moz-box-shadow: 5px 5px 5px 0px #dad7d7;||-webkit-box-shadow: 5px 5px 5px 0px #dad7d7;|| -o-box-shadow: 5px 5px 5px 0px #dad7d7;||box-shadow: 5px 5px 5px 0px #dad7d7;|| \/* filter: progid:DXImageTransform.Microsoft.Shadow(color=#dad7d7,Direction=134,Strength=5); *\/|| -moz-border-radius: 7px;||-webkit-border-radius: 7px;||border-radius: 7px;\u00a0\u00bb]<\/p>\n<p>[\/et_pb_image][et_pb_text admin_label=\u00a0\u00bbTexte\u00a0\u00bb background_layout=\u00a0\u00bblight\u00a0\u00bb text_orientation=\u00a0\u00bbleft\u00a0\u00bb use_border_color=\u00a0\u00bboff\u00a0\u00bb border_color=\u00a0\u00bb#ffffff\u00a0\u00bb border_style=\u00a0\u00bbsolid\u00a0\u00bb saved_tabs=\u00a0\u00bball\u00a0\u00bb custom_margin=\u00a0\u00bb50||10|\u00a0\u00bb custom_padding=\u00a0\u00bb10px|10px|10px|10px\u00a0\u00bb text_font_size=\u00a0\u00bb14&Prime;]<\/p>\n<p style=\"text-align: justify\"><span style=\"font-size: x-large\">La philosophie libertaire est une \u00ab&nbsp;volont\u00e9 de noblesse&nbsp;\u00bb&nbsp;qui n&rsquo;a pas vraiment sa place dans la soci\u00e9t\u00e9 actuelle. Il est logique que ce mode de fonctionnement ait du mal \u00e0 perdurer.<br \/>\n<\/span><\/p>\n<p style=\"text-align: justify\"><span style=\"font-size: x-large\">Chacun dans sa vie a des valeurs qui le porte, le fait avancer. Pour ma part c&rsquo;est l&rsquo;anticonformisme, l&rsquo;esprit libertaire, le refus des dogmes et des croyances, et bien sur, par dessus tout, la tol\u00e9rance. Je ne crois pas aux solutions collectives et je refuse d&rsquo;\u00eatre embrigad\u00e9 dans quelques mouvements que ce soit&nbsp;!<br \/>\n<\/span><\/p>\n<p style=\"text-align: justify\"><span style=\"font-size: x-large\">Je crois uniquement au d\u00e9sir individuel de progresser, en esp\u00e9rant que les autres de leur c\u00f4t\u00e9 fassent de m\u00eame. Personnellement je d\u00e9teste recevoir des ordres et j&rsquo;ai horreur d&rsquo;en donner. La hi\u00e9rarchie m&#8217;emmerde, elle arrive \u00e0 foutre en l&rsquo;air une grande partie de l&rsquo;\u00e9nergie, c&rsquo;est une histoire de rendement.<br \/>\n<\/span><\/p>\n<p style=\"text-align: justify\"><span style=\"font-size: x-large\">\u00ab&nbsp;Ni Dieu, Ni Ma\u00eetre (m\u00eame nageur)&nbsp;\u00bb disait Jean Yanne, la philosophie et l&rsquo;humour dans une m\u00eame phrase&nbsp;; c&rsquo;est \u00e0 \u00e7a que j&rsquo;ai voulu que ressemble la Mais&rsquo;B.<br \/>\nNotre slogan \u00ab&nbsp;Bienvenue Ailleurs&nbsp;\u00bb repr\u00e9sente notre merveilleux spot, mais aussi notre mode de fonctionnement.<br \/>\nNous sommes \u00ab&nbsp;les derniers des Mohicans&nbsp;\u00bb, \u00ab&nbsp;le village d&rsquo;Asterix&nbsp;\u00bb. Quoi qu&rsquo;il arrive, je n&rsquo;ai aucun regret, j&rsquo;ai r\u00e9alis\u00e9 ici mes r\u00eaves d&rsquo;enfants&nbsp;!<\/span><\/p>\n<p>[\/et_pb_text][\/et_pb_column][\/et_pb_row][et_pb_row admin_label=\u00a0\u00bbLigne\u00a0\u00bb][et_pb_column type=\u00a0\u00bb1_4&Prime;][et_pb_text admin_label=\u00a0\u00bbTexte\u00a0\u00bb background_layout=\u00a0\u00bblight\u00a0\u00bb text_orientation=\u00a0\u00bbleft\u00a0\u00bb text_font_size=\u00a0\u00bb14&Prime; background_color=\u00a0\u00bb#cccccc\u00a0\u00bb use_border_color=\u00a0\u00bboff\u00a0\u00bb border_color=\u00a0\u00bb#ffffff\u00a0\u00bb border_style=\u00a0\u00bbsolid\u00a0\u00bb custom_margin=\u00a0\u00bb50px||10px|\u00a0\u00bb custom_padding=\u00a0\u00bb10px|10px|10px|10px\u00a0\u00bb custom_css_main_element=\u00a0\u00bb -moz-box-shadow: 5px 5px 5px 0px #dad7d7;||-webkit-box-shadow: 5px 5px 5px 0px #dad7d7;|| -o-box-shadow: 5px 5px 5px 0px #dad7d7;||box-shadow: 5px 5px 5px 0px #dad7d7;|| \/* filter: progid:DXImageTransform.Microsoft.Shadow(color=#dad7d7,Direction=134,Strength=5); *\/|| -moz-border-radius: 7px;||-webkit-border-radius: 7px;||border-radius: 7px;\u00a0\u00bb]<\/p>\n<h1 style=\"text-align: center\"><a href=\"http:\/\/maisb.fr\/libertaire\/?page_id=125\">COUP DE<\/a> <i class=\"fa fa-heart\"><\/i><\/h1>\n<p><a href=\"http:\/\/maisb.fr\/libertaire\/?page_id=125\" rel=\"attachment wp-att-1375\"><img loading=\"lazy\" decoding=\"async\" class=\"alignnone size-full wp-image-1375\" src=\"http:\/\/maisb.fr\/wp-content\/uploads\/sites\/5\/2015\/10\/coeur.jpg\" alt=\"coeur\" width=\"300\" height=\"226\"><\/a><\/p>\n<p>[\/et_pb_text][\/et_pb_column][et_pb_column type=\u00a0\u00bb1_4&Prime;][et_pb_text admin_label=\u00a0\u00bbTexte\u00a0\u00bb background_layout=\u00a0\u00bblight\u00a0\u00bb text_orientation=\u00a0\u00bbleft\u00a0\u00bb text_font_size=\u00a0\u00bb14&Prime; background_color=\u00a0\u00bb#cccccc\u00a0\u00bb use_border_color=\u00a0\u00bboff\u00a0\u00bb border_color=\u00a0\u00bb#ffffff\u00a0\u00bb border_style=\u00a0\u00bbsolid\u00a0\u00bb custom_margin=\u00a0\u00bb50px||10px|\u00a0\u00bb custom_padding=\u00a0\u00bb10px|10px|10px|10px\u00a0\u00bb custom_css_main_element=\u00a0\u00bb -moz-box-shadow: 5px 5px 5px 0px #dad7d7;||-webkit-box-shadow: 5px 5px 5px 0px #dad7d7;|| -o-box-shadow: 5px 5px 5px 0px #dad7d7;||box-shadow: 5px 5px 5px 0px #dad7d7;|| \/* filter: progid:DXImageTransform.Microsoft.Shadow(color=#dad7d7,Direction=134,Strength=5); *\/|| -moz-border-radius: 7px;||-webkit-border-radius: 7px;||border-radius: 7px;\u00a0\u00bb]<\/p>\n<h1 style=\"text-align: center\"><a href=\"http:\/\/maisb.fr\/libertaire\/?page_id=229\">PO\u00c9SIE<\/a><\/h1>\n<p><a href=\"http:\/\/maisb.fr\/libertaire\/?page_id=229\" rel=\"attachment wp-att-1376\"><img loading=\"lazy\" decoding=\"async\" class=\"alignnone size-full wp-image-1376\" src=\"http:\/\/maisb.fr\/wp-content\/uploads\/sites\/5\/2015\/10\/poeme.jpg\" alt=\"poeme\" width=\"300\" height=\"226\"><\/a><\/p>\n<p>[\/et_pb_text][\/et_pb_column][et_pb_column type=\u00a0\u00bb1_4&Prime;][et_pb_text admin_label=\u00a0\u00bbTexte\u00a0\u00bb background_layout=\u00a0\u00bblight\u00a0\u00bb text_orientation=\u00a0\u00bbleft\u00a0\u00bb text_font_size=\u00a0\u00bb14&Prime; background_color=\u00a0\u00bb#cccccc\u00a0\u00bb use_border_color=\u00a0\u00bboff\u00a0\u00bb border_color=\u00a0\u00bb#ffffff\u00a0\u00bb border_style=\u00a0\u00bbsolid\u00a0\u00bb custom_margin=\u00a0\u00bb50px||10px|\u00a0\u00bb custom_padding=\u00a0\u00bb10px|10px|10px|10px\u00a0\u00bb custom_css_main_element=\u00a0\u00bb -moz-box-shadow: 5px 5px 5px 0px #dad7d7;||-webkit-box-shadow: 5px 5px 5px 0px #dad7d7;|| -o-box-shadow: 5px 5px 5px 0px #dad7d7;||box-shadow: 5px 5px 5px 0px #dad7d7;|| \/* filter: progid:DXImageTransform.Microsoft.Shadow(color=#dad7d7,Direction=134,Strength=5); *\/|| -moz-border-radius: 7px;||-webkit-border-radius: 7px;||border-radius: 7px;\u00a0\u00bb]<\/p>\n<h1 style=\"text-align: center\"><a href=\"http:\/\/maisb.fr\/libertaire\/?page_id=115\">CHANSONS<\/a><\/h1>\n<p><a href=\"http:\/\/maisb.fr\/libertaire\/?page_id=115\" rel=\"attachment wp-att-1374\"><img loading=\"lazy\" decoding=\"async\" class=\"alignnone size-full wp-image-1374\" src=\"http:\/\/maisb.fr\/wp-content\/uploads\/sites\/5\/2015\/10\/chanson.jpg\" alt=\"chanson\" width=\"300\" height=\"226\"><\/a><\/p>\n<p>[\/et_pb_text][\/et_pb_column][et_pb_column type=\u00a0\u00bb1_4&Prime;][et_pb_text admin_label=\u00a0\u00bbTexte\u00a0\u00bb background_layout=\u00a0\u00bblight\u00a0\u00bb text_orientation=\u00a0\u00bbleft\u00a0\u00bb text_font_size=\u00a0\u00bb14&Prime; background_color=\u00a0\u00bb#cccccc\u00a0\u00bb use_border_color=\u00a0\u00bboff\u00a0\u00bb border_color=\u00a0\u00bb#ffffff\u00a0\u00bb border_style=\u00a0\u00bbsolid\u00a0\u00bb custom_margin=\u00a0\u00bb50px||10px|\u00a0\u00bb custom_padding=\u00a0\u00bb10px|10px|10px|10px\u00a0\u00bb custom_css_main_element=\u00a0\u00bb -moz-box-shadow: 5px 5px 5px 0px #dad7d7;||-webkit-box-shadow: 5px 5px 5px 0px #dad7d7;|| -o-box-shadow: 5px 5px 5px 0px #dad7d7;||box-shadow: 5px 5px 5px 0px #dad7d7;|| \/* filter: progid:DXImageTransform.Microsoft.Shadow(color=#dad7d7,Direction=134,Strength=5); *\/|| -moz-border-radius: 7px;||-webkit-border-radius: 7px;||border-radius: 7px;\u00a0\u00bb]<\/p>\n<h1 style=\"text-align: center\"><a href=\"http:\/\/maisb.fr\/libertaire\/?page_id=77\">BIOGRAPHIE<\/a><\/h1>\n<p><a href=\"http:\/\/maisb.fr\/libertaire\/?page_id=77\" rel=\"attachment wp-att-1373\"><img loading=\"lazy\" decoding=\"async\" class=\"alignnone size-full wp-image-1373\" src=\"http:\/\/maisb.fr\/wp-content\/uploads\/sites\/5\/2015\/10\/bio.jpg\" alt=\"bio\" width=\"300\" height=\"226\"><\/a><\/p>\n<p>[\/et_pb_text][\/et_pb_column][\/et_pb_row][\/et_pb_section]<\/p>\n","protected":false},"excerpt":{"rendered":"<p>LE COIN DU LIBERTAIRE &nbsp; Dans \u00ab\u00a0le coin du libertaire\u00a0\u00bb, je vais essayer de parler de ce que j&rsquo;aime, de ce qui me touche, de ce qui m&rsquo;\u00e9nerve, de ce qui me fait rire. Pas de sujet tabou, juste une envie de vous faire partager ce qui me fait avancer dans la vie. Je vais [&hellip;]<\/p>\n","protected":false},"author":1,"featured_media":0,"parent":0,"menu_order":0,"comment_status":"open","ping_status":"closed","template":"","meta":{"_et_pb_use_builder":"on","_et_pb_old_content":"<p>Voici un exemple de page. Elle est diff\u00e9rente d'un article de blog, en cela qu'elle restera \u00e0 la m\u00eame place, et s'affichera dans le menu de navigation de votre site (en fonction de votre th\u00e8me). La plupart des gens commencent par \u00e9crire une page \u00ab \u00c0 Propos \u00bb qui les pr\u00e9sente aux visiteurs potentiels du site. Vous pourriez y \u00e9crire quelque chose de ce tenant :<\/p><blockquote><p>Bonjour ! Je suis un m\u00e9canicien qui aspire \u00e0 devenir un acteur, et voici mon blog. J'habite \u00e0 Bordeaux, j'ai un super chien baptis\u00e9 Russell, et j'aime la vodka-ananas (ainsi que regarder la pluie tomber).<\/p><\/blockquote><p>...ou bien quelque chose comme \u00e7a :<\/p><blockquote><p>La soci\u00e9t\u00e9 123 Machin Truc a \u00e9t\u00e9 cr\u00e9\u00e9e en 1971, et n'a cess\u00e9 de proposer au public des machins-trucs de qualit\u00e9 depuis lors. Situ\u00e9e \u00e0 Saint-Remy-en-Bouzemont-Saint-Genest-et-Isson, 123 Machin Truc emploie 2 000 personnes, et fabrique toutes sortes de bidules super pour la communaut\u00e9 bouzemontoise.<\/p><\/blockquote><p>\u00c9tant donn\u00e9 que vous \u00eates un nouvel utilisateur de WordPress, vous devriez vous rendre sur votre <a href=\"http:\/\/bar.maisb.fr\/wp-admin\/\">tableau de bord<\/a> pour effacer la pr\u00e9sente page, et cr\u00e9er de nouvelles pages avec votre propre contenu. Amusez-vous bien !<\/p>","_et_gb_content_width":"","footnotes":""},"class_list":["post-1096","page","type-page","status-publish","hentry"],"aioseo_notices":[],"_links":{"self":[{"href":"http:\/\/maisb.fr\/libertaire\/wp-json\/wp\/v2\/pages\/1096","targetHints":{"allow":["GET"]}}],"collection":[{"href":"http:\/\/maisb.fr\/libertaire\/wp-json\/wp\/v2\/pages"}],"about":[{"href":"http:\/\/maisb.fr\/libertaire\/wp-json\/wp\/v2\/types\/page"}],"author":[{"embeddable":true,"href":"http:\/\/maisb.fr\/libertaire\/wp-json\/wp\/v2\/users\/1"}],"replies":[{"embeddable":true,"href":"http:\/\/maisb.fr\/libertaire\/wp-json\/wp\/v2\/comments?post=1096"}],"version-history":[{"count":5,"href":"http:\/\/maisb.fr\/libertaire\/wp-json\/wp\/v2\/pages\/1096\/revisions"}],"predecessor-version":[{"id":1123,"href":"http:\/\/maisb.fr\/libertaire\/wp-json\/wp\/v2\/pages\/1096\/revisions\/1123"}],"wp:attachment":[{"href":"http:\/\/maisb.fr\/libertaire\/wp-json\/wp\/v2\/media?parent=1096"}],"curies":[{"name":"wp","href":"https:\/\/api.w.org\/{rel}","templated":true}]}}