{"id":229,"date":"2015-10-16T14:32:40","date_gmt":"2015-10-16T13:32:40","guid":{"rendered":"http:\/\/bar.maisb.fr\/?page_id=229"},"modified":"2016-02-07T11:52:04","modified_gmt":"2016-02-07T10:52:04","slug":"poesie","status":"publish","type":"page","link":"http:\/\/maisb.fr\/libertaire\/poesie\/","title":{"rendered":"Po\u00e9sie"},"content":{"rendered":"<p>[et_pb_section admin_label=\u00a0\u00bbsection\u00a0\u00bb transparent_background=\u00a0\u00bboff\u00a0\u00bb allow_player_pause=\u00a0\u00bboff\u00a0\u00bb inner_shadow=\u00a0\u00bboff\u00a0\u00bb parallax=\u00a0\u00bboff\u00a0\u00bb parallax_method=\u00a0\u00bboff\u00a0\u00bb padding_mobile=\u00a0\u00bboff\u00a0\u00bb make_fullwidth=\u00a0\u00bboff\u00a0\u00bb use_custom_width=\u00a0\u00bboff\u00a0\u00bb width_unit=\u00a0\u00bbon\u00a0\u00bb make_equal=\u00a0\u00bboff\u00a0\u00bb use_custom_gutter=\u00a0\u00bboff\u00a0\u00bb gutter_width=\u00a0\u00bb3&Prime;][et_pb_row admin_label=\u00a0\u00bbrow\u00a0\u00bb make_fullwidth=\u00a0\u00bboff\u00a0\u00bb use_custom_width=\u00a0\u00bboff\u00a0\u00bb width_unit=\u00a0\u00bbon\u00a0\u00bb use_custom_gutter=\u00a0\u00bboff\u00a0\u00bb gutter_width=\u00a0\u00bb3&Prime; padding_mobile=\u00a0\u00bboff\u00a0\u00bb allow_player_pause=\u00a0\u00bboff\u00a0\u00bb parallax=\u00a0\u00bboff\u00a0\u00bb parallax_method=\u00a0\u00bboff\u00a0\u00bb make_equal=\u00a0\u00bboff\u00a0\u00bb parallax_1=\u00a0\u00bboff\u00a0\u00bb parallax_method_1=\u00a0\u00bboff\u00a0\u00bb column_padding_mobile=\u00a0\u00bbon\u00a0\u00bb padding_bottom_1=\u00a0\u00bb0px\u00a0\u00bb][et_pb_column type=\u00a0\u00bb4_4&Prime;][et_pb_text admin_label=\u00a0\u00bbTexte\u00a0\u00bb background_layout=\u00a0\u00bblight\u00a0\u00bb text_orientation=\u00a0\u00bbleft\u00a0\u00bb text_font_size=\u00a0\u00bb14&Prime; use_border_color=\u00a0\u00bboff\u00a0\u00bb border_color=\u00a0\u00bb#ffffff\u00a0\u00bb border_style=\u00a0\u00bbsolid\u00a0\u00bb custom_margin=\u00a0\u00bb50px||50px|\u00a0\u00bb custom_padding=\u00a0\u00bb0px|0px|0px|0px\u00a0\u00bb]<\/p>\n<h1>Po\u00e8tes, vos papiers !<\/h1>\n<p style=\"text-align: justify\"><span style=\"font-size: x-large\">Paul Val\u00e9ry disait: \u00ab\u00a0un po\u00e8me a bien s\u00fbr une valeur en soi, mais il a surtout la valeur que lui donne celui qui le go\u00fbte, celui qui le lit, celui qui le chante, celui qui l\u2019aime\u00a0\u00bb.<br \/>\nToute ma vie j\u2019ai \u00e9t\u00e9 passionn\u00e9 par la po\u00e9sie. Vers l\u2019\u00e2ge de trente ans j\u2019ai d\u00e9cid\u00e9 d\u2019apprendre tous les ans un nouveau texte, la premi\u00e8re ann\u00e9e il me fallut en retenir trente, mais depuis cette remise \u00e0 jour\u00a0un seul par an suffit.<br \/>\nC&rsquo;est une gymnastique de l\u2019esprit qui devient vite indispensable.<br \/>\nLe bouddhiste r\u00e9cite ses mantras, moi je r\u00e9cite mes po\u00e8mes.<br \/>\nSi vous les aimez, vous trouverez dans ces textes le repaire sacr\u00e9 de mes \u00e9motions, les r\u00eaves secrets de mon coeur, le miel de ma vie.<br \/>\nJe les ai tous choisis avec une tr\u00e8s grande minutie car d\u00e8s qu\u2019ils entrent dans mon \u00ab\u00a0Panth\u00e9on\u00a0\u00bb, ils m\u2019accompagnent tous les jours&#8230;<\/span><\/p>\n<p>[\/et_pb_text][\/et_pb_column][\/et_pb_row][et_pb_row admin_label=\u00a0\u00bbrow\u00a0\u00bb make_fullwidth=\u00a0\u00bbon\u00a0\u00bb use_custom_width=\u00a0\u00bboff\u00a0\u00bb width_unit=\u00a0\u00bbon\u00a0\u00bb use_custom_gutter=\u00a0\u00bboff\u00a0\u00bb gutter_width=\u00a0\u00bb3&Prime; padding_mobile=\u00a0\u00bboff\u00a0\u00bb allow_player_pause=\u00a0\u00bboff\u00a0\u00bb parallax=\u00a0\u00bboff\u00a0\u00bb parallax_method=\u00a0\u00bboff\u00a0\u00bb make_equal=\u00a0\u00bboff\u00a0\u00bb parallax_1=\u00a0\u00bboff\u00a0\u00bb parallax_method_1=\u00a0\u00bboff\u00a0\u00bb column_padding_mobile=\u00a0\u00bbon\u00a0\u00bb background_color=\u00a0\u00bb#ff0000&Prime; custom_padding=\u00a0\u00bb||0px|\u00a0\u00bb][et_pb_column type=\u00a0\u00bb4_4&Prime;][et_pb_text admin_label=\u00a0\u00bbTexte\u00a0\u00bb background_layout=\u00a0\u00bblight\u00a0\u00bb text_orientation=\u00a0\u00bbleft\u00a0\u00bb text_font_size=\u00a0\u00bb14&Prime; use_border_color=\u00a0\u00bboff\u00a0\u00bb border_color=\u00a0\u00bb#ffffff\u00a0\u00bb border_style=\u00a0\u00bbsolid\u00a0\u00bb custom_margin=\u00a0\u00bb0px||0px|\u00a0\u00bb]<\/p>\n<p>\r\n\t\t\t\t\t\n\r\n\t\t\t\t\t<!-- START UNITE GALLERY 1.7.62 -->\r\n\t\t\t\t\t\r\n\t\t\t\t\n\t\t\t<div id='unitegallery_9_1' class='unite-gallery' style='margin:0px auto;'>\n\t\t\t\t\n\n\t\t\t\t\t\t<img decoding=\"async\" alt=\"rutebeuf\"\n\t\t\t\t\t\t     src=\"\" data-image=\"http:\/\/maisb.fr\/libertaire\/wp-content\/uploads\/sites\/5\/2015\/12\/rutebeuf.jpg\"\n\t\t\t\t\t\t     data-thumb=\"http:\/\/maisb.fr\/libertaire\/wp-content\/uploads\/sites\/5\/2015\/12\/rutebeuf-300x207.jpg\"\n\t\t\t\t\t\t     title=\"\"\n\t\t\t\t\t\t     style=\"display:none\">\n\n\t\t\t\t\t\t<img decoding=\"async\" alt=\"ballade\"\n\t\t\t\t\t\t     src=\"\" data-image=\"http:\/\/maisb.fr\/libertaire\/wp-content\/uploads\/sites\/5\/2015\/12\/ballade.jpg\"\n\t\t\t\t\t\t     data-thumb=\"http:\/\/maisb.fr\/libertaire\/wp-content\/uploads\/sites\/5\/2015\/12\/ballade-300x207.jpg\"\n\t\t\t\t\t\t     title=\"\"\n\t\t\t\t\t\t     style=\"display:none\">\n\n\t\t\t\t\t\t<img decoding=\"async\" alt=\"beaute\"\n\t\t\t\t\t\t     src=\"\" data-image=\"http:\/\/maisb.fr\/libertaire\/wp-content\/uploads\/sites\/5\/2015\/12\/beaute.jpg\"\n\t\t\t\t\t\t     data-thumb=\"http:\/\/maisb.fr\/libertaire\/wp-content\/uploads\/sites\/5\/2015\/12\/beaute-300x207.jpg\"\n\t\t\t\t\t\t     title=\"\"\n\t\t\t\t\t\t     style=\"display:none\">\n\n\t\t\t\t\t\t<img decoding=\"async\" alt=\"ideal\"\n\t\t\t\t\t\t     src=\"\" data-image=\"http:\/\/maisb.fr\/libertaire\/wp-content\/uploads\/sites\/5\/2015\/12\/ideal.jpg\"\n\t\t\t\t\t\t     data-thumb=\"http:\/\/maisb.fr\/libertaire\/wp-content\/uploads\/sites\/5\/2015\/12\/ideal-300x207.jpg\"\n\t\t\t\t\t\t     title=\"\"\n\t\t\t\t\t\t     style=\"display:none\">\n\n\t\t\t\t\t\t<img decoding=\"async\" alt=\"ennemi\"\n\t\t\t\t\t\t     src=\"\" data-image=\"http:\/\/maisb.fr\/libertaire\/wp-content\/uploads\/sites\/5\/2015\/12\/ennemi.jpg\"\n\t\t\t\t\t\t     data-thumb=\"http:\/\/maisb.fr\/libertaire\/wp-content\/uploads\/sites\/5\/2015\/12\/ennemi-300x207.jpg\"\n\t\t\t\t\t\t     title=\"\"\n\t\t\t\t\t\t     style=\"display:none\">\n\n\t\t\t\t\t\t<img decoding=\"async\" alt=\"sed\"\n\t\t\t\t\t\t     src=\"\" data-image=\"http:\/\/maisb.fr\/libertaire\/wp-content\/uploads\/sites\/5\/2015\/12\/sed.jpg\"\n\t\t\t\t\t\t     data-thumb=\"http:\/\/maisb.fr\/libertaire\/wp-content\/uploads\/sites\/5\/2015\/12\/sed-300x207.jpg\"\n\t\t\t\t\t\t     title=\"\"\n\t\t\t\t\t\t     style=\"display:none\">\n\n\t\t\t\t\t\t<img decoding=\"async\" alt=\"spleen\"\n\t\t\t\t\t\t     src=\"\" data-image=\"http:\/\/maisb.fr\/libertaire\/wp-content\/uploads\/sites\/5\/2015\/12\/spleen.jpg\"\n\t\t\t\t\t\t     data-thumb=\"http:\/\/maisb.fr\/libertaire\/wp-content\/uploads\/sites\/5\/2015\/12\/spleen-300x207.jpg\"\n\t\t\t\t\t\t     title=\"\"\n\t\t\t\t\t\t     style=\"display:none\">\n\n\t\t\t\t\t\t<img decoding=\"async\" alt=\"madonne\"\n\t\t\t\t\t\t     src=\"\" data-image=\"http:\/\/maisb.fr\/libertaire\/wp-content\/uploads\/sites\/5\/2015\/12\/madonne.jpg\"\n\t\t\t\t\t\t     data-thumb=\"http:\/\/maisb.fr\/libertaire\/wp-content\/uploads\/sites\/5\/2015\/12\/madonne-300x207.jpg\"\n\t\t\t\t\t\t     title=\"\"\n\t\t\t\t\t\t     style=\"display:none\">\n\n\t\t\t\t\t\t<img decoding=\"async\" alt=\"marizibill\"\n\t\t\t\t\t\t     src=\"\" data-image=\"http:\/\/maisb.fr\/libertaire\/wp-content\/uploads\/sites\/5\/2015\/12\/marizibill.jpg\"\n\t\t\t\t\t\t     data-thumb=\"http:\/\/maisb.fr\/libertaire\/wp-content\/uploads\/sites\/5\/2015\/12\/marizibill-300x207.jpg\"\n\t\t\t\t\t\t     title=\"\"\n\t\t\t\t\t\t     style=\"display:none\">\n\n\t\t\t\t\t\t<img decoding=\"async\" alt=\"enterrement-verlaine\"\n\t\t\t\t\t\t     src=\"\" data-image=\"http:\/\/maisb.fr\/libertaire\/wp-content\/uploads\/sites\/5\/2015\/12\/enterrement-verlaine.jpg\"\n\t\t\t\t\t\t     data-thumb=\"http:\/\/maisb.fr\/libertaire\/wp-content\/uploads\/sites\/5\/2015\/12\/enterrement-verlaine-300x207.jpg\"\n\t\t\t\t\t\t     title=\"\"\n\t\t\t\t\t\t     style=\"display:none\">\n\n\t\t\t\t\t\t<img decoding=\"async\" alt=\"marche\"\n\t\t\t\t\t\t     src=\"\" data-image=\"http:\/\/maisb.fr\/libertaire\/wp-content\/uploads\/sites\/5\/2015\/12\/marche.jpg\"\n\t\t\t\t\t\t     data-thumb=\"http:\/\/maisb.fr\/libertaire\/wp-content\/uploads\/sites\/5\/2015\/12\/marche-300x207.jpg\"\n\t\t\t\t\t\t     title=\"\"\n\t\t\t\t\t\t     style=\"display:none\">\n\n\t\t\t\t\t\t<img decoding=\"async\" alt=\"testament\"\n\t\t\t\t\t\t     src=\"\" data-image=\"http:\/\/maisb.fr\/libertaire\/wp-content\/uploads\/sites\/5\/2015\/12\/testament.jpg\"\n\t\t\t\t\t\t     data-thumb=\"http:\/\/maisb.fr\/libertaire\/wp-content\/uploads\/sites\/5\/2015\/12\/testament-300x207.jpg\"\n\t\t\t\t\t\t     title=\"\"\n\t\t\t\t\t\t     style=\"display:none\">\n\t\t\t<\/div>\n\n\t\t\t<script type='text\/javascript'>\n\t\t\t\twindow.onload = function(e) {\n\t\t\t\t\tif(typeof ugCheckForErrors == \"undefined\"){\n\t\t\t\t\t\tdocument.getElementById(\"unitegallery_9_1\").innerHTML = \"<span style='color:red'>Unite Gallery Error - gallery js and css files not included in the footer. Please make sure that wp_footer() function is added to your theme.<\/span>\";}\n\t\t\t\t\telse{ ugCheckForErrors(\"unitegallery_9_1\", \"jquery\");}\n\t\t\t\t};\n\t\t\t<\/script>\n\n\t\t\t<!-- END UNITEGALLERY --><\/p>\n<p>[\/et_pb_text][\/et_pb_column][\/et_pb_row][\/et_pb_section]<\/p>\n","protected":false},"excerpt":{"rendered":"<p>Po\u00e8tes, vos papiers ! Paul Val\u00e9ry disait: \u00ab\u00a0un po\u00e8me a bien s\u00fbr une valeur en soi, mais il a surtout la valeur que lui donne celui qui le go\u00fbte, celui qui le lit, celui qui le chante, celui qui l\u2019aime\u00a0\u00bb. Toute ma vie j\u2019ai \u00e9t\u00e9 passionn\u00e9 par la po\u00e9sie. Vers l\u2019\u00e2ge de trente ans j\u2019ai [&hellip;]<\/p>\n","protected":false},"author":1,"featured_media":0,"parent":0,"menu_order":0,"comment_status":"open","ping_status":"closed","template":"","meta":{"_et_pb_use_builder":"on","_et_pb_old_content":"","_et_gb_content_width":"","footnotes":""},"class_list":["post-229","page","type-page","status-publish","hentry"],"aioseo_notices":[],"_links":{"self":[{"href":"http:\/\/maisb.fr\/libertaire\/wp-json\/wp\/v2\/pages\/229","targetHints":{"allow":["GET"]}}],"collection":[{"href":"http:\/\/maisb.fr\/libertaire\/wp-json\/wp\/v2\/pages"}],"about":[{"href":"http:\/\/maisb.fr\/libertaire\/wp-json\/wp\/v2\/types\/page"}],"author":[{"embeddable":true,"href":"http:\/\/maisb.fr\/libertaire\/wp-json\/wp\/v2\/users\/1"}],"replies":[{"embeddable":true,"href":"http:\/\/maisb.fr\/libertaire\/wp-json\/wp\/v2\/comments?post=229"}],"version-history":[{"count":1,"href":"http:\/\/maisb.fr\/libertaire\/wp-json\/wp\/v2\/pages\/229\/revisions"}],"predecessor-version":[{"id":1120,"href":"http:\/\/maisb.fr\/libertaire\/wp-json\/wp\/v2\/pages\/229\/revisions\/1120"}],"wp:attachment":[{"href":"http:\/\/maisb.fr\/libertaire\/wp-json\/wp\/v2\/media?parent=229"}],"curies":[{"name":"wp","href":"https:\/\/api.w.org\/{rel}","templated":true}]}}