{"id":77,"date":"2015-10-14T16:11:18","date_gmt":"2015-10-14T15:11:18","guid":{"rendered":"http:\/\/bar.maisb.fr\/?page_id=77"},"modified":"2016-02-07T11:50:32","modified_gmt":"2016-02-07T10:50:32","slug":"bio","status":"publish","type":"page","link":"http:\/\/maisb.fr\/libertaire\/bio\/","title":{"rendered":"Bio"},"content":{"rendered":"<p>[et_pb_section admin_label=\u00a0\u00bbsection\u00a0\u00bb][et_pb_row admin_label=\u00a0\u00bbrow\u00a0\u00bb][et_pb_column type=\u00a0\u00bb1_2&Prime;][et_pb_text admin_label=\u00a0\u00bbTexte\u00a0\u00bb background_layout=\u00a0\u00bblight\u00a0\u00bb text_orientation=\u00a0\u00bbleft\u00a0\u00bb text_font_size=\u00a0\u00bb14&Prime; background_color=\u00a0\u00bb#cccccc\u00a0\u00bb use_border_color=\u00a0\u00bboff\u00a0\u00bb border_color=\u00a0\u00bb#ffffff\u00a0\u00bb border_style=\u00a0\u00bbsolid\u00a0\u00bb custom_margin=\u00a0\u00bb50px||10px|\u00a0\u00bb custom_padding=\u00a0\u00bb10px|10px|10px|10px\u00a0\u00bb custom_css_main_element=\u00a0\u00bb -moz-box-shadow: 5px 5px 5px 0px #dad7d7;||-webkit-box-shadow: 5px 5px 5px 0px #dad7d7;|| -o-box-shadow: 5px 5px 5px 0px #dad7d7;||box-shadow: 5px 5px 5px 0px #dad7d7;|| \/* filter: progid:DXImageTransform.Microsoft.Shadow(color=#dad7d7,Direction=134,Strength=5); *\/|| -moz-border-radius: 7px;||-webkit-border-radius: 7px;||border-radius: 7px;\u00a0\u00bb]<\/p>\n<h2><a href=\"http:\/\/maisb.fr\/wp-content\/uploads\/sites\/5\/2015\/12\/chap1.pdf\" target=\"_blank\">Dictes moy o\u00f9, n\u2019en quel pays<\/a><\/h2>\n<p><strong>Chapitre 1<\/strong><a href=\"http:\/\/maisb.fr\/wp-content\/uploads\/sites\/5\/2015\/12\/chap1.pdf\" target=\"blank\" rel=\"attachment wp-att-1341\"><img loading=\"lazy\" decoding=\"async\" class=\"alignnone size-full wp-image-1341\" src=\"http:\/\/maisb.fr\/wp-content\/uploads\/sites\/5\/2015\/10\/chap1-1.jpg\" alt=\"chap1\" width=\"1024\" height=\"668\"><\/a><\/p>\n<p><span style=\"font-size: x-large\">Je suis n\u00e9 le 2 juillet 1958 \u00e0 la maternit\u00e9 Protestante de Bordeaux-Bagatelle. Malgr\u00e9 un parcours irr\u00e9prochable&#8230;<\/span><\/p>\n<p style=\"text-align: right\"><a href='http:\/\/maisb.fr\/wp-content\/uploads\/sites\/5\/2015\/12\/chap1.pdf' class='small-button smallred' target=\"_blank\">VOIR LA SUITE<\/a>\n<\/p>\n<p>[\/et_pb_text][\/et_pb_column][et_pb_column type=\u00a0\u00bb1_2&Prime;][et_pb_text admin_label=\u00a0\u00bbTexte\u00a0\u00bb background_layout=\u00a0\u00bblight\u00a0\u00bb text_orientation=\u00a0\u00bbleft\u00a0\u00bb text_font_size=\u00a0\u00bb14&Prime; background_color=\u00a0\u00bb#cccccc\u00a0\u00bb use_border_color=\u00a0\u00bboff\u00a0\u00bb border_color=\u00a0\u00bb#ffffff\u00a0\u00bb border_style=\u00a0\u00bbsolid\u00a0\u00bb custom_margin=\u00a0\u00bb50px||10px|\u00a0\u00bb custom_padding=\u00a0\u00bb10px|10px|10px|10px\u00a0\u00bb custom_css_main_element=\u00a0\u00bb -moz-box-shadow: 5px 5px 5px 0px #dad7d7;||-webkit-box-shadow: 5px 5px 5px 0px #dad7d7;|| -o-box-shadow: 5px 5px 5px 0px #dad7d7;||box-shadow: 5px 5px 5px 0px #dad7d7;|| \/* filter: progid:DXImageTransform.Microsoft.Shadow(color=#dad7d7,Direction=134,Strength=5); *\/|| -moz-border-radius: 7px;||-webkit-border-radius: 7px;||border-radius: 7px;\u00a0\u00bb]<\/p>\n<h2><a href=\"http:\/\/maisb.fr\/wp-content\/uploads\/sites\/5\/2015\/12\/chap2.pdf\" target=\"_blank\">Mets une chouette dans ton <i class=\"fa fa-heart\"><\/i><\/a><\/h2>\n<p><strong>Chapitre 2<\/strong><br \/>\n<a href=\"http:\/\/maisb.fr\/wp-content\/uploads\/sites\/5\/2015\/12\/chap2.pdf\" target=\"blank\" rel=\"attachment wp-att-1291\"><img loading=\"lazy\" decoding=\"async\" class=\"alignnone size-full wp-image-1291\" src=\"http:\/\/maisb.fr\/wp-content\/uploads\/sites\/5\/2015\/10\/chap2-1.jpg\" alt=\"chap2\" width=\"1080\" height=\"701\"><\/a><\/p>\n<p><span style=\"font-size: x-large\">Puis arrive Mai 68, \u00ab les \u00e9v\u00e9nements \u00bb comme on disait \u00e0 l\u2019\u00e9poque. La plupart des ouvriers de l\u2019entreprise se mettent en gr\u00e8ve&#8230;<\/span><\/p>\n<p style=\"text-align: right\"><a href='http:\/\/maisb.fr\/wp-content\/uploads\/sites\/5\/2015\/12\/chap2.pdf' class='small-button smallred' target=\"_blank\">VOIR LA SUITE<\/a>\n<\/p>\n<p>[\/et_pb_text][\/et_pb_column][\/et_pb_row][et_pb_row admin_label=\u00a0\u00bbLigne\u00a0\u00bb][et_pb_column type=\u00a0\u00bb1_2&Prime;][et_pb_text admin_label=\u00a0\u00bbTexte\u00a0\u00bb background_layout=\u00a0\u00bblight\u00a0\u00bb text_orientation=\u00a0\u00bbleft\u00a0\u00bb text_font_size=\u00a0\u00bb14&Prime; background_color=\u00a0\u00bb#cccccc\u00a0\u00bb use_border_color=\u00a0\u00bboff\u00a0\u00bb border_color=\u00a0\u00bb#ffffff\u00a0\u00bb border_style=\u00a0\u00bbsolid\u00a0\u00bb custom_margin=\u00a0\u00bb50px||10px|\u00a0\u00bb custom_padding=\u00a0\u00bb10px|10px|10px|10px\u00a0\u00bb custom_css_main_element=\u00a0\u00bb -moz-box-shadow: 5px 5px 5px 0px #dad7d7;||-webkit-box-shadow: 5px 5px 5px 0px #dad7d7;|| -o-box-shadow: 5px 5px 5px 0px #dad7d7;||box-shadow: 5px 5px 5px 0px #dad7d7;|| \/* filter: progid:DXImageTransform.Microsoft.Shadow(color=#dad7d7,Direction=134,Strength=5); *\/|| -moz-border-radius: 7px;||-webkit-border-radius: 7px;||border-radius: 7px;\u00a0\u00bb]<\/p>\n<h2><a href=\"http:\/\/maisb.fr\/wp-content\/uploads\/sites\/5\/2015\/12\/chap3.pdf\" target=\"_blank\">\u00c9tudiant, poil au dent<\/a><\/h2>\n<p><strong>Chapitre 3<\/strong><br \/>\n<a href=\"http:\/\/maisb.fr\/wp-content\/uploads\/sites\/5\/2015\/12\/chap3.pdf\" target=\"blank\" rel=\"attachment wp-att-1292\"><img loading=\"lazy\" decoding=\"async\" class=\"alignnone size-full wp-image-1292\" src=\"http:\/\/maisb.fr\/wp-content\/uploads\/sites\/5\/2015\/10\/chap3-1.jpg\" alt=\"chap3\" width=\"1080\" height=\"716\"><\/a><\/p>\n<p><span style=\"font-size: x-large\">\u00c0 17 ans il est grand temps pour moi d\u2019essayer de gagner un peu d\u2019argent de poche&#8230;<\/span><\/p>\n<p style=\"text-align: right\"><a href='http:\/\/maisb.fr\/wp-content\/uploads\/sites\/5\/2015\/12\/chap3.pdf' class='small-button smallred' target=\"_blank\">VOIR LA SUITE<\/a>\n<\/p>\n<p>[\/et_pb_text][\/et_pb_column][et_pb_column type=\u00a0\u00bb1_2&Prime;][et_pb_text admin_label=\u00a0\u00bbTexte\u00a0\u00bb background_layout=\u00a0\u00bblight\u00a0\u00bb text_orientation=\u00a0\u00bbleft\u00a0\u00bb text_font_size=\u00a0\u00bb14&Prime; background_color=\u00a0\u00bb#cccccc\u00a0\u00bb use_border_color=\u00a0\u00bboff\u00a0\u00bb border_color=\u00a0\u00bb#ffffff\u00a0\u00bb border_style=\u00a0\u00bbsolid\u00a0\u00bb custom_margin=\u00a0\u00bb50px||10px|\u00a0\u00bb custom_padding=\u00a0\u00bb10px|10px|10px|10px\u00a0\u00bb custom_css_main_element=\u00a0\u00bb -moz-box-shadow: 5px 5px 5px 0px #dad7d7;||-webkit-box-shadow: 5px 5px 5px 0px #dad7d7;|| -o-box-shadow: 5px 5px 5px 0px #dad7d7;||box-shadow: 5px 5px 5px 0px #dad7d7;|| \/* filter: progid:DXImageTransform.Microsoft.Shadow(color=#dad7d7,Direction=134,Strength=5); *\/|| -moz-border-radius: 7px;||-webkit-border-radius: 7px;||border-radius: 7px;\u00a0\u00bb]<\/p>\n<h2><a href=\"http:\/\/maisb.fr\/wp-content\/uploads\/sites\/5\/2015\/12\/chap4.pdf\" target=\"_blank\">Au bois de mon c\u0153ur<\/a><\/h2>\n<p><strong>Chapitre 4<\/strong><br \/>\n<a href=\"http:\/\/maisb.fr\/wp-content\/uploads\/sites\/5\/2015\/12\/chap4.pdf\" target=\"blank\" rel=\"attachment wp-att-1293\"><img loading=\"lazy\" decoding=\"async\" class=\"alignnone size-full wp-image-1293\" src=\"http:\/\/maisb.fr\/wp-content\/uploads\/sites\/5\/2015\/10\/chap4-1.jpg\" alt=\"chap4\" width=\"1080\" height=\"743\"><\/a><\/p>\n<p><span style=\"font-size: x-large\">L\u2019ann\u00e9e 1981 commence par un \u00e9norme \u00e9clat de rire. Michel Colucci alias Coluche&#8230;<\/span><\/p>\n<p style=\"text-align: right\"><a href='http:\/\/maisb.fr\/wp-content\/uploads\/sites\/5\/2015\/12\/chap4.pdf' class='small-button smallred' target=\"_blank\">VOIR LA SUITE<\/a>\n<\/p>\n<p>[\/et_pb_text][\/et_pb_column][\/et_pb_row][et_pb_row admin_label=\u00a0\u00bbLigne\u00a0\u00bb][et_pb_column type=\u00a0\u00bb1_2&Prime;][et_pb_text admin_label=\u00a0\u00bbTexte\u00a0\u00bb background_layout=\u00a0\u00bblight\u00a0\u00bb text_orientation=\u00a0\u00bbleft\u00a0\u00bb text_font_size=\u00a0\u00bb14&Prime; background_color=\u00a0\u00bb#cccccc\u00a0\u00bb use_border_color=\u00a0\u00bboff\u00a0\u00bb border_color=\u00a0\u00bb#ffffff\u00a0\u00bb border_style=\u00a0\u00bbsolid\u00a0\u00bb custom_margin=\u00a0\u00bb50px||10px|\u00a0\u00bb custom_padding=\u00a0\u00bb10px|10px|10px|10px\u00a0\u00bb custom_css_main_element=\u00a0\u00bb -moz-box-shadow: 5px 5px 5px 0px #dad7d7;||-webkit-box-shadow: 5px 5px 5px 0px #dad7d7;|| -o-box-shadow: 5px 5px 5px 0px #dad7d7;||box-shadow: 5px 5px 5px 0px #dad7d7;|| \/* filter: progid:DXImageTransform.Microsoft.Shadow(color=#dad7d7,Direction=134,Strength=5); *\/|| -moz-border-radius: 7px;||-webkit-border-radius: 7px;||border-radius: 7px;\u00a0\u00bb]<\/p>\n<h2><a href=\"http:\/\/maisb.fr\/wp-content\/uploads\/sites\/5\/2015\/12\/chap5.pdf\" target=\"_blank\">Rastaman vibration<\/a><\/h2>\n<p><strong>Chapitre 5<\/strong><br \/>\n<a href=\"http:\/\/maisb.fr\/wp-content\/uploads\/sites\/5\/2015\/12\/chap5.pdf\" target=\"blank\" rel=\"attachment wp-att-1294\"><img loading=\"lazy\" decoding=\"async\" class=\"alignnone size-full wp-image-1294\" src=\"http:\/\/maisb.fr\/wp-content\/uploads\/sites\/5\/2015\/10\/chap5.jpg\" alt=\"chap5\" width=\"1024\" height=\"668\"><\/a><\/p>\n<p><span style=\"font-size: x-large\">La saison d\u2019\u00e9t\u00e9 1982 est une apoth\u00e9ose pour \u00ab La Pa\u00eblla \u00bb. On a r\u00e9ussi \u00e0 gommer toutes les imperfections de la premi\u00e8re ann\u00e9e&#8230;<\/span><\/p>\n<p style=\"text-align: right\"><a href='http:\/\/maisb.fr\/wp-content\/uploads\/sites\/5\/2015\/12\/chap5.pdf' class='small-button smallred' target=\"_blank\">VOIR LA SUITE<\/a>\n<\/p>\n<p>[\/et_pb_text][\/et_pb_column][et_pb_column type=\u00a0\u00bb1_2&Prime;][et_pb_text admin_label=\u00a0\u00bbTexte\u00a0\u00bb background_layout=\u00a0\u00bblight\u00a0\u00bb text_orientation=\u00a0\u00bbleft\u00a0\u00bb text_font_size=\u00a0\u00bb14&Prime; background_color=\u00a0\u00bb#cccccc\u00a0\u00bb use_border_color=\u00a0\u00bboff\u00a0\u00bb border_color=\u00a0\u00bb#ffffff\u00a0\u00bb border_style=\u00a0\u00bbsolid\u00a0\u00bb custom_margin=\u00a0\u00bb50px||10px|\u00a0\u00bb custom_padding=\u00a0\u00bb10px|10px|10px|10px\u00a0\u00bb custom_css_main_element=\u00a0\u00bb -moz-box-shadow: 5px 5px 5px 0px #dad7d7;||-webkit-box-shadow: 5px 5px 5px 0px #dad7d7;|| -o-box-shadow: 5px 5px 5px 0px #dad7d7;||box-shadow: 5px 5px 5px 0px #dad7d7;|| \/* filter: progid:DXImageTransform.Microsoft.Shadow(color=#dad7d7,Direction=134,Strength=5); *\/|| -moz-border-radius: 7px;||-webkit-border-radius: 7px;||border-radius: 7px;\u00a0\u00bb]<\/p>\n<h2><a href=\"http:\/\/maisb.fr\/wp-content\/uploads\/sites\/5\/2015\/12\/chap6.pdf\" target=\"_blank\">Invitation au voyage<\/a><\/h2>\n<p><strong>Chapitre 6<\/strong><br \/>\n<a href=\"http:\/\/maisb.fr\/wp-content\/uploads\/sites\/5\/2015\/12\/chap6.pdf\" target=\"blank\" rel=\"attachment wp-att-1295\"><img loading=\"lazy\" decoding=\"async\" class=\"alignnone size-full wp-image-1295\" src=\"http:\/\/maisb.fr\/wp-content\/uploads\/sites\/5\/2015\/10\/chap6-1.jpg\" alt=\"chap6\" width=\"1024\" height=\"481\"><\/a><\/p>\n<p><span style=\"font-size: x-large\">L\u2019atterrissage \u00e0 Saint-Barth est assez sportif, la piste tr\u00e8s courte est coinc\u00e9e entre la mer et une colline vent\u00e9e&#8230;<\/span><\/p>\n<p style=\"text-align: right\"><a href='http:\/\/maisb.fr\/wp-content\/uploads\/sites\/5\/2015\/12\/chap6.pdf' class='small-button smallred' target=\"_blank\">VOIR LA SUITE<\/a>\n<\/p>\n<p>[\/et_pb_text][\/et_pb_column][\/et_pb_row][et_pb_row admin_label=\u00a0\u00bbLigne\u00a0\u00bb][et_pb_column type=\u00a0\u00bb1_2&Prime;][et_pb_text admin_label=\u00a0\u00bbTexte\u00a0\u00bb background_layout=\u00a0\u00bblight\u00a0\u00bb text_orientation=\u00a0\u00bbleft\u00a0\u00bb text_font_size=\u00a0\u00bb14&Prime; background_color=\u00a0\u00bb#cccccc\u00a0\u00bb use_border_color=\u00a0\u00bboff\u00a0\u00bb border_color=\u00a0\u00bb#ffffff\u00a0\u00bb border_style=\u00a0\u00bbsolid\u00a0\u00bb custom_margin=\u00a0\u00bb50px||10px|\u00a0\u00bb custom_padding=\u00a0\u00bb10px|10px|10px|10px\u00a0\u00bb custom_css_main_element=\u00a0\u00bb -moz-box-shadow: 5px 5px 5px 0px #dad7d7;||-webkit-box-shadow: 5px 5px 5px 0px #dad7d7;|| -o-box-shadow: 5px 5px 5px 0px #dad7d7;||box-shadow: 5px 5px 5px 0px #dad7d7;|| \/* filter: progid:DXImageTransform.Microsoft.Shadow(color=#dad7d7,Direction=134,Strength=5); *\/|| -moz-border-radius: 7px;||-webkit-border-radius: 7px;||border-radius: 7px;\u00a0\u00bb]<\/p>\n<h2><a href=\"http:\/\/maisb.fr\/wp-content\/uploads\/sites\/5\/2015\/12\/chap7.pdf\" target=\"_blank\">Au suivant &#8230;<\/a><\/h2>\n<p><strong>Chapitre 7<\/strong><br \/>\n<a href=\"http:\/\/maisb.fr\/wp-content\/uploads\/sites\/5\/2015\/12\/chap7.pdf\" target=\"blank\" rel=\"attachment wp-att-1296\"><img loading=\"lazy\" decoding=\"async\" class=\"alignnone size-full wp-image-1296\" src=\"http:\/\/maisb.fr\/wp-content\/uploads\/sites\/5\/2015\/10\/chap7-1.jpg\" alt=\"chap7\" width=\"1080\" height=\"719\"><\/a><\/p>\n<p><span style=\"font-size: x-large\">Les saisons d\u2019hiver et d\u2019\u00e9t\u00e9 1985 se d\u00e9roulent sans encombre, nous avons vraiment pris nos marques dans les deux stations&#8230;<\/span><\/p>\n<p style=\"text-align: right\"><a href='http:\/\/maisb.fr\/wp-content\/uploads\/sites\/5\/2015\/12\/chap7.pdf' class='small-button smallred' target=\"_blank\">VOIR LA SUITE<\/a>\n<\/p>\n<p>[\/et_pb_text][\/et_pb_column][et_pb_column type=\u00a0\u00bb1_2&Prime;][et_pb_text admin_label=\u00a0\u00bbTexte\u00a0\u00bb background_layout=\u00a0\u00bblight\u00a0\u00bb text_orientation=\u00a0\u00bbleft\u00a0\u00bb text_font_size=\u00a0\u00bb14&Prime; background_color=\u00a0\u00bb#cccccc\u00a0\u00bb use_border_color=\u00a0\u00bboff\u00a0\u00bb border_color=\u00a0\u00bb#ffffff\u00a0\u00bb border_style=\u00a0\u00bbsolid\u00a0\u00bb custom_margin=\u00a0\u00bb50px||10px|\u00a0\u00bb custom_padding=\u00a0\u00bb10px|10px|10px|10px\u00a0\u00bb custom_css_main_element=\u00a0\u00bb -moz-box-shadow: 5px 5px 5px 0px #dad7d7;||-webkit-box-shadow: 5px 5px 5px 0px #dad7d7;|| -o-box-shadow: 5px 5px 5px 0px #dad7d7;||box-shadow: 5px 5px 5px 0px #dad7d7;|| \/* filter: progid:DXImageTransform.Microsoft.Shadow(color=#dad7d7,Direction=134,Strength=5); *\/|| -moz-border-radius: 7px;||-webkit-border-radius: 7px;||border-radius: 7px;\u00a0\u00bb]<\/p>\n<h2><a href=\"http:\/\/maisb.fr\/wp-content\/uploads\/sites\/5\/2015\/12\/chap8.pdf\" target=\"_blank\">Mistral Gagnant<\/a><\/h2>\n<p><strong>Chapitre 8<\/strong><br \/>\n<a href=\"http:\/\/maisb.fr\/wp-content\/uploads\/sites\/5\/2015\/12\/chap8.pdf\" target=\"blank\" rel=\"attachment wp-att-1297\"><img loading=\"lazy\" decoding=\"async\" class=\"alignnone size-full wp-image-1297\" src=\"http:\/\/maisb.fr\/wp-content\/uploads\/sites\/5\/2015\/10\/chap8-1.jpg\" alt=\"chap8\" width=\"1024\" height=\"585\"><\/a><\/p>\n<p><span style=\"font-size: x-large\">Val\u00e9rie n\u2019est pas encore majeure mais elle a d\u00e9j\u00e0 un caract\u00e8re bien tremp\u00e9. Elle r\u00e9ussit non sans mal \u00e0 convaincre ses parents de la laisser partir&#8230;<\/span><\/p>\n<p style=\"text-align: right\"><a href='http:\/\/maisb.fr\/wp-content\/uploads\/sites\/5\/2015\/12\/chap8.pdf' class='small-button smallred' target=\"_blank\">VOIR LA SUITE<\/a>\n<\/p>\n<p>[\/et_pb_text][\/et_pb_column][\/et_pb_row][et_pb_row admin_label=\u00a0\u00bbLigne\u00a0\u00bb][et_pb_column type=\u00a0\u00bb1_2&Prime;][et_pb_text admin_label=\u00a0\u00bbTexte\u00a0\u00bb background_layout=\u00a0\u00bblight\u00a0\u00bb text_orientation=\u00a0\u00bbleft\u00a0\u00bb text_font_size=\u00a0\u00bb14&Prime; background_color=\u00a0\u00bb#cccccc\u00a0\u00bb use_border_color=\u00a0\u00bboff\u00a0\u00bb border_color=\u00a0\u00bb#ffffff\u00a0\u00bb border_style=\u00a0\u00bbsolid\u00a0\u00bb custom_margin=\u00a0\u00bb50px||10px|\u00a0\u00bb custom_padding=\u00a0\u00bb10px|10px|10px|10px\u00a0\u00bb custom_css_main_element=\u00a0\u00bb -moz-box-shadow: 5px 5px 5px 0px #dad7d7;||-webkit-box-shadow: 5px 5px 5px 0px #dad7d7;|| -o-box-shadow: 5px 5px 5px 0px #dad7d7;||box-shadow: 5px 5px 5px 0px #dad7d7;|| \/* filter: progid:DXImageTransform.Microsoft.Shadow(color=#dad7d7,Direction=134,Strength=5); *\/|| -moz-border-radius: 7px;||-webkit-border-radius: 7px;||border-radius: 7px;\u00a0\u00bb]<\/p>\n<h2><a href=\"http:\/\/maisb.fr\/wp-content\/uploads\/sites\/5\/2015\/12\/chap9.pdf\" target=\"_blank\">Melting-pot des potes<\/a><\/h2>\n<p><strong>Chapitre 9<\/strong><br \/>\n<a href=\"http:\/\/maisb.fr\/wp-content\/uploads\/sites\/5\/2015\/12\/chap9.pdf\" target=\"blank\" rel=\"attachment wp-att-1298\"><img loading=\"lazy\" decoding=\"async\" class=\"alignnone size-full wp-image-1298\" src=\"http:\/\/maisb.fr\/wp-content\/uploads\/sites\/5\/2015\/10\/chap9-1.jpg\" alt=\"chap9\" width=\"1024\" height=\"513\"><\/a><\/p>\n<p><span style=\"font-size: x-large\">Pendant l\u2019\u00e9t\u00e9 1992, je re\u00e7ois la visite de mes potes comoriens. Ils viennent d\u2019arr\u00eater \u00ab Djimbo \u00bb, et ont d\u00e9cid\u00e9 de lancer un nouveau groupe&#8230;<\/span><\/p>\n<p style=\"text-align: right\"><a href='http:\/\/maisb.fr\/wp-content\/uploads\/sites\/5\/2015\/12\/chap9.pdf' class='small-button smallred' target=\"_blank\">VOIR LA SUITE<\/a>\n<\/p>\n<p>[\/et_pb_text][\/et_pb_column][et_pb_column type=\u00a0\u00bb1_2&Prime;][et_pb_text admin_label=\u00a0\u00bbTexte\u00a0\u00bb background_layout=\u00a0\u00bblight\u00a0\u00bb text_orientation=\u00a0\u00bbleft\u00a0\u00bb text_font_size=\u00a0\u00bb14&Prime; background_color=\u00a0\u00bb#cccccc\u00a0\u00bb use_border_color=\u00a0\u00bboff\u00a0\u00bb border_color=\u00a0\u00bb#ffffff\u00a0\u00bb border_style=\u00a0\u00bbsolid\u00a0\u00bb custom_margin=\u00a0\u00bb50px||10px|\u00a0\u00bb custom_padding=\u00a0\u00bb10px|10px|10px|10px\u00a0\u00bb custom_css_main_element=\u00a0\u00bb -moz-box-shadow: 5px 5px 5px 0px #dad7d7;||-webkit-box-shadow: 5px 5px 5px 0px #dad7d7;|| -o-box-shadow: 5px 5px 5px 0px #dad7d7;||box-shadow: 5px 5px 5px 0px #dad7d7;|| \/* filter: progid:DXImageTransform.Microsoft.Shadow(color=#dad7d7,Direction=134,Strength=5); *\/|| -moz-border-radius: 7px;||-webkit-border-radius: 7px;||border-radius: 7px;\u00a0\u00bb]<\/p>\n<h2><a href=\"http:\/\/maisb.fr\/wp-content\/uploads\/sites\/5\/2015\/12\/chap10.pdf\" target=\"_blank\">Bienvenue Ailleurs<\/a><\/h2>\n<p><strong>Chapitre 10<\/strong><br \/>\n<a href=\"http:\/\/maisb.fr\/wp-content\/uploads\/sites\/5\/2015\/12\/chap10.pdf\" target=\"blank\" rel=\"attachment wp-att-1317\"><img loading=\"lazy\" decoding=\"async\" class=\"alignnone size-full wp-image-1317\" src=\"http:\/\/maisb.fr\/wp-content\/uploads\/sites\/5\/2015\/10\/chap10-1.jpg\" alt=\"chap10\" width=\"1024\" height=\"304\"><\/a><\/p>\n<p><span style=\"font-size: x-large\">C\u2019est pr\u00e9cis\u00e9ment \u00e0 cette \u00e9poque que je re\u00e7ois une proposition tr\u00e8s int\u00e9ressante. Un appel d\u2019offre est lanc\u00e9 par la mairie de Vaux-sur-Mer&#8230;<\/span><\/p>\n<p style=\"text-align: right\"><a href='http:\/\/maisb.fr\/wp-content\/uploads\/sites\/5\/2015\/12\/chap10.pdf' class='small-button smallred' target=\"_blank\">VOIR LA SUITE<\/a>\n<\/p>\n<p>[\/et_pb_text][\/et_pb_column][\/et_pb_row][\/et_pb_section]<\/p>\n","protected":false},"excerpt":{"rendered":"<p>Dictes moy o\u00f9, n\u2019en quel pays Chapitre 1 Je suis n\u00e9 le 2 juillet 1958 \u00e0 la maternit\u00e9 Protestante de Bordeaux-Bagatelle. Malgr\u00e9 un parcours irr\u00e9prochable&#8230; <a href='http:\/\/maisb.fr\/wp-content\/uploads\/sites\/5\/2015\/12\/chap1.pdf' class='small-button smallred' target=\"_blank\">VOIR LA SUITE<\/a> Mets une chouette dans ton Chapitre 2 Puis arrive Mai 68, \u00ab les \u00e9v\u00e9nements \u00bb comme on disait \u00e0 l\u2019\u00e9poque. La plupart des [&hellip;]<\/p>\n","protected":false},"author":1,"featured_media":0,"parent":0,"menu_order":0,"comment_status":"open","ping_status":"closed","template":"","meta":{"_et_pb_use_builder":"on","_et_pb_old_content":"","_et_gb_content_width":"","footnotes":""},"class_list":["post-77","page","type-page","status-publish","hentry"],"aioseo_notices":[],"_links":{"self":[{"href":"http:\/\/maisb.fr\/libertaire\/wp-json\/wp\/v2\/pages\/77","targetHints":{"allow":["GET"]}}],"collection":[{"href":"http:\/\/maisb.fr\/libertaire\/wp-json\/wp\/v2\/pages"}],"about":[{"href":"http:\/\/maisb.fr\/libertaire\/wp-json\/wp\/v2\/types\/page"}],"author":[{"embeddable":true,"href":"http:\/\/maisb.fr\/libertaire\/wp-json\/wp\/v2\/users\/1"}],"replies":[{"embeddable":true,"href":"http:\/\/maisb.fr\/libertaire\/wp-json\/wp\/v2\/comments?post=77"}],"version-history":[{"count":3,"href":"http:\/\/maisb.fr\/libertaire\/wp-json\/wp\/v2\/pages\/77\/revisions"}],"predecessor-version":[{"id":1119,"href":"http:\/\/maisb.fr\/libertaire\/wp-json\/wp\/v2\/pages\/77\/revisions\/1119"}],"wp:attachment":[{"href":"http:\/\/maisb.fr\/libertaire\/wp-json\/wp\/v2\/media?parent=77"}],"curies":[{"name":"wp","href":"https:\/\/api.w.org\/{rel}","templated":true}]}}