{"id":1065,"date":"2015-11-27T15:57:14","date_gmt":"2015-11-27T14:57:14","guid":{"rendered":"http:\/\/bar.maisb.fr\/?page_id=1065"},"modified":"2020-01-13T11:48:53","modified_gmt":"2020-01-13T10:48:53","slug":"rami","status":"publish","type":"page","link":"http:\/\/maisb.fr\/resto\/cuisine\/rami\/","title":{"rendered":"Rami"},"content":{"rendered":"<p>[et_pb_section fb_built=\u00a0\u00bb1&Prime; admin_label=\u00a0\u00bbsection\u00a0\u00bb _builder_version=\u00a0\u00bb3.22&Prime;][et_pb_row admin_label=\u00a0\u00bbLigne\u00a0\u00bb _builder_version=\u00a0\u00bb3.25&Prime; background_size=\u00a0\u00bbinitial\u00a0\u00bb background_position=\u00a0\u00bbtop_left\u00a0\u00bb background_repeat=\u00a0\u00bbrepeat\u00a0\u00bb][et_pb_column type=\u00a0\u00bb4_4&Prime; _builder_version=\u00a0\u00bb3.25&Prime; custom_padding=\u00a0\u00bb|||\u00a0\u00bb custom_padding__hover=\u00a0\u00bb|||\u00a0\u00bb][et_pb_divider show_divider=\u00a0\u00bboff\u00a0\u00bb disabled_on=\u00a0\u00bbon|on|off\u00a0\u00bb admin_label=\u00a0\u00bbS\u00e9parateur\u00a0\u00bb _builder_version=\u00a0\u00bb3.2&Prime; height=\u00a0\u00bb50px\u00a0\u00bb hide_on_mobile=\u00a0\u00bbon\u00a0\u00bb]&nbsp;<br \/>\n[\/et_pb_divider][\/et_pb_column][\/et_pb_row][et_pb_row admin_label=\u00a0\u00bbrow\u00a0\u00bb _builder_version=\u00a0\u00bb3.25&Prime; background_size=\u00a0\u00bbinitial\u00a0\u00bb background_position=\u00a0\u00bbtop_left\u00a0\u00bb background_repeat=\u00a0\u00bbrepeat\u00a0\u00bb column_structure=\u00a0\u00bb2_3,1_3&Prime;][et_pb_column type=\u00a0\u00bb2_3&Prime; _builder_version=\u00a0\u00bb3.25&Prime; custom_padding=\u00a0\u00bb|||\u00a0\u00bb custom_padding__hover=\u00a0\u00bb|||\u00a0\u00bb][et_pb_text admin_label=\u00a0\u00bbTexte\u00a0\u00bb _builder_version=\u00a0\u00bb3.27.4&Prime; background_size=\u00a0\u00bbinitial\u00a0\u00bb background_position=\u00a0\u00bbtop_left\u00a0\u00bb background_repeat=\u00a0\u00bbrepeat\u00a0\u00bb use_border_color=\u00a0\u00bboff\u00a0\u00bb border_color=\u00a0\u00bb#ffffff\u00a0\u00bb border_style=\u00a0\u00bbsolid\u00a0\u00bb]<\/p>\n<h1>RAMI \u00ab\u00a0Braise\u00a0\u00bb<\/h1>\n<p><strong>Rami<\/strong>\u00a0\/\u00a0Terrasse 1998<br \/> <span style=\"color: #000000;\"><br \/> <img loading=\"lazy\" decoding=\"async\" class=\"alignnone size-full wp-image-1202\" src=\"http:\/\/maisb.fr\/wp-content\/uploads\/sites\/3\/2015\/10\/rami-2.jpg\" alt=\"rami-2\" width=\"701\" height=\"312\" \/><br \/> <span style=\"font-size: normal;\">4\u00a0669 Vues<\/span><\/span><\/p>\n<p><span style=\"font-size: x-large;\">Notre chef de cuisine depuis 20 ans, il a cr\u00e9e la carte de la Maison Blanche de A \u00e0 Z. C&rsquo;est aussi un excellent p\u00e2tissier qui fabrique chacun de ses desserts.\u00a0<\/span><span style=\"font-size: x-large;\">En plus de son travail au restaurant, il tient \u00ab\u00a0L&rsquo;\u00e9t\u00e9 \u00e0 la menthe\u00a0\u00bb apr\u00e8s le service.<\/span><\/p>\n<p><span style=\"font-size: x-large;\"><br \/> Rami est passionn\u00e9 par la vie, son m\u00e9tier, la gente f\u00e9minine et la f\u00eate. C&rsquo;est un type costaud, jamais malade, toujours pr\u00eat au combat. Son poste derri\u00e8re le grill est parmi les plus difficiles, le jour o\u00f9 il arr\u00eatera il faudra changer la carte, je ne connais personne capable de r\u00e9aliser une telle performance.<\/span><\/p>\n<p><span style=\"font-size: x-large;\"><br \/> Il a toujours une imagination d\u00e9bordante et allie l&rsquo;humour avec un rire tonitruant et communicatif.<br \/> Quand il raconte une histoire dr\u00f4le, son rire est souvent plus entra\u00eenant que la blague elle-m\u00eame\u00a0!<\/span><span style=\"font-size: x-large;\"><br \/> Il est devenu pour mon plus grand bonheur, le quatri\u00e8me pilier de la Maison Blanche. Notre amiti\u00e9 a commenc\u00e9 d\u00e8s le premier jour et ne s&rsquo;est jamais d\u00e9mentie depuis. <\/span><\/p>\n<p>&nbsp;<\/p>\n<p>[\/et_pb_text][\/et_pb_column][et_pb_column type=\u00a0\u00bb1_3&Prime; _builder_version=\u00a0\u00bb3.25&Prime; custom_padding=\u00a0\u00bb|||\u00a0\u00bb custom_padding__hover=\u00a0\u00bb|||\u00a0\u00bb][et_pb_text admin_label=\u00a0\u00bbTexte\u00a0\u00bb _builder_version=\u00a0\u00bb3.27.4&Prime; background_color=\u00a0\u00bb#cccccc\u00a0\u00bb background_size=\u00a0\u00bbinitial\u00a0\u00bb background_position=\u00a0\u00bbtop_left\u00a0\u00bb background_repeat=\u00a0\u00bbrepeat\u00a0\u00bb custom_margin=\u00a0\u00bb100px||10px|\u00a0\u00bb custom_padding=\u00a0\u00bb10|10|10|10&Prime; custom_css_main_element=\u00a0\u00bb -moz-box-shadow: 5px 5px 5px 0px #dad7d7;||-webkit-box-shadow: 5px 5px 5px 0px #dad7d7;|| -o-box-shadow: 5px 5px 5px 0px #dad7d7;||box-shadow: 5px 5px 5px 0px #dad7d7;|| \/* filter: progid:DXImageTransform.Microsoft.Shadow(color=#dad7d7,Direction=134,Strength=5); *\/|| -moz-border-radius: 7px;||-webkit-border-radius: 7px;||border-radius: 7px;\u00a0\u00bb use_border_color=\u00a0\u00bboff\u00a0\u00bb border_color=\u00a0\u00bb#ffffff\u00a0\u00bb border_style=\u00a0\u00bbsolid\u00a0\u00bb]<iframe loading=\"lazy\" src=\"https:\/\/www.youtube.com\/embed\/hSwxhMJihdg\" width=\"560\" height=\"315\" frameborder=\"0\" allowfullscreen=\"allowfullscreen\"><\/iframe><br \/>\n[\/et_pb_text][et_pb_text admin_label=\u00a0\u00bbTexte\u00a0\u00bb _builder_version=\u00a0\u00bb3.27.4&Prime; background_color=\u00a0\u00bb#cccccc\u00a0\u00bb background_size=\u00a0\u00bbinitial\u00a0\u00bb background_position=\u00a0\u00bbtop_left\u00a0\u00bb background_repeat=\u00a0\u00bbrepeat\u00a0\u00bb custom_margin=\u00a0\u00bb20px||10px|\u00a0\u00bb custom_padding=\u00a0\u00bb10|10|10|10&Prime; custom_css_main_element=\u00a0\u00bb -moz-box-shadow: 5px 5px 5px 0px #dad7d7;||-webkit-box-shadow: 5px 5px 5px 0px #dad7d7;|| -o-box-shadow: 5px 5px 5px 0px #dad7d7;||box-shadow: 5px 5px 5px 0px #dad7d7;|| \/* filter: progid:DXImageTransform.Microsoft.Shadow(color=#dad7d7,Direction=134,Strength=5); *\/|| -moz-border-radius: 7px;||-webkit-border-radius: 7px;||border-radius: 7px;\u00a0\u00bb use_border_color=\u00a0\u00bboff\u00a0\u00bb border_color=\u00a0\u00bb#ffffff\u00a0\u00bb border_style=\u00a0\u00bbsolid\u00a0\u00bb]<iframe loading=\"lazy\" src=\"https:\/\/www.youtube.com\/embed\/7bLuummGUak\" width=\"420\" height=\"315\" frameborder=\"0\" allowfullscreen=\"allowfullscreen\"><\/iframe><br \/>\n[\/et_pb_text][et_pb_image src=\u00a0\u00bbhttp:\/\/maisb.fr\/resto\/wp-content\/uploads\/sites\/3\/2015\/11\/rami-1-1.jpg\u00a0\u00bb align_tablet=\u00a0\u00bbcenter\u00a0\u00bb align_last_edited=\u00a0\u00bbon|desktop\u00a0\u00bb admin_label=\u00a0\u00bbImage\u00a0\u00bb _builder_version=\u00a0\u00bb3.23&Prime; animation_style=\u00a0\u00bbslide\u00a0\u00bb animation_direction=\u00a0\u00bbleft\u00a0\u00bb animation_duration=\u00a0\u00bb500ms\u00a0\u00bb animation_intensity_slide=\u00a0\u00bb10%\u00a0\u00bb use_border_color=\u00a0\u00bboff\u00a0\u00bb border_color=\u00a0\u00bb#ffffff\u00a0\u00bb border_style=\u00a0\u00bbsolid\u00a0\u00bb animation=\u00a0\u00bbleft\u00a0\u00bb sticky=\u00a0\u00bboff\u00a0\u00bb always_center_on_mobile=\u00a0\u00bbon\u00a0\u00bb]&nbsp;<br \/>\n[\/et_pb_image][\/et_pb_column][\/et_pb_row][et_pb_row padding_mobile=\u00a0\u00bboff\u00a0\u00bb admin_label=\u00a0\u00bbrow\u00a0\u00bb _builder_version=\u00a0\u00bb3.25&Prime; background_size=\u00a0\u00bbinitial\u00a0\u00bb background_position=\u00a0\u00bbtop_left\u00a0\u00bb background_repeat=\u00a0\u00bbrepeat\u00a0\u00bb make_fullwidth=\u00a0\u00bboff\u00a0\u00bb use_custom_width=\u00a0\u00bboff\u00a0\u00bb width_unit=\u00a0\u00bbon\u00a0\u00bb][et_pb_column type=\u00a0\u00bb4_4&Prime; _builder_version=\u00a0\u00bb3.25&Prime; custom_padding=\u00a0\u00bb|||\u00a0\u00bb custom_padding__hover=\u00a0\u00bb|||\u00a0\u00bb][et_pb_text admin_label=\u00a0\u00bbTexte\u00a0\u00bb _builder_version=\u00a0\u00bb3.27.4&Prime; background_color=\u00a0\u00bb#ffc700&Prime; background_size=\u00a0\u00bbinitial\u00a0\u00bb background_position=\u00a0\u00bbtop_left\u00a0\u00bb background_repeat=\u00a0\u00bbrepeat\u00a0\u00bb use_border_color=\u00a0\u00bboff\u00a0\u00bb border_color=\u00a0\u00bb#ffffff\u00a0\u00bb border_style=\u00a0\u00bbsolid\u00a0\u00bb]\r\n\t\t\t\t\t\n\r\n\t\t\t\t\t<!-- START UNITE GALLERY 1.7.62 -->\r\n\t\t\t\t\t\r\n\t\t\t\t\n\t\t\t<div id='unitegallery_14_1' class='unite-gallery' style='margin:0px auto;'>\n\t\t\t\t\n\n\t\t\t\t\t\t<img decoding=\"async\" alt=\"rami\"\n\t\t\t\t\t\t     src=\"\" data-image=\"http:\/\/maisb.fr\/resto\/wp-content\/uploads\/sites\/3\/2017\/01\/rami.jpg\"\n\t\t\t\t\t\t     data-thumb=\"http:\/\/maisb.fr\/resto\/wp-content\/uploads\/sites\/3\/2017\/01\/rami-225x300.jpg\"\n\t\t\t\t\t\t     title=\"\"\n\t\t\t\t\t\t     style=\"display:none\">\n\n\t\t\t\t\t\t<img decoding=\"async\" alt=\"rami_12\"\n\t\t\t\t\t\t     src=\"\" data-image=\"http:\/\/maisb.fr\/resto\/wp-content\/uploads\/sites\/3\/2015\/12\/rami_12.jpg\"\n\t\t\t\t\t\t     data-thumb=\"http:\/\/maisb.fr\/resto\/wp-content\/uploads\/sites\/3\/2015\/12\/rami_12-300x225.jpg\"\n\t\t\t\t\t\t     title=\"\"\n\t\t\t\t\t\t     style=\"display:none\">\n\n\t\t\t\t\t\t<img decoding=\"async\" alt=\"rami_21\"\n\t\t\t\t\t\t     src=\"\" data-image=\"http:\/\/maisb.fr\/resto\/wp-content\/uploads\/sites\/3\/2015\/12\/rami_21.jpg\"\n\t\t\t\t\t\t     data-thumb=\"http:\/\/maisb.fr\/resto\/wp-content\/uploads\/sites\/3\/2015\/12\/rami_21-225x300.jpg\"\n\t\t\t\t\t\t     title=\"\"\n\t\t\t\t\t\t     style=\"display:none\">\n\n\t\t\t\t\t\t<img decoding=\"async\" alt=\"rami_2\"\n\t\t\t\t\t\t     src=\"\" data-image=\"http:\/\/maisb.fr\/resto\/wp-content\/uploads\/sites\/3\/2015\/12\/rami_2.jpg\"\n\t\t\t\t\t\t     data-thumb=\"http:\/\/maisb.fr\/resto\/wp-content\/uploads\/sites\/3\/2015\/12\/rami_2-300x225.jpg\"\n\t\t\t\t\t\t     title=\"\"\n\t\t\t\t\t\t     style=\"display:none\">\n\n\t\t\t\t\t\t<img decoding=\"async\" alt=\"rami_3\"\n\t\t\t\t\t\t     src=\"\" data-image=\"http:\/\/maisb.fr\/resto\/wp-content\/uploads\/sites\/3\/2015\/12\/rami_3.jpg\"\n\t\t\t\t\t\t     data-thumb=\"http:\/\/maisb.fr\/resto\/wp-content\/uploads\/sites\/3\/2015\/12\/rami_3-300x225.jpg\"\n\t\t\t\t\t\t     title=\"\"\n\t\t\t\t\t\t     style=\"display:none\">\n\n\t\t\t\t\t\t<img decoding=\"async\" alt=\"rami_4\"\n\t\t\t\t\t\t     src=\"\" data-image=\"http:\/\/maisb.fr\/resto\/wp-content\/uploads\/sites\/3\/2015\/12\/rami_4.jpg\"\n\t\t\t\t\t\t     data-thumb=\"http:\/\/maisb.fr\/resto\/wp-content\/uploads\/sites\/3\/2015\/12\/rami_4-300x225.jpg\"\n\t\t\t\t\t\t     title=\"\"\n\t\t\t\t\t\t     style=\"display:none\">\n\n\t\t\t\t\t\t<img decoding=\"async\" alt=\"rami_16\"\n\t\t\t\t\t\t     src=\"\" data-image=\"http:\/\/maisb.fr\/resto\/wp-content\/uploads\/sites\/3\/2015\/12\/rami_16.jpg\"\n\t\t\t\t\t\t     data-thumb=\"http:\/\/maisb.fr\/resto\/wp-content\/uploads\/sites\/3\/2015\/12\/rami_16-300x225.jpg\"\n\t\t\t\t\t\t     title=\"\"\n\t\t\t\t\t\t     style=\"display:none\">\n\n\t\t\t\t\t\t<img decoding=\"async\" alt=\"rami_19\"\n\t\t\t\t\t\t     src=\"\" data-image=\"http:\/\/maisb.fr\/resto\/wp-content\/uploads\/sites\/3\/2015\/12\/rami_19.jpg\"\n\t\t\t\t\t\t     data-thumb=\"http:\/\/maisb.fr\/resto\/wp-content\/uploads\/sites\/3\/2015\/12\/rami_19-300x225.jpg\"\n\t\t\t\t\t\t     title=\"\"\n\t\t\t\t\t\t     style=\"display:none\">\n\n\t\t\t\t\t\t<img decoding=\"async\" alt=\"rami_6\"\n\t\t\t\t\t\t     src=\"\" data-image=\"http:\/\/maisb.fr\/resto\/wp-content\/uploads\/sites\/3\/2015\/12\/rami_6.jpg\"\n\t\t\t\t\t\t     data-thumb=\"http:\/\/maisb.fr\/resto\/wp-content\/uploads\/sites\/3\/2015\/12\/rami_6-300x225.jpg\"\n\t\t\t\t\t\t     title=\"\"\n\t\t\t\t\t\t     style=\"display:none\">\n\n\t\t\t\t\t\t<img decoding=\"async\" alt=\"rami_7\"\n\t\t\t\t\t\t     src=\"\" data-image=\"http:\/\/maisb.fr\/resto\/wp-content\/uploads\/sites\/3\/2015\/12\/rami_7.jpg\"\n\t\t\t\t\t\t     data-thumb=\"http:\/\/maisb.fr\/resto\/wp-content\/uploads\/sites\/3\/2015\/12\/rami_7-300x225.jpg\"\n\t\t\t\t\t\t     title=\"\"\n\t\t\t\t\t\t     style=\"display:none\">\n\n\t\t\t\t\t\t<img decoding=\"async\" alt=\"rami_8\"\n\t\t\t\t\t\t     src=\"\" data-image=\"http:\/\/maisb.fr\/resto\/wp-content\/uploads\/sites\/3\/2015\/12\/rami_8.jpg\"\n\t\t\t\t\t\t     data-thumb=\"http:\/\/maisb.fr\/resto\/wp-content\/uploads\/sites\/3\/2015\/12\/rami_8-225x300.jpg\"\n\t\t\t\t\t\t     title=\"\"\n\t\t\t\t\t\t     style=\"display:none\">\n\n\t\t\t\t\t\t<img decoding=\"async\" alt=\"rami_9\"\n\t\t\t\t\t\t     src=\"\" data-image=\"http:\/\/maisb.fr\/resto\/wp-content\/uploads\/sites\/3\/2015\/12\/rami_9.jpg\"\n\t\t\t\t\t\t     data-thumb=\"http:\/\/maisb.fr\/resto\/wp-content\/uploads\/sites\/3\/2015\/12\/rami_9-225x300.jpg\"\n\t\t\t\t\t\t     title=\"\"\n\t\t\t\t\t\t     style=\"display:none\">\n\t\t\t<\/div>\n\n\t\t\t<script type='text\/javascript'>\n\t\t\t\twindow.onload = function(e) {\n\t\t\t\t\tif(typeof ugCheckForErrors == \"undefined\"){\n\t\t\t\t\t\tdocument.getElementById(\"unitegallery_14_1\").innerHTML = \"<span style='color:red'>Unite Gallery Error - gallery js and css files not included in the footer. Please make sure that wp_footer() function is added to your theme.<\/span>\";}\n\t\t\t\t\telse{ ugCheckForErrors(\"unitegallery_14_1\", \"jquery\");}\n\t\t\t\t};\n\t\t\t<\/script>\n\n\t\t\t<!-- END UNITEGALLERY --><br \/>\n[\/et_pb_text][\/et_pb_column][\/et_pb_row][\/et_pb_section]<\/p>\n","protected":false},"excerpt":{"rendered":"<p>&nbsp; RAMI \u00ab\u00a0Braise\u00a0\u00bb Rami\u00a0\/\u00a0Terrasse 1998 4\u00a0669 Vues Notre chef de cuisine depuis 20 ans, il a cr\u00e9e la carte de la Maison Blanche de A \u00e0 Z. C&rsquo;est aussi un excellent p\u00e2tissier qui fabrique chacun de ses desserts.\u00a0En plus de son travail au restaurant, il tient \u00ab\u00a0L&rsquo;\u00e9t\u00e9 \u00e0 la menthe\u00a0\u00bb apr\u00e8s le service. Rami est [&hellip;]<\/p>\n","protected":false},"author":1,"featured_media":0,"parent":229,"menu_order":0,"comment_status":"open","ping_status":"closed","template":"","meta":{"_et_pb_use_builder":"on","_et_pb_old_content":"","_et_gb_content_width":"","footnotes":""},"class_list":["post-1065","page","type-page","status-publish","hentry"],"aioseo_notices":[],"_links":{"self":[{"href":"http:\/\/maisb.fr\/resto\/wp-json\/wp\/v2\/pages\/1065","targetHints":{"allow":["GET"]}}],"collection":[{"href":"http:\/\/maisb.fr\/resto\/wp-json\/wp\/v2\/pages"}],"about":[{"href":"http:\/\/maisb.fr\/resto\/wp-json\/wp\/v2\/types\/page"}],"author":[{"embeddable":true,"href":"http:\/\/maisb.fr\/resto\/wp-json\/wp\/v2\/users\/1"}],"replies":[{"embeddable":true,"href":"http:\/\/maisb.fr\/resto\/wp-json\/wp\/v2\/comments?post=1065"}],"version-history":[{"count":4,"href":"http:\/\/maisb.fr\/resto\/wp-json\/wp\/v2\/pages\/1065\/revisions"}],"predecessor-version":[{"id":2114,"href":"http:\/\/maisb.fr\/resto\/wp-json\/wp\/v2\/pages\/1065\/revisions\/2114"}],"up":[{"embeddable":true,"href":"http:\/\/maisb.fr\/resto\/wp-json\/wp\/v2\/pages\/229"}],"wp:attachment":[{"href":"http:\/\/maisb.fr\/resto\/wp-json\/wp\/v2\/media?parent=1065"}],"curies":[{"name":"wp","href":"https:\/\/api.w.org\/{rel}","templated":true}]}}