{"id":1292,"date":"2015-12-15T17:10:38","date_gmt":"2015-12-15T16:10:38","guid":{"rendered":"http:\/\/resto.maisb.fr\/?page_id=1292"},"modified":"2020-01-13T11:56:08","modified_gmt":"2020-01-13T10:56:08","slug":"gege","status":"publish","type":"page","link":"http:\/\/maisb.fr\/resto\/la-salle\/gege\/","title":{"rendered":"G\u00e9g\u00e9"},"content":{"rendered":"<p>[et_pb_section fb_built=\u00a0\u00bb1&Prime; admin_label=\u00a0\u00bbsection\u00a0\u00bb _builder_version=\u00a0\u00bb3.22&Prime;][et_pb_row admin_label=\u00a0\u00bbLigne\u00a0\u00bb _builder_version=\u00a0\u00bb3.25&Prime; background_size=\u00a0\u00bbinitial\u00a0\u00bb background_position=\u00a0\u00bbtop_left\u00a0\u00bb background_repeat=\u00a0\u00bbrepeat\u00a0\u00bb][et_pb_column type=\u00a0\u00bb4_4&Prime; _builder_version=\u00a0\u00bb3.25&Prime; custom_padding=\u00a0\u00bb|||\u00a0\u00bb custom_padding__hover=\u00a0\u00bb|||\u00a0\u00bb][et_pb_divider show_divider=\u00a0\u00bboff\u00a0\u00bb disabled_on=\u00a0\u00bbon|on|off\u00a0\u00bb admin_label=\u00a0\u00bbS\u00e9parateur\u00a0\u00bb _builder_version=\u00a0\u00bb3.2&Prime; height=\u00a0\u00bb50px\u00a0\u00bb hide_on_mobile=\u00a0\u00bbon\u00a0\u00bb]&nbsp;<br \/>\n[\/et_pb_divider][\/et_pb_column][\/et_pb_row][et_pb_row admin_label=\u00a0\u00bbrow\u00a0\u00bb _builder_version=\u00a0\u00bb3.25&Prime; background_size=\u00a0\u00bbinitial\u00a0\u00bb background_position=\u00a0\u00bbtop_left\u00a0\u00bb background_repeat=\u00a0\u00bbrepeat\u00a0\u00bb column_structure=\u00a0\u00bb2_3,1_3&Prime;][et_pb_column type=\u00a0\u00bb2_3&Prime; _builder_version=\u00a0\u00bb3.25&Prime; custom_padding=\u00a0\u00bb|||\u00a0\u00bb custom_padding__hover=\u00a0\u00bb|||\u00a0\u00bb][et_pb_text admin_label=\u00a0\u00bbTexte\u00a0\u00bb _builder_version=\u00a0\u00bb3.27.4&Prime; background_size=\u00a0\u00bbinitial\u00a0\u00bb background_position=\u00a0\u00bbtop_left\u00a0\u00bb background_repeat=\u00a0\u00bbrepeat\u00a0\u00bb use_border_color=\u00a0\u00bboff\u00a0\u00bb border_color=\u00a0\u00bb#ffffff\u00a0\u00bb border_style=\u00a0\u00bbsolid\u00a0\u00bb]<\/p>\n<h1>G\u00c9G\u00c9 \u00ab\u00a0Propri\u00e9taire\u00a0\u00bb<\/h1>\n<p><strong>G\u00e9g\u00e9<\/strong>\u00a0\/\u00a0Bar 2013<span style=\"color: #000000;\"><br \/> <\/span><\/p>\n<p><span style=\"color: #000000;\"><img loading=\"lazy\" decoding=\"async\" class=\"alignnone size-full wp-image-461\" src=\"http:\/\/maisb.fr\/wp-content\/uploads\/sites\/3\/2015\/10\/gege.jpg\" alt=\"gege\" width=\"701\" height=\"312\" srcset=\"http:\/\/maisb.fr\/resto\/wp-content\/uploads\/sites\/3\/2015\/10\/gege.jpg 701w, http:\/\/maisb.fr\/resto\/wp-content\/uploads\/sites\/3\/2015\/10\/gege-300x134.jpg 300w\" sizes=\"(max-width: 701px) 100vw, 701px\" \/><br \/> <span style=\"font-size: normal;\">3\u00a0880 Vues<\/span><\/span><\/p>\n<p><span style=\"font-size: x-large;\">Elle donne vie depuis 15 ans au petit bar du restaurant avec sa bonne humeur communicative, son sourire tranquille et ses yeux assur\u00e9s.<br \/> \u00ab\u00a0G\u00e9g\u00e9\u00a0\u00bb, c&rsquo;est notre rayon de soleil qui illumine tout sur son passage. Sous son air innocent de na\u00efve ing\u00e9nue, elle cache une ind\u00e9pendance folle et une volont\u00e9 farouche qui la rendent insaisissable. Elle trouve \u00e0 la Maison Blanche, un \u00e9crin protecteur qui lui permet de s&rsquo;\u00e9panouir et d&rsquo;\u00e9voluer dans les meilleures conditions.<\/span><\/p>\n<p><span style=\"font-size: x-large;\"><br \/> Si Baudelaire l&rsquo;avait connue, il l&rsquo;aurait sans doute d\u00e9crite ainsi\u00a0: <em>\u00ab\u00a0Ses pieds sont aussi fins que ses mains, et sa hanche est large \u00e0 faire envie \u00e0 la plus belle blanche. A l&rsquo;artiste pensif, son corps est doux et cher, ses grands yeux de velours sont plus noirs que sa chair.<\/em><br \/> <em> La brune enchanteresse a dans le cou des airs noblement mani\u00e9r\u00e9s, belle digne d\u2019orner les antiques manoirs, elle ferez, \u00e0 l\u2019abri des ombreuses retraites germer mille sonnets dans le c\u0153ur des po\u00e8tes\u00a0\u00bb<\/em>.<br \/> <\/span><\/p>\n<p>&nbsp;<\/p>\n<p>[\/et_pb_text][\/et_pb_column][et_pb_column type=\u00a0\u00bb1_3&Prime; _builder_version=\u00a0\u00bb3.25&Prime; custom_padding=\u00a0\u00bb|||\u00a0\u00bb custom_padding__hover=\u00a0\u00bb|||\u00a0\u00bb][et_pb_image src=\u00a0\u00bbhttp:\/\/maisb.fr\/resto\/wp-content\/uploads\/sites\/3\/2015\/12\/gege.jpg\u00a0\u00bb align_tablet=\u00a0\u00bbcenter\u00a0\u00bb align_last_edited=\u00a0\u00bbon|desktop\u00a0\u00bb admin_label=\u00a0\u00bbImage\u00a0\u00bb _builder_version=\u00a0\u00bb3.23&Prime; custom_margin=\u00a0\u00bb560px|||\u00a0\u00bb animation_style=\u00a0\u00bbslide\u00a0\u00bb animation_direction=\u00a0\u00bbleft\u00a0\u00bb animation_duration=\u00a0\u00bb500ms\u00a0\u00bb animation_intensity_slide=\u00a0\u00bb10%\u00a0\u00bb use_border_color=\u00a0\u00bboff\u00a0\u00bb border_color=\u00a0\u00bb#ffffff\u00a0\u00bb border_style=\u00a0\u00bbsolid\u00a0\u00bb animation=\u00a0\u00bbleft\u00a0\u00bb sticky=\u00a0\u00bboff\u00a0\u00bb always_center_on_mobile=\u00a0\u00bbon\u00a0\u00bb]&nbsp;<br \/>\n[\/et_pb_image][\/et_pb_column][\/et_pb_row][et_pb_row padding_mobile=\u00a0\u00bboff\u00a0\u00bb admin_label=\u00a0\u00bbrow\u00a0\u00bb _builder_version=\u00a0\u00bb3.25&Prime; background_size=\u00a0\u00bbinitial\u00a0\u00bb background_position=\u00a0\u00bbtop_left\u00a0\u00bb background_repeat=\u00a0\u00bbrepeat\u00a0\u00bb make_fullwidth=\u00a0\u00bboff\u00a0\u00bb use_custom_width=\u00a0\u00bboff\u00a0\u00bb width_unit=\u00a0\u00bbon\u00a0\u00bb][et_pb_column type=\u00a0\u00bb4_4&Prime; _builder_version=\u00a0\u00bb3.25&Prime; custom_padding=\u00a0\u00bb|||\u00a0\u00bb custom_padding__hover=\u00a0\u00bb|||\u00a0\u00bb][et_pb_text admin_label=\u00a0\u00bbTexte\u00a0\u00bb _builder_version=\u00a0\u00bb3.27.4&Prime; background_color=\u00a0\u00bb#ffc700&Prime; background_size=\u00a0\u00bbinitial\u00a0\u00bb background_position=\u00a0\u00bbtop_left\u00a0\u00bb background_repeat=\u00a0\u00bbrepeat\u00a0\u00bb use_border_color=\u00a0\u00bboff\u00a0\u00bb border_color=\u00a0\u00bb#ffffff\u00a0\u00bb border_style=\u00a0\u00bbsolid\u00a0\u00bb]\r\n\t\t\t\t\t\n\r\n\t\t\t\t\t<!-- START UNITE GALLERY 1.7.62 -->\r\n\t\t\t\t\t\r\n\t\t\t\t\n\t\t\t<div id='unitegallery_16_1' class='unite-gallery' style='margin:0px auto;'>\n\t\t\t\t\n\n\t\t\t\t\t\t<img decoding=\"async\" alt=\"gege3\"\n\t\t\t\t\t\t     src=\"\" data-image=\"http:\/\/maisb.fr\/resto\/wp-content\/uploads\/sites\/3\/2017\/01\/gege3.jpg\"\n\t\t\t\t\t\t     data-thumb=\"http:\/\/maisb.fr\/resto\/wp-content\/uploads\/sites\/3\/2017\/01\/gege3-300x225.jpg\"\n\t\t\t\t\t\t     title=\"\"\n\t\t\t\t\t\t     style=\"display:none\">\n\n\t\t\t\t\t\t<img decoding=\"async\" alt=\"gege\"\n\t\t\t\t\t\t     src=\"\" data-image=\"http:\/\/maisb.fr\/resto\/wp-content\/uploads\/sites\/3\/2017\/01\/gege.jpg\"\n\t\t\t\t\t\t     data-thumb=\"http:\/\/maisb.fr\/resto\/wp-content\/uploads\/sites\/3\/2017\/01\/gege-300x225.jpg\"\n\t\t\t\t\t\t     title=\"\"\n\t\t\t\t\t\t     style=\"display:none\">\n\n\t\t\t\t\t\t<img decoding=\"async\" alt=\"lalix\"\n\t\t\t\t\t\t     src=\"\" data-image=\"http:\/\/maisb.fr\/resto\/wp-content\/uploads\/sites\/3\/2017\/01\/lalix.jpg\"\n\t\t\t\t\t\t     data-thumb=\"http:\/\/maisb.fr\/resto\/wp-content\/uploads\/sites\/3\/2017\/01\/lalix-225x300.jpg\"\n\t\t\t\t\t\t     title=\"\"\n\t\t\t\t\t\t     style=\"display:none\">\n\n\t\t\t\t\t\t<img decoding=\"async\" alt=\"gege_2\"\n\t\t\t\t\t\t     src=\"\" data-image=\"http:\/\/maisb.fr\/resto\/wp-content\/uploads\/sites\/3\/2015\/12\/gege_2.jpg\"\n\t\t\t\t\t\t     data-thumb=\"http:\/\/maisb.fr\/resto\/wp-content\/uploads\/sites\/3\/2015\/12\/gege_2-300x225.jpg\"\n\t\t\t\t\t\t     title=\"\"\n\t\t\t\t\t\t     style=\"display:none\">\n\n\t\t\t\t\t\t<img decoding=\"async\" alt=\"gege2\"\n\t\t\t\t\t\t     src=\"\" data-image=\"http:\/\/maisb.fr\/resto\/wp-content\/uploads\/sites\/3\/2017\/01\/gege2.jpg\"\n\t\t\t\t\t\t     data-thumb=\"http:\/\/maisb.fr\/resto\/wp-content\/uploads\/sites\/3\/2017\/01\/gege2-300x225.jpg\"\n\t\t\t\t\t\t     title=\"\"\n\t\t\t\t\t\t     style=\"display:none\">\n\n\t\t\t\t\t\t<img decoding=\"async\" alt=\"gege_14\"\n\t\t\t\t\t\t     src=\"\" data-image=\"http:\/\/maisb.fr\/resto\/wp-content\/uploads\/sites\/3\/2015\/12\/gege_14.jpg\"\n\t\t\t\t\t\t     data-thumb=\"http:\/\/maisb.fr\/resto\/wp-content\/uploads\/sites\/3\/2015\/12\/gege_14-225x300.jpg\"\n\t\t\t\t\t\t     title=\"\"\n\t\t\t\t\t\t     style=\"display:none\">\n\n\t\t\t\t\t\t<img decoding=\"async\" alt=\"gege_1\"\n\t\t\t\t\t\t     src=\"\" data-image=\"http:\/\/maisb.fr\/resto\/wp-content\/uploads\/sites\/3\/2015\/12\/gege_1.jpg\"\n\t\t\t\t\t\t     data-thumb=\"http:\/\/maisb.fr\/resto\/wp-content\/uploads\/sites\/3\/2015\/12\/gege_1-300x225.jpg\"\n\t\t\t\t\t\t     title=\"\"\n\t\t\t\t\t\t     style=\"display:none\">\n\n\t\t\t\t\t\t<img decoding=\"async\" alt=\"gege_13\"\n\t\t\t\t\t\t     src=\"\" data-image=\"http:\/\/maisb.fr\/resto\/wp-content\/uploads\/sites\/3\/2015\/12\/gege_13.jpg\"\n\t\t\t\t\t\t     data-thumb=\"http:\/\/maisb.fr\/resto\/wp-content\/uploads\/sites\/3\/2015\/12\/gege_13-300x225.jpg\"\n\t\t\t\t\t\t     title=\"\"\n\t\t\t\t\t\t     style=\"display:none\">\n\n\t\t\t\t\t\t<img decoding=\"async\" alt=\"gege_15\"\n\t\t\t\t\t\t     src=\"\" data-image=\"http:\/\/maisb.fr\/resto\/wp-content\/uploads\/sites\/3\/2015\/12\/gege_15.jpg\"\n\t\t\t\t\t\t     data-thumb=\"http:\/\/maisb.fr\/resto\/wp-content\/uploads\/sites\/3\/2015\/12\/gege_15-300x225.jpg\"\n\t\t\t\t\t\t     title=\"\"\n\t\t\t\t\t\t     style=\"display:none\">\n\n\t\t\t\t\t\t<img decoding=\"async\" alt=\"gege_3\"\n\t\t\t\t\t\t     src=\"\" data-image=\"http:\/\/maisb.fr\/resto\/wp-content\/uploads\/sites\/3\/2015\/12\/gege_3.jpg\"\n\t\t\t\t\t\t     data-thumb=\"http:\/\/maisb.fr\/resto\/wp-content\/uploads\/sites\/3\/2015\/12\/gege_3-300x225.jpg\"\n\t\t\t\t\t\t     title=\"\"\n\t\t\t\t\t\t     style=\"display:none\">\n\n\t\t\t\t\t\t<img decoding=\"async\" alt=\"gege_4\"\n\t\t\t\t\t\t     src=\"\" data-image=\"http:\/\/maisb.fr\/resto\/wp-content\/uploads\/sites\/3\/2015\/12\/gege_4.jpg\"\n\t\t\t\t\t\t     data-thumb=\"http:\/\/maisb.fr\/resto\/wp-content\/uploads\/sites\/3\/2015\/12\/gege_4-225x300.jpg\"\n\t\t\t\t\t\t     title=\"\"\n\t\t\t\t\t\t     style=\"display:none\">\n\n\t\t\t\t\t\t<img decoding=\"async\" alt=\"gege_5\"\n\t\t\t\t\t\t     src=\"\" data-image=\"http:\/\/maisb.fr\/resto\/wp-content\/uploads\/sites\/3\/2015\/12\/gege_5.jpg\"\n\t\t\t\t\t\t     data-thumb=\"http:\/\/maisb.fr\/resto\/wp-content\/uploads\/sites\/3\/2015\/12\/gege_5-300x225.jpg\"\n\t\t\t\t\t\t     title=\"\"\n\t\t\t\t\t\t     style=\"display:none\">\n\t\t\t<\/div>\n\n\t\t\t<script type='text\/javascript'>\n\t\t\t\twindow.onload = function(e) {\n\t\t\t\t\tif(typeof ugCheckForErrors == \"undefined\"){\n\t\t\t\t\t\tdocument.getElementById(\"unitegallery_16_1\").innerHTML = \"<span style='color:red'>Unite Gallery Error - gallery js and css files not included in the footer. Please make sure that wp_footer() function is added to your theme.<\/span>\";}\n\t\t\t\t\telse{ ugCheckForErrors(\"unitegallery_16_1\", \"jquery\");}\n\t\t\t\t};\n\t\t\t<\/script>\n\n\t\t\t<!-- END UNITEGALLERY --><br \/>\n[\/et_pb_text][\/et_pb_column][\/et_pb_row][\/et_pb_section]<\/p>\n","protected":false},"excerpt":{"rendered":"<p>&nbsp; G\u00c9G\u00c9 \u00ab\u00a0Propri\u00e9taire\u00a0\u00bb G\u00e9g\u00e9\u00a0\/\u00a0Bar 2013 3\u00a0880 Vues Elle donne vie depuis 15 ans au petit bar du restaurant avec sa bonne humeur communicative, son sourire tranquille et ses yeux assur\u00e9s. \u00ab\u00a0G\u00e9g\u00e9\u00a0\u00bb, c&rsquo;est notre rayon de soleil qui illumine tout sur son passage. Sous son air innocent de na\u00efve ing\u00e9nue, elle cache une ind\u00e9pendance folle et [&hellip;]<\/p>\n","protected":false},"author":1,"featured_media":0,"parent":125,"menu_order":0,"comment_status":"open","ping_status":"closed","template":"","meta":{"_et_pb_use_builder":"on","_et_pb_old_content":"","_et_gb_content_width":"","footnotes":""},"class_list":["post-1292","page","type-page","status-publish","hentry"],"aioseo_notices":[],"_links":{"self":[{"href":"http:\/\/maisb.fr\/resto\/wp-json\/wp\/v2\/pages\/1292","targetHints":{"allow":["GET"]}}],"collection":[{"href":"http:\/\/maisb.fr\/resto\/wp-json\/wp\/v2\/pages"}],"about":[{"href":"http:\/\/maisb.fr\/resto\/wp-json\/wp\/v2\/types\/page"}],"author":[{"embeddable":true,"href":"http:\/\/maisb.fr\/resto\/wp-json\/wp\/v2\/users\/1"}],"replies":[{"embeddable":true,"href":"http:\/\/maisb.fr\/resto\/wp-json\/wp\/v2\/comments?post=1292"}],"version-history":[{"count":3,"href":"http:\/\/maisb.fr\/resto\/wp-json\/wp\/v2\/pages\/1292\/revisions"}],"predecessor-version":[{"id":2120,"href":"http:\/\/maisb.fr\/resto\/wp-json\/wp\/v2\/pages\/1292\/revisions\/2120"}],"up":[{"embeddable":true,"href":"http:\/\/maisb.fr\/resto\/wp-json\/wp\/v2\/pages\/125"}],"wp:attachment":[{"href":"http:\/\/maisb.fr\/resto\/wp-json\/wp\/v2\/media?parent=1292"}],"curies":[{"name":"wp","href":"https:\/\/api.w.org\/{rel}","templated":true}]}}