{"id":1297,"date":"2015-12-15T17:22:42","date_gmt":"2015-12-15T16:22:42","guid":{"rendered":"http:\/\/resto.maisb.fr\/?page_id=1297"},"modified":"2020-01-13T11:46:56","modified_gmt":"2020-01-13T10:46:56","slug":"les-anciens","status":"publish","type":"page","link":"http:\/\/maisb.fr\/resto\/cuisine\/les-anciens\/","title":{"rendered":"Les Anciens"},"content":{"rendered":"<p>[et_pb_section fb_built=\u00a0\u00bb1&Prime; admin_label=\u00a0\u00bbsection\u00a0\u00bb _builder_version=\u00a0\u00bb3.22&Prime;][et_pb_row admin_label=\u00a0\u00bbLigne\u00a0\u00bb _builder_version=\u00a0\u00bb3.25&Prime; background_size=\u00a0\u00bbinitial\u00a0\u00bb background_position=\u00a0\u00bbtop_left\u00a0\u00bb background_repeat=\u00a0\u00bbrepeat\u00a0\u00bb][et_pb_column type=\u00a0\u00bb4_4&Prime; _builder_version=\u00a0\u00bb3.25&Prime; custom_padding=\u00a0\u00bb|||\u00a0\u00bb custom_padding__hover=\u00a0\u00bb|||\u00a0\u00bb][et_pb_divider show_divider=\u00a0\u00bboff\u00a0\u00bb disabled_on=\u00a0\u00bbon|on|off\u00a0\u00bb admin_label=\u00a0\u00bbS\u00e9parateur\u00a0\u00bb _builder_version=\u00a0\u00bb3.2&Prime; height=\u00a0\u00bb50px\u00a0\u00bb hide_on_mobile=\u00a0\u00bbon\u00a0\u00bb][\/et_pb_divider][\/et_pb_column][\/et_pb_row][et_pb_row admin_label=\u00a0\u00bbrow\u00a0\u00bb _builder_version=\u00a0\u00bb3.25&Prime; background_size=\u00a0\u00bbinitial\u00a0\u00bb background_position=\u00a0\u00bbtop_left\u00a0\u00bb background_repeat=\u00a0\u00bbrepeat\u00a0\u00bb column_structure=\u00a0\u00bb2_3,1_3&Prime;][et_pb_column type=\u00a0\u00bb2_3&Prime; _builder_version=\u00a0\u00bb3.25&Prime; custom_padding=\u00a0\u00bb|||\u00a0\u00bb custom_padding__hover=\u00a0\u00bb|||\u00a0\u00bb][et_pb_text admin_label=\u00a0\u00bbTexte\u00a0\u00bb _builder_version=\u00a0\u00bb3.27.4&Prime; background_size=\u00a0\u00bbinitial\u00a0\u00bb background_position=\u00a0\u00bbtop_left\u00a0\u00bb background_repeat=\u00a0\u00bbrepeat\u00a0\u00bb use_border_color=\u00a0\u00bboff\u00a0\u00bb border_color=\u00a0\u00bb#ffffff\u00a0\u00bb border_style=\u00a0\u00bbsolid\u00a0\u00bb]<\/p>\n<h1>LES ANCIENS<\/h1>\n<p><b>Les anciens<\/b>\u00a0\/\u00a0Cuisine 2005<br \/> <span style=\"color: #000000;\"><br \/> <img loading=\"lazy\" decoding=\"async\" class=\"alignnone size-full wp-image-1214\" src=\"http:\/\/maisb.fr\/wp-content\/uploads\/sites\/3\/2015\/10\/ancien-cuisine.jpg\" alt=\"ancien-cuisine\" width=\"701\" height=\"312\" \/><br \/> <span style=\"font-size: normal;\">2\u00a0999 Vues<\/span><\/span><\/p>\n<p><span style=\"font-size: x-large;\">Pendant les trois premi\u00e8res ann\u00e9es au restaurant, c&rsquo;est la valse des seconds et des cuisiniers. Rami cherche son alter ego, il se d\u00e9bat entre un personnel d\u00e9ficient et un mat\u00e9riel d\u00e9faillant. L&rsquo;arriv\u00e9e de St\u00e9phane Neurit va tout changer, il va constituer autour de lui toute une \u00e9quipe de copains.<\/span><\/p>\n<p><span style=\"font-size: x-large;\"><br \/> Il fait venir en premier son ami Feufeu, et par la suite au cours des diff\u00e9rentes saisons tout un tas de potes qui viendront s&rsquo;essayer au m\u00e9tier de cuisinier \u00e0 la Mais&rsquo;B.<\/span><\/p>\n<p><span style=\"font-size: x-large;\"><br \/> Il est difficile de tous les citer, la Maison-Blanche a vu d\u00e9filer pendant ces vingt ans beaucoup de cuistots ou d&rsquo;apprentis cuistots qui vont profiter de cet endroit merveilleux. Certains ont marqu\u00e9 le lieu comme : Sardik, Guiguite, Esteban, Paulo le Porthos, le Biniou, le \u00ab Jean-Claude \u00bb Laceppe, Beubeu.<\/span><\/p>\n<p><span style=\"font-size: x-large;\"><br \/> La Maison-Blanche a cette facult\u00e9 incroyable d&rsquo;attirer en son sein des individus surprenants, \u00e9pris de libert\u00e9. Ils sont tous tr\u00e8s diff\u00e9rents et viennent d&rsquo;horizons multiples. De toute fa\u00e7on une saison \u00e0 la Maison-Blanche vous marque pour toujours d&rsquo;une mani\u00e8re ind\u00e9l\u00e9bile.<\/span><\/p>\n<p>[\/et_pb_text][\/et_pb_column][et_pb_column type=\u00a0\u00bb1_3&Prime; _builder_version=\u00a0\u00bb3.25&Prime; custom_padding=\u00a0\u00bb|||\u00a0\u00bb custom_padding__hover=\u00a0\u00bb|||\u00a0\u00bb][et_pb_text admin_label=\u00a0\u00bbTexte\u00a0\u00bb _builder_version=\u00a0\u00bb3.27.4&Prime; background_color=\u00a0\u00bb#cccccc\u00a0\u00bb background_size=\u00a0\u00bbinitial\u00a0\u00bb background_position=\u00a0\u00bbtop_left\u00a0\u00bb background_repeat=\u00a0\u00bbrepeat\u00a0\u00bb custom_margin=\u00a0\u00bb100px||10px|\u00a0\u00bb custom_padding=\u00a0\u00bb10|10|10|10&Prime; custom_css_main_element=\u00a0\u00bb -moz-box-shadow: 5px 5px 5px 0px #dad7d7;||-webkit-box-shadow: 5px 5px 5px 0px #dad7d7;|| -o-box-shadow: 5px 5px 5px 0px #dad7d7;||box-shadow: 5px 5px 5px 0px #dad7d7;|| \/* filter: progid:DXImageTransform.Microsoft.Shadow(color=#dad7d7,Direction=134,Strength=5); *\/|| -moz-border-radius: 7px;||-webkit-border-radius: 7px;||border-radius: 7px;\u00a0\u00bb use_border_color=\u00a0\u00bboff\u00a0\u00bb border_color=\u00a0\u00bb#ffffff\u00a0\u00bb border_style=\u00a0\u00bbsolid\u00a0\u00bb]<iframe loading=\"lazy\" src=\"https:\/\/www.youtube.com\/embed\/ahQHSRXzvNM\" width=\"420\" height=\"315\" frameborder=\"0\" allowfullscreen=\"allowfullscreen\"><\/iframe><br \/>\n[\/et_pb_text][et_pb_text admin_label=\u00a0\u00bbTexte\u00a0\u00bb _builder_version=\u00a0\u00bb3.27.4&Prime; background_color=\u00a0\u00bb#cccccc\u00a0\u00bb background_size=\u00a0\u00bbinitial\u00a0\u00bb background_position=\u00a0\u00bbtop_left\u00a0\u00bb background_repeat=\u00a0\u00bbrepeat\u00a0\u00bb custom_margin=\u00a0\u00bb20px||10px|\u00a0\u00bb custom_padding=\u00a0\u00bb10|10|10|10&Prime; custom_css_main_element=\u00a0\u00bb -moz-box-shadow: 5px 5px 5px 0px #dad7d7;||-webkit-box-shadow: 5px 5px 5px 0px #dad7d7;|| -o-box-shadow: 5px 5px 5px 0px #dad7d7;||box-shadow: 5px 5px 5px 0px #dad7d7;|| \/* filter: progid:DXImageTransform.Microsoft.Shadow(color=#dad7d7,Direction=134,Strength=5); *\/|| -moz-border-radius: 7px;||-webkit-border-radius: 7px;||border-radius: 7px;\u00a0\u00bb use_border_color=\u00a0\u00bboff\u00a0\u00bb border_color=\u00a0\u00bb#ffffff\u00a0\u00bb border_style=\u00a0\u00bbsolid\u00a0\u00bb]<iframe loading=\"lazy\" src=\"https:\/\/www.youtube.com\/embed\/C-MwP-xvwj4\" width=\"420\" height=\"315\" frameborder=\"0\" allowfullscreen=\"allowfullscreen\"><\/iframe><br \/>\n[\/et_pb_text][et_pb_image src=\u00a0\u00bbhttp:\/\/maisb.fr\/resto\/wp-content\/uploads\/sites\/3\/2015\/12\/anciens-1.jpg\u00a0\u00bb align_tablet=\u00a0\u00bbcenter\u00a0\u00bb align_last_edited=\u00a0\u00bbon|desktop\u00a0\u00bb admin_label=\u00a0\u00bbImage\u00a0\u00bb _builder_version=\u00a0\u00bb3.23&Prime; animation_style=\u00a0\u00bbslide\u00a0\u00bb animation_direction=\u00a0\u00bbleft\u00a0\u00bb animation_duration=\u00a0\u00bb500ms\u00a0\u00bb animation_intensity_slide=\u00a0\u00bb10%\u00a0\u00bb use_border_color=\u00a0\u00bboff\u00a0\u00bb border_color=\u00a0\u00bb#ffffff\u00a0\u00bb border_style=\u00a0\u00bbsolid\u00a0\u00bb animation=\u00a0\u00bbleft\u00a0\u00bb sticky=\u00a0\u00bboff\u00a0\u00bb always_center_on_mobile=\u00a0\u00bbon\u00a0\u00bb][\/et_pb_image][\/et_pb_column][\/et_pb_row][et_pb_row padding_mobile=\u00a0\u00bboff\u00a0\u00bb admin_label=\u00a0\u00bbrow\u00a0\u00bb _builder_version=\u00a0\u00bb3.25&Prime; background_size=\u00a0\u00bbinitial\u00a0\u00bb background_position=\u00a0\u00bbtop_left\u00a0\u00bb background_repeat=\u00a0\u00bbrepeat\u00a0\u00bb make_fullwidth=\u00a0\u00bboff\u00a0\u00bb use_custom_width=\u00a0\u00bboff\u00a0\u00bb width_unit=\u00a0\u00bbon\u00a0\u00bb][et_pb_column type=\u00a0\u00bb4_4&Prime; _builder_version=\u00a0\u00bb3.25&Prime; custom_padding=\u00a0\u00bb|||\u00a0\u00bb custom_padding__hover=\u00a0\u00bb|||\u00a0\u00bb][et_pb_text admin_label=\u00a0\u00bbTexte\u00a0\u00bb _builder_version=\u00a0\u00bb3.27.4&Prime; background_color=\u00a0\u00bb#ffc700&Prime; background_size=\u00a0\u00bbinitial\u00a0\u00bb background_position=\u00a0\u00bbtop_left\u00a0\u00bb background_repeat=\u00a0\u00bbrepeat\u00a0\u00bb use_border_color=\u00a0\u00bboff\u00a0\u00bb border_color=\u00a0\u00bb#ffffff\u00a0\u00bb border_style=\u00a0\u00bbsolid\u00a0\u00bb]\r\n\t\t\t\t\t\n\r\n\t\t\t\t\t<!-- START UNITE GALLERY 1.7.62 -->\r\n\t\t\t\t\t\r\n\t\t\t\t\n\t\t\t<div id='unitegallery_28_1' class='unite-gallery' style='margin:0px auto;'>\n\t\t\t\t\n\n\t\t\t\t\t\t<img decoding=\"async\" alt=\"anciens_1\"\n\t\t\t\t\t\t     src=\"\" data-image=\"http:\/\/maisb.fr\/resto\/wp-content\/uploads\/sites\/3\/2015\/12\/rami_1.jpg\"\n\t\t\t\t\t\t     data-thumb=\"http:\/\/maisb.fr\/resto\/wp-content\/uploads\/sites\/3\/2015\/12\/rami_1-225x300.jpg\"\n\t\t\t\t\t\t     title=\"\"\n\t\t\t\t\t\t     style=\"display:none\">\n\n\t\t\t\t\t\t<img decoding=\"async\" alt=\"anciens_2\"\n\t\t\t\t\t\t     src=\"\" data-image=\"http:\/\/maisb.fr\/resto\/wp-content\/uploads\/sites\/3\/2015\/12\/rami_10.jpg\"\n\t\t\t\t\t\t     data-thumb=\"http:\/\/maisb.fr\/resto\/wp-content\/uploads\/sites\/3\/2015\/12\/rami_10-225x300.jpg\"\n\t\t\t\t\t\t     title=\"\"\n\t\t\t\t\t\t     style=\"display:none\">\n\n\t\t\t\t\t\t<img decoding=\"async\" alt=\"anciens_3\"\n\t\t\t\t\t\t     src=\"\" data-image=\"http:\/\/maisb.fr\/resto\/wp-content\/uploads\/sites\/3\/2015\/12\/rami_11.jpg\"\n\t\t\t\t\t\t     data-thumb=\"http:\/\/maisb.fr\/resto\/wp-content\/uploads\/sites\/3\/2015\/12\/rami_11-225x300.jpg\"\n\t\t\t\t\t\t     title=\"\"\n\t\t\t\t\t\t     style=\"display:none\">\n\n\t\t\t\t\t\t<img decoding=\"async\" alt=\"anciens_30\"\n\t\t\t\t\t\t     src=\"\" data-image=\"http:\/\/maisb.fr\/resto\/wp-content\/uploads\/sites\/3\/2015\/12\/neurit_15.jpg\"\n\t\t\t\t\t\t     data-thumb=\"http:\/\/maisb.fr\/resto\/wp-content\/uploads\/sites\/3\/2015\/12\/neurit_15-300x225.jpg\"\n\t\t\t\t\t\t     title=\"\"\n\t\t\t\t\t\t     style=\"display:none\">\n\n\t\t\t\t\t\t<img decoding=\"async\" alt=\"anciens_32\"\n\t\t\t\t\t\t     src=\"\" data-image=\"http:\/\/maisb.fr\/resto\/wp-content\/uploads\/sites\/3\/2015\/12\/neurit_20.jpg\"\n\t\t\t\t\t\t     data-thumb=\"http:\/\/maisb.fr\/resto\/wp-content\/uploads\/sites\/3\/2015\/12\/neurit_20-300x225.jpg\"\n\t\t\t\t\t\t     title=\"\"\n\t\t\t\t\t\t     style=\"display:none\">\n\n\t\t\t\t\t\t<img decoding=\"async\" alt=\"anciens_4\"\n\t\t\t\t\t\t     src=\"\" data-image=\"http:\/\/maisb.fr\/resto\/wp-content\/uploads\/sites\/3\/2015\/12\/rami_12.jpg\"\n\t\t\t\t\t\t     data-thumb=\"http:\/\/maisb.fr\/resto\/wp-content\/uploads\/sites\/3\/2015\/12\/rami_12-300x225.jpg\"\n\t\t\t\t\t\t     title=\"\"\n\t\t\t\t\t\t     style=\"display:none\">\n\n\t\t\t\t\t\t<img decoding=\"async\" alt=\"anciens_5\"\n\t\t\t\t\t\t     src=\"\" data-image=\"http:\/\/maisb.fr\/resto\/wp-content\/uploads\/sites\/3\/2015\/12\/rami_13.jpg\"\n\t\t\t\t\t\t     data-thumb=\"http:\/\/maisb.fr\/resto\/wp-content\/uploads\/sites\/3\/2015\/12\/rami_13-300x225.jpg\"\n\t\t\t\t\t\t     title=\"\"\n\t\t\t\t\t\t     style=\"display:none\">\n\n\t\t\t\t\t\t<img decoding=\"async\" alt=\"anciens_6\"\n\t\t\t\t\t\t     src=\"\" data-image=\"http:\/\/maisb.fr\/resto\/wp-content\/uploads\/sites\/3\/2015\/12\/rami_14.jpg\"\n\t\t\t\t\t\t     data-thumb=\"http:\/\/maisb.fr\/resto\/wp-content\/uploads\/sites\/3\/2015\/12\/rami_14-225x300.jpg\"\n\t\t\t\t\t\t     title=\"\"\n\t\t\t\t\t\t     style=\"display:none\">\n\n\t\t\t\t\t\t<img decoding=\"async\" alt=\"anciens_7\"\n\t\t\t\t\t\t     src=\"\" data-image=\"http:\/\/maisb.fr\/resto\/wp-content\/uploads\/sites\/3\/2015\/12\/rami_15.jpg\"\n\t\t\t\t\t\t     data-thumb=\"http:\/\/maisb.fr\/resto\/wp-content\/uploads\/sites\/3\/2015\/12\/rami_15-300x225.jpg\"\n\t\t\t\t\t\t     title=\"\"\n\t\t\t\t\t\t     style=\"display:none\">\n\n\t\t\t\t\t\t<img decoding=\"async\" alt=\"anciens_8\"\n\t\t\t\t\t\t     src=\"\" data-image=\"http:\/\/maisb.fr\/resto\/wp-content\/uploads\/sites\/3\/2015\/12\/rami_16.jpg\"\n\t\t\t\t\t\t     data-thumb=\"http:\/\/maisb.fr\/resto\/wp-content\/uploads\/sites\/3\/2015\/12\/rami_16-300x225.jpg\"\n\t\t\t\t\t\t     title=\"\"\n\t\t\t\t\t\t     style=\"display:none\">\n\n\t\t\t\t\t\t<img decoding=\"async\" alt=\"anciens_9\"\n\t\t\t\t\t\t     src=\"\" data-image=\"http:\/\/maisb.fr\/resto\/wp-content\/uploads\/sites\/3\/2015\/12\/rami_17.jpg\"\n\t\t\t\t\t\t     data-thumb=\"http:\/\/maisb.fr\/resto\/wp-content\/uploads\/sites\/3\/2015\/12\/rami_17-300x225.jpg\"\n\t\t\t\t\t\t     title=\"\"\n\t\t\t\t\t\t     style=\"display:none\">\n\n\t\t\t\t\t\t<img decoding=\"async\" alt=\"anciens_10\"\n\t\t\t\t\t\t     src=\"\" data-image=\"http:\/\/maisb.fr\/resto\/wp-content\/uploads\/sites\/3\/2015\/12\/rami_18.jpg\"\n\t\t\t\t\t\t     data-thumb=\"http:\/\/maisb.fr\/resto\/wp-content\/uploads\/sites\/3\/2015\/12\/rami_18-300x225.jpg\"\n\t\t\t\t\t\t     title=\"\"\n\t\t\t\t\t\t     style=\"display:none\">\n\t\t\t<\/div>\n\n\t\t\t<script type='text\/javascript'>\n\t\t\t\twindow.onload = function(e) {\n\t\t\t\t\tif(typeof ugCheckForErrors == \"undefined\"){\n\t\t\t\t\t\tdocument.getElementById(\"unitegallery_28_1\").innerHTML = \"<span style='color:red'>Unite Gallery Error - gallery js and css files not included in the footer. Please make sure that wp_footer() function is added to your theme.<\/span>\";}\n\t\t\t\t\telse{ ugCheckForErrors(\"unitegallery_28_1\", \"jquery\");}\n\t\t\t\t};\n\t\t\t<\/script>\n\n\t\t\t<!-- END UNITEGALLERY --><br \/>\n[\/et_pb_text][\/et_pb_column][\/et_pb_row][\/et_pb_section]<\/p>\n","protected":false},"excerpt":{"rendered":"<p>LES ANCIENS Les anciens\u00a0\/\u00a0Cuisine 2005 2\u00a0999 Vues Pendant les trois premi\u00e8res ann\u00e9es au restaurant, c&rsquo;est la valse des seconds et des cuisiniers. Rami cherche son alter ego, il se d\u00e9bat entre un personnel d\u00e9ficient et un mat\u00e9riel d\u00e9faillant. L&rsquo;arriv\u00e9e de St\u00e9phane Neurit va tout changer, il va constituer autour de lui toute une \u00e9quipe de [&hellip;]<\/p>\n","protected":false},"author":1,"featured_media":0,"parent":229,"menu_order":0,"comment_status":"open","ping_status":"closed","template":"","meta":{"_et_pb_use_builder":"on","_et_pb_old_content":"","_et_gb_content_width":"","footnotes":""},"class_list":["post-1297","page","type-page","status-publish","hentry"],"aioseo_notices":[],"_links":{"self":[{"href":"http:\/\/maisb.fr\/resto\/wp-json\/wp\/v2\/pages\/1297","targetHints":{"allow":["GET"]}}],"collection":[{"href":"http:\/\/maisb.fr\/resto\/wp-json\/wp\/v2\/pages"}],"about":[{"href":"http:\/\/maisb.fr\/resto\/wp-json\/wp\/v2\/types\/page"}],"author":[{"embeddable":true,"href":"http:\/\/maisb.fr\/resto\/wp-json\/wp\/v2\/users\/1"}],"replies":[{"embeddable":true,"href":"http:\/\/maisb.fr\/resto\/wp-json\/wp\/v2\/comments?post=1297"}],"version-history":[{"count":3,"href":"http:\/\/maisb.fr\/resto\/wp-json\/wp\/v2\/pages\/1297\/revisions"}],"predecessor-version":[{"id":2111,"href":"http:\/\/maisb.fr\/resto\/wp-json\/wp\/v2\/pages\/1297\/revisions\/2111"}],"up":[{"embeddable":true,"href":"http:\/\/maisb.fr\/resto\/wp-json\/wp\/v2\/pages\/229"}],"wp:attachment":[{"href":"http:\/\/maisb.fr\/resto\/wp-json\/wp\/v2\/media?parent=1297"}],"curies":[{"name":"wp","href":"https:\/\/api.w.org\/{rel}","templated":true}]}}