{"id":1308,"date":"2015-12-15T17:44:35","date_gmt":"2015-12-15T16:44:35","guid":{"rendered":"http:\/\/resto.maisb.fr\/?page_id=1308"},"modified":"2020-01-13T12:01:14","modified_gmt":"2020-01-13T11:01:14","slug":"les-anciennes","status":"publish","type":"page","link":"http:\/\/maisb.fr\/resto\/la-salle\/les-anciennes\/","title":{"rendered":"Les Anciennes"},"content":{"rendered":"<p>[et_pb_section fb_built=\u00a0\u00bb1&Prime; admin_label=\u00a0\u00bbsection\u00a0\u00bb _builder_version=\u00a0\u00bb3.22&Prime;][et_pb_row admin_label=\u00a0\u00bbLigne\u00a0\u00bb _builder_version=\u00a0\u00bb3.25&Prime; background_size=\u00a0\u00bbinitial\u00a0\u00bb background_position=\u00a0\u00bbtop_left\u00a0\u00bb background_repeat=\u00a0\u00bbrepeat\u00a0\u00bb][et_pb_column type=\u00a0\u00bb4_4&Prime; _builder_version=\u00a0\u00bb3.25&Prime; custom_padding=\u00a0\u00bb|||\u00a0\u00bb custom_padding__hover=\u00a0\u00bb|||\u00a0\u00bb][et_pb_divider show_divider=\u00a0\u00bboff\u00a0\u00bb disabled_on=\u00a0\u00bbon|on|off\u00a0\u00bb admin_label=\u00a0\u00bbS\u00e9parateur\u00a0\u00bb _builder_version=\u00a0\u00bb3.2&Prime; height=\u00a0\u00bb50px\u00a0\u00bb hide_on_mobile=\u00a0\u00bbon\u00a0\u00bb]&nbsp;<br \/>\n[\/et_pb_divider][\/et_pb_column][\/et_pb_row][et_pb_row admin_label=\u00a0\u00bbrow\u00a0\u00bb _builder_version=\u00a0\u00bb3.25&Prime; background_size=\u00a0\u00bbinitial\u00a0\u00bb background_position=\u00a0\u00bbtop_left\u00a0\u00bb background_repeat=\u00a0\u00bbrepeat\u00a0\u00bb][et_pb_column type=\u00a0\u00bb4_4&Prime; _builder_version=\u00a0\u00bb3.25&Prime; custom_padding=\u00a0\u00bb|||\u00a0\u00bb custom_padding__hover=\u00a0\u00bb|||\u00a0\u00bb][et_pb_text admin_label=\u00a0\u00bbTexte\u00a0\u00bb _builder_version=\u00a0\u00bb3.27.4&Prime; background_size=\u00a0\u00bbinitial\u00a0\u00bb background_position=\u00a0\u00bbtop_left\u00a0\u00bb background_repeat=\u00a0\u00bbrepeat\u00a0\u00bb use_border_color=\u00a0\u00bboff\u00a0\u00bb border_color=\u00a0\u00bb#ffffff\u00a0\u00bb border_style=\u00a0\u00bbsolid\u00a0\u00bb]<\/p>\n<h1>LES ANCIENNES<\/h1>\n<p><strong>Les anciennes<\/strong>\u00a0\/\u00a0Chez G\u00e9g\u00e9 2000<br \/> <span style=\"color: #000000;\"><br \/> <img decoding=\"async\" class=\"alignnone size-full wp-image-1289\" src=\"http:\/\/maisb.fr\/wp-content\/uploads\/sites\/3\/2015\/10\/anciennes.jpg\" alt=\"anciennes\" width=\"100%\" \/><br \/> <span style=\"font-size: normal;\">3\u00a0404 Vues<\/span><\/span><\/p>\n<p><span style=\"font-size: x-large;\">\u00ab Les jambes des serveuses sont des compas qui arpentent la Maison-Blanche en tous sens, lui donnant son \u00e9quilibre et son harmonie \u00bb<\/span><\/p>\n<p><span style=\"font-size: x-large;\"><br \/> Pendant ces 20 ann\u00e9es, nous avons embauch\u00e9 un nombre incroyable de jolies filles au restaurant. La Maison-Blanche a ce don insens\u00e9 d&rsquo;attirer les belles nanas !<\/span><\/p>\n<p><span style=\"font-size: x-large;\"><br \/> Il m&rsquo;est bien difficile de les citer toutes, mais certaines ont laiss\u00e9 dans ce lieu des traces inoubliables. Marguerite et son caract\u00e8re tranch\u00e9, la merveilleuse Chlo\u00e9 \u00ab boobs \u00bb Tatin, la p\u00e9tillante Linda, ou encore Titi \u00ab Paillette \u00bb la fonceuse.<\/span><\/p>\n<p><span style=\"font-size: x-large;\"><br \/> Je voudrais aussi remercier de tout mon c\u0153ur, les serveuses d&rsquo;hier et d&rsquo;aujourd&rsquo;hui, qui ont particip\u00e9 \u00e0 cette merveilleuse aventure. Elles ont toutes permis \u00e0 ce lieu unique d&rsquo;exister en plein c\u0153ur de la Charente Maritime.<\/span><\/p>\n<p>&nbsp;<\/p>\n<p>[\/et_pb_text][\/et_pb_column][\/et_pb_row][et_pb_row padding_mobile=\u00a0\u00bboff\u00a0\u00bb admin_label=\u00a0\u00bbrow\u00a0\u00bb _builder_version=\u00a0\u00bb3.25&Prime; background_size=\u00a0\u00bbinitial\u00a0\u00bb background_position=\u00a0\u00bbtop_left\u00a0\u00bb background_repeat=\u00a0\u00bbrepeat\u00a0\u00bb make_fullwidth=\u00a0\u00bboff\u00a0\u00bb use_custom_width=\u00a0\u00bboff\u00a0\u00bb width_unit=\u00a0\u00bbon\u00a0\u00bb][et_pb_column type=\u00a0\u00bb4_4&Prime; _builder_version=\u00a0\u00bb3.25&Prime; custom_padding=\u00a0\u00bb|||\u00a0\u00bb custom_padding__hover=\u00a0\u00bb|||\u00a0\u00bb][et_pb_text admin_label=\u00a0\u00bbTexte\u00a0\u00bb _builder_version=\u00a0\u00bb3.27.4&Prime; background_color=\u00a0\u00bb#ffc700&Prime; background_size=\u00a0\u00bbinitial\u00a0\u00bb background_position=\u00a0\u00bbtop_left\u00a0\u00bb background_repeat=\u00a0\u00bbrepeat\u00a0\u00bb use_border_color=\u00a0\u00bboff\u00a0\u00bb border_color=\u00a0\u00bb#ffffff\u00a0\u00bb border_style=\u00a0\u00bbsolid\u00a0\u00bb]\r\n\t\t\t\t\t\n\r\n\t\t\t\t\t<!-- START UNITE GALLERY 1.7.62 -->\r\n\t\t\t\t\t\r\n\t\t\t\t\n\t\t\t<div id='unitegallery_29_1' class='unite-gallery' style='margin:0px auto;'>\n\t\t\t\t\n\n\t\t\t\t\t\t<img decoding=\"async\" alt=\"anciennes_1\"\n\t\t\t\t\t\t     src=\"\" data-image=\"http:\/\/maisb.fr\/resto\/wp-content\/uploads\/sites\/3\/2016\/01\/anciennes_1.jpg\"\n\t\t\t\t\t\t     data-thumb=\"http:\/\/maisb.fr\/resto\/wp-content\/uploads\/sites\/3\/2016\/01\/anciennes_1-300x225.jpg\"\n\t\t\t\t\t\t     title=\"\"\n\t\t\t\t\t\t     style=\"display:none\">\n\n\t\t\t\t\t\t<img decoding=\"async\" alt=\"anciennes_2\"\n\t\t\t\t\t\t     src=\"\" data-image=\"http:\/\/maisb.fr\/resto\/wp-content\/uploads\/sites\/3\/2016\/01\/anciennes_2.jpg\"\n\t\t\t\t\t\t     data-thumb=\"http:\/\/maisb.fr\/resto\/wp-content\/uploads\/sites\/3\/2016\/01\/anciennes_2-300x225.jpg\"\n\t\t\t\t\t\t     title=\"\"\n\t\t\t\t\t\t     style=\"display:none\">\n\n\t\t\t\t\t\t<img decoding=\"async\" alt=\"anciennes_3\"\n\t\t\t\t\t\t     src=\"\" data-image=\"http:\/\/maisb.fr\/resto\/wp-content\/uploads\/sites\/3\/2016\/01\/anciennes_3.jpg\"\n\t\t\t\t\t\t     data-thumb=\"http:\/\/maisb.fr\/resto\/wp-content\/uploads\/sites\/3\/2016\/01\/anciennes_3-300x270.jpg\"\n\t\t\t\t\t\t     title=\"\"\n\t\t\t\t\t\t     style=\"display:none\">\n\n\t\t\t\t\t\t<img decoding=\"async\" alt=\"anciennes_4\"\n\t\t\t\t\t\t     src=\"\" data-image=\"http:\/\/maisb.fr\/resto\/wp-content\/uploads\/sites\/3\/2016\/01\/anciennes_4.jpg\"\n\t\t\t\t\t\t     data-thumb=\"http:\/\/maisb.fr\/resto\/wp-content\/uploads\/sites\/3\/2016\/01\/anciennes_4-300x300.jpg\"\n\t\t\t\t\t\t     title=\"\"\n\t\t\t\t\t\t     style=\"display:none\">\n\n\t\t\t\t\t\t<img decoding=\"async\" alt=\"anciennes_5\"\n\t\t\t\t\t\t     src=\"\" data-image=\"http:\/\/maisb.fr\/resto\/wp-content\/uploads\/sites\/3\/2016\/01\/anciennes_5.jpg\"\n\t\t\t\t\t\t     data-thumb=\"http:\/\/maisb.fr\/resto\/wp-content\/uploads\/sites\/3\/2016\/01\/anciennes_5-300x225.jpg\"\n\t\t\t\t\t\t     title=\"\"\n\t\t\t\t\t\t     style=\"display:none\">\n\n\t\t\t\t\t\t<img decoding=\"async\" alt=\"anciennes_6\"\n\t\t\t\t\t\t     src=\"\" data-image=\"http:\/\/maisb.fr\/resto\/wp-content\/uploads\/sites\/3\/2016\/01\/anciennes_6.jpg\"\n\t\t\t\t\t\t     data-thumb=\"http:\/\/maisb.fr\/resto\/wp-content\/uploads\/sites\/3\/2016\/01\/anciennes_6-300x225.jpg\"\n\t\t\t\t\t\t     title=\"\"\n\t\t\t\t\t\t     style=\"display:none\">\n\n\t\t\t\t\t\t<img decoding=\"async\" alt=\"anciennes_7\"\n\t\t\t\t\t\t     src=\"\" data-image=\"http:\/\/maisb.fr\/resto\/wp-content\/uploads\/sites\/3\/2016\/01\/anciennes_7.jpg\"\n\t\t\t\t\t\t     data-thumb=\"http:\/\/maisb.fr\/resto\/wp-content\/uploads\/sites\/3\/2016\/01\/anciennes_7-300x225.jpg\"\n\t\t\t\t\t\t     title=\"\"\n\t\t\t\t\t\t     style=\"display:none\">\n\n\t\t\t\t\t\t<img decoding=\"async\" alt=\"anciennes_8\"\n\t\t\t\t\t\t     src=\"\" data-image=\"http:\/\/maisb.fr\/resto\/wp-content\/uploads\/sites\/3\/2016\/01\/anciennes_8.jpg\"\n\t\t\t\t\t\t     data-thumb=\"http:\/\/maisb.fr\/resto\/wp-content\/uploads\/sites\/3\/2016\/01\/anciennes_8-225x300.jpg\"\n\t\t\t\t\t\t     title=\"\"\n\t\t\t\t\t\t     style=\"display:none\">\n\n\t\t\t\t\t\t<img decoding=\"async\" alt=\"anciennes_9\"\n\t\t\t\t\t\t     src=\"\" data-image=\"http:\/\/maisb.fr\/resto\/wp-content\/uploads\/sites\/3\/2016\/01\/anciennes_9.jpg\"\n\t\t\t\t\t\t     data-thumb=\"http:\/\/maisb.fr\/resto\/wp-content\/uploads\/sites\/3\/2016\/01\/anciennes_9-300x225.jpg\"\n\t\t\t\t\t\t     title=\"\"\n\t\t\t\t\t\t     style=\"display:none\">\n\n\t\t\t\t\t\t<img decoding=\"async\" alt=\"anciennes_10\"\n\t\t\t\t\t\t     src=\"\" data-image=\"http:\/\/maisb.fr\/resto\/wp-content\/uploads\/sites\/3\/2016\/01\/anciennes_10.jpg\"\n\t\t\t\t\t\t     data-thumb=\"http:\/\/maisb.fr\/resto\/wp-content\/uploads\/sites\/3\/2016\/01\/anciennes_10-225x300.jpg\"\n\t\t\t\t\t\t     title=\"\"\n\t\t\t\t\t\t     style=\"display:none\">\n\n\t\t\t\t\t\t<img decoding=\"async\" alt=\"anciennes_11\"\n\t\t\t\t\t\t     src=\"\" data-image=\"http:\/\/maisb.fr\/resto\/wp-content\/uploads\/sites\/3\/2016\/01\/anciennes_11.jpg\"\n\t\t\t\t\t\t     data-thumb=\"http:\/\/maisb.fr\/resto\/wp-content\/uploads\/sites\/3\/2016\/01\/anciennes_11-300x225.jpg\"\n\t\t\t\t\t\t     title=\"\"\n\t\t\t\t\t\t     style=\"display:none\">\n\n\t\t\t\t\t\t<img decoding=\"async\" alt=\"anciennes_12\"\n\t\t\t\t\t\t     src=\"\" data-image=\"http:\/\/maisb.fr\/resto\/wp-content\/uploads\/sites\/3\/2016\/01\/anciennes_12.jpg\"\n\t\t\t\t\t\t     data-thumb=\"http:\/\/maisb.fr\/resto\/wp-content\/uploads\/sites\/3\/2016\/01\/anciennes_12-300x225.jpg\"\n\t\t\t\t\t\t     title=\"\"\n\t\t\t\t\t\t     style=\"display:none\">\n\t\t\t<\/div>\n\n\t\t\t<script type='text\/javascript'>\n\t\t\t\twindow.onload = function(e) {\n\t\t\t\t\tif(typeof ugCheckForErrors == \"undefined\"){\n\t\t\t\t\t\tdocument.getElementById(\"unitegallery_29_1\").innerHTML = \"<span style='color:red'>Unite Gallery Error - gallery js and css files not included in the footer. Please make sure that wp_footer() function is added to your theme.<\/span>\";}\n\t\t\t\t\telse{ ugCheckForErrors(\"unitegallery_29_1\", \"jquery\");}\n\t\t\t\t};\n\t\t\t<\/script>\n\n\t\t\t<!-- END UNITEGALLERY --><br \/>\n[\/et_pb_text][\/et_pb_column][\/et_pb_row][\/et_pb_section]<\/p>\n","protected":false},"excerpt":{"rendered":"<p>&nbsp; LES ANCIENNES Les anciennes\u00a0\/\u00a0Chez G\u00e9g\u00e9 2000 3\u00a0404 Vues \u00ab Les jambes des serveuses sont des compas qui arpentent la Maison-Blanche en tous sens, lui donnant son \u00e9quilibre et son harmonie \u00bb Pendant ces 20 ann\u00e9es, nous avons embauch\u00e9 un nombre incroyable de jolies filles au restaurant. La Maison-Blanche a ce don insens\u00e9 d&rsquo;attirer les [&hellip;]<\/p>\n","protected":false},"author":1,"featured_media":0,"parent":125,"menu_order":0,"comment_status":"open","ping_status":"closed","template":"","meta":{"_et_pb_use_builder":"on","_et_pb_old_content":"","_et_gb_content_width":"","footnotes":""},"class_list":["post-1308","page","type-page","status-publish","hentry"],"aioseo_notices":[],"_links":{"self":[{"href":"http:\/\/maisb.fr\/resto\/wp-json\/wp\/v2\/pages\/1308","targetHints":{"allow":["GET"]}}],"collection":[{"href":"http:\/\/maisb.fr\/resto\/wp-json\/wp\/v2\/pages"}],"about":[{"href":"http:\/\/maisb.fr\/resto\/wp-json\/wp\/v2\/types\/page"}],"author":[{"embeddable":true,"href":"http:\/\/maisb.fr\/resto\/wp-json\/wp\/v2\/users\/1"}],"replies":[{"embeddable":true,"href":"http:\/\/maisb.fr\/resto\/wp-json\/wp\/v2\/comments?post=1308"}],"version-history":[{"count":2,"href":"http:\/\/maisb.fr\/resto\/wp-json\/wp\/v2\/pages\/1308\/revisions"}],"predecessor-version":[{"id":2125,"href":"http:\/\/maisb.fr\/resto\/wp-json\/wp\/v2\/pages\/1308\/revisions\/2125"}],"up":[{"embeddable":true,"href":"http:\/\/maisb.fr\/resto\/wp-json\/wp\/v2\/pages\/125"}],"wp:attachment":[{"href":"http:\/\/maisb.fr\/resto\/wp-json\/wp\/v2\/media?parent=1308"}],"curies":[{"name":"wp","href":"https:\/\/api.w.org\/{rel}","templated":true}]}}