{"id":725,"date":"2015-10-14T06:28:47","date_gmt":"2015-10-14T05:28:47","guid":{"rendered":"http:\/\/bar.maisb.fr\/?page_id=2"},"modified":"2016-02-10T08:36:09","modified_gmt":"2016-02-10T07:36:09","slug":"page-d-exemple-2","status":"publish","type":"page","link":"http:\/\/maisb.fr\/resto\/","title":{"rendered":"Le resto"},"content":{"rendered":"<p>[et_pb_section admin_label=\u00a0\u00bbsection\u00a0\u00bb][et_pb_row admin_label=\u00a0\u00bbrow\u00a0\u00bb make_fullwidth=\u00a0\u00bbon\u00a0\u00bb use_custom_width=\u00a0\u00bboff\u00a0\u00bb width_unit=\u00a0\u00bbon\u00a0\u00bb use_custom_gutter=\u00a0\u00bboff\u00a0\u00bb padding_mobile=\u00a0\u00bboff\u00a0\u00bb allow_player_pause=\u00a0\u00bboff\u00a0\u00bb parallax=\u00a0\u00bboff\u00a0\u00bb parallax_method=\u00a0\u00bboff\u00a0\u00bb make_equal=\u00a0\u00bboff\u00a0\u00bb][et_pb_column type=\u00a0\u00bb4_4&Prime;][et_pb_text admin_label=\u00a0\u00bbTexte\u00a0\u00bb background_layout=\u00a0\u00bblight\u00a0\u00bb text_orientation=\u00a0\u00bbleft\u00a0\u00bb use_border_color=\u00a0\u00bboff\u00a0\u00bb border_color=\u00a0\u00bb#ffffff\u00a0\u00bb border_style=\u00a0\u00bbsolid\u00a0\u00bb background_color=\u00a0\u00bb#012a80&Prime; text_font_size=\u00a0\u00bb14&Prime;]<\/p>\n\r\n\t\t\t\t\t\n\r\n\t\t\t\t\t<!-- START UNITE GALLERY 1.7.62 -->\r\n\t\t\t\t\t\r\n\t\t\t\t\n\t\t\t<div id='unitegallery_2_1' class='unite-gallery' style='margin:0px auto;'>\n\t\t\t\t\n\n\t\t\t\t\t\t<img decoding=\"async\" alt=\"resto_1\"\n\t\t\t\t\t\t     src=\"\" data-image=\"http:\/\/maisb.fr\/resto\/wp-content\/uploads\/sites\/3\/2015\/12\/resto_1.jpg\"\n\t\t\t\t\t\t     data-thumb=\"http:\/\/maisb.fr\/resto\/wp-content\/uploads\/sites\/3\/2015\/12\/resto_1-300x150.jpg\"\n\t\t\t\t\t\t     title=\"\"\n\t\t\t\t\t\t     style=\"display:none\">\n\n\t\t\t\t\t\t<img decoding=\"async\" alt=\"resto_3\"\n\t\t\t\t\t\t     src=\"\" data-image=\"http:\/\/maisb.fr\/resto\/wp-content\/uploads\/sites\/3\/2015\/12\/resto_3.jpg\"\n\t\t\t\t\t\t     data-thumb=\"http:\/\/maisb.fr\/resto\/wp-content\/uploads\/sites\/3\/2015\/12\/resto_3-300x150.jpg\"\n\t\t\t\t\t\t     title=\"\"\n\t\t\t\t\t\t     style=\"display:none\">\n\n\t\t\t\t\t\t<img decoding=\"async\" alt=\"resto_2\"\n\t\t\t\t\t\t     src=\"\" data-image=\"http:\/\/maisb.fr\/resto\/wp-content\/uploads\/sites\/3\/2015\/12\/resto_2.jpg\"\n\t\t\t\t\t\t     data-thumb=\"http:\/\/maisb.fr\/resto\/wp-content\/uploads\/sites\/3\/2015\/12\/resto_2-300x150.jpg\"\n\t\t\t\t\t\t     title=\"\"\n\t\t\t\t\t\t     style=\"display:none\">\n\n\t\t\t\t\t\t<img decoding=\"async\" alt=\"resto_4\"\n\t\t\t\t\t\t     src=\"\" data-image=\"http:\/\/maisb.fr\/resto\/wp-content\/uploads\/sites\/3\/2015\/12\/resto_4.jpg\"\n\t\t\t\t\t\t     data-thumb=\"http:\/\/maisb.fr\/resto\/wp-content\/uploads\/sites\/3\/2015\/12\/resto_4-300x150.jpg\"\n\t\t\t\t\t\t     title=\"\"\n\t\t\t\t\t\t     style=\"display:none\">\n\n\t\t\t\t\t\t<img decoding=\"async\" alt=\"resto_7\"\n\t\t\t\t\t\t     src=\"\" data-image=\"http:\/\/maisb.fr\/resto\/wp-content\/uploads\/sites\/3\/2015\/12\/resto_7.jpg\"\n\t\t\t\t\t\t     data-thumb=\"http:\/\/maisb.fr\/resto\/wp-content\/uploads\/sites\/3\/2015\/12\/resto_7-300x150.jpg\"\n\t\t\t\t\t\t     title=\"\"\n\t\t\t\t\t\t     style=\"display:none\">\n\n\t\t\t\t\t\t<img decoding=\"async\" alt=\"resto_5\"\n\t\t\t\t\t\t     src=\"\" data-image=\"http:\/\/maisb.fr\/resto\/wp-content\/uploads\/sites\/3\/2015\/12\/resto_5.jpg\"\n\t\t\t\t\t\t     data-thumb=\"http:\/\/maisb.fr\/resto\/wp-content\/uploads\/sites\/3\/2015\/12\/resto_5-300x150.jpg\"\n\t\t\t\t\t\t     title=\"\"\n\t\t\t\t\t\t     style=\"display:none\">\n\t\t\t<\/div>\n\n\t\t\t<script type='text\/javascript'>\n\t\t\t\twindow.onload = function(e) {\n\t\t\t\t\tif(typeof ugCheckForErrors == \"undefined\"){\n\t\t\t\t\t\tdocument.getElementById(\"unitegallery_2_1\").innerHTML = \"<span style='color:red'>Unite Gallery Error - gallery js and css files not included in the footer. Please make sure that wp_footer() function is added to your theme.<\/span>\";}\n\t\t\t\t\telse{ ugCheckForErrors(\"unitegallery_2_1\", \"jquery\");}\n\t\t\t\t};\n\t\t\t<\/script>\n\n\t\t\t<!-- END UNITEGALLERY -->\n<p>[\/et_pb_text][\/et_pb_column][\/et_pb_row][et_pb_row admin_label=\u00a0\u00bbrow\u00a0\u00bb][et_pb_column type=\u00a0\u00bb4_4&Prime;][et_pb_text admin_label=\u00a0\u00bbTexte\u00a0\u00bb background_layout=\u00a0\u00bblight\u00a0\u00bb text_orientation=\u00a0\u00bbleft\u00a0\u00bb use_border_color=\u00a0\u00bboff\u00a0\u00bb border_color=\u00a0\u00bb#ffffff\u00a0\u00bb border_style=\u00a0\u00bbsolid\u00a0\u00bb custom_margin=\u00a0\u00bb50px|||\u00a0\u00bb]<\/p>\n<h1 style=\"text-align: center;\">LES PIEDS DANS L&rsquo;EAU<\/h1>\n<p><span style=\"color: #000000;\"><br \/>\n<img decoding=\"async\" class=\"size-full wp-image-1459 aligncenter\" src=\"http:\/\/maisb.fr\/wp-content\/uploads\/sites\/3\/2015\/10\/resto.jpg\" alt=\"resto\" width=\"100%\" \/><br \/>\n<span style=\"font-size: normal;\">96\u00a0284 Vues &#8211;\u00a0<\/span><span style=\"font-size: normal;\">[comments id=\u00a0\u00bb725&Prime;]<\/span><\/span><\/p>\n<p><span style=\"font-size: x-large;\">Dans un d\u00e9cor l\u00e9ger et color\u00e9, le restaurant de la Maison-Blanche offre une vue exceptionnelle sur la Conche de Nauzan. C&rsquo;est, sans doute, un des plus beaux spots de la r\u00e9gion. Le Menu Piscine attire tous les midis une client\u00e8le familiale. Les enfants peuvent \u00e9voluer en toute libert\u00e9, se baigner ou s&rsquo;amuser sur la plage. Ils adorent la Maison-Blanche, ce sont nos premiers fans ! Le soir venu c&rsquo;est l&rsquo;endroit id\u00e9al pour un repas entre amis pour c\u00e9l\u00e9brer un \u00e9v\u00e9nement marquant de sa vie. Enfin, c&rsquo;est le rendez-vous incontournable des amoureux, la beaut\u00e9 du lieu est propice \u00e0 la po\u00e9sie et aux sentiments.<\/span><\/p>\n<p><span style=\"font-size: x-large;\"><br \/>\nCette histoire a commenc\u00e9 au mois de f\u00e9vrier 1996, St\u00e9phane Ramirez, notre chef de cuisine est confront\u00e9 \u00e0 plusieurs probl\u00e8mes difficiles \u00e0 r\u00e9soudre. Outre le mat\u00e9riel d\u00e9ficient, le gaz de ville n&rsquo;arrive pas encore sur la plage de Nauzan, il va devoir axer sa carte sur les grillades au feu de bois. Apr\u00e8s m\u00fbre r\u00e9flexion et plusieurs soir\u00e9es arros\u00e9es, Rami accouche d&rsquo;une carte qui s&rsquo;adapte parfaitement aux exigences du lieu. Elle est color\u00e9e, attractive, pleine de petites trouvailles, il ne travaille que des produits frais, de qualit\u00e9, ici pas de cong\u00e9lateur ! La Maison-Blanche propose une cuisine simple, la cuisson au feu de bois a cette qualit\u00e9 de laisser aux produits leur authenticit\u00e9. Du fait de ses origines Italo espagnoles notre chef a su agr\u00e9menter sa carte d&rsquo;une note m\u00e9diterran\u00e9enne. La Maison-Blanche, c&rsquo;est le d\u00e9paysement pr\u00e8s de chez soi !<\/span><\/p>\n<p>[\/et_pb_text][\/et_pb_column][\/et_pb_row][et_pb_row admin_label=\u00a0\u00bbrow\u00a0\u00bb][et_pb_column type=\u00a0\u00bb1_4&Prime;][et_pb_text admin_label=\u00a0\u00bbTexte\u00a0\u00bb background_layout=\u00a0\u00bblight\u00a0\u00bb text_orientation=\u00a0\u00bbleft\u00a0\u00bb background_color=\u00a0\u00bb#cccccc\u00a0\u00bb use_border_color=\u00a0\u00bboff\u00a0\u00bb border_color=\u00a0\u00bb#ffffff\u00a0\u00bb border_style=\u00a0\u00bbsolid\u00a0\u00bb custom_margin=\u00a0\u00bb50||10|\u00a0\u00bb custom_padding=\u00a0\u00bb10|10|10|10&Prime; custom_css_main_element=\u00a0\u00bb -moz-box-shadow: 5px 5px 5px 0px #dad7d7;||-webkit-box-shadow: 5px 5px 5px 0px #dad7d7;|| -o-box-shadow: 5px 5px 5px 0px #dad7d7;||box-shadow: 5px 5px 5px 0px #dad7d7;|| \/* filter: progid:DXImageTransform.Microsoft.Shadow(color=#dad7d7,Direction=134,Strength=5); *\/|| -moz-border-radius: 7px;||-webkit-border-radius: 7px;||border-radius: 7px;\u00a0\u00bb]<\/p>\n<h1><a href=\"http:\/\/maisb.fr\/resto\/?page_id=229\">LA CUISINE<\/a><\/h1>\n<p><a href=\"http:\/\/maisb.fr\/resto\/?page_id=229\" rel=\"attachment wp-att-1668\"><img loading=\"lazy\" decoding=\"async\" class=\"alignnone size-full wp-image-1668\" src=\"http:\/\/maisb.fr\/wp-content\/uploads\/sites\/3\/2015\/10\/cuisine-1-1.jpg\" alt=\"cuisine-1\" width=\"613\" height=\"420\"><\/a><\/p>\n<p>[\/et_pb_text][\/et_pb_column][et_pb_column type=\u00a0\u00bb1_4&Prime;][et_pb_text admin_label=\u00a0\u00bbTexte\u00a0\u00bb background_layout=\u00a0\u00bblight\u00a0\u00bb text_orientation=\u00a0\u00bbleft\u00a0\u00bb background_color=\u00a0\u00bb#cccccc\u00a0\u00bb use_border_color=\u00a0\u00bboff\u00a0\u00bb border_color=\u00a0\u00bb#ffffff\u00a0\u00bb border_style=\u00a0\u00bbsolid\u00a0\u00bb custom_margin=\u00a0\u00bb50||10|\u00a0\u00bb custom_padding=\u00a0\u00bb10|10|10|10&Prime; custom_css_main_element=\u00a0\u00bb -moz-box-shadow: 5px 5px 5px 0px #dad7d7;||-webkit-box-shadow: 5px 5px 5px 0px #dad7d7;|| -o-box-shadow: 5px 5px 5px 0px #dad7d7;||box-shadow: 5px 5px 5px 0px #dad7d7;|| \/* filter: progid:DXImageTransform.Microsoft.Shadow(color=#dad7d7,Direction=134,Strength=5); *\/|| -moz-border-radius: 7px;||-webkit-border-radius: 7px;||border-radius: 7px;\u00a0\u00bb]<\/p>\n<h1><a href=\"http:\/\/maisb.fr\/resto\/?page_id=125\">LA SALLE<\/a><\/h1>\n<p><a href=\"http:\/\/maisb.fr\/resto\/?page_id=125\" rel=\"attachment wp-att-1670\"><img loading=\"lazy\" decoding=\"async\" class=\"alignnone size-full wp-image-1670\" src=\"http:\/\/maisb.fr\/wp-content\/uploads\/sites\/3\/2015\/10\/salle-1-1.jpg\" alt=\"salle-1\" width=\"613\" height=\"420\"><\/a><\/p>\n<p>[\/et_pb_text][\/et_pb_column][et_pb_column type=\u00a0\u00bb1_4&Prime;][et_pb_text admin_label=\u00a0\u00bbTexte\u00a0\u00bb background_layout=\u00a0\u00bblight\u00a0\u00bb text_orientation=\u00a0\u00bbleft\u00a0\u00bb background_color=\u00a0\u00bb#cccccc\u00a0\u00bb use_border_color=\u00a0\u00bboff\u00a0\u00bb border_color=\u00a0\u00bb#ffffff\u00a0\u00bb border_style=\u00a0\u00bbsolid\u00a0\u00bb custom_margin=\u00a0\u00bb50||10|\u00a0\u00bb custom_padding=\u00a0\u00bb10|10|10|10&Prime; custom_css_main_element=\u00a0\u00bb -moz-box-shadow: 5px 5px 5px 0px #dad7d7;||-webkit-box-shadow: 5px 5px 5px 0px #dad7d7;|| -o-box-shadow: 5px 5px 5px 0px #dad7d7;||box-shadow: 5px 5px 5px 0px #dad7d7;|| \/* filter: progid:DXImageTransform.Microsoft.Shadow(color=#dad7d7,Direction=134,Strength=5); *\/|| -moz-border-radius: 7px;||-webkit-border-radius: 7px;||border-radius: 7px;\u00a0\u00bb]<\/p>\n<h1><a href=\"http:\/\/maisb.fr\/resto\/?page_id=115\">M\u00c9DIAS<\/a><\/h1>\n<p><a href=\"http:\/\/maisb.fr\/resto\/?page_id=115\" rel=\"attachment wp-att-1669\"><img loading=\"lazy\" decoding=\"async\" class=\"alignnone size-full wp-image-1669\" src=\"http:\/\/maisb.fr\/wp-content\/uploads\/sites\/3\/2015\/10\/medias.jpg\" alt=\"medias\" width=\"613\" height=\"420\"><\/a><\/p>\n<p>[\/et_pb_text][\/et_pb_column][et_pb_column type=\u00a0\u00bb1_4&Prime;][et_pb_text admin_label=\u00a0\u00bbTexte\u00a0\u00bb background_layout=\u00a0\u00bblight\u00a0\u00bb text_orientation=\u00a0\u00bbleft\u00a0\u00bb background_color=\u00a0\u00bb#cccccc\u00a0\u00bb use_border_color=\u00a0\u00bboff\u00a0\u00bb border_color=\u00a0\u00bb#ffffff\u00a0\u00bb border_style=\u00a0\u00bbsolid\u00a0\u00bb custom_margin=\u00a0\u00bb50||10|\u00a0\u00bb custom_padding=\u00a0\u00bb10|10|10|10&Prime; custom_css_main_element=\u00a0\u00bb -moz-box-shadow: 5px 5px 5px 0px #dad7d7;||-webkit-box-shadow: 5px 5px 5px 0px #dad7d7;|| -o-box-shadow: 5px 5px 5px 0px #dad7d7;||box-shadow: 5px 5px 5px 0px #dad7d7;|| \/* filter: progid:DXImageTransform.Microsoft.Shadow(color=#dad7d7,Direction=134,Strength=5); *\/|| -moz-border-radius: 7px;||-webkit-border-radius: 7px;||border-radius: 7px;\u00a0\u00bb]<\/p>\n<h1><a href=\"http:\/\/maisb.fr\/resto\/?page_id=77\">LA CARTE<\/a><\/h1>\n<p><a href=\"http:\/\/maisb.fr\/resto\/?page_id=77\" rel=\"attachment wp-att-1667\"><img loading=\"lazy\" decoding=\"async\" class=\"alignnone size-full wp-image-1667\" src=\"http:\/\/maisb.fr\/wp-content\/uploads\/sites\/3\/2015\/10\/carte.jpg\" alt=\"carte\" width=\"613\" height=\"420\"><\/a><\/p>\n<p>[\/et_pb_text][\/et_pb_column][\/et_pb_row][\/et_pb_section]<\/p>\n","protected":false},"excerpt":{"rendered":"<p>\r\n\t\t\t\t\t\n\r\n\t\t\t\t\t<!-- START UNITE GALLERY 1.7.62 -->\r\n\t\t\t\t\t\r\n\t\t\t\t\n\t\t\t<div id='unitegallery_2_2' class='unite-gallery' style='margin:0px auto;'>\n\t\t\t\t\n\n\t\t\t\t\t\t<img decoding=\"async\" alt=\"resto_1\"\n\t\t\t\t\t\t     src=\"\" data-image=\"http:\/\/maisb.fr\/resto\/wp-content\/uploads\/sites\/3\/2015\/12\/resto_1.jpg\"\n\t\t\t\t\t\t     data-thumb=\"http:\/\/maisb.fr\/resto\/wp-content\/uploads\/sites\/3\/2015\/12\/resto_1-300x150.jpg\"\n\t\t\t\t\t\t     title=\"\"\n\t\t\t\t\t\t     style=\"display:none\">\n\n\t\t\t\t\t\t<img decoding=\"async\" alt=\"resto_3\"\n\t\t\t\t\t\t     src=\"\" data-image=\"http:\/\/maisb.fr\/resto\/wp-content\/uploads\/sites\/3\/2015\/12\/resto_3.jpg\"\n\t\t\t\t\t\t     data-thumb=\"http:\/\/maisb.fr\/resto\/wp-content\/uploads\/sites\/3\/2015\/12\/resto_3-300x150.jpg\"\n\t\t\t\t\t\t     title=\"\"\n\t\t\t\t\t\t     style=\"display:none\">\n\n\t\t\t\t\t\t<img decoding=\"async\" alt=\"resto_2\"\n\t\t\t\t\t\t     src=\"\" data-image=\"http:\/\/maisb.fr\/resto\/wp-content\/uploads\/sites\/3\/2015\/12\/resto_2.jpg\"\n\t\t\t\t\t\t     data-thumb=\"http:\/\/maisb.fr\/resto\/wp-content\/uploads\/sites\/3\/2015\/12\/resto_2-300x150.jpg\"\n\t\t\t\t\t\t     title=\"\"\n\t\t\t\t\t\t     style=\"display:none\">\n\n\t\t\t\t\t\t<img decoding=\"async\" alt=\"resto_4\"\n\t\t\t\t\t\t     src=\"\" data-image=\"http:\/\/maisb.fr\/resto\/wp-content\/uploads\/sites\/3\/2015\/12\/resto_4.jpg\"\n\t\t\t\t\t\t     data-thumb=\"http:\/\/maisb.fr\/resto\/wp-content\/uploads\/sites\/3\/2015\/12\/resto_4-300x150.jpg\"\n\t\t\t\t\t\t     title=\"\"\n\t\t\t\t\t\t     style=\"display:none\">\n\n\t\t\t\t\t\t<img decoding=\"async\" alt=\"resto_7\"\n\t\t\t\t\t\t     src=\"\" data-image=\"http:\/\/maisb.fr\/resto\/wp-content\/uploads\/sites\/3\/2015\/12\/resto_7.jpg\"\n\t\t\t\t\t\t     data-thumb=\"http:\/\/maisb.fr\/resto\/wp-content\/uploads\/sites\/3\/2015\/12\/resto_7-300x150.jpg\"\n\t\t\t\t\t\t     title=\"\"\n\t\t\t\t\t\t     style=\"display:none\">\n\n\t\t\t\t\t\t<img decoding=\"async\" alt=\"resto_5\"\n\t\t\t\t\t\t     src=\"\" data-image=\"http:\/\/maisb.fr\/resto\/wp-content\/uploads\/sites\/3\/2015\/12\/resto_5.jpg\"\n\t\t\t\t\t\t     data-thumb=\"http:\/\/maisb.fr\/resto\/wp-content\/uploads\/sites\/3\/2015\/12\/resto_5-300x150.jpg\"\n\t\t\t\t\t\t     title=\"\"\n\t\t\t\t\t\t     style=\"display:none\">\n\t\t\t<\/div>\n\n\n\t\t\t<!-- END UNITEGALLERY --> LES PIEDS DANS L&rsquo;EAU 96\u00a0284 Vues &#8211;\u00a0[comments id=\u00a0\u00bb725&Prime;] Dans un d\u00e9cor l\u00e9ger et color\u00e9, le restaurant de la Maison-Blanche offre une vue exceptionnelle sur la Conche de Nauzan. C&rsquo;est, sans doute, un des plus beaux spots de la r\u00e9gion. Le Menu Piscine attire tous les midis une client\u00e8le familiale. Les enfants peuvent \u00e9voluer [&hellip;]<\/p>\n","protected":false},"author":1,"featured_media":0,"parent":0,"menu_order":0,"comment_status":"open","ping_status":"closed","template":"","meta":{"_et_pb_use_builder":"on","_et_pb_old_content":"<p>Voici un exemple de page. Elle est diff\u00e9rente d'un article de blog, en cela qu'elle restera \u00e0 la m\u00eame place, et s'affichera dans le menu de navigation de votre site (en fonction de votre th\u00e8me). La plupart des gens commencent par \u00e9crire une page \u00ab \u00c0 Propos \u00bb qui les pr\u00e9sente aux visiteurs potentiels du site. Vous pourriez y \u00e9crire quelque chose de ce tenant :<\/p><blockquote><p>Bonjour ! Je suis un m\u00e9canicien qui aspire \u00e0 devenir un acteur, et voici mon blog. J'habite \u00e0 Bordeaux, j'ai un super chien baptis\u00e9 Russell, et j'aime la vodka-ananas (ainsi que regarder la pluie tomber).<\/p><\/blockquote><p>...ou bien quelque chose comme \u00e7a :<\/p><blockquote><p>La soci\u00e9t\u00e9 123 Machin Truc a \u00e9t\u00e9 cr\u00e9\u00e9e en 1971, et n'a cess\u00e9 de proposer au public des machins-trucs de qualit\u00e9 depuis lors. Situ\u00e9e \u00e0 Saint-Remy-en-Bouzemont-Saint-Genest-et-Isson, 123 Machin Truc emploie 2 000 personnes, et fabrique toutes sortes de bidules super pour la communaut\u00e9 bouzemontoise.<\/p><\/blockquote><p>\u00c9tant donn\u00e9 que vous \u00eates un nouvel utilisateur de WordPress, vous devriez vous rendre sur votre <a href=\"http:\/\/bar.maisb.fr\/wp-admin\/\">tableau de bord<\/a> pour effacer la pr\u00e9sente page, et cr\u00e9er de nouvelles pages avec votre propre contenu. Amusez-vous bien !<\/p>","_et_gb_content_width":"","footnotes":""},"class_list":["post-725","page","type-page","status-publish","hentry"],"aioseo_notices":[],"_links":{"self":[{"href":"http:\/\/maisb.fr\/resto\/wp-json\/wp\/v2\/pages\/725","targetHints":{"allow":["GET"]}}],"collection":[{"href":"http:\/\/maisb.fr\/resto\/wp-json\/wp\/v2\/pages"}],"about":[{"href":"http:\/\/maisb.fr\/resto\/wp-json\/wp\/v2\/types\/page"}],"author":[{"embeddable":true,"href":"http:\/\/maisb.fr\/resto\/wp-json\/wp\/v2\/users\/1"}],"replies":[{"embeddable":true,"href":"http:\/\/maisb.fr\/resto\/wp-json\/wp\/v2\/comments?post=725"}],"version-history":[{"count":4,"href":"http:\/\/maisb.fr\/resto\/wp-json\/wp\/v2\/pages\/725\/revisions"}],"predecessor-version":[{"id":2052,"href":"http:\/\/maisb.fr\/resto\/wp-json\/wp\/v2\/pages\/725\/revisions\/2052"}],"wp:attachment":[{"href":"http:\/\/maisb.fr\/resto\/wp-json\/wp\/v2\/media?parent=725"}],"curies":[{"name":"wp","href":"https:\/\/api.w.org\/{rel}","templated":true}]}}