{"id":1065,"date":"2015-11-27T15:57:14","date_gmt":"2015-11-27T14:57:14","guid":{"rendered":"http:\/\/bar.maisb.fr\/?page_id=1065"},"modified":"2016-02-07T09:25:56","modified_gmt":"2016-02-07T08:25:56","slug":"valerie","status":"publish","type":"page","link":"http:\/\/maisb.fr\/spot\/deco-2\/valerie\/","title":{"rendered":"Val\u00e9rie"},"content":{"rendered":"<p>[et_pb_section admin_label=\u00a0\u00bbsection\u00a0\u00bb][et_pb_row admin_label=\u00a0\u00bbLigne\u00a0\u00bb][et_pb_column type=\u00a0\u00bb4_4&Prime;][et_pb_divider admin_label=\u00a0\u00bbS\u00e9parateur\u00a0\u00bb color=\u00a0\u00bb#ffffff\u00a0\u00bb show_divider=\u00a0\u00bboff\u00a0\u00bb height=\u00a0\u00bb50px\u00a0\u00bb divider_style=\u00a0\u00bbsolid\u00a0\u00bb divider_position=\u00a0\u00bbtop\u00a0\u00bb divider_weight=\u00a0\u00bb1&Prime; hide_on_mobile=\u00a0\u00bbon\u00a0\u00bb]<\/p>\n<p>&nbsp;<\/p>\n<p>[\/et_pb_divider][\/et_pb_column][\/et_pb_row][et_pb_row admin_label=\u00a0\u00bbrow\u00a0\u00bb][et_pb_column type=\u00a0\u00bb2_3&Prime;][et_pb_text admin_label=\u00a0\u00bbTexte\u00a0\u00bb background_layout=\u00a0\u00bblight\u00a0\u00bb text_orientation=\u00a0\u00bbleft\u00a0\u00bb use_border_color=\u00a0\u00bboff\u00a0\u00bb border_color=\u00a0\u00bb#ffffff\u00a0\u00bb border_style=\u00a0\u00bbsolid\u00a0\u00bb text_font_size=\u00a0\u00bb14&Prime;]<\/p>\n<h1>VAL\u00c9RIE \u00ab\u00a0D\u00e9co en chef\u00a0\u00bb<\/h1>\n<p><strong>Val\u00e9rie<\/strong>&nbsp;\/ Piscine&nbsp;2015<span style=\"color: #000000\"><br \/>\n<a href=\"http:\/\/maisb.fr\/wp-content\/uploads\/sites\/4\/2015\/10\/valou.jpg\" rel=\"attachment wp-att-1212\"><img loading=\"lazy\" decoding=\"async\" class=\"alignnone size-full wp-image-1212\" src=\"http:\/\/maisb.fr\/wp-content\/uploads\/sites\/4\/2015\/10\/valou.jpg\" alt=\"valou\" width=\"701\" height=\"304\"><\/a><br \/>\n<span style=\"font-size: normal\">3\u00a0883 Vues &#8211;&nbsp;<\/span><span style=\"font-size: normal\">[comments id=\u00a0\u00bb1065&Prime;]<\/span><\/span><\/p>\n<p><span style=\"font-size: x-large\">Co-fondatrice de la Maison Blanche, Val\u00e9rie a \u00ab essuy\u00e9 les pl\u00e2tres \u00bb dans tous les sens du terme.<\/span><\/p>\n<p><span style=\"font-size: x-large\"><br \/>\nChef de chantier avant l&rsquo;ouverture, elle a ensuite constitu\u00e9 la premi\u00e8re \u00e9quipe de bar avec Maudy, Ludo et \u00ab La quiche \u00bb.<\/span><\/p>\n<p><span style=\"font-size: x-large\"><br \/>\n\u00c0 partir de l\u2019an 2000, elle d\u00e9cide de se consacrer exclusivement aux travaux et \u00e0 la d\u00e9coration des lieux. Val\u00e9rie r\u00e9pond de la plus belle des mani\u00e8res \u00e0 l\u2019exigence artistique du site. Au fil des ann\u00e9es, elle a donn\u00e9 une \u00e2me \u00e0 la Maison Blanche. Avec Mika, son complice sculpteur, elle a cr\u00e9\u00e9 un ensemble joyeux et romantique, rempli de couleurs et de po\u00e9sie.<\/span><\/p>\n<p><span style=\"font-size: x-large\"><br \/>\n\u00ab Ces couleurs folles sont l\u2019embl\u00e8me de son esprit bariol\u00e9, elles jettent dans le c\u0153ur des po\u00e8tes l&rsquo;image d&rsquo;un ballet de fleurs \u00bb.<\/span><\/p>\n<p>&nbsp;<\/p>\n<p>[\/et_pb_text][\/et_pb_column][et_pb_column type=\u00a0\u00bb1_3&Prime;][et_pb_text admin_label=\u00a0\u00bbTexte\u00a0\u00bb background_layout=\u00a0\u00bblight\u00a0\u00bb text_orientation=\u00a0\u00bbleft\u00a0\u00bb background_color=\u00a0\u00bb#cccccc\u00a0\u00bb use_border_color=\u00a0\u00bboff\u00a0\u00bb border_color=\u00a0\u00bb#ffffff\u00a0\u00bb border_style=\u00a0\u00bbsolid\u00a0\u00bb custom_css_main_element=\u00a0\u00bb -moz-box-shadow: 5px 5px 5px 0px #dad7d7;||-webkit-box-shadow: 5px 5px 5px 0px #dad7d7;|| -o-box-shadow: 5px 5px 5px 0px #dad7d7;||box-shadow: 5px 5px 5px 0px #dad7d7;|| \/* filter: progid:DXImageTransform.Microsoft.Shadow(color=#dad7d7,Direction=134,Strength=5); *\/|| -moz-border-radius: 7px;||-webkit-border-radius: 7px;||border-radius: 7px;\u00a0\u00bb custom_margin=\u00a0\u00bb80px||10px|\u00a0\u00bb custom_padding=\u00a0\u00bb10|10|10|10&Prime; text_font_size=\u00a0\u00bb14&Prime;]<\/p>\n\r\n\t\t\t\t\t\n\r\n\t\t\t\t\t<!-- START UNITE GALLERY 1.7.62 -->\r\n\t\t\t\t\t\r\n\t\t\t\t\n\t\t\t<div id='unitegallery_20_1' class='unite-gallery' style='margin:0px auto;'>\n\t\t\t\t\n\n\t\t\t\t\t\t<img decoding=\"async\" alt=\"cousu_mer\"\n\t\t\t\t\t\t     src=\"\" data-image=\"http:\/\/maisb.fr\/spot\/wp-content\/uploads\/sites\/4\/2015\/12\/cousu_mer.jpg\"\n\t\t\t\t\t\t     data-thumb=\"http:\/\/maisb.fr\/spot\/wp-content\/uploads\/sites\/4\/2015\/12\/cousu_mer-300x225.jpg\"\n\t\t\t\t\t\t     title=\"\"\n\t\t\t\t\t\t     style=\"display:none\">\n\n\t\t\t\t\t\t<img decoding=\"async\" alt=\"cousu_mer_7\"\n\t\t\t\t\t\t     src=\"\" data-image=\"http:\/\/maisb.fr\/spot\/wp-content\/uploads\/sites\/4\/2015\/12\/cousu_mer_7.jpg\"\n\t\t\t\t\t\t     data-thumb=\"http:\/\/maisb.fr\/spot\/wp-content\/uploads\/sites\/4\/2015\/12\/cousu_mer_7-300x225.jpg\"\n\t\t\t\t\t\t     title=\"\"\n\t\t\t\t\t\t     style=\"display:none\">\n\n\t\t\t\t\t\t<img decoding=\"async\" alt=\"cousu_mer_1\"\n\t\t\t\t\t\t     src=\"\" data-image=\"http:\/\/maisb.fr\/spot\/wp-content\/uploads\/sites\/4\/2015\/12\/cousu_mer_1.jpg\"\n\t\t\t\t\t\t     data-thumb=\"http:\/\/maisb.fr\/spot\/wp-content\/uploads\/sites\/4\/2015\/12\/cousu_mer_1-300x225.jpg\"\n\t\t\t\t\t\t     title=\"\"\n\t\t\t\t\t\t     style=\"display:none\">\n\n\t\t\t\t\t\t<img decoding=\"async\" alt=\"cousu_mer_3\"\n\t\t\t\t\t\t     src=\"\" data-image=\"http:\/\/maisb.fr\/spot\/wp-content\/uploads\/sites\/4\/2015\/12\/cousu_mer_3.jpg\"\n\t\t\t\t\t\t     data-thumb=\"http:\/\/maisb.fr\/spot\/wp-content\/uploads\/sites\/4\/2015\/12\/cousu_mer_3-300x225.jpg\"\n\t\t\t\t\t\t     title=\"\"\n\t\t\t\t\t\t     style=\"display:none\">\n\n\t\t\t\t\t\t<img decoding=\"async\" alt=\"cousu_mer_8\"\n\t\t\t\t\t\t     src=\"\" data-image=\"http:\/\/maisb.fr\/spot\/wp-content\/uploads\/sites\/4\/2015\/12\/cousu_mer_8.jpg\"\n\t\t\t\t\t\t     data-thumb=\"http:\/\/maisb.fr\/spot\/wp-content\/uploads\/sites\/4\/2015\/12\/cousu_mer_8-300x225.jpg\"\n\t\t\t\t\t\t     title=\"\"\n\t\t\t\t\t\t     style=\"display:none\">\n\n\t\t\t\t\t\t<img decoding=\"async\" alt=\"cousu_mer_2\"\n\t\t\t\t\t\t     src=\"\" data-image=\"http:\/\/maisb.fr\/spot\/wp-content\/uploads\/sites\/4\/2015\/12\/cousu_mer_2.jpg\"\n\t\t\t\t\t\t     data-thumb=\"http:\/\/maisb.fr\/spot\/wp-content\/uploads\/sites\/4\/2015\/12\/cousu_mer_2-300x225.jpg\"\n\t\t\t\t\t\t     title=\"\"\n\t\t\t\t\t\t     style=\"display:none\">\n\n\t\t\t\t\t\t<img decoding=\"async\" alt=\"cousu_mer_4\"\n\t\t\t\t\t\t     src=\"\" data-image=\"http:\/\/maisb.fr\/spot\/wp-content\/uploads\/sites\/4\/2015\/12\/cousu_mer_4.jpg\"\n\t\t\t\t\t\t     data-thumb=\"http:\/\/maisb.fr\/spot\/wp-content\/uploads\/sites\/4\/2015\/12\/cousu_mer_4-300x225.jpg\"\n\t\t\t\t\t\t     title=\"\"\n\t\t\t\t\t\t     style=\"display:none\">\n\n\t\t\t\t\t\t<img decoding=\"async\" alt=\"cousu_mer_6\"\n\t\t\t\t\t\t     src=\"\" data-image=\"http:\/\/maisb.fr\/spot\/wp-content\/uploads\/sites\/4\/2015\/12\/cousu_mer_6.jpg\"\n\t\t\t\t\t\t     data-thumb=\"http:\/\/maisb.fr\/spot\/wp-content\/uploads\/sites\/4\/2015\/12\/cousu_mer_6-300x225.jpg\"\n\t\t\t\t\t\t     title=\"\"\n\t\t\t\t\t\t     style=\"display:none\">\n\n\t\t\t\t\t\t<img decoding=\"async\" alt=\"cousu_mer_10\"\n\t\t\t\t\t\t     src=\"\" data-image=\"http:\/\/maisb.fr\/spot\/wp-content\/uploads\/sites\/4\/2015\/12\/cousu_mer_10.jpg\"\n\t\t\t\t\t\t     data-thumb=\"http:\/\/maisb.fr\/spot\/wp-content\/uploads\/sites\/4\/2015\/12\/cousu_mer_10-300x225.jpg\"\n\t\t\t\t\t\t     title=\"\"\n\t\t\t\t\t\t     style=\"display:none\">\n\n\t\t\t\t\t\t<img decoding=\"async\" alt=\"cousu_mer_5\"\n\t\t\t\t\t\t     src=\"\" data-image=\"http:\/\/maisb.fr\/spot\/wp-content\/uploads\/sites\/4\/2015\/12\/cousu_mer_5.jpg\"\n\t\t\t\t\t\t     data-thumb=\"http:\/\/maisb.fr\/spot\/wp-content\/uploads\/sites\/4\/2015\/12\/cousu_mer_5-300x225.jpg\"\n\t\t\t\t\t\t     title=\"\"\n\t\t\t\t\t\t     style=\"display:none\">\n\n\t\t\t\t\t\t<img decoding=\"async\" alt=\"cousu_mer_9\"\n\t\t\t\t\t\t     src=\"\" data-image=\"http:\/\/maisb.fr\/spot\/wp-content\/uploads\/sites\/4\/2015\/12\/cousu_mer_9.jpg\"\n\t\t\t\t\t\t     data-thumb=\"http:\/\/maisb.fr\/spot\/wp-content\/uploads\/sites\/4\/2015\/12\/cousu_mer_9-300x225.jpg\"\n\t\t\t\t\t\t     title=\"\"\n\t\t\t\t\t\t     style=\"display:none\">\n\t\t\t<\/div>\n\n\t\t\t<script type='text\/javascript'>\n\t\t\t\twindow.onload = function(e) {\n\t\t\t\t\tif(typeof ugCheckForErrors == \"undefined\"){\n\t\t\t\t\t\tdocument.getElementById(\"unitegallery_20_1\").innerHTML = \"<span style='color:red'>Unite Gallery Error - gallery js and css files not included in the footer. Please make sure that wp_footer() function is added to your theme.<\/span>\";}\n\t\t\t\t\telse{ ugCheckForErrors(\"unitegallery_20_1\", \"jquery\");}\n\t\t\t\t};\n\t\t\t<\/script>\n\n\t\t\t<!-- END UNITEGALLERY -->\n<p style=\"text-align: center\"><strong><span style=\"font-size: large\">Cr\u00e9ations en voiles recycl\u00e9es<br \/>\nTout l\u2019univers de Cousu Mer sur :<br \/>\n<a href=\"https:\/\/www.facebook.com\/cousu.mer\" target=\"_blank\">facebook.com\/cousu.mer<\/a><br \/>\n42, rue du Port \u2013 Mornac-sur-Seudre<\/span><\/strong><\/p>\n<p>[\/et_pb_text][et_pb_image admin_label=\u00a0\u00bbImage\u00a0\u00bb src=\u00a0\u00bbhttp:\/\/maisb.fr\/spot\/wp-content\/uploads\/sites\/4\/2015\/11\/valou-2-2.jpg\u00a0\u00bb show_in_lightbox=\u00a0\u00bboff\u00a0\u00bb url_new_window=\u00a0\u00bboff\u00a0\u00bb animation=\u00a0\u00bbleft\u00a0\u00bb sticky=\u00a0\u00bboff\u00a0\u00bb align=\u00a0\u00bbleft\u00a0\u00bb force_fullwidth=\u00a0\u00bboff\u00a0\u00bb always_center_on_mobile=\u00a0\u00bbon\u00a0\u00bb use_border_color=\u00a0\u00bboff\u00a0\u00bb border_color=\u00a0\u00bb#ffffff\u00a0\u00bb border_style=\u00a0\u00bbsolid\u00a0\u00bb]<\/p>\n<p>&nbsp;<\/p>\n<p>[\/et_pb_image][\/et_pb_column][\/et_pb_row][et_pb_row admin_label=\u00a0\u00bbrow\u00a0\u00bb make_fullwidth=\u00a0\u00bboff\u00a0\u00bb use_custom_width=\u00a0\u00bboff\u00a0\u00bb width_unit=\u00a0\u00bbon\u00a0\u00bb use_custom_gutter=\u00a0\u00bboff\u00a0\u00bb padding_mobile=\u00a0\u00bboff\u00a0\u00bb allow_player_pause=\u00a0\u00bboff\u00a0\u00bb parallax=\u00a0\u00bboff\u00a0\u00bb parallax_method=\u00a0\u00bboff\u00a0\u00bb make_equal=\u00a0\u00bboff\u00a0\u00bb][et_pb_column type=\u00a0\u00bb4_4&Prime;][et_pb_text admin_label=\u00a0\u00bbTexte\u00a0\u00bb background_layout=\u00a0\u00bblight\u00a0\u00bb text_orientation=\u00a0\u00bbleft\u00a0\u00bb use_border_color=\u00a0\u00bboff\u00a0\u00bb border_color=\u00a0\u00bb#ffffff\u00a0\u00bb border_style=\u00a0\u00bbsolid\u00a0\u00bb background_color=\u00a0\u00bb#ffc700&Prime; text_font_size=\u00a0\u00bb14&Prime;]<\/p>\n\r\n\t\t\t\t\t\n\r\n\t\t\t\t\t<!-- START UNITE GALLERY 1.7.62 -->\r\n\t\t\t\t\t\r\n\t\t\t\t\n\t\t\t<div id='unitegallery_13_2' class='unite-gallery' style='margin:0px auto;'>\n\t\t\t\t\n\n\t\t\t\t\t\t<img decoding=\"async\" alt=\"deco\"\n\t\t\t\t\t\t     src=\"\" data-image=\"http:\/\/maisb.fr\/spot\/wp-content\/uploads\/sites\/4\/2017\/01\/deco.jpg\"\n\t\t\t\t\t\t     data-thumb=\"http:\/\/maisb.fr\/spot\/wp-content\/uploads\/sites\/4\/2017\/01\/deco-300x225.jpg\"\n\t\t\t\t\t\t     title=\"\"\n\t\t\t\t\t\t     style=\"display:none\">\n\n\t\t\t\t\t\t<img decoding=\"async\" alt=\"valou_6\"\n\t\t\t\t\t\t     src=\"\" data-image=\"http:\/\/maisb.fr\/spot\/wp-content\/uploads\/sites\/4\/2015\/12\/valou_6.jpg\"\n\t\t\t\t\t\t     data-thumb=\"http:\/\/maisb.fr\/spot\/wp-content\/uploads\/sites\/4\/2015\/12\/valou_6-300x225.jpg\"\n\t\t\t\t\t\t     title=\"\"\n\t\t\t\t\t\t     style=\"display:none\">\n\n\t\t\t\t\t\t<img decoding=\"async\" alt=\"valou_10\"\n\t\t\t\t\t\t     src=\"\" data-image=\"http:\/\/maisb.fr\/spot\/wp-content\/uploads\/sites\/4\/2015\/12\/valou_10.jpg\"\n\t\t\t\t\t\t     data-thumb=\"http:\/\/maisb.fr\/spot\/wp-content\/uploads\/sites\/4\/2015\/12\/valou_10-300x225.jpg\"\n\t\t\t\t\t\t     title=\"\"\n\t\t\t\t\t\t     style=\"display:none\">\n\n\t\t\t\t\t\t<img decoding=\"async\" alt=\"valou_2\"\n\t\t\t\t\t\t     src=\"\" data-image=\"http:\/\/maisb.fr\/spot\/wp-content\/uploads\/sites\/4\/2015\/12\/valou_2.jpg\"\n\t\t\t\t\t\t     data-thumb=\"http:\/\/maisb.fr\/spot\/wp-content\/uploads\/sites\/4\/2015\/12\/valou_2-225x300.jpg\"\n\t\t\t\t\t\t     title=\"\"\n\t\t\t\t\t\t     style=\"display:none\">\n\n\t\t\t\t\t\t<img decoding=\"async\" alt=\"valou_3\"\n\t\t\t\t\t\t     src=\"\" data-image=\"http:\/\/maisb.fr\/spot\/wp-content\/uploads\/sites\/4\/2015\/12\/valou_3.jpg\"\n\t\t\t\t\t\t     data-thumb=\"http:\/\/maisb.fr\/spot\/wp-content\/uploads\/sites\/4\/2015\/12\/valou_3-300x225.jpg\"\n\t\t\t\t\t\t     title=\"\"\n\t\t\t\t\t\t     style=\"display:none\">\n\n\t\t\t\t\t\t<img decoding=\"async\" alt=\"valou_11\"\n\t\t\t\t\t\t     src=\"\" data-image=\"http:\/\/maisb.fr\/spot\/wp-content\/uploads\/sites\/4\/2015\/12\/valou_11.jpg\"\n\t\t\t\t\t\t     data-thumb=\"http:\/\/maisb.fr\/spot\/wp-content\/uploads\/sites\/4\/2015\/12\/valou_11-225x300.jpg\"\n\t\t\t\t\t\t     title=\"\"\n\t\t\t\t\t\t     style=\"display:none\">\n\n\t\t\t\t\t\t<img decoding=\"async\" alt=\"valou_4\"\n\t\t\t\t\t\t     src=\"\" data-image=\"http:\/\/maisb.fr\/spot\/wp-content\/uploads\/sites\/4\/2015\/12\/valou_4.jpg\"\n\t\t\t\t\t\t     data-thumb=\"http:\/\/maisb.fr\/spot\/wp-content\/uploads\/sites\/4\/2015\/12\/valou_4-300x225.jpg\"\n\t\t\t\t\t\t     title=\"\"\n\t\t\t\t\t\t     style=\"display:none\">\n\n\t\t\t\t\t\t<img decoding=\"async\" alt=\"valou_13\"\n\t\t\t\t\t\t     src=\"\" data-image=\"http:\/\/maisb.fr\/spot\/wp-content\/uploads\/sites\/4\/2015\/12\/valou_13.jpg\"\n\t\t\t\t\t\t     data-thumb=\"http:\/\/maisb.fr\/spot\/wp-content\/uploads\/sites\/4\/2015\/12\/valou_13-300x225.jpg\"\n\t\t\t\t\t\t     title=\"\"\n\t\t\t\t\t\t     style=\"display:none\">\n\n\t\t\t\t\t\t<img decoding=\"async\" alt=\"valou_7\"\n\t\t\t\t\t\t     src=\"\" data-image=\"http:\/\/maisb.fr\/spot\/wp-content\/uploads\/sites\/4\/2015\/12\/valou_7.jpg\"\n\t\t\t\t\t\t     data-thumb=\"http:\/\/maisb.fr\/spot\/wp-content\/uploads\/sites\/4\/2015\/12\/valou_7-300x225.jpg\"\n\t\t\t\t\t\t     title=\"\"\n\t\t\t\t\t\t     style=\"display:none\">\n\n\t\t\t\t\t\t<img decoding=\"async\" alt=\"valou_8\"\n\t\t\t\t\t\t     src=\"\" data-image=\"http:\/\/maisb.fr\/spot\/wp-content\/uploads\/sites\/4\/2015\/12\/valou_8.jpg\"\n\t\t\t\t\t\t     data-thumb=\"http:\/\/maisb.fr\/spot\/wp-content\/uploads\/sites\/4\/2015\/12\/valou_8-300x225.jpg\"\n\t\t\t\t\t\t     title=\"\"\n\t\t\t\t\t\t     style=\"display:none\">\n\n\t\t\t\t\t\t<img decoding=\"async\" alt=\"valou_14\"\n\t\t\t\t\t\t     src=\"\" data-image=\"http:\/\/maisb.fr\/spot\/wp-content\/uploads\/sites\/4\/2015\/12\/valou_14.jpg\"\n\t\t\t\t\t\t     data-thumb=\"http:\/\/maisb.fr\/spot\/wp-content\/uploads\/sites\/4\/2015\/12\/valou_14-225x300.jpg\"\n\t\t\t\t\t\t     title=\"\"\n\t\t\t\t\t\t     style=\"display:none\">\n\n\t\t\t\t\t\t<img decoding=\"async\" alt=\"valou_5\"\n\t\t\t\t\t\t     src=\"\" data-image=\"http:\/\/maisb.fr\/spot\/wp-content\/uploads\/sites\/4\/2015\/12\/valou_5.jpg\"\n\t\t\t\t\t\t     data-thumb=\"http:\/\/maisb.fr\/spot\/wp-content\/uploads\/sites\/4\/2015\/12\/valou_5-300x225.jpg\"\n\t\t\t\t\t\t     title=\"\"\n\t\t\t\t\t\t     style=\"display:none\">\n\t\t\t<\/div>\n\n\n\t\t\t<!-- END UNITEGALLERY -->\n<p>[\/et_pb_text][\/et_pb_column][\/et_pb_row][\/et_pb_section]<\/p>\n","protected":false},"excerpt":{"rendered":"<p>&nbsp; VAL\u00c9RIE \u00ab\u00a0D\u00e9co en chef\u00a0\u00bb Val\u00e9rie&nbsp;\/ Piscine&nbsp;2015 3\u00a0883 Vues &#8211;&nbsp;[comments id=\u00a0\u00bb1065&Prime;] Co-fondatrice de la Maison Blanche, Val\u00e9rie a \u00ab essuy\u00e9 les pl\u00e2tres \u00bb dans tous les sens du terme. Chef de chantier avant l&rsquo;ouverture, elle a ensuite constitu\u00e9 la premi\u00e8re \u00e9quipe de bar avec Maudy, Ludo et \u00ab La quiche \u00bb. \u00c0 partir de l\u2019an [&hellip;]<\/p>\n","protected":false},"author":1,"featured_media":0,"parent":229,"menu_order":0,"comment_status":"open","ping_status":"closed","template":"","meta":{"_et_pb_use_builder":"on","_et_pb_old_content":"","_et_gb_content_width":"","footnotes":""},"class_list":["post-1065","page","type-page","status-publish","hentry"],"aioseo_notices":[],"_links":{"self":[{"href":"http:\/\/maisb.fr\/spot\/wp-json\/wp\/v2\/pages\/1065","targetHints":{"allow":["GET"]}}],"collection":[{"href":"http:\/\/maisb.fr\/spot\/wp-json\/wp\/v2\/pages"}],"about":[{"href":"http:\/\/maisb.fr\/spot\/wp-json\/wp\/v2\/types\/page"}],"author":[{"embeddable":true,"href":"http:\/\/maisb.fr\/spot\/wp-json\/wp\/v2\/users\/1"}],"replies":[{"embeddable":true,"href":"http:\/\/maisb.fr\/spot\/wp-json\/wp\/v2\/comments?post=1065"}],"version-history":[{"count":4,"href":"http:\/\/maisb.fr\/spot\/wp-json\/wp\/v2\/pages\/1065\/revisions"}],"predecessor-version":[{"id":1269,"href":"http:\/\/maisb.fr\/spot\/wp-json\/wp\/v2\/pages\/1065\/revisions\/1269"}],"up":[{"embeddable":true,"href":"http:\/\/maisb.fr\/spot\/wp-json\/wp\/v2\/pages\/229"}],"wp:attachment":[{"href":"http:\/\/maisb.fr\/spot\/wp-json\/wp\/v2\/media?parent=1065"}],"curies":[{"name":"wp","href":"https:\/\/api.w.org\/{rel}","templated":true}]}}