{"id":1095,"date":"2015-10-14T06:28:47","date_gmt":"2015-10-14T05:28:47","guid":{"rendered":"http:\/\/bar.maisb.fr\/?page_id=2"},"modified":"2016-02-07T08:17:11","modified_gmt":"2016-02-07T07:17:11","slug":"page-d-exemple-2","status":"publish","type":"page","link":"http:\/\/maisb.fr\/spot\/","title":{"rendered":"Accueil"},"content":{"rendered":"<p>[et_pb_section admin_label=\u00a0\u00bbsection\u00a0\u00bb][et_pb_row admin_label=\u00a0\u00bbrow\u00a0\u00bb make_fullwidth=\u00a0\u00bbon\u00a0\u00bb use_custom_width=\u00a0\u00bboff\u00a0\u00bb width_unit=\u00a0\u00bbon\u00a0\u00bb use_custom_gutter=\u00a0\u00bboff\u00a0\u00bb padding_mobile=\u00a0\u00bboff\u00a0\u00bb allow_player_pause=\u00a0\u00bboff\u00a0\u00bb parallax=\u00a0\u00bboff\u00a0\u00bb parallax_method=\u00a0\u00bboff\u00a0\u00bb make_equal=\u00a0\u00bboff\u00a0\u00bb][et_pb_column type=\u00a0\u00bb4_4&Prime;][et_pb_text admin_label=\u00a0\u00bbTexte\u00a0\u00bb background_layout=\u00a0\u00bblight\u00a0\u00bb text_orientation=\u00a0\u00bbleft\u00a0\u00bb use_border_color=\u00a0\u00bboff\u00a0\u00bb border_color=\u00a0\u00bb#ffffff\u00a0\u00bb border_style=\u00a0\u00bbsolid\u00a0\u00bb background_color=\u00a0\u00bb#ffc700&Prime; text_font_size=\u00a0\u00bb14&Prime;]<\/p>\n\r\n\t\t\t\t\t\n\r\n\t\t\t\t\t<!-- START UNITE GALLERY 1.7.62 -->\r\n\t\t\t\t\t\r\n\t\t\t\t\n\t\t\t<div id='unitegallery_2_1' class='unite-gallery' style='margin:0px auto;'>\n\t\t\t\t\n\n\t\t\t\t\t\t<img decoding=\"async\" alt=\"accueil_0\"\n\t\t\t\t\t\t     src=\"\" data-image=\"http:\/\/maisb.fr\/spot\/wp-content\/uploads\/sites\/4\/2015\/12\/accueil_0.jpg\"\n\t\t\t\t\t\t     data-thumb=\"http:\/\/maisb.fr\/spot\/wp-content\/uploads\/sites\/4\/2015\/12\/accueil_0-300x150.jpg\"\n\t\t\t\t\t\t     title=\"\"\n\t\t\t\t\t\t     style=\"display:none\">\n\n\t\t\t\t\t\t<img decoding=\"async\" alt=\"feux_nauzan\"\n\t\t\t\t\t\t     src=\"\" data-image=\"http:\/\/maisb.fr\/spot\/wp-content\/uploads\/sites\/4\/2015\/12\/feux_nauzan.jpg\"\n\t\t\t\t\t\t     data-thumb=\"http:\/\/maisb.fr\/spot\/wp-content\/uploads\/sites\/4\/2015\/12\/feux_nauzan-300x150.jpg\"\n\t\t\t\t\t\t     title=\"\"\n\t\t\t\t\t\t     style=\"display:none\">\n\n\t\t\t\t\t\t<img decoding=\"async\" alt=\"accueil\"\n\t\t\t\t\t\t     src=\"\" data-image=\"http:\/\/maisb.fr\/spot\/wp-content\/uploads\/sites\/4\/2015\/12\/accueil.jpg\"\n\t\t\t\t\t\t     data-thumb=\"http:\/\/maisb.fr\/spot\/wp-content\/uploads\/sites\/4\/2015\/12\/accueil-300x150.jpg\"\n\t\t\t\t\t\t     title=\"\"\n\t\t\t\t\t\t     style=\"display:none\">\n\n\t\t\t\t\t\t<img decoding=\"async\" alt=\"accueil_1\"\n\t\t\t\t\t\t     src=\"\" data-image=\"http:\/\/maisb.fr\/spot\/wp-content\/uploads\/sites\/4\/2015\/12\/accueil_1.jpg\"\n\t\t\t\t\t\t     data-thumb=\"http:\/\/maisb.fr\/spot\/wp-content\/uploads\/sites\/4\/2015\/12\/accueil_1-300x150.jpg\"\n\t\t\t\t\t\t     title=\"\"\n\t\t\t\t\t\t     style=\"display:none\">\n\n\t\t\t\t\t\t<img decoding=\"async\" alt=\"accueil_2\"\n\t\t\t\t\t\t     src=\"\" data-image=\"http:\/\/maisb.fr\/spot\/wp-content\/uploads\/sites\/4\/2015\/12\/accueil_2.jpg\"\n\t\t\t\t\t\t     data-thumb=\"http:\/\/maisb.fr\/spot\/wp-content\/uploads\/sites\/4\/2015\/12\/accueil_2-300x150.jpg\"\n\t\t\t\t\t\t     title=\"\"\n\t\t\t\t\t\t     style=\"display:none\">\n\n\t\t\t\t\t\t<img decoding=\"async\" alt=\"accueil_3\"\n\t\t\t\t\t\t     src=\"\" data-image=\"http:\/\/maisb.fr\/spot\/wp-content\/uploads\/sites\/4\/2015\/12\/accueil_3.jpg\"\n\t\t\t\t\t\t     data-thumb=\"http:\/\/maisb.fr\/spot\/wp-content\/uploads\/sites\/4\/2015\/12\/accueil_3-300x150.jpg\"\n\t\t\t\t\t\t     title=\"\"\n\t\t\t\t\t\t     style=\"display:none\">\n\n\t\t\t\t\t\t<img decoding=\"async\" alt=\"accueil_6\"\n\t\t\t\t\t\t     src=\"\" data-image=\"http:\/\/maisb.fr\/spot\/wp-content\/uploads\/sites\/4\/2015\/12\/accueil_6.jpg\"\n\t\t\t\t\t\t     data-thumb=\"http:\/\/maisb.fr\/spot\/wp-content\/uploads\/sites\/4\/2015\/12\/accueil_6-300x150.jpg\"\n\t\t\t\t\t\t     title=\"\"\n\t\t\t\t\t\t     style=\"display:none\">\n\n\t\t\t\t\t\t<img decoding=\"async\" alt=\"accueil_4\"\n\t\t\t\t\t\t     src=\"\" data-image=\"http:\/\/maisb.fr\/spot\/wp-content\/uploads\/sites\/4\/2015\/12\/accueil_4.jpg\"\n\t\t\t\t\t\t     data-thumb=\"http:\/\/maisb.fr\/spot\/wp-content\/uploads\/sites\/4\/2015\/12\/accueil_4-300x150.jpg\"\n\t\t\t\t\t\t     title=\"\"\n\t\t\t\t\t\t     style=\"display:none\">\n\n\t\t\t\t\t\t<img decoding=\"async\" alt=\"accueil_5\"\n\t\t\t\t\t\t     src=\"\" data-image=\"http:\/\/maisb.fr\/spot\/wp-content\/uploads\/sites\/4\/2015\/12\/accueil_5.jpg\"\n\t\t\t\t\t\t     data-thumb=\"http:\/\/maisb.fr\/spot\/wp-content\/uploads\/sites\/4\/2015\/12\/accueil_5-300x150.jpg\"\n\t\t\t\t\t\t     title=\"\"\n\t\t\t\t\t\t     style=\"display:none\">\n\n\t\t\t\t\t\t<img decoding=\"async\" alt=\"chez_ouam\"\n\t\t\t\t\t\t     src=\"\" data-image=\"http:\/\/maisb.fr\/spot\/wp-content\/uploads\/sites\/4\/2015\/12\/chez_ouam.jpg\"\n\t\t\t\t\t\t     data-thumb=\"http:\/\/maisb.fr\/spot\/wp-content\/uploads\/sites\/4\/2015\/12\/chez_ouam-300x150.jpg\"\n\t\t\t\t\t\t     title=\"\"\n\t\t\t\t\t\t     style=\"display:none\">\n\n\t\t\t\t\t\t<img decoding=\"async\" alt=\"accueil_7\"\n\t\t\t\t\t\t     src=\"\" data-image=\"http:\/\/maisb.fr\/spot\/wp-content\/uploads\/sites\/4\/2015\/12\/accueil_7.jpg\"\n\t\t\t\t\t\t     data-thumb=\"http:\/\/maisb.fr\/spot\/wp-content\/uploads\/sites\/4\/2015\/12\/accueil_7-300x150.jpg\"\n\t\t\t\t\t\t     title=\"\"\n\t\t\t\t\t\t     style=\"display:none\">\n\t\t\t<\/div>\n\n\t\t\t<script type='text\/javascript'>\n\t\t\t\twindow.onload = function(e) {\n\t\t\t\t\tif(typeof ugCheckForErrors == \"undefined\"){\n\t\t\t\t\t\tdocument.getElementById(\"unitegallery_2_1\").innerHTML = \"<span style='color:red'>Unite Gallery Error - gallery js and css files not included in the footer. Please make sure that wp_footer() function is added to your theme.<\/span>\";}\n\t\t\t\t\telse{ ugCheckForErrors(\"unitegallery_2_1\", \"jquery\");}\n\t\t\t\t};\n\t\t\t<\/script>\n\n\t\t\t<!-- END UNITEGALLERY -->\n<p>[\/et_pb_text][\/et_pb_column][\/et_pb_row][et_pb_row admin_label=\u00a0\u00bbrow\u00a0\u00bb][et_pb_column type=\u00a0\u00bb4_4&Prime;][et_pb_text admin_label=\u00a0\u00bbTexte\u00a0\u00bb background_layout=\u00a0\u00bblight\u00a0\u00bb text_orientation=\u00a0\u00bbleft\u00a0\u00bb use_border_color=\u00a0\u00bboff\u00a0\u00bb border_color=\u00a0\u00bb#ffffff\u00a0\u00bb border_style=\u00a0\u00bbsolid\u00a0\u00bb saved_tabs=\u00a0\u00bball\u00a0\u00bb custom_margin=\u00a0\u00bb50px||0px|\u00a0\u00bb custom_padding=\u00a0\u00bb10|10|10|10&Prime; text_font_size=\u00a0\u00bb14&Prime;]<\/p>\n<h1 style=\"text-align: center\">LA MAISON DU BONHEUR<\/h1>\n<p>[\/et_pb_text][\/et_pb_column][\/et_pb_row][et_pb_row admin_label=\u00a0\u00bbrow\u00a0\u00bb][et_pb_column type=\u00a0\u00bb4_4&Prime;][et_pb_text admin_label=\u00a0\u00bbTexte\u00a0\u00bb background_layout=\u00a0\u00bblight\u00a0\u00bb text_orientation=\u00a0\u00bbleft\u00a0\u00bb use_border_color=\u00a0\u00bboff\u00a0\u00bb border_color=\u00a0\u00bb#ffffff\u00a0\u00bb border_style=\u00a0\u00bbsolid\u00a0\u00bb saved_tabs=\u00a0\u00bball\u00a0\u00bb custom_margin=\u00a0\u00bb30px||10px|\u00a0\u00bb custom_padding=\u00a0\u00bb10|10|10|10&Prime; text_font_size=\u00a0\u00bb14&Prime;]<\/p>\n<p style=\"text-align: justify\"><span style=\"font-size: x-large\">La Maison Blanche est situ\u00e9e dans la petite commune de Vaux-sur-Mer, en plein c\u0153ur de la C\u00f4te de Beaut\u00e9. Elle tr\u00f4ne dans l\u2019azur tel un sphinx orgueilleux, sur une magnifique plage de sable fin prot\u00e9g\u00e9e par deux corniches rocheuses. Sur sa droite, on peut apercevoir les charmantes maisons de Saint-Palais qui avancent sur les rochers et sur sa gauche, les magnifiques ch\u00eanes verts du Domaine des F\u00e9es. Ses fondateurs magnifiquement inspir\u00e9s, l\u2019ont positionn\u00e9e plein sud, le soleil tourne autour, apportant \u00e0 chaque moment du jour son cort\u00e8ge infini de beaut\u00e9, pour le soir venu, exploser dans un carrousel \u00e9tonnant de couleurs.<br \/>\n<\/span><\/p>\n<p style=\"text-align: justify\"><span style=\"font-size: x-large\">C\u2019est dans cet univers de lumi\u00e8re, d\u2019odeurs et de sons que nous vivons depuis vingt ans.<br \/>\n\u00c0 la Maison Blanche, tout para\u00eet plus simple, la nature nous berce au gr\u00e9 du son des vagues. C\u2019est un petit paradis sur terre, de jour comme de nuit.<br \/>\n\u00ab\u00a0Ici, la vie afflue et s\u2019agite sans cesse, comme l\u2019air dans le ciel et la mer dans la mer\u00a0\u00bb<\/span><\/p>\n<p style=\"text-align: justify\"><span style=\"font-size: x-large\">La Maison Blanche, c\u2019est une histoire de c\u0153ur, nous l\u2019aimons tous et elle nous le rend bien.<br \/>\n\u00ab\u00a0La vie est belle\u00a0\u00bb, \u00ab\u00a0Mets une chouette dans ton c\u0153ur\u00a0\u00bb, \u00ab\u00a0Les enfants du paradis\u00a0\u00bb, \u00ab\u00a0Il n\u2019y a d\u2019honn\u00eate que le bonheur\u00a0\u00bb, \u00ab\u00a0Bienvenue Ailleurs\u00a0\u00bb, \u00ab\u00a0On n\u2019est pas s\u00e9rieux quand on a 17 ans\u00a0\u00bb, \u00ab\u00a0I have a dream\u00a0\u00bb, \u00ab\u00a0Sea, sex and sun\u00a0\u00bb, \u00ab\u00a0Natural mystic\u00a0\u00bb, \u00ab\u00a0Concrete jungle\u00a0\u00bb, \u00ab\u00a0Positive vibration\u00a0\u00bb, \u00ab\u00a0+ 2 \u2665 = \u263c\u00a0\u00bb, \u00ab\u00a0Ni Dieu, Ni ma\u00eetre\u00a0\u00bb, tant de slogans qui lui ressemblent et qui ont tous en eux, ce que nous ressentons pour ce lieu magique, toujours libre et toujours rebelle.<\/span><\/p>\n<p>[\/et_pb_text][\/et_pb_column][\/et_pb_row][et_pb_row admin_label=\u00a0\u00bbrow\u00a0\u00bb][et_pb_column type=\u00a0\u00bb1_4&Prime;][et_pb_text admin_label=\u00a0\u00bbTexte\u00a0\u00bb background_layout=\u00a0\u00bblight\u00a0\u00bb text_orientation=\u00a0\u00bbleft\u00a0\u00bb text_font_size=\u00a0\u00bb14&Prime; background_color=\u00a0\u00bb#cccccc\u00a0\u00bb use_border_color=\u00a0\u00bboff\u00a0\u00bb border_color=\u00a0\u00bb#ffffff\u00a0\u00bb border_style=\u00a0\u00bbsolid\u00a0\u00bb custom_margin=\u00a0\u00bb50px||10px|\u00a0\u00bb custom_padding=\u00a0\u00bb10px|10px|10px|10px\u00a0\u00bb custom_css_main_element=\u00a0\u00bb -moz-box-shadow: 5px 5px 5px 0px #dad7d7;||-webkit-box-shadow: 5px 5px 5px 0px #dad7d7;|| -o-box-shadow: 5px 5px 5px 0px #dad7d7;||box-shadow: 5px 5px 5px 0px #dad7d7;|| \/* filter: progid:DXImageTransform.Microsoft.Shadow(color=#dad7d7,Direction=134,Strength=5); *\/|| -moz-border-radius: 7px;||-webkit-border-radius: 7px;||border-radius: 7px;\u00a0\u00bb]<\/p>\n<h1 style=\"text-align: center\"><a href=\"http:\/\/maisb.fr\/spot\/?page_id=229\">D\u00c9CO<\/a><\/h1>\n<p><a href=\"http:\/\/maisb.fr\/spot\/?page_id=229\" rel=\"attachment wp-att-1257\"><img loading=\"lazy\" decoding=\"async\" class=\"alignnone size-full wp-image-1257\" src=\"http:\/\/maisb.fr\/wp-content\/uploads\/sites\/4\/2015\/10\/deco-1.jpg\" alt=\"deco\" width=\"613\" height=\"420\"><\/a><\/p>\n<p>[\/et_pb_text][\/et_pb_column][et_pb_column type=\u00a0\u00bb1_4&Prime;][et_pb_text admin_label=\u00a0\u00bbTexte\u00a0\u00bb background_layout=\u00a0\u00bblight\u00a0\u00bb text_orientation=\u00a0\u00bbleft\u00a0\u00bb text_font_size=\u00a0\u00bb14&Prime; background_color=\u00a0\u00bb#cccccc\u00a0\u00bb use_border_color=\u00a0\u00bboff\u00a0\u00bb border_color=\u00a0\u00bb#ffffff\u00a0\u00bb border_style=\u00a0\u00bbsolid\u00a0\u00bb custom_margin=\u00a0\u00bb50px||10px|\u00a0\u00bb custom_padding=\u00a0\u00bb10px|10px|10px|10px\u00a0\u00bb custom_css_main_element=\u00a0\u00bb -moz-box-shadow: 5px 5px 5px 0px #dad7d7;||-webkit-box-shadow: 5px 5px 5px 0px #dad7d7;|| -o-box-shadow: 5px 5px 5px 0px #dad7d7;||box-shadow: 5px 5px 5px 0px #dad7d7;|| \/* filter: progid:DXImageTransform.Microsoft.Shadow(color=#dad7d7,Direction=134,Strength=5); *\/|| -moz-border-radius: 7px;||-webkit-border-radius: 7px;||border-radius: 7px;\u00a0\u00bb]<\/p>\n<h1 style=\"text-align: center\"><a href=\"http:\/\/maisb.fr\/spot\/?page_id=77\">PISCINE<\/a><\/h1>\n<p><a href=\"http:\/\/maisb.fr\/spot\/?page_id=77\" rel=\"attachment wp-att-1386\"><img loading=\"lazy\" decoding=\"async\" class=\"alignnone size-full wp-image-1386\" src=\"http:\/\/maisb.fr\/wp-content\/uploads\/sites\/4\/2015\/10\/piscine_1.jpg\" alt=\"piscine_1\" width=\"613\" height=\"420\"><\/a><\/p>\n<p>[\/et_pb_text][\/et_pb_column][et_pb_column type=\u00a0\u00bb1_4&Prime;][et_pb_text admin_label=\u00a0\u00bbTexte\u00a0\u00bb background_layout=\u00a0\u00bblight\u00a0\u00bb text_orientation=\u00a0\u00bbleft\u00a0\u00bb text_font_size=\u00a0\u00bb14&Prime; background_color=\u00a0\u00bb#cccccc\u00a0\u00bb use_border_color=\u00a0\u00bboff\u00a0\u00bb border_color=\u00a0\u00bb#ffffff\u00a0\u00bb border_style=\u00a0\u00bbsolid\u00a0\u00bb custom_margin=\u00a0\u00bb50px||10px|\u00a0\u00bb custom_padding=\u00a0\u00bb10px|10px|10px|10px\u00a0\u00bb custom_css_main_element=\u00a0\u00bb -moz-box-shadow: 5px 5px 5px 0px #dad7d7;||-webkit-box-shadow: 5px 5px 5px 0px #dad7d7;|| -o-box-shadow: 5px 5px 5px 0px #dad7d7;||box-shadow: 5px 5px 5px 0px #dad7d7;|| \/* filter: progid:DXImageTransform.Microsoft.Shadow(color=#dad7d7,Direction=134,Strength=5); *\/|| -moz-border-radius: 7px;||-webkit-border-radius: 7px;||border-radius: 7px;\u00a0\u00bb]<\/p>\n<h1 style=\"text-align: center\"><a href=\"http:\/\/maisb.fr\/spot\/?page_id=125\">HISTORIQUE<\/a><\/h1>\n<p><a href=\"http:\/\/maisb.fr\/spot\/?page_id=125\" rel=\"attachment wp-att-1255\"><img loading=\"lazy\" decoding=\"async\" class=\"alignnone size-full wp-image-1255\" src=\"http:\/\/maisb.fr\/wp-content\/uploads\/sites\/4\/2015\/10\/histoire.jpg\" alt=\"histoire\" width=\"613\" height=\"420\"><\/a><\/p>\n<p>[\/et_pb_text][\/et_pb_column][et_pb_column type=\u00a0\u00bb1_4&Prime;][et_pb_text admin_label=\u00a0\u00bbTexte\u00a0\u00bb background_layout=\u00a0\u00bblight\u00a0\u00bb text_orientation=\u00a0\u00bbleft\u00a0\u00bb text_font_size=\u00a0\u00bb14&Prime; background_color=\u00a0\u00bb#cccccc\u00a0\u00bb use_border_color=\u00a0\u00bboff\u00a0\u00bb border_color=\u00a0\u00bb#ffffff\u00a0\u00bb border_style=\u00a0\u00bbsolid\u00a0\u00bb custom_margin=\u00a0\u00bb50px||10px|\u00a0\u00bb custom_padding=\u00a0\u00bb10px|10px|10px|10px\u00a0\u00bb custom_css_main_element=\u00a0\u00bb -moz-box-shadow: 5px 5px 5px 0px #dad7d7;||-webkit-box-shadow: 5px 5px 5px 0px #dad7d7;|| -o-box-shadow: 5px 5px 5px 0px #dad7d7;||box-shadow: 5px 5px 5px 0px #dad7d7;|| \/* filter: progid:DXImageTransform.Microsoft.Shadow(color=#dad7d7,Direction=134,Strength=5); *\/|| -moz-border-radius: 7px;||-webkit-border-radius: 7px;||border-radius: 7px;\u00a0\u00bb]<\/p>\n<h1 style=\"text-align: center\"><a href=\"http:\/\/maisb.fr\/spot\/?page_id=115\">M\u00c9DIAS<\/a><\/h1>\n<p><a href=\"http:\/\/maisb.fr\/spot\/?page_id=115\" rel=\"attachment wp-att-1260\"><img loading=\"lazy\" decoding=\"async\" class=\"alignnone size-full wp-image-1260\" src=\"http:\/\/maisb.fr\/wp-content\/uploads\/sites\/4\/2015\/10\/medias.jpg\" alt=\"medias\" width=\"613\" height=\"420\"><\/a><\/p>\n<p>[\/et_pb_text][\/et_pb_column][\/et_pb_row][\/et_pb_section]<\/p>\n","protected":false},"excerpt":{"rendered":"<p>\r\n\t\t\t\t\t\n\r\n\t\t\t\t\t<!-- START UNITE GALLERY 1.7.62 -->\r\n\t\t\t\t\t\r\n\t\t\t\t\n\t\t\t<div id='unitegallery_2_2' class='unite-gallery' style='margin:0px auto;'>\n\t\t\t\t\n\n\t\t\t\t\t\t<img decoding=\"async\" alt=\"accueil_0\"\n\t\t\t\t\t\t     src=\"\" data-image=\"http:\/\/maisb.fr\/spot\/wp-content\/uploads\/sites\/4\/2015\/12\/accueil_0.jpg\"\n\t\t\t\t\t\t     data-thumb=\"http:\/\/maisb.fr\/spot\/wp-content\/uploads\/sites\/4\/2015\/12\/accueil_0-300x150.jpg\"\n\t\t\t\t\t\t     title=\"\"\n\t\t\t\t\t\t     style=\"display:none\">\n\n\t\t\t\t\t\t<img decoding=\"async\" alt=\"feux_nauzan\"\n\t\t\t\t\t\t     src=\"\" data-image=\"http:\/\/maisb.fr\/spot\/wp-content\/uploads\/sites\/4\/2015\/12\/feux_nauzan.jpg\"\n\t\t\t\t\t\t     data-thumb=\"http:\/\/maisb.fr\/spot\/wp-content\/uploads\/sites\/4\/2015\/12\/feux_nauzan-300x150.jpg\"\n\t\t\t\t\t\t     title=\"\"\n\t\t\t\t\t\t     style=\"display:none\">\n\n\t\t\t\t\t\t<img decoding=\"async\" alt=\"accueil\"\n\t\t\t\t\t\t     src=\"\" data-image=\"http:\/\/maisb.fr\/spot\/wp-content\/uploads\/sites\/4\/2015\/12\/accueil.jpg\"\n\t\t\t\t\t\t     data-thumb=\"http:\/\/maisb.fr\/spot\/wp-content\/uploads\/sites\/4\/2015\/12\/accueil-300x150.jpg\"\n\t\t\t\t\t\t     title=\"\"\n\t\t\t\t\t\t     style=\"display:none\">\n\n\t\t\t\t\t\t<img decoding=\"async\" alt=\"accueil_1\"\n\t\t\t\t\t\t     src=\"\" data-image=\"http:\/\/maisb.fr\/spot\/wp-content\/uploads\/sites\/4\/2015\/12\/accueil_1.jpg\"\n\t\t\t\t\t\t     data-thumb=\"http:\/\/maisb.fr\/spot\/wp-content\/uploads\/sites\/4\/2015\/12\/accueil_1-300x150.jpg\"\n\t\t\t\t\t\t     title=\"\"\n\t\t\t\t\t\t     style=\"display:none\">\n\n\t\t\t\t\t\t<img decoding=\"async\" alt=\"accueil_2\"\n\t\t\t\t\t\t     src=\"\" data-image=\"http:\/\/maisb.fr\/spot\/wp-content\/uploads\/sites\/4\/2015\/12\/accueil_2.jpg\"\n\t\t\t\t\t\t     data-thumb=\"http:\/\/maisb.fr\/spot\/wp-content\/uploads\/sites\/4\/2015\/12\/accueil_2-300x150.jpg\"\n\t\t\t\t\t\t     title=\"\"\n\t\t\t\t\t\t     style=\"display:none\">\n\n\t\t\t\t\t\t<img decoding=\"async\" alt=\"accueil_3\"\n\t\t\t\t\t\t     src=\"\" data-image=\"http:\/\/maisb.fr\/spot\/wp-content\/uploads\/sites\/4\/2015\/12\/accueil_3.jpg\"\n\t\t\t\t\t\t     data-thumb=\"http:\/\/maisb.fr\/spot\/wp-content\/uploads\/sites\/4\/2015\/12\/accueil_3-300x150.jpg\"\n\t\t\t\t\t\t     title=\"\"\n\t\t\t\t\t\t     style=\"display:none\">\n\n\t\t\t\t\t\t<img decoding=\"async\" alt=\"accueil_6\"\n\t\t\t\t\t\t     src=\"\" data-image=\"http:\/\/maisb.fr\/spot\/wp-content\/uploads\/sites\/4\/2015\/12\/accueil_6.jpg\"\n\t\t\t\t\t\t     data-thumb=\"http:\/\/maisb.fr\/spot\/wp-content\/uploads\/sites\/4\/2015\/12\/accueil_6-300x150.jpg\"\n\t\t\t\t\t\t     title=\"\"\n\t\t\t\t\t\t     style=\"display:none\">\n\n\t\t\t\t\t\t<img decoding=\"async\" alt=\"accueil_4\"\n\t\t\t\t\t\t     src=\"\" data-image=\"http:\/\/maisb.fr\/spot\/wp-content\/uploads\/sites\/4\/2015\/12\/accueil_4.jpg\"\n\t\t\t\t\t\t     data-thumb=\"http:\/\/maisb.fr\/spot\/wp-content\/uploads\/sites\/4\/2015\/12\/accueil_4-300x150.jpg\"\n\t\t\t\t\t\t     title=\"\"\n\t\t\t\t\t\t     style=\"display:none\">\n\n\t\t\t\t\t\t<img decoding=\"async\" alt=\"accueil_5\"\n\t\t\t\t\t\t     src=\"\" data-image=\"http:\/\/maisb.fr\/spot\/wp-content\/uploads\/sites\/4\/2015\/12\/accueil_5.jpg\"\n\t\t\t\t\t\t     data-thumb=\"http:\/\/maisb.fr\/spot\/wp-content\/uploads\/sites\/4\/2015\/12\/accueil_5-300x150.jpg\"\n\t\t\t\t\t\t     title=\"\"\n\t\t\t\t\t\t     style=\"display:none\">\n\n\t\t\t\t\t\t<img decoding=\"async\" alt=\"chez_ouam\"\n\t\t\t\t\t\t     src=\"\" data-image=\"http:\/\/maisb.fr\/spot\/wp-content\/uploads\/sites\/4\/2015\/12\/chez_ouam.jpg\"\n\t\t\t\t\t\t     data-thumb=\"http:\/\/maisb.fr\/spot\/wp-content\/uploads\/sites\/4\/2015\/12\/chez_ouam-300x150.jpg\"\n\t\t\t\t\t\t     title=\"\"\n\t\t\t\t\t\t     style=\"display:none\">\n\n\t\t\t\t\t\t<img decoding=\"async\" alt=\"accueil_7\"\n\t\t\t\t\t\t     src=\"\" data-image=\"http:\/\/maisb.fr\/spot\/wp-content\/uploads\/sites\/4\/2015\/12\/accueil_7.jpg\"\n\t\t\t\t\t\t     data-thumb=\"http:\/\/maisb.fr\/spot\/wp-content\/uploads\/sites\/4\/2015\/12\/accueil_7-300x150.jpg\"\n\t\t\t\t\t\t     title=\"\"\n\t\t\t\t\t\t     style=\"display:none\">\n\t\t\t<\/div>\n\n\n\t\t\t<!-- END UNITEGALLERY --> LA MAISON DU BONHEUR La Maison Blanche est situ\u00e9e dans la petite commune de Vaux-sur-Mer, en plein c\u0153ur de la C\u00f4te de Beaut\u00e9. Elle tr\u00f4ne dans l\u2019azur tel un sphinx orgueilleux, sur une magnifique plage de sable fin prot\u00e9g\u00e9e par deux corniches rocheuses. Sur sa droite, on peut apercevoir les charmantes maisons de [&hellip;]<\/p>\n","protected":false},"author":1,"featured_media":0,"parent":0,"menu_order":0,"comment_status":"closed","ping_status":"closed","template":"","meta":{"_et_pb_use_builder":"on","_et_pb_old_content":"<p>Voici un exemple de page. Elle est diff\u00e9rente d'un article de blog, en cela qu'elle restera \u00e0 la m\u00eame place, et s'affichera dans le menu de navigation de votre site (en fonction de votre th\u00e8me). La plupart des gens commencent par \u00e9crire une page \u00ab \u00c0 Propos \u00bb qui les pr\u00e9sente aux visiteurs potentiels du site. Vous pourriez y \u00e9crire quelque chose de ce tenant :<\/p><blockquote><p>Bonjour ! Je suis un m\u00e9canicien qui aspire \u00e0 devenir un acteur, et voici mon blog. J'habite \u00e0 Bordeaux, j'ai un super chien baptis\u00e9 Russell, et j'aime la vodka-ananas (ainsi que regarder la pluie tomber).<\/p><\/blockquote><p>...ou bien quelque chose comme \u00e7a :<\/p><blockquote><p>La soci\u00e9t\u00e9 123 Machin Truc a \u00e9t\u00e9 cr\u00e9\u00e9e en 1971, et n'a cess\u00e9 de proposer au public des machins-trucs de qualit\u00e9 depuis lors. Situ\u00e9e \u00e0 Saint-Remy-en-Bouzemont-Saint-Genest-et-Isson, 123 Machin Truc emploie 2 000 personnes, et fabrique toutes sortes de bidules super pour la communaut\u00e9 bouzemontoise.<\/p><\/blockquote><p>\u00c9tant donn\u00e9 que vous \u00eates un nouvel utilisateur de WordPress, vous devriez vous rendre sur votre <a href=\"http:\/\/bar.maisb.fr\/wp-admin\/\">tableau de bord<\/a> pour effacer la pr\u00e9sente page, et cr\u00e9er de nouvelles pages avec votre propre contenu. Amusez-vous bien !<\/p>","_et_gb_content_width":"","footnotes":""},"class_list":["post-1095","page","type-page","status-publish","hentry"],"aioseo_notices":[],"_links":{"self":[{"href":"http:\/\/maisb.fr\/spot\/wp-json\/wp\/v2\/pages\/1095","targetHints":{"allow":["GET"]}}],"collection":[{"href":"http:\/\/maisb.fr\/spot\/wp-json\/wp\/v2\/pages"}],"about":[{"href":"http:\/\/maisb.fr\/spot\/wp-json\/wp\/v2\/types\/page"}],"author":[{"embeddable":true,"href":"http:\/\/maisb.fr\/spot\/wp-json\/wp\/v2\/users\/1"}],"replies":[{"embeddable":true,"href":"http:\/\/maisb.fr\/spot\/wp-json\/wp\/v2\/comments?post=1095"}],"version-history":[{"count":2,"href":"http:\/\/maisb.fr\/spot\/wp-json\/wp\/v2\/pages\/1095\/revisions"}],"predecessor-version":[{"id":1106,"href":"http:\/\/maisb.fr\/spot\/wp-json\/wp\/v2\/pages\/1095\/revisions\/1106"}],"wp:attachment":[{"href":"http:\/\/maisb.fr\/spot\/wp-json\/wp\/v2\/media?parent=1095"}],"curies":[{"name":"wp","href":"https:\/\/api.w.org\/{rel}","templated":true}]}}