{"id":147,"date":"2015-10-16T08:42:19","date_gmt":"2015-10-16T07:42:19","guid":{"rendered":"http:\/\/bar.maisb.fr\/?page_id=147"},"modified":"2016-02-07T08:35:12","modified_gmt":"2016-02-07T07:35:12","slug":"jc-2","status":"publish","type":"page","link":"http:\/\/maisb.fr\/spot\/deco-2\/jc-2\/","title":{"rendered":"JC"},"content":{"rendered":"<p>[et_pb_section admin_label=\u00a0\u00bbsection\u00a0\u00bb][et_pb_row admin_label=\u00a0\u00bbLigne\u00a0\u00bb][et_pb_column type=\u00a0\u00bb4_4&Prime;][et_pb_divider admin_label=\u00a0\u00bbS\u00e9parateur\u00a0\u00bb color=\u00a0\u00bb#ffffff\u00a0\u00bb show_divider=\u00a0\u00bboff\u00a0\u00bb height=\u00a0\u00bb50px\u00a0\u00bb divider_style=\u00a0\u00bbsolid\u00a0\u00bb divider_position=\u00a0\u00bbtop\u00a0\u00bb divider_weight=\u00a0\u00bb1&Prime; hide_on_mobile=\u00a0\u00bbon\u00a0\u00bb]<\/p>\n<p><\/p>\n<p>[\/et_pb_divider][\/et_pb_column][\/et_pb_row][et_pb_row admin_label=\u00a0\u00bbrow\u00a0\u00bb][et_pb_column type=\u00a0\u00bb2_3&Prime;][et_pb_text admin_label=\u00a0\u00bbTexte\u00a0\u00bb background_layout=\u00a0\u00bblight\u00a0\u00bb text_orientation=\u00a0\u00bbleft\u00a0\u00bb use_border_color=\u00a0\u00bboff\u00a0\u00bb border_color=\u00a0\u00bb#ffffff\u00a0\u00bb border_style=\u00a0\u00bbsolid\u00a0\u00bb text_font_size=\u00a0\u00bb14&Prime;]<\/p>\n<h1>J-C \u00ab\u00a0Le po\u00e8te des papiers\u00a0\u00bb<\/h1>\n<p><strong>JC<\/strong>&nbsp;\/&nbsp;Piscine 2013<span style=\"color: #000000\"><br \/> <a href=\"http:\/\/maisb.fr\/wp-content\/uploads\/sites\/4\/2015\/10\/jc-1.jpg\" rel=\"attachment wp-att-1237\"><img loading=\"lazy\" decoding=\"async\" class=\"alignnone size-full wp-image-1237\" src=\"http:\/\/maisb.fr\/wp-content\/uploads\/sites\/4\/2015\/10\/jc-1.jpg\" alt=\"jc\" width=\"701\" height=\"304\"><\/a><br \/> <span style=\"font-size: normal\">2\u00a0782 Vues &#8211;&nbsp;<\/span><span style=\"font-size: normal\">[comments id=\u00a0\u00bb147&Prime;]<\/span><\/span><\/p>\n<p><span style=\"font-size: x-large\">La Mais\u2019B a trouv\u00e9 son ange gardien qui va la remettre en \u00e9tat apr\u00e8s le passage d\u00e9vastateur de milliers de jeunes. Celui qui va, nuit apr\u00e8s nuit, lui redonner son look pimpant de jolie fille.<br \/> C&rsquo;est un solitaire, un type un peu asocial, une sorte de misanthrope.<\/span><\/p>\n<p><span style=\"font-size: x-large\"><br \/> Il est n\u00e9 en 1965 \u00e0 Annaba dans l\u2019est alg\u00e9rien au bord de la m\u00e9diterran\u00e9e, d\u2019une m\u00e8re institutrice coop\u00e9rante et d\u2019un p\u00e8re Kabyle. Son grand-p\u00e8re maternel, un syndicaliste pied-noirs transmet au petit \u00ab Jab \u00bb un go\u00fbt certain pour la r\u00e9volte et la libert\u00e9 qui ne le quittera plus jamais.<\/span><\/p>\n<p><span style=\"font-size: x-large\"><br \/> Il va trouver \u00e0 La Maison Blanche son \u00ab Eldorado \u00bb, un \u00e9quilibre de vie et une famille de pens\u00e9e. L\u2019esprit libertaire et rebelle qui souffle ici fait partie de son ADN. Le poste lui convient parfaitement, il est compl\u00e8tement autonome, en totale harmonie avec la beaut\u00e9 naturelle du site.<\/span><\/p>\n<p><span style=\"font-size: x-large\"><br \/> J\u2019\u00e9prouve une profonde affection pour ce personnage lunaire, c\u2019est mon fr\u00e8re d\u2019arme, la personne qui me remet les pieds sur terre. Nos joutes verbales font partie des moments privil\u00e9gi\u00e9s que je vis ici depuis vingt ans. Sans lui, la Maison Blanche ne serait jamais devenue ce qu\u2019elle est aujourd\u2019hui.<br \/> <\/span><\/p>\n<p>[\/et_pb_text][\/et_pb_column][et_pb_column type=\u00a0\u00bb1_3&Prime;][et_pb_text admin_label=\u00a0\u00bbTexte\u00a0\u00bb background_layout=\u00a0\u00bblight\u00a0\u00bb text_orientation=\u00a0\u00bbleft\u00a0\u00bb background_color=\u00a0\u00bb#cccccc\u00a0\u00bb use_border_color=\u00a0\u00bboff\u00a0\u00bb border_color=\u00a0\u00bb#ffffff\u00a0\u00bb border_style=\u00a0\u00bbsolid\u00a0\u00bb custom_css_main_element=\u00a0\u00bb -moz-box-shadow: 5px 5px 5px 0px #dad7d7;||-webkit-box-shadow: 5px 5px 5px 0px #dad7d7;|| -o-box-shadow: 5px 5px 5px 0px #dad7d7;||box-shadow: 5px 5px 5px 0px #dad7d7;|| \/* filter: progid:DXImageTransform.Microsoft.Shadow(color=#dad7d7,Direction=134,Strength=5); *\/|| -moz-border-radius: 7px;||-webkit-border-radius: 7px;||border-radius: 7px;\u00a0\u00bb custom_margin=\u00a0\u00bb80px||10px|\u00a0\u00bb custom_padding=\u00a0\u00bb10|10|10|10&Prime; text_font_size=\u00a0\u00bb14&Prime;]<\/p>\n<p><iframe loading=\"lazy\" src=\"https:\/\/www.youtube.com\/embed\/aPVN7ZQjcbI?rel=0\" width=\"960\" height=\"720\" frameborder=\"0\" allowfullscreen=\"allowfullscreen\"><\/iframe><\/p>\n<p>[\/et_pb_text][et_pb_image admin_label=\u00a0\u00bbImage\u00a0\u00bb src=\u00a0\u00bbhttp:\/\/maisb.fr\/spot\/wp-content\/uploads\/sites\/4\/2015\/10\/jc-2-1.jpg\u00a0\u00bb show_in_lightbox=\u00a0\u00bboff\u00a0\u00bb url_new_window=\u00a0\u00bboff\u00a0\u00bb animation=\u00a0\u00bbleft\u00a0\u00bb sticky=\u00a0\u00bboff\u00a0\u00bb align=\u00a0\u00bbleft\u00a0\u00bb force_fullwidth=\u00a0\u00bboff\u00a0\u00bb always_center_on_mobile=\u00a0\u00bbon\u00a0\u00bb use_border_color=\u00a0\u00bboff\u00a0\u00bb border_color=\u00a0\u00bb#ffffff\u00a0\u00bb border_style=\u00a0\u00bbsolid\u00a0\u00bb max_width=\u00a0\u00bb280px\u00a0\u00bb custom_margin=\u00a0\u00bb||10px|\u00a0\u00bb]<\/p>\n<p><\/p>\n<p>[\/et_pb_image][\/et_pb_column][\/et_pb_row][et_pb_row admin_label=\u00a0\u00bbrow\u00a0\u00bb make_fullwidth=\u00a0\u00bboff\u00a0\u00bb use_custom_width=\u00a0\u00bboff\u00a0\u00bb width_unit=\u00a0\u00bbon\u00a0\u00bb use_custom_gutter=\u00a0\u00bboff\u00a0\u00bb padding_mobile=\u00a0\u00bboff\u00a0\u00bb allow_player_pause=\u00a0\u00bboff\u00a0\u00bb parallax=\u00a0\u00bboff\u00a0\u00bb parallax_method=\u00a0\u00bboff\u00a0\u00bb make_equal=\u00a0\u00bboff\u00a0\u00bb][et_pb_column type=\u00a0\u00bb4_4&Prime;][et_pb_text admin_label=\u00a0\u00bbTexte\u00a0\u00bb background_layout=\u00a0\u00bblight\u00a0\u00bb text_orientation=\u00a0\u00bbleft\u00a0\u00bb use_border_color=\u00a0\u00bboff\u00a0\u00bb border_color=\u00a0\u00bb#ffffff\u00a0\u00bb border_style=\u00a0\u00bbsolid\u00a0\u00bb background_color=\u00a0\u00bb#ffc700&Prime; text_font_size=\u00a0\u00bb14&Prime;]<\/p>\n\r\n\t\t\t\t\t\n\r\n\t\t\t\t\t<!-- START UNITE GALLERY 1.7.62 -->\r\n\t\t\t\t\t\r\n\t\t\t\t\n\t\t\t<div id='unitegallery_1_1' class='unite-gallery' style='margin:0px auto;'>\n\t\t\t\t\n\n\t\t\t\t\t\t<img decoding=\"async\" alt=\"JC3\"\n\t\t\t\t\t\t     src=\"\" data-image=\"http:\/\/maisb.fr\/spot\/wp-content\/uploads\/sites\/4\/2017\/01\/JC3.jpg\"\n\t\t\t\t\t\t     data-thumb=\"http:\/\/maisb.fr\/spot\/wp-content\/uploads\/sites\/4\/2017\/01\/JC3-225x300.jpg\"\n\t\t\t\t\t\t     title=\"\"\n\t\t\t\t\t\t     style=\"display:none\">\n\n\t\t\t\t\t\t<img decoding=\"async\" alt=\"JC\"\n\t\t\t\t\t\t     src=\"\" data-image=\"http:\/\/maisb.fr\/spot\/wp-content\/uploads\/sites\/4\/2017\/01\/JC.jpg\"\n\t\t\t\t\t\t     data-thumb=\"http:\/\/maisb.fr\/spot\/wp-content\/uploads\/sites\/4\/2017\/01\/JC-300x225.jpg\"\n\t\t\t\t\t\t     title=\"\"\n\t\t\t\t\t\t     style=\"display:none\">\n\n\t\t\t\t\t\t<img decoding=\"async\" alt=\"JC-2\"\n\t\t\t\t\t\t     src=\"\" data-image=\"http:\/\/maisb.fr\/spot\/wp-content\/uploads\/sites\/4\/2017\/01\/JC-2.jpg\"\n\t\t\t\t\t\t     data-thumb=\"http:\/\/maisb.fr\/spot\/wp-content\/uploads\/sites\/4\/2017\/01\/JC-2-300x225.jpg\"\n\t\t\t\t\t\t     title=\"\"\n\t\t\t\t\t\t     style=\"display:none\">\n\n\t\t\t\t\t\t<img decoding=\"async\" alt=\"jc_15\"\n\t\t\t\t\t\t     src=\"\" data-image=\"http:\/\/maisb.fr\/spot\/wp-content\/uploads\/sites\/4\/2015\/12\/jc_15.jpg\"\n\t\t\t\t\t\t     data-thumb=\"http:\/\/maisb.fr\/spot\/wp-content\/uploads\/sites\/4\/2015\/12\/jc_15-300x225.jpg\"\n\t\t\t\t\t\t     title=\"\"\n\t\t\t\t\t\t     style=\"display:none\">\n\n\t\t\t\t\t\t<img decoding=\"async\" alt=\"jc_20\"\n\t\t\t\t\t\t     src=\"\" data-image=\"http:\/\/maisb.fr\/spot\/wp-content\/uploads\/sites\/4\/2015\/12\/jc_20.jpg\"\n\t\t\t\t\t\t     data-thumb=\"http:\/\/maisb.fr\/spot\/wp-content\/uploads\/sites\/4\/2015\/12\/jc_20-300x225.jpg\"\n\t\t\t\t\t\t     title=\"\"\n\t\t\t\t\t\t     style=\"display:none\">\n\n\t\t\t\t\t\t<img decoding=\"async\" alt=\"jc_9\"\n\t\t\t\t\t\t     src=\"\" data-image=\"http:\/\/maisb.fr\/spot\/wp-content\/uploads\/sites\/4\/2015\/12\/jc_9.jpg\"\n\t\t\t\t\t\t     data-thumb=\"http:\/\/maisb.fr\/spot\/wp-content\/uploads\/sites\/4\/2015\/12\/jc_9-300x225.jpg\"\n\t\t\t\t\t\t     title=\"\"\n\t\t\t\t\t\t     style=\"display:none\">\n\n\t\t\t\t\t\t<img decoding=\"async\" alt=\"jc_24\"\n\t\t\t\t\t\t     src=\"\" data-image=\"http:\/\/maisb.fr\/spot\/wp-content\/uploads\/sites\/4\/2015\/12\/jc_24.jpg\"\n\t\t\t\t\t\t     data-thumb=\"http:\/\/maisb.fr\/spot\/wp-content\/uploads\/sites\/4\/2015\/12\/jc_24-225x300.jpg\"\n\t\t\t\t\t\t     title=\"\"\n\t\t\t\t\t\t     style=\"display:none\">\n\n\t\t\t\t\t\t<img decoding=\"async\" alt=\"jc_5\"\n\t\t\t\t\t\t     src=\"\" data-image=\"http:\/\/maisb.fr\/spot\/wp-content\/uploads\/sites\/4\/2015\/12\/jc_5.jpg\"\n\t\t\t\t\t\t     data-thumb=\"http:\/\/maisb.fr\/spot\/wp-content\/uploads\/sites\/4\/2015\/12\/jc_5-300x225.jpg\"\n\t\t\t\t\t\t     title=\"\"\n\t\t\t\t\t\t     style=\"display:none\">\n\n\t\t\t\t\t\t<img decoding=\"async\" alt=\"jc_22\"\n\t\t\t\t\t\t     src=\"\" data-image=\"http:\/\/maisb.fr\/spot\/wp-content\/uploads\/sites\/4\/2015\/12\/jc_22.jpg\"\n\t\t\t\t\t\t     data-thumb=\"http:\/\/maisb.fr\/spot\/wp-content\/uploads\/sites\/4\/2015\/12\/jc_22-300x225.jpg\"\n\t\t\t\t\t\t     title=\"\"\n\t\t\t\t\t\t     style=\"display:none\">\n\n\t\t\t\t\t\t<img decoding=\"async\" alt=\"jc_21\"\n\t\t\t\t\t\t     src=\"\" data-image=\"http:\/\/maisb.fr\/spot\/wp-content\/uploads\/sites\/4\/2015\/12\/jc_21.jpg\"\n\t\t\t\t\t\t     data-thumb=\"http:\/\/maisb.fr\/spot\/wp-content\/uploads\/sites\/4\/2015\/12\/jc_21-300x225.jpg\"\n\t\t\t\t\t\t     title=\"\"\n\t\t\t\t\t\t     style=\"display:none\">\n\n\t\t\t\t\t\t<img decoding=\"async\" alt=\"jc_19\"\n\t\t\t\t\t\t     src=\"\" data-image=\"http:\/\/maisb.fr\/spot\/wp-content\/uploads\/sites\/4\/2015\/12\/jc_19.jpg\"\n\t\t\t\t\t\t     data-thumb=\"http:\/\/maisb.fr\/spot\/wp-content\/uploads\/sites\/4\/2015\/12\/jc_19-300x225.jpg\"\n\t\t\t\t\t\t     title=\"\"\n\t\t\t\t\t\t     style=\"display:none\">\n\n\t\t\t\t\t\t<img decoding=\"async\" alt=\"jc_1\"\n\t\t\t\t\t\t     src=\"\" data-image=\"http:\/\/maisb.fr\/spot\/wp-content\/uploads\/sites\/4\/2015\/12\/jc_1.jpg\"\n\t\t\t\t\t\t     data-thumb=\"http:\/\/maisb.fr\/spot\/wp-content\/uploads\/sites\/4\/2015\/12\/jc_1-225x300.jpg\"\n\t\t\t\t\t\t     title=\"\"\n\t\t\t\t\t\t     style=\"display:none\">\n\t\t\t<\/div>\n\n\t\t\t<script type='text\/javascript'>\n\t\t\t\twindow.onload = function(e) {\n\t\t\t\t\tif(typeof ugCheckForErrors == \"undefined\"){\n\t\t\t\t\t\tdocument.getElementById(\"unitegallery_1_1\").innerHTML = \"<span style='color:red'>Unite Gallery Error - gallery js and css files not included in the footer. Please make sure that wp_footer() function is added to your theme.<\/span>\";}\n\t\t\t\t\telse{ ugCheckForErrors(\"unitegallery_1_1\", \"jquery\");}\n\t\t\t\t};\n\t\t\t<\/script>\n\n\t\t\t<!-- END UNITEGALLERY -->\n<p>[\/et_pb_text][\/et_pb_column][\/et_pb_row][\/et_pb_section]<\/p>\n","protected":false},"excerpt":{"rendered":"<p>J-C \u00ab\u00a0Le po\u00e8te des papiers\u00a0\u00bb JC&nbsp;\/&nbsp;Piscine 2013 2\u00a0782 Vues &#8211;&nbsp;[comments id=\u00a0\u00bb147&Prime;] La Mais\u2019B a trouv\u00e9 son ange gardien qui va la remettre en \u00e9tat apr\u00e8s le passage d\u00e9vastateur de milliers de jeunes. Celui qui va, nuit apr\u00e8s nuit, lui redonner son look pimpant de jolie fille. C&rsquo;est un solitaire, un type un peu asocial, une [&hellip;]<\/p>\n","protected":false},"author":1,"featured_media":0,"parent":229,"menu_order":0,"comment_status":"open","ping_status":"closed","template":"","meta":{"_et_pb_use_builder":"on","_et_pb_old_content":"","_et_gb_content_width":"","footnotes":""},"class_list":["post-147","page","type-page","status-publish","hentry"],"aioseo_notices":[],"_links":{"self":[{"href":"http:\/\/maisb.fr\/spot\/wp-json\/wp\/v2\/pages\/147","targetHints":{"allow":["GET"]}}],"collection":[{"href":"http:\/\/maisb.fr\/spot\/wp-json\/wp\/v2\/pages"}],"about":[{"href":"http:\/\/maisb.fr\/spot\/wp-json\/wp\/v2\/types\/page"}],"author":[{"embeddable":true,"href":"http:\/\/maisb.fr\/spot\/wp-json\/wp\/v2\/users\/1"}],"replies":[{"embeddable":true,"href":"http:\/\/maisb.fr\/spot\/wp-json\/wp\/v2\/comments?post=147"}],"version-history":[{"count":2,"href":"http:\/\/maisb.fr\/spot\/wp-json\/wp\/v2\/pages\/147\/revisions"}],"predecessor-version":[{"id":1119,"href":"http:\/\/maisb.fr\/spot\/wp-json\/wp\/v2\/pages\/147\/revisions\/1119"}],"up":[{"embeddable":true,"href":"http:\/\/maisb.fr\/spot\/wp-json\/wp\/v2\/pages\/229"}],"wp:attachment":[{"href":"http:\/\/maisb.fr\/spot\/wp-json\/wp\/v2\/media?parent=147"}],"curies":[{"name":"wp","href":"https:\/\/api.w.org\/{rel}","templated":true}]}}