{"id":493,"date":"2015-10-28T16:16:49","date_gmt":"2015-10-28T15:16:49","guid":{"rendered":"http:\/\/bar.maisb.fr\/?page_id=493"},"modified":"2016-02-07T08:36:58","modified_gmt":"2016-02-07T07:36:58","slug":"mika-3","status":"publish","type":"page","link":"http:\/\/maisb.fr\/spot\/deco-2\/mika-3\/","title":{"rendered":"Mika"},"content":{"rendered":"<p>[et_pb_section admin_label=\u00a0\u00bbsection\u00a0\u00bb][et_pb_row admin_label=\u00a0\u00bbLigne\u00a0\u00bb][et_pb_column type=\u00a0\u00bb4_4&Prime;][et_pb_divider admin_label=\u00a0\u00bbS\u00e9parateur\u00a0\u00bb color=\u00a0\u00bb#ffffff\u00a0\u00bb show_divider=\u00a0\u00bboff\u00a0\u00bb height=\u00a0\u00bb50&Prime; divider_style=\u00a0\u00bbsolid\u00a0\u00bb divider_position=\u00a0\u00bbtop\u00a0\u00bb divider_weight=\u00a0\u00bb1&Prime; hide_on_mobile=\u00a0\u00bbon\u00a0\u00bb]<\/p>\n<p>&nbsp;<\/p>\n<p>[\/et_pb_divider][\/et_pb_column][\/et_pb_row][et_pb_row admin_label=\u00a0\u00bbrow\u00a0\u00bb][et_pb_column type=\u00a0\u00bb2_3&Prime;][et_pb_text admin_label=\u00a0\u00bbTexte\u00a0\u00bb background_layout=\u00a0\u00bblight\u00a0\u00bb text_orientation=\u00a0\u00bbleft\u00a0\u00bb use_border_color=\u00a0\u00bboff\u00a0\u00bb border_color=\u00a0\u00bb#ffffff\u00a0\u00bb border_style=\u00a0\u00bbsolid\u00a0\u00bb custom_margin=\u00a0\u00bb|0px|0px|0px\u00a0\u00bb custom_padding=\u00a0\u00bb0px|0px|0px|0px\u00a0\u00bb text_font_size=\u00a0\u00bb14&Prime;]<\/p>\n<h1>KAEL \u00ab\u00a0Peintre &#8211; Sculpteur\u00a0\u00bb<\/h1>\n<p><strong>Kael&nbsp;<\/strong>&nbsp;\/ Panneau 2005<span style=\"color: #000000\"><br \/>\n<a href=\"http:\/\/maisb.fr\/wp-content\/uploads\/sites\/4\/2015\/10\/mika-1.jpg\" rel=\"attachment wp-att-1240\"><img loading=\"lazy\" decoding=\"async\" class=\"alignnone size-full wp-image-1240\" src=\"http:\/\/maisb.fr\/wp-content\/uploads\/sites\/4\/2015\/10\/mika-1.jpg\" alt=\"mika\" width=\"701\" height=\"304\"><\/a><br \/>\n<span style=\"font-size: normal\">5\u00a0882 Vues &#8211;&nbsp;<\/span><span style=\"font-size: normal\">[comments id=\u00a0\u00bb493&Prime;]<\/span><\/span><\/p>\n<p><span style=\"font-size: x-large\">Artiste peintre, sculpteur, surfeur, Mika lance en 2001 \u00ab&nbsp;les Gueules de Bois&nbsp;\u00bb, une exposition de ses premi\u00e8res \u0153uvres. C\u2019est un assemblage onirique de bois flott\u00e9s, de plumes, de coquillages, de sculptures h\u00e9t\u00e9roclites et d\u2019art primitif. \u00ab&nbsp;On m\u2019a pris pour un fou, avoue-t-il, encore incr\u00e9dule face au succ\u00e8s&nbsp;\u00bb.<\/span><\/p>\n<p><span style=\"font-size: x-large\"><br \/>\nEn 2009, Mika r\u00e9alise enfin son r\u00eave. Sur le lieu de vacances de son enfance, il ouvre en plein c\u0153ur de Saint-Palais son atelier-galerie. Il peut alors laisser libre cours \u00e0 son imagination d\u00e9bordante.<br \/>\nIl joue des mati\u00e8res et des supports, passant avec bonheur de la pierre au m\u00e9tal, de la porcelaine au bois. Il cr\u00e9e des \u0153uvres na\u00efves impr\u00e9gn\u00e9es de spiritualit\u00e9 que la m\u00e9moire de ses voyages pass\u00e9s alimente.<br \/>\nSon univers et celui de la Maison Blanche sont unis depuis plus de dix ans par des liens tr\u00e8s forts qui ont donn\u00e9 naissance \u00e0 une jolie petite \u00ab&nbsp;Lila&nbsp;\u00bb.<br \/>\n<\/span><\/p>\n<p>&nbsp;<\/p>\n<p>[\/et_pb_text][\/et_pb_column][et_pb_column type=\u00a0\u00bb1_3&Prime;][et_pb_text admin_label=\u00a0\u00bbTexte\u00a0\u00bb background_layout=\u00a0\u00bblight\u00a0\u00bb text_orientation=\u00a0\u00bbleft\u00a0\u00bb background_color=\u00a0\u00bb#cccccc\u00a0\u00bb use_border_color=\u00a0\u00bboff\u00a0\u00bb border_color=\u00a0\u00bb#ffffff\u00a0\u00bb border_style=\u00a0\u00bbsolid\u00a0\u00bb custom_css_main_element=\u00a0\u00bb -moz-box-shadow: 5px 5px 5px 0px #dad7d7;||-webkit-box-shadow: 5px 5px 5px 0px #dad7d7;|| -o-box-shadow: 5px 5px 5px 0px #dad7d7;||box-shadow: 5px 5px 5px 0px #dad7d7;|| \/* filter: progid:DXImageTransform.Microsoft.Shadow(color=#dad7d7,Direction=134,Strength=5); *\/|| -moz-border-radius: 7px;||-webkit-border-radius: 7px;||border-radius: 7px;\u00a0\u00bb custom_margin=\u00a0\u00bb80px|0px|10px|0px\u00a0\u00bb custom_padding=\u00a0\u00bb10|10|10|10&Prime; text_font_size=\u00a0\u00bb14&Prime;]<\/p>\n\r\n\t\t\t\t\t\n\r\n\t\t\t\t\t<!-- START UNITE GALLERY 1.7.62 -->\r\n\t\t\t\t\t\r\n\t\t\t\t\n\t\t\t<div id='unitegallery_16_1' class='unite-gallery' style='margin:0px auto;'>\n\t\t\t\t\n\n\t\t\t\t\t\t<img decoding=\"async\" alt=\"kael\"\n\t\t\t\t\t\t     src=\"\" data-image=\"http:\/\/maisb.fr\/spot\/wp-content\/uploads\/sites\/4\/2015\/12\/kael.jpg\"\n\t\t\t\t\t\t     data-thumb=\"http:\/\/maisb.fr\/spot\/wp-content\/uploads\/sites\/4\/2015\/12\/kael-300x225.jpg\"\n\t\t\t\t\t\t     title=\"\"\n\t\t\t\t\t\t     style=\"display:none\">\n\n\t\t\t\t\t\t<img decoding=\"async\" alt=\"kael_2\"\n\t\t\t\t\t\t     src=\"\" data-image=\"http:\/\/maisb.fr\/spot\/wp-content\/uploads\/sites\/4\/2016\/01\/kael_2.jpg\"\n\t\t\t\t\t\t     data-thumb=\"http:\/\/maisb.fr\/spot\/wp-content\/uploads\/sites\/4\/2016\/01\/kael_2-300x225.jpg\"\n\t\t\t\t\t\t     title=\"\"\n\t\t\t\t\t\t     style=\"display:none\">\n\n\t\t\t\t\t\t<img decoding=\"async\" alt=\"kael_5\"\n\t\t\t\t\t\t     src=\"\" data-image=\"http:\/\/maisb.fr\/spot\/wp-content\/uploads\/sites\/4\/2016\/01\/kael_5.jpg\"\n\t\t\t\t\t\t     data-thumb=\"http:\/\/maisb.fr\/spot\/wp-content\/uploads\/sites\/4\/2016\/01\/kael_5-300x230.jpg\"\n\t\t\t\t\t\t     title=\"\"\n\t\t\t\t\t\t     style=\"display:none\">\n\n\t\t\t\t\t\t<img decoding=\"async\" alt=\"kael_3\"\n\t\t\t\t\t\t     src=\"\" data-image=\"http:\/\/maisb.fr\/spot\/wp-content\/uploads\/sites\/4\/2016\/01\/kael_3.jpg\"\n\t\t\t\t\t\t     data-thumb=\"http:\/\/maisb.fr\/spot\/wp-content\/uploads\/sites\/4\/2016\/01\/kael_3-225x300.jpg\"\n\t\t\t\t\t\t     title=\"\"\n\t\t\t\t\t\t     style=\"display:none\">\n\n\t\t\t\t\t\t<img decoding=\"async\" alt=\"kael_6\"\n\t\t\t\t\t\t     src=\"\" data-image=\"http:\/\/maisb.fr\/spot\/wp-content\/uploads\/sites\/4\/2016\/01\/kael_6.jpg\"\n\t\t\t\t\t\t     data-thumb=\"http:\/\/maisb.fr\/spot\/wp-content\/uploads\/sites\/4\/2016\/01\/kael_6-300x298.jpg\"\n\t\t\t\t\t\t     title=\"\"\n\t\t\t\t\t\t     style=\"display:none\">\n\n\t\t\t\t\t\t<img decoding=\"async\" alt=\"kael_8\"\n\t\t\t\t\t\t     src=\"\" data-image=\"http:\/\/maisb.fr\/spot\/wp-content\/uploads\/sites\/4\/2016\/01\/kael_8.jpg\"\n\t\t\t\t\t\t     data-thumb=\"http:\/\/maisb.fr\/spot\/wp-content\/uploads\/sites\/4\/2016\/01\/kael_8-300x230.jpg\"\n\t\t\t\t\t\t     title=\"\"\n\t\t\t\t\t\t     style=\"display:none\">\n\n\t\t\t\t\t\t<img decoding=\"async\" alt=\"kael_9\"\n\t\t\t\t\t\t     src=\"\" data-image=\"http:\/\/maisb.fr\/spot\/wp-content\/uploads\/sites\/4\/2016\/01\/kael_9.jpg\"\n\t\t\t\t\t\t     data-thumb=\"http:\/\/maisb.fr\/spot\/wp-content\/uploads\/sites\/4\/2016\/01\/kael_9-300x225.jpg\"\n\t\t\t\t\t\t     title=\"\"\n\t\t\t\t\t\t     style=\"display:none\">\n\n\t\t\t\t\t\t<img decoding=\"async\" alt=\"kael_4\"\n\t\t\t\t\t\t     src=\"\" data-image=\"http:\/\/maisb.fr\/spot\/wp-content\/uploads\/sites\/4\/2016\/01\/kael_4.jpg\"\n\t\t\t\t\t\t     data-thumb=\"http:\/\/maisb.fr\/spot\/wp-content\/uploads\/sites\/4\/2016\/01\/kael_4-226x300.jpg\"\n\t\t\t\t\t\t     title=\"\"\n\t\t\t\t\t\t     style=\"display:none\">\n\n\t\t\t\t\t\t<img decoding=\"async\" alt=\"kael_7\"\n\t\t\t\t\t\t     src=\"\" data-image=\"http:\/\/maisb.fr\/spot\/wp-content\/uploads\/sites\/4\/2016\/01\/kael_7.jpg\"\n\t\t\t\t\t\t     data-thumb=\"http:\/\/maisb.fr\/spot\/wp-content\/uploads\/sites\/4\/2016\/01\/kael_7-300x207.jpg\"\n\t\t\t\t\t\t     title=\"\"\n\t\t\t\t\t\t     style=\"display:none\">\n\n\t\t\t\t\t\t<img decoding=\"async\" alt=\"kael_1\"\n\t\t\t\t\t\t     src=\"\" data-image=\"http:\/\/maisb.fr\/spot\/wp-content\/uploads\/sites\/4\/2016\/01\/kael_1.jpg\"\n\t\t\t\t\t\t     data-thumb=\"http:\/\/maisb.fr\/spot\/wp-content\/uploads\/sites\/4\/2016\/01\/kael_1-300x225.jpg\"\n\t\t\t\t\t\t     title=\"\"\n\t\t\t\t\t\t     style=\"display:none\">\n\n\t\t\t\t\t\t<img decoding=\"async\" alt=\"kael_10\"\n\t\t\t\t\t\t     src=\"\" data-image=\"http:\/\/maisb.fr\/spot\/wp-content\/uploads\/sites\/4\/2016\/01\/kael_10.jpg\"\n\t\t\t\t\t\t     data-thumb=\"http:\/\/maisb.fr\/spot\/wp-content\/uploads\/sites\/4\/2016\/01\/kael_10-225x300.jpg\"\n\t\t\t\t\t\t     title=\"\"\n\t\t\t\t\t\t     style=\"display:none\">\n\t\t\t<\/div>\n\n\t\t\t<script type='text\/javascript'>\n\t\t\t\twindow.onload = function(e) {\n\t\t\t\t\tif(typeof ugCheckForErrors == \"undefined\"){\n\t\t\t\t\t\tdocument.getElementById(\"unitegallery_16_1\").innerHTML = \"<span style='color:red'>Unite Gallery Error - gallery js and css files not included in the footer. Please make sure that wp_footer() function is added to your theme.<\/span>\";}\n\t\t\t\t\telse{ ugCheckForErrors(\"unitegallery_16_1\", \"jquery\");}\n\t\t\t\t};\n\t\t\t<\/script>\n\n\t\t\t<!-- END UNITEGALLERY -->\n<p style=\"text-align: center\"><strong><span style=\"font-size: large\">Retrouvez l&rsquo;univers de Kael sur :<br \/>\n<a href=\"https:\/\/www.facebook.com\/galeriekael\" target=\"_blank\">facebook.com\/galeriekael<\/a><br \/>\n<a href=\"http:\/\/www.kael-peintre-sculpteur.com\/\" target=\"_blank\">www.kael-peintre-sculpteur.com<\/a><br \/>\n2, rue de l&rsquo;oc\u00e9an &#8211; St-Palais-sur-Mer<\/span><\/strong><\/p>\n<p>[\/et_pb_text][et_pb_text admin_label=\u00a0\u00bbTexte\u00a0\u00bb background_layout=\u00a0\u00bblight\u00a0\u00bb text_orientation=\u00a0\u00bbleft\u00a0\u00bb background_color=\u00a0\u00bb#cccccc\u00a0\u00bb use_border_color=\u00a0\u00bboff\u00a0\u00bb border_color=\u00a0\u00bb#ffffff\u00a0\u00bb border_style=\u00a0\u00bbsolid\u00a0\u00bb custom_css_main_element=\u00a0\u00bb -moz-box-shadow: 5px 5px 5px 0px #dad7d7;||-webkit-box-shadow: 5px 5px 5px 0px #dad7d7;|| -o-box-shadow: 5px 5px 5px 0px #dad7d7;||box-shadow: 5px 5px 5px 0px #dad7d7;|| \/* filter: progid:DXImageTransform.Microsoft.Shadow(color=#dad7d7,Direction=134,Strength=5); *\/|| -moz-border-radius: 7px;||-webkit-border-radius: 7px;||border-radius: 7px;\u00a0\u00bb custom_margin=\u00a0\u00bb20px|0px|10px|0px\u00a0\u00bb custom_padding=\u00a0\u00bb10|10|10|10&Prime; text_font_size=\u00a0\u00bb14&Prime;]<\/p>\n<p><iframe loading=\"lazy\" src=\"https:\/\/www.youtube.com\/embed\/7CVT8U2kEPM?rel=0\" width=\"1280\" height=\"720\" frameborder=\"0\" allowfullscreen=\"allowfullscreen\"><\/iframe><\/p>\n<p>[\/et_pb_text][et_pb_image admin_label=\u00a0\u00bbImage\u00a0\u00bb src=\u00a0\u00bbhttp:\/\/maisb.fr\/spot\/wp-content\/uploads\/sites\/4\/2015\/10\/114-1.jpg\u00a0\u00bb show_in_lightbox=\u00a0\u00bboff\u00a0\u00bb url_new_window=\u00a0\u00bboff\u00a0\u00bb animation=\u00a0\u00bbleft\u00a0\u00bb sticky=\u00a0\u00bboff\u00a0\u00bb align=\u00a0\u00bbleft\u00a0\u00bb force_fullwidth=\u00a0\u00bboff\u00a0\u00bb always_center_on_mobile=\u00a0\u00bbon\u00a0\u00bb use_border_color=\u00a0\u00bboff\u00a0\u00bb border_color=\u00a0\u00bb#ffffff\u00a0\u00bb border_style=\u00a0\u00bbsolid\u00a0\u00bb custom_margin=\u00a0\u00bb20px||10px|\u00a0\u00bb]<\/p>\n<p>&nbsp;<\/p>\n<p>[\/et_pb_image][\/et_pb_column][\/et_pb_row][et_pb_row admin_label=\u00a0\u00bbrow\u00a0\u00bb][et_pb_column type=\u00a0\u00bb4_4&Prime;][et_pb_text admin_label=\u00a0\u00bbTexte\u00a0\u00bb background_layout=\u00a0\u00bblight\u00a0\u00bb text_orientation=\u00a0\u00bbleft\u00a0\u00bb use_border_color=\u00a0\u00bboff\u00a0\u00bb border_color=\u00a0\u00bb#ffffff\u00a0\u00bb border_style=\u00a0\u00bbsolid\u00a0\u00bb text_font_size=\u00a0\u00bb14&Prime;]<\/p>\n\r\n\t\t\t\t\t\n\r\n\t\t\t\t\t<!-- START UNITE GALLERY 1.7.62 -->\r\n\t\t\t\t\t\r\n\t\t\t\t\n\t\t\t<div id='unitegallery_14_2' class='unite-gallery' style='margin:0px auto;'>\n\t\t\t\t\n\n\t\t\t\t\t\t<img decoding=\"async\" alt=\"mika_5\"\n\t\t\t\t\t\t     src=\"\" data-image=\"http:\/\/maisb.fr\/spot\/wp-content\/uploads\/sites\/4\/2015\/12\/mika_5.jpg\"\n\t\t\t\t\t\t     data-thumb=\"http:\/\/maisb.fr\/spot\/wp-content\/uploads\/sites\/4\/2015\/12\/mika_5-300x225.jpg\"\n\t\t\t\t\t\t     title=\"\"\n\t\t\t\t\t\t     style=\"display:none\">\n\n\t\t\t\t\t\t<img decoding=\"async\" alt=\"mika_8\"\n\t\t\t\t\t\t     src=\"\" data-image=\"http:\/\/maisb.fr\/spot\/wp-content\/uploads\/sites\/4\/2016\/01\/mika_8.jpg\"\n\t\t\t\t\t\t     data-thumb=\"http:\/\/maisb.fr\/spot\/wp-content\/uploads\/sites\/4\/2016\/01\/mika_8-300x225.jpg\"\n\t\t\t\t\t\t     title=\"\"\n\t\t\t\t\t\t     style=\"display:none\">\n\n\t\t\t\t\t\t<img decoding=\"async\" alt=\"mika_1\"\n\t\t\t\t\t\t     src=\"\" data-image=\"http:\/\/maisb.fr\/spot\/wp-content\/uploads\/sites\/4\/2015\/12\/mika_1.jpg\"\n\t\t\t\t\t\t     data-thumb=\"http:\/\/maisb.fr\/spot\/wp-content\/uploads\/sites\/4\/2015\/12\/mika_1-225x300.jpg\"\n\t\t\t\t\t\t     title=\"\"\n\t\t\t\t\t\t     style=\"display:none\">\n\n\t\t\t\t\t\t<img decoding=\"async\" alt=\"mika_9\"\n\t\t\t\t\t\t     src=\"\" data-image=\"http:\/\/maisb.fr\/spot\/wp-content\/uploads\/sites\/4\/2016\/01\/mika_9.jpg\"\n\t\t\t\t\t\t     data-thumb=\"http:\/\/maisb.fr\/spot\/wp-content\/uploads\/sites\/4\/2016\/01\/mika_9-300x225.jpg\"\n\t\t\t\t\t\t     title=\"\"\n\t\t\t\t\t\t     style=\"display:none\">\n\n\t\t\t\t\t\t<img decoding=\"async\" alt=\"mika_2\"\n\t\t\t\t\t\t     src=\"\" data-image=\"http:\/\/maisb.fr\/spot\/wp-content\/uploads\/sites\/4\/2015\/12\/mika_2.jpg\"\n\t\t\t\t\t\t     data-thumb=\"http:\/\/maisb.fr\/spot\/wp-content\/uploads\/sites\/4\/2015\/12\/mika_2-300x225.jpg\"\n\t\t\t\t\t\t     title=\"\"\n\t\t\t\t\t\t     style=\"display:none\">\n\n\t\t\t\t\t\t<img decoding=\"async\" alt=\"mika_3\"\n\t\t\t\t\t\t     src=\"\" data-image=\"http:\/\/maisb.fr\/spot\/wp-content\/uploads\/sites\/4\/2015\/12\/mika_3.jpg\"\n\t\t\t\t\t\t     data-thumb=\"http:\/\/maisb.fr\/spot\/wp-content\/uploads\/sites\/4\/2015\/12\/mika_3-225x300.jpg\"\n\t\t\t\t\t\t     title=\"\"\n\t\t\t\t\t\t     style=\"display:none\">\n\n\t\t\t\t\t\t<img decoding=\"async\" alt=\"mika_11\"\n\t\t\t\t\t\t     src=\"\" data-image=\"http:\/\/maisb.fr\/spot\/wp-content\/uploads\/sites\/4\/2016\/01\/mika_11.jpg\"\n\t\t\t\t\t\t     data-thumb=\"http:\/\/maisb.fr\/spot\/wp-content\/uploads\/sites\/4\/2016\/01\/mika_11-225x300.jpg\"\n\t\t\t\t\t\t     title=\"\"\n\t\t\t\t\t\t     style=\"display:none\">\n\n\t\t\t\t\t\t<img decoding=\"async\" alt=\"mika_4\"\n\t\t\t\t\t\t     src=\"\" data-image=\"http:\/\/maisb.fr\/spot\/wp-content\/uploads\/sites\/4\/2015\/12\/mika_4.jpg\"\n\t\t\t\t\t\t     data-thumb=\"http:\/\/maisb.fr\/spot\/wp-content\/uploads\/sites\/4\/2015\/12\/mika_4-225x300.jpg\"\n\t\t\t\t\t\t     title=\"\"\n\t\t\t\t\t\t     style=\"display:none\">\n\n\t\t\t\t\t\t<img decoding=\"async\" alt=\"mika_10\"\n\t\t\t\t\t\t     src=\"\" data-image=\"http:\/\/maisb.fr\/spot\/wp-content\/uploads\/sites\/4\/2016\/01\/mika_10.jpg\"\n\t\t\t\t\t\t     data-thumb=\"http:\/\/maisb.fr\/spot\/wp-content\/uploads\/sites\/4\/2016\/01\/mika_10-300x225.jpg\"\n\t\t\t\t\t\t     title=\"\"\n\t\t\t\t\t\t     style=\"display:none\">\n\n\t\t\t\t\t\t<img decoding=\"async\" alt=\"mika_7\"\n\t\t\t\t\t\t     src=\"\" data-image=\"http:\/\/maisb.fr\/spot\/wp-content\/uploads\/sites\/4\/2015\/12\/mika_7.jpg\"\n\t\t\t\t\t\t     data-thumb=\"http:\/\/maisb.fr\/spot\/wp-content\/uploads\/sites\/4\/2015\/12\/mika_7-225x300.jpg\"\n\t\t\t\t\t\t     title=\"\"\n\t\t\t\t\t\t     style=\"display:none\">\n\n\t\t\t\t\t\t<img decoding=\"async\" alt=\"mika_6\"\n\t\t\t\t\t\t     src=\"\" data-image=\"http:\/\/maisb.fr\/spot\/wp-content\/uploads\/sites\/4\/2015\/12\/mika_6.jpg\"\n\t\t\t\t\t\t     data-thumb=\"http:\/\/maisb.fr\/spot\/wp-content\/uploads\/sites\/4\/2015\/12\/mika_6-300x225.jpg\"\n\t\t\t\t\t\t     title=\"\"\n\t\t\t\t\t\t     style=\"display:none\">\n\n\t\t\t\t\t\t<img decoding=\"async\" alt=\"mika_12\"\n\t\t\t\t\t\t     src=\"\" data-image=\"http:\/\/maisb.fr\/spot\/wp-content\/uploads\/sites\/4\/2016\/01\/mika_12.jpg\"\n\t\t\t\t\t\t     data-thumb=\"http:\/\/maisb.fr\/spot\/wp-content\/uploads\/sites\/4\/2016\/01\/mika_12-300x225.jpg\"\n\t\t\t\t\t\t     title=\"\"\n\t\t\t\t\t\t     style=\"display:none\">\n\t\t\t<\/div>\n\n\n\t\t\t<!-- END UNITEGALLERY -->\n<p>[\/et_pb_text][\/et_pb_column][\/et_pb_row][\/et_pb_section]<\/p>\n","protected":false},"excerpt":{"rendered":"<p>&nbsp; KAEL \u00ab\u00a0Peintre &#8211; Sculpteur\u00a0\u00bb Kael&nbsp;&nbsp;\/ Panneau 2005 5\u00a0882 Vues &#8211;&nbsp;[comments id=\u00a0\u00bb493&Prime;] Artiste peintre, sculpteur, surfeur, Mika lance en 2001 \u00ab&nbsp;les Gueules de Bois&nbsp;\u00bb, une exposition de ses premi\u00e8res \u0153uvres. C\u2019est un assemblage onirique de bois flott\u00e9s, de plumes, de coquillages, de sculptures h\u00e9t\u00e9roclites et d\u2019art primitif. \u00ab&nbsp;On m\u2019a pris pour un fou, avoue-t-il, encore [&hellip;]<\/p>\n","protected":false},"author":1,"featured_media":0,"parent":229,"menu_order":0,"comment_status":"open","ping_status":"closed","template":"","meta":{"_et_pb_use_builder":"on","_et_pb_old_content":"","_et_gb_content_width":"","footnotes":""},"class_list":["post-493","page","type-page","status-publish","hentry"],"aioseo_notices":[],"_links":{"self":[{"href":"http:\/\/maisb.fr\/spot\/wp-json\/wp\/v2\/pages\/493","targetHints":{"allow":["GET"]}}],"collection":[{"href":"http:\/\/maisb.fr\/spot\/wp-json\/wp\/v2\/pages"}],"about":[{"href":"http:\/\/maisb.fr\/spot\/wp-json\/wp\/v2\/types\/page"}],"author":[{"embeddable":true,"href":"http:\/\/maisb.fr\/spot\/wp-json\/wp\/v2\/users\/1"}],"replies":[{"embeddable":true,"href":"http:\/\/maisb.fr\/spot\/wp-json\/wp\/v2\/comments?post=493"}],"version-history":[{"count":2,"href":"http:\/\/maisb.fr\/spot\/wp-json\/wp\/v2\/pages\/493\/revisions"}],"predecessor-version":[{"id":1122,"href":"http:\/\/maisb.fr\/spot\/wp-json\/wp\/v2\/pages\/493\/revisions\/1122"}],"up":[{"embeddable":true,"href":"http:\/\/maisb.fr\/spot\/wp-json\/wp\/v2\/pages\/229"}],"wp:attachment":[{"href":"http:\/\/maisb.fr\/spot\/wp-json\/wp\/v2\/media?parent=493"}],"curies":[{"name":"wp","href":"https:\/\/api.w.org\/{rel}","templated":true}]}}